{"id":7514,"date":"2026-02-02T16:55:34","date_gmt":"2026-02-02T15:55:34","guid":{"rendered":"https:\/\/akatsukianime.com\/?post_type=product&#038;p=7514"},"modified":"2026-02-02T16:55:35","modified_gmt":"2026-02-02T15:55:35","slug":"figura-asuka-shikinami-langley-rebuild-of-evangelion-super-premium-figure","status":"publish","type":"product","link":"https:\/\/akatsukianime.com\/en\/product\/figura-asuka-shikinami-langley-rebuild-of-evangelion-super-premium-figure\/","title":{"rendered":"Figura Asuka Shikinami Langley &#8211; Rebuild of Evangelion &#8211;  Super Premium Figure"},"content":{"rendered":"<h2 data-start=\"186\" data-end=\"226\">\ud83d\udce6 Descripci\u00f3n del producto<\/h2>\n<p data-start=\"228\" data-end=\"516\">Desde la serie de pel\u00edculas de anime <strong data-start=\"265\" data-end=\"290\">Rebuild of Evangelion<\/strong>, llega la figura <strong data-start=\"308\" data-end=\"334\">Asuka Langley<\/strong>. Esta figura presenta a <strong data-start=\"359\" data-end=\"386\">Asuka Shikinami Langley<\/strong> arrodillada sobre su base, luciendo su caracter\u00edstico <strong data-start=\"441\" data-end=\"459\">plug suit rojo<\/strong>, recreada con gran fidelidad y un alto nivel de detalle.<\/p>\n<p data-start=\"518\" data-end=\"720\">Con una pose elegante y expresiva, esta pieza de la l\u00ednea <strong data-start=\"576\" data-end=\"600\">Super Premium Figure<\/strong> es una excelente adici\u00f3n para cualquier colecci\u00f3n de anime, ideal tanto para exhibici\u00f3n como para fans de <em data-start=\"707\" data-end=\"719\">Evangelion<\/em>.<\/p>\n<h2 data-start=\"727\" data-end=\"760\">\u2b50 Caracter\u00edsticas del producto<\/h2>\n<ul data-start=\"761\" data-end=\"915\">\n<li data-start=\"761\" data-end=\"785\">\n<p data-start=\"763\" data-end=\"785\">Material: <strong data-start=\"773\" data-end=\"785\">Pl\u00e1stico<\/strong><\/p>\n<\/li>\n<li data-start=\"786\" data-end=\"837\">\n<p data-start=\"788\" data-end=\"837\">Basada en las pel\u00edculas <strong data-start=\"812\" data-end=\"837\">Rebuild of Evangelion<\/strong><\/p>\n<\/li>\n<li data-start=\"838\" data-end=\"882\">\n<p data-start=\"840\" data-end=\"882\">Part of the line <strong data-start=\"858\" data-end=\"882\">Super Premium Figure<\/strong><\/p>\n<\/li>\n<li data-start=\"883\" data-end=\"915\">\n<p data-start=\"885\" data-end=\"915\">Figure <strong data-start=\"892\" data-end=\"915\">altamente detallada<\/strong><\/p>\n<\/li>\n<\/ul>\n<h2 data-start=\"922\" data-end=\"948\">\ud83d\udce6 Box contents<\/h2>\n<ul data-start=\"949\" data-end=\"988\">\n<li data-start=\"949\" data-end=\"988\">\n<p data-start=\"951\" data-end=\"988\">Figure of <strong data-start=\"961\" data-end=\"988\">Asuka Shikinami Langley<\/strong><\/p>\n<\/li>\n<\/ul>","protected":false},"excerpt":{"rendered":"<p>\ud83d\udce6 Descripci\u00f3n del producto Desde la serie de pel\u00edculas de anime Rebuild of Evangelion, llega la figura Asuka Langley. Esta<\/p>","protected":false},"featured_media":7515,"template":"","meta":[],"product_cat":[101,65,61,57],"product_tag":[475,244,337,171,476],"class_list":{"0":"post-7514","1":"product","2":"type-product","3":"status-publish","4":"has-post-thumbnail","6":"product_cat-elige-sega-goods-sega-goods","7":"product_cat-figuras","8":"product_cat-novedades","9":"product_cat-neon-genesis-evangelion","10":"product_tag-asuka-langley","11":"product_tag-evangelion","12":"product_tag-figura","13":"product_tag-sega","14":"product_tag-spm","16":"first","17":"instock","18":"sold-individually","19":"taxable","20":"shipping-taxable","21":"purchasable","22":"product-type-simple"},"yoast_head":"<!-- This site is optimized with the Yoast SEO plugin v24.2 - https:\/\/yoast.com\/wordpress\/plugins\/seo\/ -->\n<title>Figura Asuka Shikinami Langley - Rebuild of Evangelion - Super Premium Figure - Akatsuki anime store<\/title>\n<meta name=\"description\" content=\"Figura Asuka Langley Rebuild of Evangelion Ver. 2. Figura altamente detallada con plug suit rojo, ideal para los fans de uno de las personajes m\u00e1s ic\u00f3nica\" \/>\n<meta name=\"robots\" content=\"index, follow, max-snippet:-1, max-image-preview:large, max-video-preview:-1\" \/>\n<link rel=\"canonical\" href=\"https:\/\/akatsukianime.com\/en\/product\/figura-asuka-shikinami-langley-rebuild-of-evangelion-super-premium-figure\/\" \/>\n<meta property=\"og:locale\" content=\"en_US\" \/>\n<meta property=\"og:type\" content=\"article\" \/>\n<meta property=\"og:title\" content=\"Figura Asuka Shikinami Langley - Rebuild of Evangelion - Super Premium Figure - Akatsuki anime store\" \/>\n<meta property=\"og:description\" content=\"Figura Asuka Langley Rebuild of Evangelion Ver. 2. Figura altamente detallada con plug suit rojo, ideal para los fans de uno de las personajes m\u00e1s ic\u00f3nica\" \/>\n<meta property=\"og:url\" content=\"https:\/\/akatsukianime.com\/en\/product\/figura-asuka-shikinami-langley-rebuild-of-evangelion-super-premium-figure\/\" \/>\n<meta property=\"og:site_name\" content=\"Akatsuki anime store\" \/>\n<meta property=\"article:modified_time\" content=\"2026-02-02T15:55:35+00:00\" \/>\n<meta property=\"og:image\" content=\"https:\/\/akatsukianime.com\/wp-content\/uploads\/2026\/02\/figura-Asuka-Rebuild-Evangelion.jpg\" \/>\n\t<meta property=\"og:image:width\" content=\"1000\" \/>\n\t<meta property=\"og:image:height\" content=\"1000\" \/>\n\t<meta property=\"og:image:type\" content=\"image\/jpeg\" \/>\n<meta name=\"twitter:card\" content=\"summary_large_image\" \/>\n<meta name=\"twitter:label1\" content=\"Est. reading time\" \/>\n\t<meta name=\"twitter:data1\" content=\"1 minute\" \/>\n<script type=\"application\/ld+json\" class=\"yoast-schema-graph\">{\"@context\":\"https:\/\/schema.org\",\"@graph\":[{\"@type\":[\"WebPage\",\"ItemPage\"],\"@id\":\"https:\/\/akatsukianime.com\/product\/figura-asuka-shikinami-langley-rebuild-of-evangelion-super-premium-figure\/\",\"url\":\"https:\/\/akatsukianime.com\/product\/figura-asuka-shikinami-langley-rebuild-of-evangelion-super-premium-figure\/\",\"name\":\"Figura Asuka Shikinami Langley - Rebuild of Evangelion - Super Premium Figure - Akatsuki anime store\",\"isPartOf\":{\"@id\":\"https:\/\/akatsukianime.com\/#website\"},\"primaryImageOfPage\":{\"@id\":\"https:\/\/akatsukianime.com\/product\/figura-asuka-shikinami-langley-rebuild-of-evangelion-super-premium-figure\/#primaryimage\"},\"image\":{\"@id\":\"https:\/\/akatsukianime.com\/product\/figura-asuka-shikinami-langley-rebuild-of-evangelion-super-premium-figure\/#primaryimage\"},\"thumbnailUrl\":\"https:\/\/akatsukianime.com\/wp-content\/uploads\/2026\/02\/figura-Asuka-Rebuild-Evangelion.jpg\",\"datePublished\":\"2026-02-02T15:55:34+00:00\",\"dateModified\":\"2026-02-02T15:55:35+00:00\",\"description\":\"Figura Asuka Langley Rebuild of Evangelion Ver. 2. Figura altamente detallada con plug suit rojo, ideal para los fans de uno de las personajes m\u00e1s ic\u00f3nica\",\"breadcrumb\":{\"@id\":\"https:\/\/akatsukianime.com\/product\/figura-asuka-shikinami-langley-rebuild-of-evangelion-super-premium-figure\/#breadcrumb\"},\"inLanguage\":\"en-US\",\"potentialAction\":[{\"@type\":\"ReadAction\",\"target\":[\"https:\/\/akatsukianime.com\/product\/figura-asuka-shikinami-langley-rebuild-of-evangelion-super-premium-figure\/\"]}]},{\"@type\":\"ImageObject\",\"inLanguage\":\"en-US\",\"@id\":\"https:\/\/akatsukianime.com\/product\/figura-asuka-shikinami-langley-rebuild-of-evangelion-super-premium-figure\/#primaryimage\",\"url\":\"https:\/\/akatsukianime.com\/wp-content\/uploads\/2026\/02\/figura-Asuka-Rebuild-Evangelion.jpg\",\"contentUrl\":\"https:\/\/akatsukianime.com\/wp-content\/uploads\/2026\/02\/figura-Asuka-Rebuild-Evangelion.jpg\",\"width\":1000,\"height\":1000,\"caption\":\"figura Asuka Rebuild Evangelion\"},{\"@type\":\"BreadcrumbList\",\"@id\":\"https:\/\/akatsukianime.com\/product\/figura-asuka-shikinami-langley-rebuild-of-evangelion-super-premium-figure\/#breadcrumb\",\"itemListElement\":[{\"@type\":\"ListItem\",\"position\":1,\"name\":\"Portada\",\"item\":\"https:\/\/akatsukianime.com\/\"},{\"@type\":\"ListItem\",\"position\":2,\"name\":\"Tienda\",\"item\":\"https:\/\/akatsukianime.com\/tienda\/\"},{\"@type\":\"ListItem\",\"position\":3,\"name\":\"Figura Asuka Shikinami Langley &#8211; Rebuild of Evangelion &#8211; Super Premium Figure\"}]},{\"@type\":\"WebSite\",\"@id\":\"https:\/\/akatsukianime.com\/#website\",\"url\":\"https:\/\/akatsukianime.com\/\",\"name\":\"Akatsuki anime store\",\"description\":\"\",\"potentialAction\":[{\"@type\":\"SearchAction\",\"target\":{\"@type\":\"EntryPoint\",\"urlTemplate\":\"https:\/\/akatsukianime.com\/?s={search_term_string}\"},\"query-input\":{\"@type\":\"PropertyValueSpecification\",\"valueRequired\":true,\"valueName\":\"search_term_string\"}}],\"inLanguage\":\"en-US\"}]}<\/script>\n<!-- \/ Yoast SEO plugin. -->","yoast_head_json":{"title":"Figura Asuka Shikinami Langley - Rebuild of Evangelion - Super Premium Figure - Akatsuki anime store","description":"Figura Asuka Langley Rebuild of Evangelion Ver. 2. Figura altamente detallada con plug suit rojo, ideal para los fans de uno de las personajes m\u00e1s ic\u00f3nica","robots":{"index":"index","follow":"follow","max-snippet":"max-snippet:-1","max-image-preview":"max-image-preview:large","max-video-preview":"max-video-preview:-1"},"canonical":"https:\/\/akatsukianime.com\/en\/product\/figura-asuka-shikinami-langley-rebuild-of-evangelion-super-premium-figure\/","og_locale":"en_US","og_type":"article","og_title":"Figura Asuka Shikinami Langley - Rebuild of Evangelion - Super Premium Figure - Akatsuki anime store","og_description":"Figura Asuka Langley Rebuild of Evangelion Ver. 2. Figura altamente detallada con plug suit rojo, ideal para los fans de uno de las personajes m\u00e1s ic\u00f3nica","og_url":"https:\/\/akatsukianime.com\/en\/product\/figura-asuka-shikinami-langley-rebuild-of-evangelion-super-premium-figure\/","og_site_name":"Akatsuki anime store","article_modified_time":"2026-02-02T15:55:35+00:00","og_image":[{"width":1000,"height":1000,"url":"https:\/\/akatsukianime.com\/wp-content\/uploads\/2026\/02\/figura-Asuka-Rebuild-Evangelion.jpg","type":"image\/jpeg"}],"twitter_card":"summary_large_image","twitter_misc":{"Est. reading time":"1 minute"},"schema":{"@context":"https:\/\/schema.org","@graph":[{"@type":["WebPage","ItemPage"],"@id":"https:\/\/akatsukianime.com\/product\/figura-asuka-shikinami-langley-rebuild-of-evangelion-super-premium-figure\/","url":"https:\/\/akatsukianime.com\/product\/figura-asuka-shikinami-langley-rebuild-of-evangelion-super-premium-figure\/","name":"Figura Asuka Shikinami Langley - Rebuild of Evangelion - Super Premium Figure - Akatsuki anime store","isPartOf":{"@id":"https:\/\/akatsukianime.com\/#website"},"primaryImageOfPage":{"@id":"https:\/\/akatsukianime.com\/product\/figura-asuka-shikinami-langley-rebuild-of-evangelion-super-premium-figure\/#primaryimage"},"image":{"@id":"https:\/\/akatsukianime.com\/product\/figura-asuka-shikinami-langley-rebuild-of-evangelion-super-premium-figure\/#primaryimage"},"thumbnailUrl":"https:\/\/akatsukianime.com\/wp-content\/uploads\/2026\/02\/figura-Asuka-Rebuild-Evangelion.jpg","datePublished":"2026-02-02T15:55:34+00:00","dateModified":"2026-02-02T15:55:35+00:00","description":"Figura Asuka Langley Rebuild of Evangelion Ver. 2. Figura altamente detallada con plug suit rojo, ideal para los fans de uno de las personajes m\u00e1s ic\u00f3nica","breadcrumb":{"@id":"https:\/\/akatsukianime.com\/product\/figura-asuka-shikinami-langley-rebuild-of-evangelion-super-premium-figure\/#breadcrumb"},"inLanguage":"en-US","potentialAction":[{"@type":"ReadAction","target":["https:\/\/akatsukianime.com\/product\/figura-asuka-shikinami-langley-rebuild-of-evangelion-super-premium-figure\/"]}]},{"@type":"ImageObject","inLanguage":"en-US","@id":"https:\/\/akatsukianime.com\/product\/figura-asuka-shikinami-langley-rebuild-of-evangelion-super-premium-figure\/#primaryimage","url":"https:\/\/akatsukianime.com\/wp-content\/uploads\/2026\/02\/figura-Asuka-Rebuild-Evangelion.jpg","contentUrl":"https:\/\/akatsukianime.com\/wp-content\/uploads\/2026\/02\/figura-Asuka-Rebuild-Evangelion.jpg","width":1000,"height":1000,"caption":"figura Asuka Rebuild Evangelion"},{"@type":"BreadcrumbList","@id":"https:\/\/akatsukianime.com\/product\/figura-asuka-shikinami-langley-rebuild-of-evangelion-super-premium-figure\/#breadcrumb","itemListElement":[{"@type":"ListItem","position":1,"name":"Portada","item":"https:\/\/akatsukianime.com\/"},{"@type":"ListItem","position":2,"name":"Tienda","item":"https:\/\/akatsukianime.com\/tienda\/"},{"@type":"ListItem","position":3,"name":"Figura Asuka Shikinami Langley &#8211; Rebuild of Evangelion &#8211; Super Premium Figure"}]},{"@type":"WebSite","@id":"https:\/\/akatsukianime.com\/#website","url":"https:\/\/akatsukianime.com\/","name":"Akatsuki anime store","description":"","potentialAction":[{"@type":"SearchAction","target":{"@type":"EntryPoint","urlTemplate":"https:\/\/akatsukianime.com\/?s={search_term_string}"},"query-input":{"@type":"PropertyValueSpecification","valueRequired":true,"valueName":"search_term_string"}}],"inLanguage":"en-US"}]}},"jetpack_sharing_enabled":true,"_links":{"self":[{"href":"https:\/\/akatsukianime.com\/en\/wp-json\/wp\/v2\/product\/7514","targetHints":{"allow":["GET"]}}],"collection":[{"href":"https:\/\/akatsukianime.com\/en\/wp-json\/wp\/v2\/product"}],"about":[{"href":"https:\/\/akatsukianime.com\/en\/wp-json\/wp\/v2\/types\/product"}],"version-history":[{"count":1,"href":"https:\/\/akatsukianime.com\/en\/wp-json\/wp\/v2\/product\/7514\/revisions"}],"predecessor-version":[{"id":7520,"href":"https:\/\/akatsukianime.com\/en\/wp-json\/wp\/v2\/product\/7514\/revisions\/7520"}],"wp:featuredmedia":[{"embeddable":true,"href":"https:\/\/akatsukianime.com\/en\/wp-json\/wp\/v2\/media\/7515"}],"wp:attachment":[{"href":"https:\/\/akatsukianime.com\/en\/wp-json\/wp\/v2\/media?parent=7514"}],"wp:term":[{"taxonomy":"product_cat","embeddable":true,"href":"https:\/\/akatsukianime.com\/en\/wp-json\/wp\/v2\/product_cat?post=7514"},{"taxonomy":"product_tag","embeddable":true,"href":"https:\/\/akatsukianime.com\/en\/wp-json\/wp\/v2\/product_tag?post=7514"}],"curies":[{"name":"wp","href":"https:\/\/api.w.org\/{rel}","templated":true}]}}