{"id":7568,"date":"2026-02-03T11:20:05","date_gmt":"2026-02-03T10:20:05","guid":{"rendered":"https:\/\/akatsukianime.com\/?post_type=product&#038;p=7568"},"modified":"2026-02-03T11:20:07","modified_gmt":"2026-02-03T10:20:07","slug":"figura-yukio-okumura-xross-link-blue-exorcist","status":"publish","type":"product","link":"https:\/\/akatsukianime.com\/en\/product\/figura-yukio-okumura-xross-link-blue-exorcist\/","title":{"rendered":"Figura Yukio Okumura &#8211; Xross Link &#8211; Blue Exorcist"},"content":{"rendered":"<h2 data-start=\"197\" data-end=\"237\">\ud83d\udce6 Descripci\u00f3n del producto<\/h2>\n<p data-start=\"239\" data-end=\"569\"><strong data-start=\"239\" data-end=\"247\">SEGA<\/strong> se enorgullece en presentar una nueva incorporaci\u00f3n a su aclamada l\u00ednea <strong data-start=\"320\" data-end=\"334\">Xross Link<\/strong>, basada en el exitoso anime <strong data-start=\"363\" data-end=\"380\">Blue Exorcist<\/strong>: <strong data-start=\"382\" data-end=\"399\">Yukio Okumura<\/strong>. Inspirada en su apariencia durante el <strong data-start=\"439\" data-end=\"473\">Arco del Illuminati de Shimane<\/strong>, esta figura captura al personaje con un alto nivel de detalle y una presencia fiel a la serie.<\/p>\n<p data-start=\"571\" data-end=\"791\">Con una altura aproximada de <strong data-start=\"600\" data-end=\"609\">14 cm<\/strong>, esta pieza es perfecta para ampliar tu colecci\u00f3n de <em data-start=\"663\" data-end=\"678\">Blue Exorcist<\/em> y complementar cualquier exhibici\u00f3n dedicada al anime. \u00a1No dejes pasar la oportunidad y agr\u00e9gala a tu colecci\u00f3n!<\/p>\n<h2 data-start=\"798\" data-end=\"831\">\u2b50 Caracter\u00edsticas del producto<\/h2>\n<ul data-start=\"832\" data-end=\"1017\">\n<li data-start=\"832\" data-end=\"862\">\n<p data-start=\"834\" data-end=\"862\">Approximate height: <strong data-start=\"853\" data-end=\"862\">14 cm<\/strong><\/p>\n<\/li>\n<li data-start=\"863\" data-end=\"890\">\n<p data-start=\"865\" data-end=\"890\">Materiales: <strong data-start=\"877\" data-end=\"890\">ABS and PVC<\/strong><\/p>\n<\/li>\n<li data-start=\"891\" data-end=\"929\">\n<p data-start=\"893\" data-end=\"929\">Based on the anime <strong data-start=\"912\" data-end=\"929\">Blue Exorcist<\/strong><\/p>\n<\/li>\n<li data-start=\"930\" data-end=\"964\">\n<p data-start=\"932\" data-end=\"964\">Part of the series <strong data-start=\"950\" data-end=\"964\">Xross Link<\/strong><\/p>\n<\/li>\n<li data-start=\"965\" data-end=\"997\">\n<p data-start=\"967\" data-end=\"997\">Figure <strong data-start=\"974\" data-end=\"997\">altamente detallada<\/strong><\/p>\n<\/li>\n<li data-start=\"998\" data-end=\"1017\">\n<p data-start=\"1000\" data-end=\"1017\"><strong data-start=\"1000\" data-end=\"1017\">Not articulated<\/strong><\/p>\n<\/li>\n<\/ul>\n<h2 data-start=\"1024\" data-end=\"1050\">\ud83d\udce6 Box contents<\/h2>\n<ul data-start=\"1051\" data-end=\"1080\">\n<li data-start=\"1051\" data-end=\"1080\">\n<p data-start=\"1053\" data-end=\"1080\">Figure of <strong data-start=\"1063\" data-end=\"1080\">Yukio Okumura<\/strong><\/p>\n<\/li>\n<\/ul>","protected":false},"excerpt":{"rendered":"<p>\ud83d\udce6 Descripci\u00f3n del producto SEGA se enorgullece en presentar una nueva incorporaci\u00f3n a su aclamada l\u00ednea Xross Link, basada en<\/p>","protected":false},"featured_media":7569,"template":"","meta":[],"product_cat":[101,65,61,60],"product_tag":[480,337,171,481,479],"class_list":{"0":"post-7568","1":"product","2":"type-product","3":"status-publish","4":"has-post-thumbnail","6":"product_cat-elige-sega-goods-sega-goods","7":"product_cat-figuras","8":"product_cat-novedades","9":"product_cat-otros","10":"product_tag-blue-exorcist","11":"product_tag-figura","12":"product_tag-sega","13":"product_tag-xross-link","14":"product_tag-yukio-okumura","16":"first","17":"instock","18":"sold-individually","19":"taxable","20":"shipping-taxable","21":"purchasable","22":"product-type-simple"},"yoast_head":"<!-- This site is optimized with the Yoast SEO plugin v24.2 - https:\/\/yoast.com\/wordpress\/plugins\/seo\/ -->\n<title>Figura Yukio Okumura - Xross Link - Blue Exorcist - Akatsuki anime store<\/title>\n<meta name=\"description\" content=\"Figura 14cm de Yukio Okumura Xross Link de Blue Exorcist por SEGA. Dise\u00f1o detallado inspirado en el arco Illuminati Shimane.\" \/>\n<meta name=\"robots\" content=\"index, follow, max-snippet:-1, max-image-preview:large, max-video-preview:-1\" \/>\n<link rel=\"canonical\" href=\"https:\/\/akatsukianime.com\/en\/product\/figura-yukio-okumura-xross-link-blue-exorcist\/\" \/>\n<meta property=\"og:locale\" content=\"en_US\" \/>\n<meta property=\"og:type\" content=\"article\" \/>\n<meta property=\"og:title\" content=\"Figura Yukio Okumura - Xross Link - Blue Exorcist - Akatsuki anime store\" \/>\n<meta property=\"og:description\" content=\"Figura 14cm de Yukio Okumura Xross Link de Blue Exorcist por SEGA. Dise\u00f1o detallado inspirado en el arco Illuminati Shimane.\" \/>\n<meta property=\"og:url\" content=\"https:\/\/akatsukianime.com\/en\/product\/figura-yukio-okumura-xross-link-blue-exorcist\/\" \/>\n<meta property=\"og:site_name\" content=\"Akatsuki anime store\" \/>\n<meta property=\"article:modified_time\" content=\"2026-02-03T10:20:07+00:00\" \/>\n<meta property=\"og:image\" content=\"https:\/\/akatsukianime.com\/wp-content\/uploads\/2026\/02\/figura-Yukio-Okumura-Blue.jpg\" \/>\n\t<meta property=\"og:image:width\" content=\"1000\" \/>\n\t<meta property=\"og:image:height\" content=\"1000\" \/>\n\t<meta property=\"og:image:type\" content=\"image\/jpeg\" \/>\n<meta name=\"twitter:card\" content=\"summary_large_image\" \/>\n<meta name=\"twitter:label1\" content=\"Est. reading time\" \/>\n\t<meta name=\"twitter:data1\" content=\"1 minute\" \/>\n<script type=\"application\/ld+json\" class=\"yoast-schema-graph\">{\"@context\":\"https:\/\/schema.org\",\"@graph\":[{\"@type\":[\"WebPage\",\"ItemPage\"],\"@id\":\"https:\/\/akatsukianime.com\/product\/figura-yukio-okumura-xross-link-blue-exorcist\/\",\"url\":\"https:\/\/akatsukianime.com\/product\/figura-yukio-okumura-xross-link-blue-exorcist\/\",\"name\":\"Figura Yukio Okumura - Xross Link - Blue Exorcist - Akatsuki anime store\",\"isPartOf\":{\"@id\":\"https:\/\/akatsukianime.com\/#website\"},\"primaryImageOfPage\":{\"@id\":\"https:\/\/akatsukianime.com\/product\/figura-yukio-okumura-xross-link-blue-exorcist\/#primaryimage\"},\"image\":{\"@id\":\"https:\/\/akatsukianime.com\/product\/figura-yukio-okumura-xross-link-blue-exorcist\/#primaryimage\"},\"thumbnailUrl\":\"https:\/\/akatsukianime.com\/wp-content\/uploads\/2026\/02\/figura-Yukio-Okumura-Blue.jpg\",\"datePublished\":\"2026-02-03T10:20:05+00:00\",\"dateModified\":\"2026-02-03T10:20:07+00:00\",\"description\":\"Figura 14cm de Yukio Okumura Xross Link de Blue Exorcist por SEGA. Dise\u00f1o detallado inspirado en el arco Illuminati Shimane.\",\"breadcrumb\":{\"@id\":\"https:\/\/akatsukianime.com\/product\/figura-yukio-okumura-xross-link-blue-exorcist\/#breadcrumb\"},\"inLanguage\":\"en-US\",\"potentialAction\":[{\"@type\":\"ReadAction\",\"target\":[\"https:\/\/akatsukianime.com\/product\/figura-yukio-okumura-xross-link-blue-exorcist\/\"]}]},{\"@type\":\"ImageObject\",\"inLanguage\":\"en-US\",\"@id\":\"https:\/\/akatsukianime.com\/product\/figura-yukio-okumura-xross-link-blue-exorcist\/#primaryimage\",\"url\":\"https:\/\/akatsukianime.com\/wp-content\/uploads\/2026\/02\/figura-Yukio-Okumura-Blue.jpg\",\"contentUrl\":\"https:\/\/akatsukianime.com\/wp-content\/uploads\/2026\/02\/figura-Yukio-Okumura-Blue.jpg\",\"width\":1000,\"height\":1000,\"caption\":\"figura Yukio Okumura Blue\"},{\"@type\":\"BreadcrumbList\",\"@id\":\"https:\/\/akatsukianime.com\/product\/figura-yukio-okumura-xross-link-blue-exorcist\/#breadcrumb\",\"itemListElement\":[{\"@type\":\"ListItem\",\"position\":1,\"name\":\"Portada\",\"item\":\"https:\/\/akatsukianime.com\/\"},{\"@type\":\"ListItem\",\"position\":2,\"name\":\"Tienda\",\"item\":\"https:\/\/akatsukianime.com\/tienda\/\"},{\"@type\":\"ListItem\",\"position\":3,\"name\":\"Figura Yukio Okumura &#8211; Xross Link &#8211; Blue Exorcist\"}]},{\"@type\":\"WebSite\",\"@id\":\"https:\/\/akatsukianime.com\/#website\",\"url\":\"https:\/\/akatsukianime.com\/\",\"name\":\"Akatsuki anime store\",\"description\":\"\",\"potentialAction\":[{\"@type\":\"SearchAction\",\"target\":{\"@type\":\"EntryPoint\",\"urlTemplate\":\"https:\/\/akatsukianime.com\/?s={search_term_string}\"},\"query-input\":{\"@type\":\"PropertyValueSpecification\",\"valueRequired\":true,\"valueName\":\"search_term_string\"}}],\"inLanguage\":\"en-US\"}]}<\/script>\n<!-- \/ Yoast SEO plugin. -->","yoast_head_json":{"title":"Figura Yukio Okumura - Xross Link - Blue Exorcist - Akatsuki anime store","description":"Figura 14cm de Yukio Okumura Xross Link de Blue Exorcist por SEGA. Dise\u00f1o detallado inspirado en el arco Illuminati Shimane.","robots":{"index":"index","follow":"follow","max-snippet":"max-snippet:-1","max-image-preview":"max-image-preview:large","max-video-preview":"max-video-preview:-1"},"canonical":"https:\/\/akatsukianime.com\/en\/product\/figura-yukio-okumura-xross-link-blue-exorcist\/","og_locale":"en_US","og_type":"article","og_title":"Figura Yukio Okumura - Xross Link - Blue Exorcist - Akatsuki anime store","og_description":"Figura 14cm de Yukio Okumura Xross Link de Blue Exorcist por SEGA. Dise\u00f1o detallado inspirado en el arco Illuminati Shimane.","og_url":"https:\/\/akatsukianime.com\/en\/product\/figura-yukio-okumura-xross-link-blue-exorcist\/","og_site_name":"Akatsuki anime store","article_modified_time":"2026-02-03T10:20:07+00:00","og_image":[{"width":1000,"height":1000,"url":"https:\/\/akatsukianime.com\/wp-content\/uploads\/2026\/02\/figura-Yukio-Okumura-Blue.jpg","type":"image\/jpeg"}],"twitter_card":"summary_large_image","twitter_misc":{"Est. reading time":"1 minute"},"schema":{"@context":"https:\/\/schema.org","@graph":[{"@type":["WebPage","ItemPage"],"@id":"https:\/\/akatsukianime.com\/product\/figura-yukio-okumura-xross-link-blue-exorcist\/","url":"https:\/\/akatsukianime.com\/product\/figura-yukio-okumura-xross-link-blue-exorcist\/","name":"Figura Yukio Okumura - Xross Link - Blue Exorcist - Akatsuki anime store","isPartOf":{"@id":"https:\/\/akatsukianime.com\/#website"},"primaryImageOfPage":{"@id":"https:\/\/akatsukianime.com\/product\/figura-yukio-okumura-xross-link-blue-exorcist\/#primaryimage"},"image":{"@id":"https:\/\/akatsukianime.com\/product\/figura-yukio-okumura-xross-link-blue-exorcist\/#primaryimage"},"thumbnailUrl":"https:\/\/akatsukianime.com\/wp-content\/uploads\/2026\/02\/figura-Yukio-Okumura-Blue.jpg","datePublished":"2026-02-03T10:20:05+00:00","dateModified":"2026-02-03T10:20:07+00:00","description":"Figura 14cm de Yukio Okumura Xross Link de Blue Exorcist por SEGA. Dise\u00f1o detallado inspirado en el arco Illuminati Shimane.","breadcrumb":{"@id":"https:\/\/akatsukianime.com\/product\/figura-yukio-okumura-xross-link-blue-exorcist\/#breadcrumb"},"inLanguage":"en-US","potentialAction":[{"@type":"ReadAction","target":["https:\/\/akatsukianime.com\/product\/figura-yukio-okumura-xross-link-blue-exorcist\/"]}]},{"@type":"ImageObject","inLanguage":"en-US","@id":"https:\/\/akatsukianime.com\/product\/figura-yukio-okumura-xross-link-blue-exorcist\/#primaryimage","url":"https:\/\/akatsukianime.com\/wp-content\/uploads\/2026\/02\/figura-Yukio-Okumura-Blue.jpg","contentUrl":"https:\/\/akatsukianime.com\/wp-content\/uploads\/2026\/02\/figura-Yukio-Okumura-Blue.jpg","width":1000,"height":1000,"caption":"figura Yukio Okumura Blue"},{"@type":"BreadcrumbList","@id":"https:\/\/akatsukianime.com\/product\/figura-yukio-okumura-xross-link-blue-exorcist\/#breadcrumb","itemListElement":[{"@type":"ListItem","position":1,"name":"Portada","item":"https:\/\/akatsukianime.com\/"},{"@type":"ListItem","position":2,"name":"Tienda","item":"https:\/\/akatsukianime.com\/tienda\/"},{"@type":"ListItem","position":3,"name":"Figura Yukio Okumura &#8211; Xross Link &#8211; Blue Exorcist"}]},{"@type":"WebSite","@id":"https:\/\/akatsukianime.com\/#website","url":"https:\/\/akatsukianime.com\/","name":"Akatsuki anime store","description":"","potentialAction":[{"@type":"SearchAction","target":{"@type":"EntryPoint","urlTemplate":"https:\/\/akatsukianime.com\/?s={search_term_string}"},"query-input":{"@type":"PropertyValueSpecification","valueRequired":true,"valueName":"search_term_string"}}],"inLanguage":"en-US"}]}},"jetpack_sharing_enabled":true,"_links":{"self":[{"href":"https:\/\/akatsukianime.com\/en\/wp-json\/wp\/v2\/product\/7568","targetHints":{"allow":["GET"]}}],"collection":[{"href":"https:\/\/akatsukianime.com\/en\/wp-json\/wp\/v2\/product"}],"about":[{"href":"https:\/\/akatsukianime.com\/en\/wp-json\/wp\/v2\/types\/product"}],"version-history":[{"count":1,"href":"https:\/\/akatsukianime.com\/en\/wp-json\/wp\/v2\/product\/7568\/revisions"}],"predecessor-version":[{"id":7577,"href":"https:\/\/akatsukianime.com\/en\/wp-json\/wp\/v2\/product\/7568\/revisions\/7577"}],"wp:featuredmedia":[{"embeddable":true,"href":"https:\/\/akatsukianime.com\/en\/wp-json\/wp\/v2\/media\/7569"}],"wp:attachment":[{"href":"https:\/\/akatsukianime.com\/en\/wp-json\/wp\/v2\/media?parent=7568"}],"wp:term":[{"taxonomy":"product_cat","embeddable":true,"href":"https:\/\/akatsukianime.com\/en\/wp-json\/wp\/v2\/product_cat?post=7568"},{"taxonomy":"product_tag","embeddable":true,"href":"https:\/\/akatsukianime.com\/en\/wp-json\/wp\/v2\/product_tag?post=7568"}],"curies":[{"name":"wp","href":"https:\/\/api.w.org\/{rel}","templated":true}]}}