{"id":7605,"date":"2026-02-03T16:23:03","date_gmt":"2026-02-03T15:23:03","guid":{"rendered":"https:\/\/akatsukianime.com\/?post_type=product&#038;p=7605"},"modified":"2026-02-03T16:23:04","modified_gmt":"2026-02-03T15:23:04","slug":"figura-megurine-luka-school-sekai-desktop-x-decorate-collections-project-sekai-colorful-stage","status":"publish","type":"product","link":"https:\/\/akatsukianime.com\/en\/product\/figura-megurine-luka-school-sekai-desktop-x-decorate-collections-project-sekai-colorful-stage\/","title":{"rendered":"Figura Megurine Luka (School SEKAI) &#8211; Desktop x Decorate Collections &#8211; Project Sekai: Colorful Stage!"},"content":{"rendered":"<h2 data-start=\"196\" data-end=\"236\">\ud83d\udce6 Descripci\u00f3n del producto<\/h2>\n<p data-start=\"238\" data-end=\"577\">Ampl\u00eda tu colecci\u00f3n <strong data-start=\"258\" data-end=\"270\">Vocaloid<\/strong> with the figure <strong data-start=\"285\" data-end=\"346\">Desktop x Decorate Collections School SEKAI Megurine Luka<\/strong> of <strong data-start=\"350\" data-end=\"358\">SEGA<\/strong>. Con una altura aproximada de <strong data-start=\"389\" data-end=\"400\">14,5 cm<\/strong>, esta figura presenta a <strong data-start=\"425\" data-end=\"442\">Megurine Luka<\/strong> tal como aparece en el videojuego <strong data-start=\"477\" data-end=\"511\">Project SEKAI: Colorful Stage!<\/strong>, recreada en una pose popular que refleja su elegancia y carisma.<\/p>\n<p data-start=\"579\" data-end=\"806\">Dise\u00f1ada para lucir perfecta sobre escritorios, estanter\u00edas o vitrinas, esta pieza combina un formato compacto con un alto nivel de detalle. Una adici\u00f3n ideal para fans de <strong data-start=\"751\" data-end=\"768\">Project SEKAI<\/strong> y coleccionistas de figuras Vocaloid.<\/p>\n<hr data-start=\"808\" data-end=\"811\" \/>\n<h2 data-start=\"813\" data-end=\"846\">\u2b50 Caracter\u00edsticas del producto<\/h2>\n<ul data-start=\"847\" data-end=\"1073\">\n<li data-start=\"847\" data-end=\"879\">\n<p data-start=\"849\" data-end=\"879\">Approximate height: <strong data-start=\"868\" data-end=\"879\">14,5 cm<\/strong><\/p>\n<\/li>\n<li data-start=\"880\" data-end=\"904\">\n<p data-start=\"882\" data-end=\"904\">Material: <strong data-start=\"892\" data-end=\"904\">Pl\u00e1stico<\/strong><\/p>\n<\/li>\n<li data-start=\"905\" data-end=\"965\">\n<p data-start=\"907\" data-end=\"965\">Based on the video game <strong data-start=\"931\" data-end=\"965\">Project SEKAI: Colorful Stage!<\/strong><\/p>\n<\/li>\n<li data-start=\"966\" data-end=\"1020\">\n<p data-start=\"968\" data-end=\"1020\">Part of the series <strong data-start=\"986\" data-end=\"1020\">Desktop x Decorate Collections<\/strong><\/p>\n<\/li>\n<li data-start=\"1021\" data-end=\"1053\">\n<p data-start=\"1023\" data-end=\"1053\">Figure <strong data-start=\"1030\" data-end=\"1053\">altamente detallada<\/strong><\/p>\n<\/li>\n<li data-start=\"1054\" data-end=\"1073\">\n<p data-start=\"1056\" data-end=\"1073\"><strong data-start=\"1056\" data-end=\"1073\">Not articulated<\/strong><\/p>\n<\/li>\n<\/ul>\n<hr data-start=\"1075\" data-end=\"1078\" \/>\n<h2 data-start=\"1080\" data-end=\"1106\">\ud83d\udce6 Box contents<\/h2>\n<ul data-start=\"1107\" data-end=\"1136\">\n<li data-start=\"1107\" data-end=\"1136\">\n<p data-start=\"1109\" data-end=\"1136\">Figure of <strong data-start=\"1119\" data-end=\"1136\">Megurine Luka<\/strong><\/p>\n<\/li>\n<\/ul>","protected":false},"excerpt":{"rendered":"<p>\ud83d\udce6 Descripci\u00f3n del producto Ampl\u00eda tu colecci\u00f3n Vocaloid con la figura Desktop x Decorate Collections School SEKAI Megurine Luka de<\/p>","protected":false},"featured_media":7606,"template":"","meta":[],"product_cat":[101,65,61,49],"product_tag":[484,337,485,393,171,139],"class_list":{"0":"post-7605","1":"product","2":"type-product","3":"status-publish","4":"has-post-thumbnail","6":"product_cat-elige-sega-goods-sega-goods","7":"product_cat-figuras","8":"product_cat-novedades","9":"product_cat-hatsune-miku","10":"product_tag-desktop-x-decorate","11":"product_tag-figura","12":"product_tag-luka-megurine","13":"product_tag-project-sekai","14":"product_tag-sega","15":"product_tag-vocaloid","17":"first","18":"instock","19":"sold-individually","20":"taxable","21":"shipping-taxable","22":"purchasable","23":"product-type-simple"},"yoast_head":"<!-- This site is optimized with the Yoast SEO plugin v24.2 - https:\/\/yoast.com\/wordpress\/plugins\/seo\/ -->\n<title>Figura Megurine Luka (School SEKAI) - Desktop x Decorate Collections - Project Sekai: Colorful Stage! - Akatsuki anime store<\/title>\n<meta name=\"description\" content=\"Figura Megurine Luka School SEKAI de la colecci\u00f3n Desktop x Decorate por SEGA. Dise\u00f1o detallado ideal para escritorio y colecci\u00f3n.\" \/>\n<meta name=\"robots\" content=\"index, follow, max-snippet:-1, max-image-preview:large, max-video-preview:-1\" \/>\n<link rel=\"canonical\" href=\"https:\/\/akatsukianime.com\/en\/product\/figura-megurine-luka-school-sekai-desktop-x-decorate-collections-project-sekai-colorful-stage\/\" \/>\n<meta property=\"og:locale\" content=\"en_US\" \/>\n<meta property=\"og:type\" content=\"article\" \/>\n<meta property=\"og:title\" content=\"Figura Megurine Luka (School SEKAI) - Desktop x Decorate Collections - Project Sekai: Colorful Stage! - Akatsuki anime store\" \/>\n<meta property=\"og:description\" content=\"Figura Megurine Luka School SEKAI de la colecci\u00f3n Desktop x Decorate por SEGA. Dise\u00f1o detallado ideal para escritorio y colecci\u00f3n.\" \/>\n<meta property=\"og:url\" content=\"https:\/\/akatsukianime.com\/en\/product\/figura-megurine-luka-school-sekai-desktop-x-decorate-collections-project-sekai-colorful-stage\/\" \/>\n<meta property=\"og:site_name\" content=\"Akatsuki anime store\" \/>\n<meta property=\"article:modified_time\" content=\"2026-02-03T15:23:04+00:00\" \/>\n<meta property=\"og:image\" content=\"https:\/\/akatsukianime.com\/wp-content\/uploads\/2026\/02\/Megurine-Luka-Project-Sekai.jpg\" \/>\n\t<meta property=\"og:image:width\" content=\"1000\" \/>\n\t<meta property=\"og:image:height\" content=\"1000\" \/>\n\t<meta property=\"og:image:type\" content=\"image\/jpeg\" \/>\n<meta name=\"twitter:card\" content=\"summary_large_image\" \/>\n<meta name=\"twitter:label1\" content=\"Est. reading time\" \/>\n\t<meta name=\"twitter:data1\" content=\"1 minute\" \/>\n<script type=\"application\/ld+json\" class=\"yoast-schema-graph\">{\"@context\":\"https:\/\/schema.org\",\"@graph\":[{\"@type\":[\"WebPage\",\"ItemPage\"],\"@id\":\"https:\/\/akatsukianime.com\/product\/figura-megurine-luka-school-sekai-desktop-x-decorate-collections-project-sekai-colorful-stage\/\",\"url\":\"https:\/\/akatsukianime.com\/product\/figura-megurine-luka-school-sekai-desktop-x-decorate-collections-project-sekai-colorful-stage\/\",\"name\":\"Figura Megurine Luka (School SEKAI) - Desktop x Decorate Collections - Project Sekai: Colorful Stage! - Akatsuki anime store\",\"isPartOf\":{\"@id\":\"https:\/\/akatsukianime.com\/#website\"},\"primaryImageOfPage\":{\"@id\":\"https:\/\/akatsukianime.com\/product\/figura-megurine-luka-school-sekai-desktop-x-decorate-collections-project-sekai-colorful-stage\/#primaryimage\"},\"image\":{\"@id\":\"https:\/\/akatsukianime.com\/product\/figura-megurine-luka-school-sekai-desktop-x-decorate-collections-project-sekai-colorful-stage\/#primaryimage\"},\"thumbnailUrl\":\"https:\/\/akatsukianime.com\/wp-content\/uploads\/2026\/02\/Megurine-Luka-Project-Sekai.jpg\",\"datePublished\":\"2026-02-03T15:23:03+00:00\",\"dateModified\":\"2026-02-03T15:23:04+00:00\",\"description\":\"Figura Megurine Luka School SEKAI de la colecci\u00f3n Desktop x Decorate por SEGA. Dise\u00f1o detallado ideal para escritorio y colecci\u00f3n.\",\"breadcrumb\":{\"@id\":\"https:\/\/akatsukianime.com\/product\/figura-megurine-luka-school-sekai-desktop-x-decorate-collections-project-sekai-colorful-stage\/#breadcrumb\"},\"inLanguage\":\"en-US\",\"potentialAction\":[{\"@type\":\"ReadAction\",\"target\":[\"https:\/\/akatsukianime.com\/product\/figura-megurine-luka-school-sekai-desktop-x-decorate-collections-project-sekai-colorful-stage\/\"]}]},{\"@type\":\"ImageObject\",\"inLanguage\":\"en-US\",\"@id\":\"https:\/\/akatsukianime.com\/product\/figura-megurine-luka-school-sekai-desktop-x-decorate-collections-project-sekai-colorful-stage\/#primaryimage\",\"url\":\"https:\/\/akatsukianime.com\/wp-content\/uploads\/2026\/02\/Megurine-Luka-Project-Sekai.jpg\",\"contentUrl\":\"https:\/\/akatsukianime.com\/wp-content\/uploads\/2026\/02\/Megurine-Luka-Project-Sekai.jpg\",\"width\":1000,\"height\":1000},{\"@type\":\"BreadcrumbList\",\"@id\":\"https:\/\/akatsukianime.com\/product\/figura-megurine-luka-school-sekai-desktop-x-decorate-collections-project-sekai-colorful-stage\/#breadcrumb\",\"itemListElement\":[{\"@type\":\"ListItem\",\"position\":1,\"name\":\"Portada\",\"item\":\"https:\/\/akatsukianime.com\/\"},{\"@type\":\"ListItem\",\"position\":2,\"name\":\"Tienda\",\"item\":\"https:\/\/akatsukianime.com\/tienda\/\"},{\"@type\":\"ListItem\",\"position\":3,\"name\":\"Figura Megurine Luka (School SEKAI) &#8211; Desktop x Decorate Collections &#8211; Project Sekai: Colorful Stage!\"}]},{\"@type\":\"WebSite\",\"@id\":\"https:\/\/akatsukianime.com\/#website\",\"url\":\"https:\/\/akatsukianime.com\/\",\"name\":\"Akatsuki anime store\",\"description\":\"\",\"potentialAction\":[{\"@type\":\"SearchAction\",\"target\":{\"@type\":\"EntryPoint\",\"urlTemplate\":\"https:\/\/akatsukianime.com\/?s={search_term_string}\"},\"query-input\":{\"@type\":\"PropertyValueSpecification\",\"valueRequired\":true,\"valueName\":\"search_term_string\"}}],\"inLanguage\":\"en-US\"}]}<\/script>\n<!-- \/ Yoast SEO plugin. -->","yoast_head_json":{"title":"Figura Megurine Luka (School SEKAI) - Desktop x Decorate Collections - Project Sekai: Colorful Stage! - Akatsuki anime store","description":"Figura Megurine Luka School SEKAI de la colecci\u00f3n Desktop x Decorate por SEGA. Dise\u00f1o detallado ideal para escritorio y colecci\u00f3n.","robots":{"index":"index","follow":"follow","max-snippet":"max-snippet:-1","max-image-preview":"max-image-preview:large","max-video-preview":"max-video-preview:-1"},"canonical":"https:\/\/akatsukianime.com\/en\/product\/figura-megurine-luka-school-sekai-desktop-x-decorate-collections-project-sekai-colorful-stage\/","og_locale":"en_US","og_type":"article","og_title":"Figura Megurine Luka (School SEKAI) - Desktop x Decorate Collections - Project Sekai: Colorful Stage! - Akatsuki anime store","og_description":"Figura Megurine Luka School SEKAI de la colecci\u00f3n Desktop x Decorate por SEGA. Dise\u00f1o detallado ideal para escritorio y colecci\u00f3n.","og_url":"https:\/\/akatsukianime.com\/en\/product\/figura-megurine-luka-school-sekai-desktop-x-decorate-collections-project-sekai-colorful-stage\/","og_site_name":"Akatsuki anime store","article_modified_time":"2026-02-03T15:23:04+00:00","og_image":[{"width":1000,"height":1000,"url":"https:\/\/akatsukianime.com\/wp-content\/uploads\/2026\/02\/Megurine-Luka-Project-Sekai.jpg","type":"image\/jpeg"}],"twitter_card":"summary_large_image","twitter_misc":{"Est. reading time":"1 minute"},"schema":{"@context":"https:\/\/schema.org","@graph":[{"@type":["WebPage","ItemPage"],"@id":"https:\/\/akatsukianime.com\/product\/figura-megurine-luka-school-sekai-desktop-x-decorate-collections-project-sekai-colorful-stage\/","url":"https:\/\/akatsukianime.com\/product\/figura-megurine-luka-school-sekai-desktop-x-decorate-collections-project-sekai-colorful-stage\/","name":"Figura Megurine Luka (School SEKAI) - Desktop x Decorate Collections - Project Sekai: Colorful Stage! - Akatsuki anime store","isPartOf":{"@id":"https:\/\/akatsukianime.com\/#website"},"primaryImageOfPage":{"@id":"https:\/\/akatsukianime.com\/product\/figura-megurine-luka-school-sekai-desktop-x-decorate-collections-project-sekai-colorful-stage\/#primaryimage"},"image":{"@id":"https:\/\/akatsukianime.com\/product\/figura-megurine-luka-school-sekai-desktop-x-decorate-collections-project-sekai-colorful-stage\/#primaryimage"},"thumbnailUrl":"https:\/\/akatsukianime.com\/wp-content\/uploads\/2026\/02\/Megurine-Luka-Project-Sekai.jpg","datePublished":"2026-02-03T15:23:03+00:00","dateModified":"2026-02-03T15:23:04+00:00","description":"Figura Megurine Luka School SEKAI de la colecci\u00f3n Desktop x Decorate por SEGA. Dise\u00f1o detallado ideal para escritorio y colecci\u00f3n.","breadcrumb":{"@id":"https:\/\/akatsukianime.com\/product\/figura-megurine-luka-school-sekai-desktop-x-decorate-collections-project-sekai-colorful-stage\/#breadcrumb"},"inLanguage":"en-US","potentialAction":[{"@type":"ReadAction","target":["https:\/\/akatsukianime.com\/product\/figura-megurine-luka-school-sekai-desktop-x-decorate-collections-project-sekai-colorful-stage\/"]}]},{"@type":"ImageObject","inLanguage":"en-US","@id":"https:\/\/akatsukianime.com\/product\/figura-megurine-luka-school-sekai-desktop-x-decorate-collections-project-sekai-colorful-stage\/#primaryimage","url":"https:\/\/akatsukianime.com\/wp-content\/uploads\/2026\/02\/Megurine-Luka-Project-Sekai.jpg","contentUrl":"https:\/\/akatsukianime.com\/wp-content\/uploads\/2026\/02\/Megurine-Luka-Project-Sekai.jpg","width":1000,"height":1000},{"@type":"BreadcrumbList","@id":"https:\/\/akatsukianime.com\/product\/figura-megurine-luka-school-sekai-desktop-x-decorate-collections-project-sekai-colorful-stage\/#breadcrumb","itemListElement":[{"@type":"ListItem","position":1,"name":"Portada","item":"https:\/\/akatsukianime.com\/"},{"@type":"ListItem","position":2,"name":"Tienda","item":"https:\/\/akatsukianime.com\/tienda\/"},{"@type":"ListItem","position":3,"name":"Figura Megurine Luka (School SEKAI) &#8211; Desktop x Decorate Collections &#8211; Project Sekai: Colorful Stage!"}]},{"@type":"WebSite","@id":"https:\/\/akatsukianime.com\/#website","url":"https:\/\/akatsukianime.com\/","name":"Akatsuki anime store","description":"","potentialAction":[{"@type":"SearchAction","target":{"@type":"EntryPoint","urlTemplate":"https:\/\/akatsukianime.com\/?s={search_term_string}"},"query-input":{"@type":"PropertyValueSpecification","valueRequired":true,"valueName":"search_term_string"}}],"inLanguage":"en-US"}]}},"jetpack_sharing_enabled":true,"_links":{"self":[{"href":"https:\/\/akatsukianime.com\/en\/wp-json\/wp\/v2\/product\/7605","targetHints":{"allow":["GET"]}}],"collection":[{"href":"https:\/\/akatsukianime.com\/en\/wp-json\/wp\/v2\/product"}],"about":[{"href":"https:\/\/akatsukianime.com\/en\/wp-json\/wp\/v2\/types\/product"}],"version-history":[{"count":1,"href":"https:\/\/akatsukianime.com\/en\/wp-json\/wp\/v2\/product\/7605\/revisions"}],"predecessor-version":[{"id":7615,"href":"https:\/\/akatsukianime.com\/en\/wp-json\/wp\/v2\/product\/7605\/revisions\/7615"}],"wp:featuredmedia":[{"embeddable":true,"href":"https:\/\/akatsukianime.com\/en\/wp-json\/wp\/v2\/media\/7606"}],"wp:attachment":[{"href":"https:\/\/akatsukianime.com\/en\/wp-json\/wp\/v2\/media?parent=7605"}],"wp:term":[{"taxonomy":"product_cat","embeddable":true,"href":"https:\/\/akatsukianime.com\/en\/wp-json\/wp\/v2\/product_cat?post=7605"},{"taxonomy":"product_tag","embeddable":true,"href":"https:\/\/akatsukianime.com\/en\/wp-json\/wp\/v2\/product_tag?post=7605"}],"curies":[{"name":"wp","href":"https:\/\/api.w.org\/{rel}","templated":true}]}}