{"id":7649,"date":"2026-02-04T15:18:50","date_gmt":"2026-02-04T14:18:50","guid":{"rendered":"https:\/\/akatsukianime.com\/?post_type=product&#038;p=7649"},"modified":"2026-05-06T11:50:04","modified_gmt":"2026-05-06T09:50:04","slug":"one-piece-card-game-st-25-buggy-starter-deck-english","status":"publish","type":"product","link":"https:\/\/akatsukianime.com\/en\/product\/one-piece-card-game-st-25-buggy-starter-deck-english\/","title":{"rendered":"ONE PIECE CARD GAME [ST-25] Buggy Starter Deck (English)"},"content":{"rendered":"<h2 data-start=\"225\" data-end=\"255\">\ud83c\udccf Descripci\u00f3n del producto<\/h2>\n<p data-start=\"257\" data-end=\"454\">He <strong data-start=\"260\" data-end=\"292\">Starter Deck Display [ST-25] Buggy<\/strong> forma parte de una colecci\u00f3n de <strong data-start=\"325\" data-end=\"370\">seis mazos iniciales de distintos colores<\/strong> (<strong data-start=\"372\" data-end=\"389\">ST-23 a ST-28<\/strong>), lanzados de manera simult\u00e1nea para el <strong data-start=\"430\" data-end=\"453\">ONE PIECE CARD GAME<\/strong>.<\/p>\n<p data-start=\"456\" data-end=\"772\">Esta edici\u00f3n recupera colores de series anteriores y destaca por sus <strong data-start=\"525\" data-end=\"553\">efectos de L\u00edder simples<\/strong> y mec\u00e1nicas claras, lo que lo convierte en una opci\u00f3n perfecta para jugadores principiantes. Al mismo tiempo, ofrece una base s\u00f3lida para desarrollar estrategias m\u00e1s avanzadas conforme crece tu experiencia en el juego.<\/p>\n<p data-start=\"774\" data-end=\"1223\">Cada mazo incluye <strong data-start=\"792\" data-end=\"834\">5 cartas con texto completamente nuevo<\/strong>, pensadas para integrarse en estilos de combate existentes y llevar tu estrategia al siguiente nivel. Adem\u00e1s, se a\u00f1ade <strong data-start=\"954\" data-end=\"996\">1 sobre OP-11 \u201cA Fist of Divine Speed\u201d<\/strong>, que contiene <strong data-start=\"1011\" data-end=\"1071\">reimpresiones de cartas populares de expansiones pasadas<\/strong>, permitiendo que incluso los nuevos jugadores refuercen su mazo desde el primer momento y disfruten al m\u00e1ximo del universo del <strong data-start=\"1199\" data-end=\"1222\">ONE PIECE CARD GAME<\/strong>.<\/p>\n<hr data-start=\"1225\" data-end=\"1228\" \/>\n<h2 data-start=\"1230\" data-end=\"1245\">\ud83d\udce6 Contenido<\/h2>\n<ul data-start=\"1246\" data-end=\"1372\">\n<li data-start=\"1246\" data-end=\"1281\">\n<p data-start=\"1248\" data-end=\"1281\"><strong data-start=\"1248\" data-end=\"1269\">1 mazo construido<\/strong> (51 cartas)<\/p>\n<\/li>\n<li data-start=\"1282\" data-end=\"1303\">\n<p data-start=\"1284\" data-end=\"1303\"><strong data-start=\"1284\" data-end=\"1303\">10 cartas DON!!<\/strong><\/p>\n<\/li>\n<li data-start=\"1304\" data-end=\"1327\">\n<p data-start=\"1306\" data-end=\"1327\"><strong data-start=\"1306\" data-end=\"1327\">1 tapete de juego<\/strong><\/p>\n<\/li>\n<li data-start=\"1328\" data-end=\"1372\">\n<p data-start=\"1330\" data-end=\"1372\"><strong data-start=\"1330\" data-end=\"1372\">1 sobre OP-11 \u201cA Fist of Divine Speed\u201d<\/strong><\/p>\n<\/li>\n<\/ul>\n<hr data-start=\"1374\" data-end=\"1377\" \/>\n<h2 data-start=\"1379\" data-end=\"1391\">\u2b50 Rarezas<\/h2>\n<ul data-start=\"1392\" data-end=\"1516\">\n<li data-start=\"1392\" data-end=\"1516\">\n<p data-start=\"1394\" data-end=\"1405\"><strong data-start=\"1394\" data-end=\"1405\">[ST-25]<\/strong><\/p>\n<ul data-start=\"1408\" data-end=\"1516\">\n<li data-start=\"1408\" data-end=\"1420\">\n<p data-start=\"1410\" data-end=\"1420\">Com\u00fan \u00d75<\/p>\n<\/li>\n<li data-start=\"1423\" data-end=\"1440\">\n<p data-start=\"1425\" data-end=\"1440\">Poco com\u00fan \u00d73<\/p>\n<\/li>\n<li data-start=\"1443\" data-end=\"1454\">\n<p data-start=\"1445\" data-end=\"1454\">Rara \u00d73<\/p>\n<\/li>\n<li data-start=\"1457\" data-end=\"1474\">\n<p data-start=\"1459\" data-end=\"1474\">S\u00faper Rara \u00d72<\/p>\n<\/li>\n<li data-start=\"1477\" data-end=\"1501\">\n<p data-start=\"1479\" data-end=\"1501\">Carta promocional \u00d71<\/p>\n<\/li>\n<li data-start=\"1504\" data-end=\"1516\">\n<p data-start=\"1506\" data-end=\"1516\">L\u00edder \u00d71<\/p>\n<\/li>\n<\/ul>\n<\/li>\n<\/ul>","protected":false},"excerpt":{"rendered":"<p>\ud83c\udccf Descripci\u00f3n del producto El Starter Deck Display [ST-25] Buggy forma parte de una colecci\u00f3n de seis mazos iniciales de<\/p>","protected":false},"featured_media":7653,"template":"","meta":[],"product_cat":[284,61,43,68],"product_tag":[491,84,489,488,247],"class_list":{"0":"post-7649","1":"product","2":"type-product","3":"status-publish","4":"has-post-thumbnail","6":"product_cat-one-piece-tcg","7":"product_cat-novedades","8":"product_cat-one-piece","9":"product_cat-trading-cards","10":"product_tag-buggy","11":"product_tag-one-piece","12":"product_tag-one-piece-tcg","13":"product_tag-starter-deck","14":"product_tag-tcg","16":"first","17":"outofstock","18":"sold-individually","19":"taxable","20":"shipping-taxable","21":"purchasable","22":"product-type-simple"},"yoast_head":"<!-- This site is optimized with the Yoast SEO plugin v24.2 - https:\/\/yoast.com\/wordpress\/plugins\/seo\/ -->\n<title>ONE PIECE CARD GAME [ST-25] Buggy Starter Deck (English) - Akatsuki anime store<\/title>\n<meta name=\"description\" content=\"Descubre Starter Deck ST-25 Buggy de One Piece Card Game con mazo listo para jugar, carta promocional y sobre OP-11 incluido.\" \/>\n<meta name=\"robots\" content=\"index, follow, max-snippet:-1, max-image-preview:large, max-video-preview:-1\" \/>\n<link rel=\"canonical\" href=\"https:\/\/akatsukianime.com\/en\/product\/one-piece-card-game-st-25-buggy-starter-deck-english\/\" \/>\n<meta property=\"og:locale\" content=\"en_US\" \/>\n<meta property=\"og:type\" content=\"article\" \/>\n<meta property=\"og:title\" content=\"ONE PIECE CARD GAME [ST-25] Buggy Starter Deck (English) - Akatsuki anime store\" \/>\n<meta property=\"og:description\" content=\"Descubre Starter Deck ST-25 Buggy de One Piece Card Game con mazo listo para jugar, carta promocional y sobre OP-11 incluido.\" \/>\n<meta property=\"og:url\" content=\"https:\/\/akatsukianime.com\/en\/product\/one-piece-card-game-st-25-buggy-starter-deck-english\/\" \/>\n<meta property=\"og:site_name\" content=\"Akatsuki anime store\" \/>\n<meta property=\"article:modified_time\" content=\"2026-05-06T09:50:04+00:00\" \/>\n<meta property=\"og:image\" content=\"https:\/\/akatsukianime.com\/wp-content\/uploads\/2026\/02\/ST-25-ONE-PIECE-TCG.jpg\" \/>\n\t<meta property=\"og:image:width\" content=\"1000\" \/>\n\t<meta property=\"og:image:height\" content=\"1000\" \/>\n\t<meta property=\"og:image:type\" content=\"image\/jpeg\" \/>\n<meta name=\"twitter:card\" content=\"summary_large_image\" \/>\n<meta name=\"twitter:label1\" content=\"Est. reading time\" \/>\n\t<meta name=\"twitter:data1\" content=\"2 minutes\" \/>\n<script type=\"application\/ld+json\" class=\"yoast-schema-graph\">{\"@context\":\"https:\/\/schema.org\",\"@graph\":[{\"@type\":[\"WebPage\",\"ItemPage\"],\"@id\":\"https:\/\/akatsukianime.com\/product\/one-piece-card-game-st-25-buggy-starter-deck-english\/\",\"url\":\"https:\/\/akatsukianime.com\/product\/one-piece-card-game-st-25-buggy-starter-deck-english\/\",\"name\":\"ONE PIECE CARD GAME [ST-25] Buggy Starter Deck (English) - Akatsuki anime store\",\"isPartOf\":{\"@id\":\"https:\/\/akatsukianime.com\/#website\"},\"primaryImageOfPage\":{\"@id\":\"https:\/\/akatsukianime.com\/product\/one-piece-card-game-st-25-buggy-starter-deck-english\/#primaryimage\"},\"image\":{\"@id\":\"https:\/\/akatsukianime.com\/product\/one-piece-card-game-st-25-buggy-starter-deck-english\/#primaryimage\"},\"thumbnailUrl\":\"https:\/\/akatsukianime.com\/wp-content\/uploads\/2026\/02\/ST-25-ONE-PIECE-TCG.jpg\",\"datePublished\":\"2026-02-04T14:18:50+00:00\",\"dateModified\":\"2026-05-06T09:50:04+00:00\",\"description\":\"Descubre Starter Deck ST-25 Buggy de One Piece Card Game con mazo listo para jugar, carta promocional y sobre OP-11 incluido.\",\"breadcrumb\":{\"@id\":\"https:\/\/akatsukianime.com\/product\/one-piece-card-game-st-25-buggy-starter-deck-english\/#breadcrumb\"},\"inLanguage\":\"en-US\",\"potentialAction\":[{\"@type\":\"ReadAction\",\"target\":[\"https:\/\/akatsukianime.com\/product\/one-piece-card-game-st-25-buggy-starter-deck-english\/\"]}]},{\"@type\":\"ImageObject\",\"inLanguage\":\"en-US\",\"@id\":\"https:\/\/akatsukianime.com\/product\/one-piece-card-game-st-25-buggy-starter-deck-english\/#primaryimage\",\"url\":\"https:\/\/akatsukianime.com\/wp-content\/uploads\/2026\/02\/ST-25-ONE-PIECE-TCG.jpg\",\"contentUrl\":\"https:\/\/akatsukianime.com\/wp-content\/uploads\/2026\/02\/ST-25-ONE-PIECE-TCG.jpg\",\"width\":1000,\"height\":1000},{\"@type\":\"BreadcrumbList\",\"@id\":\"https:\/\/akatsukianime.com\/product\/one-piece-card-game-st-25-buggy-starter-deck-english\/#breadcrumb\",\"itemListElement\":[{\"@type\":\"ListItem\",\"position\":1,\"name\":\"Portada\",\"item\":\"https:\/\/akatsukianime.com\/\"},{\"@type\":\"ListItem\",\"position\":2,\"name\":\"Tienda\",\"item\":\"https:\/\/akatsukianime.com\/tienda\/\"},{\"@type\":\"ListItem\",\"position\":3,\"name\":\"ONE PIECE CARD GAME [ST-25] Buggy Starter Deck (English)\"}]},{\"@type\":\"WebSite\",\"@id\":\"https:\/\/akatsukianime.com\/#website\",\"url\":\"https:\/\/akatsukianime.com\/\",\"name\":\"Akatsuki anime store\",\"description\":\"\",\"potentialAction\":[{\"@type\":\"SearchAction\",\"target\":{\"@type\":\"EntryPoint\",\"urlTemplate\":\"https:\/\/akatsukianime.com\/?s={search_term_string}\"},\"query-input\":{\"@type\":\"PropertyValueSpecification\",\"valueRequired\":true,\"valueName\":\"search_term_string\"}}],\"inLanguage\":\"en-US\"}]}<\/script>\n<!-- \/ Yoast SEO plugin. -->","yoast_head_json":{"title":"ONE PIECE CARD GAME [ST-25] Buggy Starter Deck (English) - Akatsuki anime store","description":"Descubre Starter Deck ST-25 Buggy de One Piece Card Game con mazo listo para jugar, carta promocional y sobre OP-11 incluido.","robots":{"index":"index","follow":"follow","max-snippet":"max-snippet:-1","max-image-preview":"max-image-preview:large","max-video-preview":"max-video-preview:-1"},"canonical":"https:\/\/akatsukianime.com\/en\/product\/one-piece-card-game-st-25-buggy-starter-deck-english\/","og_locale":"en_US","og_type":"article","og_title":"ONE PIECE CARD GAME [ST-25] Buggy Starter Deck (English) - Akatsuki anime store","og_description":"Descubre Starter Deck ST-25 Buggy de One Piece Card Game con mazo listo para jugar, carta promocional y sobre OP-11 incluido.","og_url":"https:\/\/akatsukianime.com\/en\/product\/one-piece-card-game-st-25-buggy-starter-deck-english\/","og_site_name":"Akatsuki anime store","article_modified_time":"2026-05-06T09:50:04+00:00","og_image":[{"width":1000,"height":1000,"url":"https:\/\/akatsukianime.com\/wp-content\/uploads\/2026\/02\/ST-25-ONE-PIECE-TCG.jpg","type":"image\/jpeg"}],"twitter_card":"summary_large_image","twitter_misc":{"Est. reading time":"2 minutes"},"schema":{"@context":"https:\/\/schema.org","@graph":[{"@type":["WebPage","ItemPage"],"@id":"https:\/\/akatsukianime.com\/product\/one-piece-card-game-st-25-buggy-starter-deck-english\/","url":"https:\/\/akatsukianime.com\/product\/one-piece-card-game-st-25-buggy-starter-deck-english\/","name":"ONE PIECE CARD GAME [ST-25] Buggy Starter Deck (English) - Akatsuki anime store","isPartOf":{"@id":"https:\/\/akatsukianime.com\/#website"},"primaryImageOfPage":{"@id":"https:\/\/akatsukianime.com\/product\/one-piece-card-game-st-25-buggy-starter-deck-english\/#primaryimage"},"image":{"@id":"https:\/\/akatsukianime.com\/product\/one-piece-card-game-st-25-buggy-starter-deck-english\/#primaryimage"},"thumbnailUrl":"https:\/\/akatsukianime.com\/wp-content\/uploads\/2026\/02\/ST-25-ONE-PIECE-TCG.jpg","datePublished":"2026-02-04T14:18:50+00:00","dateModified":"2026-05-06T09:50:04+00:00","description":"Descubre Starter Deck ST-25 Buggy de One Piece Card Game con mazo listo para jugar, carta promocional y sobre OP-11 incluido.","breadcrumb":{"@id":"https:\/\/akatsukianime.com\/product\/one-piece-card-game-st-25-buggy-starter-deck-english\/#breadcrumb"},"inLanguage":"en-US","potentialAction":[{"@type":"ReadAction","target":["https:\/\/akatsukianime.com\/product\/one-piece-card-game-st-25-buggy-starter-deck-english\/"]}]},{"@type":"ImageObject","inLanguage":"en-US","@id":"https:\/\/akatsukianime.com\/product\/one-piece-card-game-st-25-buggy-starter-deck-english\/#primaryimage","url":"https:\/\/akatsukianime.com\/wp-content\/uploads\/2026\/02\/ST-25-ONE-PIECE-TCG.jpg","contentUrl":"https:\/\/akatsukianime.com\/wp-content\/uploads\/2026\/02\/ST-25-ONE-PIECE-TCG.jpg","width":1000,"height":1000},{"@type":"BreadcrumbList","@id":"https:\/\/akatsukianime.com\/product\/one-piece-card-game-st-25-buggy-starter-deck-english\/#breadcrumb","itemListElement":[{"@type":"ListItem","position":1,"name":"Portada","item":"https:\/\/akatsukianime.com\/"},{"@type":"ListItem","position":2,"name":"Tienda","item":"https:\/\/akatsukianime.com\/tienda\/"},{"@type":"ListItem","position":3,"name":"ONE PIECE CARD GAME [ST-25] Buggy Starter Deck (English)"}]},{"@type":"WebSite","@id":"https:\/\/akatsukianime.com\/#website","url":"https:\/\/akatsukianime.com\/","name":"Akatsuki anime store","description":"","potentialAction":[{"@type":"SearchAction","target":{"@type":"EntryPoint","urlTemplate":"https:\/\/akatsukianime.com\/?s={search_term_string}"},"query-input":{"@type":"PropertyValueSpecification","valueRequired":true,"valueName":"search_term_string"}}],"inLanguage":"en-US"}]}},"jetpack_sharing_enabled":true,"_links":{"self":[{"href":"https:\/\/akatsukianime.com\/en\/wp-json\/wp\/v2\/product\/7649","targetHints":{"allow":["GET"]}}],"collection":[{"href":"https:\/\/akatsukianime.com\/en\/wp-json\/wp\/v2\/product"}],"about":[{"href":"https:\/\/akatsukianime.com\/en\/wp-json\/wp\/v2\/types\/product"}],"version-history":[{"count":1,"href":"https:\/\/akatsukianime.com\/en\/wp-json\/wp\/v2\/product\/7649\/revisions"}],"predecessor-version":[{"id":7654,"href":"https:\/\/akatsukianime.com\/en\/wp-json\/wp\/v2\/product\/7649\/revisions\/7654"}],"wp:featuredmedia":[{"embeddable":true,"href":"https:\/\/akatsukianime.com\/en\/wp-json\/wp\/v2\/media\/7653"}],"wp:attachment":[{"href":"https:\/\/akatsukianime.com\/en\/wp-json\/wp\/v2\/media?parent=7649"}],"wp:term":[{"taxonomy":"product_cat","embeddable":true,"href":"https:\/\/akatsukianime.com\/en\/wp-json\/wp\/v2\/product_cat?post=7649"},{"taxonomy":"product_tag","embeddable":true,"href":"https:\/\/akatsukianime.com\/en\/wp-json\/wp\/v2\/product_tag?post=7649"}],"curies":[{"name":"wp","href":"https:\/\/api.w.org\/{rel}","templated":true}]}}