{"id":7711,"date":"2026-02-05T11:56:24","date_gmt":"2026-02-05T10:56:24","guid":{"rendered":"https:\/\/akatsukianime.com\/?post_type=product&#038;p=7711"},"modified":"2026-02-05T11:56:25","modified_gmt":"2026-02-05T10:56:25","slug":"figura-hatsune-miku-shiny-t-r-ver-figurizmproject-diva-mega-39s","status":"publish","type":"product","link":"https:\/\/akatsukianime.com\/en\/product\/figura-hatsune-miku-shiny-t-r-ver-figurizmproject-diva-mega-39s\/","title":{"rendered":"Figura Hatsune Miku (Shiny T.R. Ver.) &#8211; FiGURiZMProject &#8211; Diva Mega 39&#8217;s"},"content":{"rendered":"<h2 data-start=\"251\" data-end=\"281\">\ud83c\udf1f Descripci\u00f3n del producto<\/h2>\n<p data-start=\"283\" data-end=\"658\">Desde el popular videojuego <strong data-start=\"311\" data-end=\"351\">Hatsune Miku: Project DIVA MEGA 39\u2019s<\/strong> llega una nueva y deslumbrante figura <strong data-start=\"390\" data-end=\"433\">Figurizm Hatsune Miku (Shiny T.R. Ver.)<\/strong> of <strong data-start=\"437\" data-end=\"445\">Sega<\/strong>. Esta figura mide aproximadamente <strong data-start=\"480\" data-end=\"499\">22 cm de altura<\/strong> y presenta a <strong data-start=\"513\" data-end=\"529\">Hatsune Miku<\/strong> con un atuendo adorable y brillante, capturada en una <strong data-start=\"584\" data-end=\"600\">pose ic\u00f3nica<\/strong> que refleja toda su energ\u00eda y carisma sobre el escenario.<\/p>\n<p data-start=\"660\" data-end=\"1040\">The line <strong data-start=\"669\" data-end=\"681\">FiGURiZM<\/strong> se caracteriza por ofrecer figuras con un alto nivel de detalle, esculturas din\u00e1micas y una excelente fidelidad al dise\u00f1o original del personaje. Esta versi\u00f3n <strong data-start=\"841\" data-end=\"855\">Shiny T.R.<\/strong> destaca especialmente por su acabado visual y su est\u00e9tica llamativa, convirti\u00e9ndola en una pieza ideal tanto para coleccionistas de Vocaloid como para fans del videojuego Project DIVA.<\/p>\n<p data-start=\"1042\" data-end=\"1355\">Gracias a su tama\u00f1o y presencia, esta figura es perfecta para lucirse en vitrinas, estanter\u00edas o escritorios, aportando un toque vibrante y colorido a cualquier colecci\u00f3n. Si eres fan de Hatsune Miku o buscas una figura representativa de la saga <strong data-start=\"1288\" data-end=\"1304\">Project DIVA<\/strong>, esta versi\u00f3n es una incorporaci\u00f3n imprescindible.<\/p>\n<hr data-start=\"1357\" data-end=\"1360\" \/>\n<h2 data-start=\"1362\" data-end=\"1396\">\ud83d\udce6 Caracter\u00edsticas del producto<\/h2>\n<ul data-start=\"1397\" data-end=\"1621\">\n<li data-start=\"1397\" data-end=\"1442\">\n<p data-start=\"1399\" data-end=\"1442\">Approximate height: <strong data-start=\"1418\" data-end=\"1442\">8.7 pulgadas (22 cm)<\/strong><\/p>\n<\/li>\n<li data-start=\"1443\" data-end=\"1468\">\n<p data-start=\"1445\" data-end=\"1468\">Material: <strong data-start=\"1455\" data-end=\"1468\">ABS and PVC<\/strong><\/p>\n<\/li>\n<li data-start=\"1469\" data-end=\"1535\">\n<p data-start=\"1471\" data-end=\"1535\">Based on the video game <strong data-start=\"1495\" data-end=\"1535\">Hatsune Miku: Project DIVA MEGA 39\u2019s<\/strong><\/p>\n<\/li>\n<li data-start=\"1536\" data-end=\"1568\">\n<p data-start=\"1538\" data-end=\"1568\">Part of the series <strong data-start=\"1556\" data-end=\"1568\">FiGURiZM<\/strong><\/p>\n<\/li>\n<li data-start=\"1569\" data-end=\"1594\">\n<p data-start=\"1571\" data-end=\"1594\"><strong data-start=\"1571\" data-end=\"1594\">Highly detailed<\/strong><\/p>\n<\/li>\n<li data-start=\"1595\" data-end=\"1621\">\n<p data-start=\"1597\" data-end=\"1621\">Figure <strong data-start=\"1604\" data-end=\"1621\">no articulada<\/strong><\/p>\n<\/li>\n<\/ul>\n<hr data-start=\"1623\" data-end=\"1626\" \/>\n<h2 data-start=\"1628\" data-end=\"1654\">\ud83d\udce6 Box contents<\/h2>\n<ul data-start=\"1655\" data-end=\"1683\">\n<li data-start=\"1655\" data-end=\"1683\">\n<p data-start=\"1657\" data-end=\"1683\">Figure of <strong data-start=\"1667\" data-end=\"1683\">Hatsune Miku<\/strong><\/p>\n<\/li>\n<\/ul>","protected":false},"excerpt":{"rendered":"<p>\ud83c\udf1f Descripci\u00f3n del producto Desde el popular videojuego Hatsune Miku: Project DIVA MEGA 39\u2019s llega una nueva y deslumbrante figura<\/p>","protected":false},"featured_media":7712,"template":"","meta":[],"product_cat":[101,65,62,49],"product_tag":[492,337,174,233,171,139],"class_list":{"0":"post-7711","1":"product","2":"type-product","3":"status-publish","4":"has-post-thumbnail","6":"product_cat-elige-sega-goods-sega-goods","7":"product_cat-figuras","8":"product_cat-ofertas","9":"product_cat-hatsune-miku","10":"product_tag-diva-mega-39s","11":"product_tag-figura","12":"product_tag-figurizm","13":"product_tag-hatsune-miku","14":"product_tag-sega","15":"product_tag-vocaloid","17":"first","18":"instock","19":"sale","20":"sold-individually","21":"taxable","22":"shipping-taxable","23":"purchasable","24":"product-type-simple"},"yoast_head":"<!-- This site is optimized with the Yoast SEO plugin v24.2 - https:\/\/yoast.com\/wordpress\/plugins\/seo\/ -->\n<title>Figura Hatsune Miku (Shiny T.R. Ver.) - FiGURiZMProject - Diva Mega 39&#039;s - Akatsuki anime store<\/title>\n<meta name=\"description\" content=\"Figura 22cm Hatsune Miku Figurizm Shiny T.R. Ver. de Project DIVA MEGA 39\u2019s, altamente detallada e ideal para coleccionistas.\" \/>\n<meta name=\"robots\" content=\"index, follow, max-snippet:-1, max-image-preview:large, max-video-preview:-1\" \/>\n<link rel=\"canonical\" href=\"https:\/\/akatsukianime.com\/en\/product\/figura-hatsune-miku-shiny-t-r-ver-figurizmproject-diva-mega-39s\/\" \/>\n<meta property=\"og:locale\" content=\"en_US\" \/>\n<meta property=\"og:type\" content=\"article\" \/>\n<meta property=\"og:title\" content=\"Figura Hatsune Miku (Shiny T.R. Ver.) - FiGURiZMProject - Diva Mega 39&#039;s - Akatsuki anime store\" \/>\n<meta property=\"og:description\" content=\"Figura 22cm Hatsune Miku Figurizm Shiny T.R. Ver. de Project DIVA MEGA 39\u2019s, altamente detallada e ideal para coleccionistas.\" \/>\n<meta property=\"og:url\" content=\"https:\/\/akatsukianime.com\/en\/product\/figura-hatsune-miku-shiny-t-r-ver-figurizmproject-diva-mega-39s\/\" \/>\n<meta property=\"og:site_name\" content=\"Akatsuki anime store\" \/>\n<meta property=\"article:modified_time\" content=\"2026-02-05T10:56:25+00:00\" \/>\n<meta property=\"og:image\" content=\"https:\/\/akatsukianime.com\/wp-content\/uploads\/2026\/02\/figura-hatsune-miku-figurizm.jpg\" \/>\n\t<meta property=\"og:image:width\" content=\"1000\" \/>\n\t<meta property=\"og:image:height\" content=\"1000\" \/>\n\t<meta property=\"og:image:type\" content=\"image\/jpeg\" \/>\n<meta name=\"twitter:card\" content=\"summary_large_image\" \/>\n<meta name=\"twitter:label1\" content=\"Est. reading time\" \/>\n\t<meta name=\"twitter:data1\" content=\"2 minutes\" \/>\n<script type=\"application\/ld+json\" class=\"yoast-schema-graph\">{\"@context\":\"https:\/\/schema.org\",\"@graph\":[{\"@type\":[\"WebPage\",\"ItemPage\"],\"@id\":\"https:\/\/akatsukianime.com\/product\/figura-hatsune-miku-shiny-t-r-ver-figurizmproject-diva-mega-39s\/\",\"url\":\"https:\/\/akatsukianime.com\/product\/figura-hatsune-miku-shiny-t-r-ver-figurizmproject-diva-mega-39s\/\",\"name\":\"Figura Hatsune Miku (Shiny T.R. Ver.) - FiGURiZMProject - Diva Mega 39's - Akatsuki anime store\",\"isPartOf\":{\"@id\":\"https:\/\/akatsukianime.com\/#website\"},\"primaryImageOfPage\":{\"@id\":\"https:\/\/akatsukianime.com\/product\/figura-hatsune-miku-shiny-t-r-ver-figurizmproject-diva-mega-39s\/#primaryimage\"},\"image\":{\"@id\":\"https:\/\/akatsukianime.com\/product\/figura-hatsune-miku-shiny-t-r-ver-figurizmproject-diva-mega-39s\/#primaryimage\"},\"thumbnailUrl\":\"https:\/\/akatsukianime.com\/wp-content\/uploads\/2026\/02\/figura-hatsune-miku-figurizm.jpg\",\"datePublished\":\"2026-02-05T10:56:24+00:00\",\"dateModified\":\"2026-02-05T10:56:25+00:00\",\"description\":\"Figura 22cm Hatsune Miku Figurizm Shiny T.R. Ver. de Project DIVA MEGA 39\u2019s, altamente detallada e ideal para coleccionistas.\",\"breadcrumb\":{\"@id\":\"https:\/\/akatsukianime.com\/product\/figura-hatsune-miku-shiny-t-r-ver-figurizmproject-diva-mega-39s\/#breadcrumb\"},\"inLanguage\":\"en-US\",\"potentialAction\":[{\"@type\":\"ReadAction\",\"target\":[\"https:\/\/akatsukianime.com\/product\/figura-hatsune-miku-shiny-t-r-ver-figurizmproject-diva-mega-39s\/\"]}]},{\"@type\":\"ImageObject\",\"inLanguage\":\"en-US\",\"@id\":\"https:\/\/akatsukianime.com\/product\/figura-hatsune-miku-shiny-t-r-ver-figurizmproject-diva-mega-39s\/#primaryimage\",\"url\":\"https:\/\/akatsukianime.com\/wp-content\/uploads\/2026\/02\/figura-hatsune-miku-figurizm.jpg\",\"contentUrl\":\"https:\/\/akatsukianime.com\/wp-content\/uploads\/2026\/02\/figura-hatsune-miku-figurizm.jpg\",\"width\":1000,\"height\":1000,\"caption\":\"figura hatsune miku figurizm\"},{\"@type\":\"BreadcrumbList\",\"@id\":\"https:\/\/akatsukianime.com\/product\/figura-hatsune-miku-shiny-t-r-ver-figurizmproject-diva-mega-39s\/#breadcrumb\",\"itemListElement\":[{\"@type\":\"ListItem\",\"position\":1,\"name\":\"Portada\",\"item\":\"https:\/\/akatsukianime.com\/\"},{\"@type\":\"ListItem\",\"position\":2,\"name\":\"Tienda\",\"item\":\"https:\/\/akatsukianime.com\/tienda\/\"},{\"@type\":\"ListItem\",\"position\":3,\"name\":\"Figura Hatsune Miku (Shiny T.R. Ver.) &#8211; FiGURiZMProject &#8211; Diva Mega 39&#8217;s\"}]},{\"@type\":\"WebSite\",\"@id\":\"https:\/\/akatsukianime.com\/#website\",\"url\":\"https:\/\/akatsukianime.com\/\",\"name\":\"Akatsuki anime store\",\"description\":\"\",\"potentialAction\":[{\"@type\":\"SearchAction\",\"target\":{\"@type\":\"EntryPoint\",\"urlTemplate\":\"https:\/\/akatsukianime.com\/?s={search_term_string}\"},\"query-input\":{\"@type\":\"PropertyValueSpecification\",\"valueRequired\":true,\"valueName\":\"search_term_string\"}}],\"inLanguage\":\"en-US\"}]}<\/script>\n<!-- \/ Yoast SEO plugin. -->","yoast_head_json":{"title":"Figura Hatsune Miku (Shiny T.R. Ver.) - FiGURiZMProject - Diva Mega 39's - Akatsuki anime store","description":"Figura 22cm Hatsune Miku Figurizm Shiny T.R. Ver. de Project DIVA MEGA 39\u2019s, altamente detallada e ideal para coleccionistas.","robots":{"index":"index","follow":"follow","max-snippet":"max-snippet:-1","max-image-preview":"max-image-preview:large","max-video-preview":"max-video-preview:-1"},"canonical":"https:\/\/akatsukianime.com\/en\/product\/figura-hatsune-miku-shiny-t-r-ver-figurizmproject-diva-mega-39s\/","og_locale":"en_US","og_type":"article","og_title":"Figura Hatsune Miku (Shiny T.R. Ver.) - FiGURiZMProject - Diva Mega 39's - Akatsuki anime store","og_description":"Figura 22cm Hatsune Miku Figurizm Shiny T.R. Ver. de Project DIVA MEGA 39\u2019s, altamente detallada e ideal para coleccionistas.","og_url":"https:\/\/akatsukianime.com\/en\/product\/figura-hatsune-miku-shiny-t-r-ver-figurizmproject-diva-mega-39s\/","og_site_name":"Akatsuki anime store","article_modified_time":"2026-02-05T10:56:25+00:00","og_image":[{"width":1000,"height":1000,"url":"https:\/\/akatsukianime.com\/wp-content\/uploads\/2026\/02\/figura-hatsune-miku-figurizm.jpg","type":"image\/jpeg"}],"twitter_card":"summary_large_image","twitter_misc":{"Est. reading time":"2 minutes"},"schema":{"@context":"https:\/\/schema.org","@graph":[{"@type":["WebPage","ItemPage"],"@id":"https:\/\/akatsukianime.com\/product\/figura-hatsune-miku-shiny-t-r-ver-figurizmproject-diva-mega-39s\/","url":"https:\/\/akatsukianime.com\/product\/figura-hatsune-miku-shiny-t-r-ver-figurizmproject-diva-mega-39s\/","name":"Figura Hatsune Miku (Shiny T.R. Ver.) - FiGURiZMProject - Diva Mega 39's - Akatsuki anime store","isPartOf":{"@id":"https:\/\/akatsukianime.com\/#website"},"primaryImageOfPage":{"@id":"https:\/\/akatsukianime.com\/product\/figura-hatsune-miku-shiny-t-r-ver-figurizmproject-diva-mega-39s\/#primaryimage"},"image":{"@id":"https:\/\/akatsukianime.com\/product\/figura-hatsune-miku-shiny-t-r-ver-figurizmproject-diva-mega-39s\/#primaryimage"},"thumbnailUrl":"https:\/\/akatsukianime.com\/wp-content\/uploads\/2026\/02\/figura-hatsune-miku-figurizm.jpg","datePublished":"2026-02-05T10:56:24+00:00","dateModified":"2026-02-05T10:56:25+00:00","description":"Figura 22cm Hatsune Miku Figurizm Shiny T.R. Ver. de Project DIVA MEGA 39\u2019s, altamente detallada e ideal para coleccionistas.","breadcrumb":{"@id":"https:\/\/akatsukianime.com\/product\/figura-hatsune-miku-shiny-t-r-ver-figurizmproject-diva-mega-39s\/#breadcrumb"},"inLanguage":"en-US","potentialAction":[{"@type":"ReadAction","target":["https:\/\/akatsukianime.com\/product\/figura-hatsune-miku-shiny-t-r-ver-figurizmproject-diva-mega-39s\/"]}]},{"@type":"ImageObject","inLanguage":"en-US","@id":"https:\/\/akatsukianime.com\/product\/figura-hatsune-miku-shiny-t-r-ver-figurizmproject-diva-mega-39s\/#primaryimage","url":"https:\/\/akatsukianime.com\/wp-content\/uploads\/2026\/02\/figura-hatsune-miku-figurizm.jpg","contentUrl":"https:\/\/akatsukianime.com\/wp-content\/uploads\/2026\/02\/figura-hatsune-miku-figurizm.jpg","width":1000,"height":1000,"caption":"figura hatsune miku figurizm"},{"@type":"BreadcrumbList","@id":"https:\/\/akatsukianime.com\/product\/figura-hatsune-miku-shiny-t-r-ver-figurizmproject-diva-mega-39s\/#breadcrumb","itemListElement":[{"@type":"ListItem","position":1,"name":"Portada","item":"https:\/\/akatsukianime.com\/"},{"@type":"ListItem","position":2,"name":"Tienda","item":"https:\/\/akatsukianime.com\/tienda\/"},{"@type":"ListItem","position":3,"name":"Figura Hatsune Miku (Shiny T.R. Ver.) &#8211; FiGURiZMProject &#8211; Diva Mega 39&#8217;s"}]},{"@type":"WebSite","@id":"https:\/\/akatsukianime.com\/#website","url":"https:\/\/akatsukianime.com\/","name":"Akatsuki anime store","description":"","potentialAction":[{"@type":"SearchAction","target":{"@type":"EntryPoint","urlTemplate":"https:\/\/akatsukianime.com\/?s={search_term_string}"},"query-input":{"@type":"PropertyValueSpecification","valueRequired":true,"valueName":"search_term_string"}}],"inLanguage":"en-US"}]}},"jetpack_sharing_enabled":true,"_links":{"self":[{"href":"https:\/\/akatsukianime.com\/en\/wp-json\/wp\/v2\/product\/7711","targetHints":{"allow":["GET"]}}],"collection":[{"href":"https:\/\/akatsukianime.com\/en\/wp-json\/wp\/v2\/product"}],"about":[{"href":"https:\/\/akatsukianime.com\/en\/wp-json\/wp\/v2\/types\/product"}],"version-history":[{"count":1,"href":"https:\/\/akatsukianime.com\/en\/wp-json\/wp\/v2\/product\/7711\/revisions"}],"predecessor-version":[{"id":7721,"href":"https:\/\/akatsukianime.com\/en\/wp-json\/wp\/v2\/product\/7711\/revisions\/7721"}],"wp:featuredmedia":[{"embeddable":true,"href":"https:\/\/akatsukianime.com\/en\/wp-json\/wp\/v2\/media\/7712"}],"wp:attachment":[{"href":"https:\/\/akatsukianime.com\/en\/wp-json\/wp\/v2\/media?parent=7711"}],"wp:term":[{"taxonomy":"product_cat","embeddable":true,"href":"https:\/\/akatsukianime.com\/en\/wp-json\/wp\/v2\/product_cat?post=7711"},{"taxonomy":"product_tag","embeddable":true,"href":"https:\/\/akatsukianime.com\/en\/wp-json\/wp\/v2\/product_tag?post=7711"}],"curies":[{"name":"wp","href":"https:\/\/api.w.org\/{rel}","templated":true}]}}