{"id":7741,"date":"2026-02-05T12:53:09","date_gmt":"2026-02-05T11:53:09","guid":{"rendered":"https:\/\/akatsukianime.com\/?post_type=product&#038;p=7741"},"modified":"2026-02-05T12:53:09","modified_gmt":"2026-02-05T11:53:09","slug":"figura-escala-1-8-march-7th-the-hunt-honkai-star-rail-gift","status":"publish","type":"product","link":"https:\/\/akatsukianime.com\/en\/product\/figura-escala-1-8-march-7th-the-hunt-honkai-star-rail-gift\/","title":{"rendered":"Figura Escala 1\/8 March 7th (The Hunt) &#8211; Honkai: Star Rail &#8211; Gift+"},"content":{"rendered":"<h2 data-start=\"224\" data-end=\"255\">\u2728 Product description<\/h2>\n<p data-start=\"257\" data-end=\"593\">Desde el popular videojuego <strong data-start=\"285\" data-end=\"306\">Honkai: Star Rail<\/strong> llega la encantadora figura <strong data-start=\"335\" data-end=\"376\">Gift+ March 7th (The Hunt) escala 1\/8<\/strong> of <strong data-start=\"380\" data-end=\"391\">Myethos<\/strong>. En esta versi\u00f3n, <strong data-start=\"410\" data-end=\"423\">March 7th<\/strong> aparece luciendo su elegante atuendo <strong data-start=\"461\" data-end=\"475\">\u201cThe Hunt\u201d<\/strong>, sosteniendo un boba <strong data-start=\"492\" data-end=\"503\">t\u00e9 <\/strong>\u00a0en una pose carism\u00e1tica, como si estuviera a punto de ofrec\u00e9rselo a su pr\u00f3ximo <em data-start=\"583\" data-end=\"590\">shifu<\/em>.<\/p>\n<p data-start=\"595\" data-end=\"923\">Esta aprendiz de maestra espadachina mide aproximadamente <strong data-start=\"653\" data-end=\"674\">20,7 cm de altura<\/strong> y destaca por su cuidada escultura y acabados de alta calidad. Como valor a\u00f1adido, la figura incluye una <strong data-start=\"780\" data-end=\"839\">pieza de rostro adicional con expresi\u00f3n gui\u00f1ando el ojo<\/strong>, permitiendo variar su presentaci\u00f3n y aportar a\u00fan m\u00e1s personalidad a la exhibici\u00f3n.<\/p>\n<p data-start=\"925\" data-end=\"1211\">The line <strong data-start=\"934\" data-end=\"943\">Gift+<\/strong> de Myethos es reconocida por su excelente nivel de detalle, fidelidad al dise\u00f1o original y materiales premium. Esta figura es ideal tanto para fans de <strong data-start=\"1095\" data-end=\"1116\">Honkai: Star Rail<\/strong> como para coleccionistas que buscan una pieza llamativa, adorable y con gran presencia visual.<\/p>\n<p data-start=\"1213\" data-end=\"1391\">No pierdas la oportunidad de a\u00f1adir a <strong data-start=\"1251\" data-end=\"1275\">March 7th (The Hunt)<\/strong> a tu tripulaci\u00f3n del Expreso Astral y enriquecer tu colecci\u00f3n con una figura que combina ternura, estilo y calidad.<\/p>\n<hr data-start=\"1393\" data-end=\"1396\" \/>\n<h2 data-start=\"1398\" data-end=\"1432\">\ud83d\udce6 Caracter\u00edsticas del producto<\/h2>\n<ul data-start=\"1433\" data-end=\"1664\">\n<li data-start=\"1433\" data-end=\"1481\">\n<p data-start=\"1435\" data-end=\"1481\">Approximate height: <strong data-start=\"1454\" data-end=\"1481\">20.7 cm<\/strong><\/p>\n<\/li>\n<li data-start=\"1482\" data-end=\"1498\">\n<p data-start=\"1484\" data-end=\"1498\">Scale <strong data-start=\"1491\" data-end=\"1498\">1\/8<\/strong><\/p>\n<\/li>\n<li data-start=\"1499\" data-end=\"1533\">\n<p data-start=\"1501\" data-end=\"1533\">Materiales: <strong data-start=\"1513\" data-end=\"1533\">ABS, PVC y metal<\/strong><\/p>\n<\/li>\n<li data-start=\"1534\" data-end=\"1581\">\n<p data-start=\"1536\" data-end=\"1581\">Based on the video game <strong data-start=\"1560\" data-end=\"1581\">Honkai: Star Rail<\/strong><\/p>\n<\/li>\n<li data-start=\"1582\" data-end=\"1611\">\n<p data-start=\"1584\" data-end=\"1611\">Part of the line <strong data-start=\"1602\" data-end=\"1611\">Gift+<\/strong><\/p>\n<\/li>\n<li data-start=\"1612\" data-end=\"1637\">\n<p data-start=\"1614\" data-end=\"1637\"><strong data-start=\"1614\" data-end=\"1637\">Highly detailed<\/strong><\/p>\n<\/li>\n<li data-start=\"1638\" data-end=\"1664\">\n<p data-start=\"1640\" data-end=\"1664\">Figure <strong data-start=\"1647\" data-end=\"1664\">no articulada<\/strong><\/p>\n<\/li>\n<\/ul>\n<hr data-start=\"1666\" data-end=\"1669\" \/>\n<h2 data-start=\"1671\" data-end=\"1697\">\ud83d\udce6 Box contents<\/h2>\n<ul data-start=\"1698\" data-end=\"1758\">\n<li data-start=\"1698\" data-end=\"1723\">\n<p data-start=\"1700\" data-end=\"1723\">Figure of <strong data-start=\"1710\" data-end=\"1723\">March 7th<\/strong><\/p>\n<\/li>\n<li data-start=\"1724\" data-end=\"1751\">\n<p data-start=\"1726\" data-end=\"1751\">Pieza de rostro adicional<\/p>\n<\/li>\n<li data-start=\"1752\" data-end=\"1758\">\n<p data-start=\"1754\" data-end=\"1758\">Base<\/p>\n<\/li>\n<\/ul>","protected":false},"excerpt":{"rendered":"<p>\u2728 Descripci\u00f3n del producto Desde el popular videojuego Honkai: Star Rail llega la encantadora figura Gift+ March 7th (The Hunt)<\/p>","protected":false},"featured_media":7743,"template":"","meta":[],"product_cat":[65,61,60],"product_tag":[498,494,495,496,497],"class_list":{"0":"post-7741","1":"product","2":"type-product","3":"status-publish","4":"has-post-thumbnail","6":"product_cat-figuras","7":"product_cat-novedades","8":"product_cat-otros","9":"product_tag-1-8","10":"product_tag-figura-premium","11":"product_tag-honkai-star-rail","12":"product_tag-march-7th","13":"product_tag-myethos","15":"first","16":"instock","17":"sold-individually","18":"taxable","19":"shipping-taxable","20":"purchasable","21":"product-type-simple"},"yoast_head":"<!-- This site is optimized with the Yoast SEO plugin v24.2 - https:\/\/yoast.com\/wordpress\/plugins\/seo\/ -->\n<title>Figura Escala 1\/8 March 7th (The Hunt) - Honkai: Star Rail - Gift+ - Akatsuki anime store<\/title>\n<meta name=\"description\" content=\"Figura Premium March 7th The Hunt escala1\/8 de Honkai Star Rail por Myethos, altamente detallada e ideal para coleccionistas.\" \/>\n<meta name=\"robots\" content=\"index, follow, max-snippet:-1, max-image-preview:large, max-video-preview:-1\" \/>\n<link rel=\"canonical\" href=\"https:\/\/akatsukianime.com\/en\/product\/figura-escala-1-8-march-7th-the-hunt-honkai-star-rail-gift\/\" \/>\n<meta property=\"og:locale\" content=\"en_US\" \/>\n<meta property=\"og:type\" content=\"article\" \/>\n<meta property=\"og:title\" content=\"Figura Escala 1\/8 March 7th (The Hunt) - Honkai: Star Rail - Gift+ - Akatsuki anime store\" \/>\n<meta property=\"og:description\" content=\"Figura Premium March 7th The Hunt escala1\/8 de Honkai Star Rail por Myethos, altamente detallada e ideal para coleccionistas.\" \/>\n<meta property=\"og:url\" content=\"https:\/\/akatsukianime.com\/en\/product\/figura-escala-1-8-march-7th-the-hunt-honkai-star-rail-gift\/\" \/>\n<meta property=\"og:site_name\" content=\"Akatsuki anime store\" \/>\n<meta property=\"og:image\" content=\"https:\/\/akatsukianime.com\/wp-content\/uploads\/2026\/02\/figura-march-7th-honkai.jpg\" \/>\n\t<meta property=\"og:image:width\" content=\"1000\" \/>\n\t<meta property=\"og:image:height\" content=\"1000\" \/>\n\t<meta property=\"og:image:type\" content=\"image\/jpeg\" \/>\n<meta name=\"twitter:card\" content=\"summary_large_image\" \/>\n<meta name=\"twitter:label1\" content=\"Est. reading time\" \/>\n\t<meta name=\"twitter:data1\" content=\"2 minutes\" \/>\n<script type=\"application\/ld+json\" class=\"yoast-schema-graph\">{\"@context\":\"https:\/\/schema.org\",\"@graph\":[{\"@type\":[\"WebPage\",\"ItemPage\"],\"@id\":\"https:\/\/akatsukianime.com\/product\/figura-escala-1-8-march-7th-the-hunt-honkai-star-rail-gift\/\",\"url\":\"https:\/\/akatsukianime.com\/product\/figura-escala-1-8-march-7th-the-hunt-honkai-star-rail-gift\/\",\"name\":\"Figura Escala 1\/8 March 7th (The Hunt) - Honkai: Star Rail - Gift+ - Akatsuki anime store\",\"isPartOf\":{\"@id\":\"https:\/\/akatsukianime.com\/#website\"},\"primaryImageOfPage\":{\"@id\":\"https:\/\/akatsukianime.com\/product\/figura-escala-1-8-march-7th-the-hunt-honkai-star-rail-gift\/#primaryimage\"},\"image\":{\"@id\":\"https:\/\/akatsukianime.com\/product\/figura-escala-1-8-march-7th-the-hunt-honkai-star-rail-gift\/#primaryimage\"},\"thumbnailUrl\":\"https:\/\/akatsukianime.com\/wp-content\/uploads\/2026\/02\/figura-march-7th-honkai.jpg\",\"datePublished\":\"2026-02-05T11:53:09+00:00\",\"dateModified\":\"2026-02-05T11:53:09+00:00\",\"description\":\"Figura Premium March 7th The Hunt escala1\/8 de Honkai Star Rail por Myethos, altamente detallada e ideal para coleccionistas.\",\"breadcrumb\":{\"@id\":\"https:\/\/akatsukianime.com\/product\/figura-escala-1-8-march-7th-the-hunt-honkai-star-rail-gift\/#breadcrumb\"},\"inLanguage\":\"en-US\",\"potentialAction\":[{\"@type\":\"ReadAction\",\"target\":[\"https:\/\/akatsukianime.com\/product\/figura-escala-1-8-march-7th-the-hunt-honkai-star-rail-gift\/\"]}]},{\"@type\":\"ImageObject\",\"inLanguage\":\"en-US\",\"@id\":\"https:\/\/akatsukianime.com\/product\/figura-escala-1-8-march-7th-the-hunt-honkai-star-rail-gift\/#primaryimage\",\"url\":\"https:\/\/akatsukianime.com\/wp-content\/uploads\/2026\/02\/figura-march-7th-honkai.jpg\",\"contentUrl\":\"https:\/\/akatsukianime.com\/wp-content\/uploads\/2026\/02\/figura-march-7th-honkai.jpg\",\"width\":1000,\"height\":1000,\"caption\":\"figura march 7th honkai\"},{\"@type\":\"BreadcrumbList\",\"@id\":\"https:\/\/akatsukianime.com\/product\/figura-escala-1-8-march-7th-the-hunt-honkai-star-rail-gift\/#breadcrumb\",\"itemListElement\":[{\"@type\":\"ListItem\",\"position\":1,\"name\":\"Portada\",\"item\":\"https:\/\/akatsukianime.com\/\"},{\"@type\":\"ListItem\",\"position\":2,\"name\":\"Tienda\",\"item\":\"https:\/\/akatsukianime.com\/tienda\/\"},{\"@type\":\"ListItem\",\"position\":3,\"name\":\"Figura Escala 1\/8 March 7th (The Hunt) &#8211; Honkai: Star Rail &#8211; Gift+\"}]},{\"@type\":\"WebSite\",\"@id\":\"https:\/\/akatsukianime.com\/#website\",\"url\":\"https:\/\/akatsukianime.com\/\",\"name\":\"Akatsuki anime store\",\"description\":\"\",\"potentialAction\":[{\"@type\":\"SearchAction\",\"target\":{\"@type\":\"EntryPoint\",\"urlTemplate\":\"https:\/\/akatsukianime.com\/?s={search_term_string}\"},\"query-input\":{\"@type\":\"PropertyValueSpecification\",\"valueRequired\":true,\"valueName\":\"search_term_string\"}}],\"inLanguage\":\"en-US\"}]}<\/script>\n<!-- \/ Yoast SEO plugin. -->","yoast_head_json":{"title":"Figura Escala 1\/8 March 7th (The Hunt) - Honkai: Star Rail - Gift+ - Akatsuki anime store","description":"Figura Premium March 7th The Hunt escala1\/8 de Honkai Star Rail por Myethos, altamente detallada e ideal para coleccionistas.","robots":{"index":"index","follow":"follow","max-snippet":"max-snippet:-1","max-image-preview":"max-image-preview:large","max-video-preview":"max-video-preview:-1"},"canonical":"https:\/\/akatsukianime.com\/en\/product\/figura-escala-1-8-march-7th-the-hunt-honkai-star-rail-gift\/","og_locale":"en_US","og_type":"article","og_title":"Figura Escala 1\/8 March 7th (The Hunt) - Honkai: Star Rail - Gift+ - Akatsuki anime store","og_description":"Figura Premium March 7th The Hunt escala1\/8 de Honkai Star Rail por Myethos, altamente detallada e ideal para coleccionistas.","og_url":"https:\/\/akatsukianime.com\/en\/product\/figura-escala-1-8-march-7th-the-hunt-honkai-star-rail-gift\/","og_site_name":"Akatsuki anime store","og_image":[{"width":1000,"height":1000,"url":"https:\/\/akatsukianime.com\/wp-content\/uploads\/2026\/02\/figura-march-7th-honkai.jpg","type":"image\/jpeg"}],"twitter_card":"summary_large_image","twitter_misc":{"Est. reading time":"2 minutes"},"schema":{"@context":"https:\/\/schema.org","@graph":[{"@type":["WebPage","ItemPage"],"@id":"https:\/\/akatsukianime.com\/product\/figura-escala-1-8-march-7th-the-hunt-honkai-star-rail-gift\/","url":"https:\/\/akatsukianime.com\/product\/figura-escala-1-8-march-7th-the-hunt-honkai-star-rail-gift\/","name":"Figura Escala 1\/8 March 7th (The Hunt) - Honkai: Star Rail - Gift+ - Akatsuki anime store","isPartOf":{"@id":"https:\/\/akatsukianime.com\/#website"},"primaryImageOfPage":{"@id":"https:\/\/akatsukianime.com\/product\/figura-escala-1-8-march-7th-the-hunt-honkai-star-rail-gift\/#primaryimage"},"image":{"@id":"https:\/\/akatsukianime.com\/product\/figura-escala-1-8-march-7th-the-hunt-honkai-star-rail-gift\/#primaryimage"},"thumbnailUrl":"https:\/\/akatsukianime.com\/wp-content\/uploads\/2026\/02\/figura-march-7th-honkai.jpg","datePublished":"2026-02-05T11:53:09+00:00","dateModified":"2026-02-05T11:53:09+00:00","description":"Figura Premium March 7th The Hunt escala1\/8 de Honkai Star Rail por Myethos, altamente detallada e ideal para coleccionistas.","breadcrumb":{"@id":"https:\/\/akatsukianime.com\/product\/figura-escala-1-8-march-7th-the-hunt-honkai-star-rail-gift\/#breadcrumb"},"inLanguage":"en-US","potentialAction":[{"@type":"ReadAction","target":["https:\/\/akatsukianime.com\/product\/figura-escala-1-8-march-7th-the-hunt-honkai-star-rail-gift\/"]}]},{"@type":"ImageObject","inLanguage":"en-US","@id":"https:\/\/akatsukianime.com\/product\/figura-escala-1-8-march-7th-the-hunt-honkai-star-rail-gift\/#primaryimage","url":"https:\/\/akatsukianime.com\/wp-content\/uploads\/2026\/02\/figura-march-7th-honkai.jpg","contentUrl":"https:\/\/akatsukianime.com\/wp-content\/uploads\/2026\/02\/figura-march-7th-honkai.jpg","width":1000,"height":1000,"caption":"figura march 7th honkai"},{"@type":"BreadcrumbList","@id":"https:\/\/akatsukianime.com\/product\/figura-escala-1-8-march-7th-the-hunt-honkai-star-rail-gift\/#breadcrumb","itemListElement":[{"@type":"ListItem","position":1,"name":"Portada","item":"https:\/\/akatsukianime.com\/"},{"@type":"ListItem","position":2,"name":"Tienda","item":"https:\/\/akatsukianime.com\/tienda\/"},{"@type":"ListItem","position":3,"name":"Figura Escala 1\/8 March 7th (The Hunt) &#8211; Honkai: Star Rail &#8211; Gift+"}]},{"@type":"WebSite","@id":"https:\/\/akatsukianime.com\/#website","url":"https:\/\/akatsukianime.com\/","name":"Akatsuki anime store","description":"","potentialAction":[{"@type":"SearchAction","target":{"@type":"EntryPoint","urlTemplate":"https:\/\/akatsukianime.com\/?s={search_term_string}"},"query-input":{"@type":"PropertyValueSpecification","valueRequired":true,"valueName":"search_term_string"}}],"inLanguage":"en-US"}]}},"jetpack_sharing_enabled":true,"_links":{"self":[{"href":"https:\/\/akatsukianime.com\/en\/wp-json\/wp\/v2\/product\/7741","targetHints":{"allow":["GET"]}}],"collection":[{"href":"https:\/\/akatsukianime.com\/en\/wp-json\/wp\/v2\/product"}],"about":[{"href":"https:\/\/akatsukianime.com\/en\/wp-json\/wp\/v2\/types\/product"}],"version-history":[{"count":1,"href":"https:\/\/akatsukianime.com\/en\/wp-json\/wp\/v2\/product\/7741\/revisions"}],"predecessor-version":[{"id":7758,"href":"https:\/\/akatsukianime.com\/en\/wp-json\/wp\/v2\/product\/7741\/revisions\/7758"}],"wp:featuredmedia":[{"embeddable":true,"href":"https:\/\/akatsukianime.com\/en\/wp-json\/wp\/v2\/media\/7743"}],"wp:attachment":[{"href":"https:\/\/akatsukianime.com\/en\/wp-json\/wp\/v2\/media?parent=7741"}],"wp:term":[{"taxonomy":"product_cat","embeddable":true,"href":"https:\/\/akatsukianime.com\/en\/wp-json\/wp\/v2\/product_cat?post=7741"},{"taxonomy":"product_tag","embeddable":true,"href":"https:\/\/akatsukianime.com\/en\/wp-json\/wp\/v2\/product_tag?post=7741"}],"curies":[{"name":"wp","href":"https:\/\/api.w.org\/{rel}","templated":true}]}}