{"id":7873,"date":"2026-02-10T13:01:54","date_gmt":"2026-02-10T12:01:54","guid":{"rendered":"https:\/\/akatsukianime.com\/?post_type=product&#038;p=7873"},"modified":"2026-02-10T13:01:54","modified_gmt":"2026-02-10T12:01:54","slug":"figura-super-baby-2-masterlise-ichibansho-vs-omnibus-ultimate-dragon-ball-gt","status":"publish","type":"product","link":"https:\/\/akatsukianime.com\/en\/product\/figura-super-baby-2-masterlise-ichibansho-vs-omnibus-ultimate-dragon-ball-gt\/","title":{"rendered":"Figura Super Baby 2 &#8211; Masterlise Ichibansho (VS OMNIBUS ULTIMATE) &#8211; Dragon Ball GT"},"content":{"rendered":"<h3 data-start=\"136\" data-end=\"167\">\ud83d\udcdd Descripci\u00f3n del producto<\/h3>\n<p data-start=\"169\" data-end=\"452\"><strong data-start=\"169\" data-end=\"198\">Bandai Spirits Ichibansho<\/strong> presenta su nuevo lanzamiento: <strong data-start=\"230\" data-end=\"268\">Super Baby 2 (vs Omnibus Ultimate)<\/strong>. Con una altura aproximada de <strong data-start=\"299\" data-end=\"310\">25,9 cm<\/strong>, esta figura muestra a Super Baby 2 en una pose ic\u00f3nica, reflejando toda la amenaza y el poder del emblem\u00e1tico villano de <strong data-start=\"433\" data-end=\"451\">Dragon Ball GT<\/strong>.<\/p>\n<p data-start=\"454\" data-end=\"733\">Esta figura forma parte de la l\u00ednea <strong data-start=\"490\" data-end=\"504\">Masterlise<\/strong>, la gama premium de Ichibansho, reconocida por su mayor tama\u00f1o y su alto nivel de detalle. Una pieza ideal para exhibici\u00f3n y una adici\u00f3n imprescindible para los fans de Dragon Ball GT y coleccionistas de figuras de gran formato.<\/p>\n<p data-start=\"454\" data-end=\"733\">\n<p data-start=\"454\" data-end=\"733\"><span style=\"color: #ff0000;\"><strong>Nota: Otras figuras mostradas no est\u00e1n incluidas con la compra.<\/strong><\/span><\/p>\n<h3 data-start=\"740\" data-end=\"774\">\u2b50 Caracter\u00edsticas del producto<\/h3>\n<ul data-start=\"775\" data-end=\"946\">\n<li data-start=\"775\" data-end=\"796\">\n<p data-start=\"777\" data-end=\"796\">Height: <strong data-start=\"785\" data-end=\"796\">25,9 cm<\/strong><\/p>\n<\/li>\n<li data-start=\"797\" data-end=\"821\">\n<p data-start=\"799\" data-end=\"821\">Material: <strong data-start=\"809\" data-end=\"821\">Pl\u00e1stico<\/strong><\/p>\n<\/li>\n<li data-start=\"822\" data-end=\"861\">\n<p data-start=\"824\" data-end=\"861\">Based on the anime <strong data-start=\"843\" data-end=\"861\">Dragon Ball GT<\/strong><\/p>\n<\/li>\n<li data-start=\"862\" data-end=\"897\">\n<p data-start=\"864\" data-end=\"897\">L\u00ednea <strong data-start=\"870\" data-end=\"897\">Ichibansho \/ Masterlise<\/strong><\/p>\n<\/li>\n<li data-start=\"898\" data-end=\"919\">\n<p data-start=\"900\" data-end=\"919\">Esculpido detallado<\/p>\n<\/li>\n<li data-start=\"920\" data-end=\"946\">\n<p data-start=\"922\" data-end=\"946\">Figure <strong data-start=\"929\" data-end=\"946\">no articulada<\/strong><\/p>\n<\/li>\n<\/ul>\n<h3 data-start=\"953\" data-end=\"980\">\ud83d\udce6 Box contents<\/h3>\n<ul data-start=\"981\" data-end=\"1006\">\n<li data-start=\"981\" data-end=\"1006\">\n<p data-start=\"983\" data-end=\"1006\">Figure <strong data-start=\"990\" data-end=\"1006\">Super Baby 2<\/strong><\/p>\n<\/li>\n<\/ul>","protected":false},"excerpt":{"rendered":"<p>\ud83d\udcdd Descripci\u00f3n del producto Bandai Spirits Ichibansho presenta su nuevo lanzamiento: Super Baby 2 (vs Omnibus Ultimate). Con una altura<\/p>","protected":false},"featured_media":7880,"template":"","meta":[],"product_cat":[95,99,65,61,44],"product_tag":[345,511,158,160,512],"class_list":{"0":"post-7873","1":"product","2":"type-product","3":"status-publish","4":"has-post-thumbnail","6":"product_cat-banpresto","7":"product_cat-ichiban-kuji","8":"product_cat-figuras","9":"product_cat-novedades","10":"product_cat-dragon-ball","11":"product_tag-dragonball-gt","12":"product_tag-ichiban-kuji","13":"product_tag-ichiban-sho","14":"product_tag-masterlise","15":"product_tag-super-baby-2","17":"first","18":"instock","19":"sold-individually","20":"taxable","21":"shipping-taxable","22":"purchasable","23":"product-type-simple"},"yoast_head":"<!-- This site is optimized with the Yoast SEO plugin v24.2 - https:\/\/yoast.com\/wordpress\/plugins\/seo\/ -->\n<title>Figura Super Baby 2 - Masterlise Ichibansho (VS OMNIBUS ULTIMATE) - Dragon Ball GT - Akatsuki anime store<\/title>\n<meta name=\"description\" content=\"Figura Super Baby 2 Ichibansho Masterlise de Dragon Ball GT. 25,9 cm de altura y excelente nivel de detalle para coleccionistas de la linea Masterlise.\" \/>\n<meta name=\"robots\" content=\"index, follow, max-snippet:-1, max-image-preview:large, max-video-preview:-1\" \/>\n<link rel=\"canonical\" href=\"https:\/\/akatsukianime.com\/en\/product\/figura-super-baby-2-masterlise-ichibansho-vs-omnibus-ultimate-dragon-ball-gt\/\" \/>\n<meta property=\"og:locale\" content=\"en_US\" \/>\n<meta property=\"og:type\" content=\"article\" \/>\n<meta property=\"og:title\" content=\"Figura Super Baby 2 - Masterlise Ichibansho (VS OMNIBUS ULTIMATE) - Dragon Ball GT - Akatsuki anime store\" \/>\n<meta property=\"og:description\" content=\"Figura Super Baby 2 Ichibansho Masterlise de Dragon Ball GT. 25,9 cm de altura y excelente nivel de detalle para coleccionistas de la linea Masterlise.\" \/>\n<meta property=\"og:url\" content=\"https:\/\/akatsukianime.com\/en\/product\/figura-super-baby-2-masterlise-ichibansho-vs-omnibus-ultimate-dragon-ball-gt\/\" \/>\n<meta property=\"og:site_name\" content=\"Akatsuki anime store\" \/>\n<meta property=\"og:image\" content=\"https:\/\/akatsukianime.com\/wp-content\/uploads\/2026\/02\/Super-Baby-Ichibansho-Masterlise.jpg\" \/>\n\t<meta property=\"og:image:width\" content=\"800\" \/>\n\t<meta property=\"og:image:height\" content=\"800\" \/>\n\t<meta property=\"og:image:type\" content=\"image\/jpeg\" \/>\n<meta name=\"twitter:card\" content=\"summary_large_image\" \/>\n<meta name=\"twitter:label1\" content=\"Est. reading time\" \/>\n\t<meta name=\"twitter:data1\" content=\"1 minute\" \/>\n<script type=\"application\/ld+json\" class=\"yoast-schema-graph\">{\"@context\":\"https:\/\/schema.org\",\"@graph\":[{\"@type\":[\"WebPage\",\"ItemPage\"],\"@id\":\"https:\/\/akatsukianime.com\/product\/figura-super-baby-2-masterlise-ichibansho-vs-omnibus-ultimate-dragon-ball-gt\/\",\"url\":\"https:\/\/akatsukianime.com\/product\/figura-super-baby-2-masterlise-ichibansho-vs-omnibus-ultimate-dragon-ball-gt\/\",\"name\":\"Figura Super Baby 2 - Masterlise Ichibansho (VS OMNIBUS ULTIMATE) - Dragon Ball GT - Akatsuki anime store\",\"isPartOf\":{\"@id\":\"https:\/\/akatsukianime.com\/#website\"},\"primaryImageOfPage\":{\"@id\":\"https:\/\/akatsukianime.com\/product\/figura-super-baby-2-masterlise-ichibansho-vs-omnibus-ultimate-dragon-ball-gt\/#primaryimage\"},\"image\":{\"@id\":\"https:\/\/akatsukianime.com\/product\/figura-super-baby-2-masterlise-ichibansho-vs-omnibus-ultimate-dragon-ball-gt\/#primaryimage\"},\"thumbnailUrl\":\"https:\/\/akatsukianime.com\/wp-content\/uploads\/2026\/02\/Super-Baby-Ichibansho-Masterlise.jpg\",\"datePublished\":\"2026-02-10T12:01:54+00:00\",\"dateModified\":\"2026-02-10T12:01:54+00:00\",\"description\":\"Figura Super Baby 2 Ichibansho Masterlise de Dragon Ball GT. 25,9 cm de altura y excelente nivel de detalle para coleccionistas de la linea Masterlise.\",\"breadcrumb\":{\"@id\":\"https:\/\/akatsukianime.com\/product\/figura-super-baby-2-masterlise-ichibansho-vs-omnibus-ultimate-dragon-ball-gt\/#breadcrumb\"},\"inLanguage\":\"en-US\",\"potentialAction\":[{\"@type\":\"ReadAction\",\"target\":[\"https:\/\/akatsukianime.com\/product\/figura-super-baby-2-masterlise-ichibansho-vs-omnibus-ultimate-dragon-ball-gt\/\"]}]},{\"@type\":\"ImageObject\",\"inLanguage\":\"en-US\",\"@id\":\"https:\/\/akatsukianime.com\/product\/figura-super-baby-2-masterlise-ichibansho-vs-omnibus-ultimate-dragon-ball-gt\/#primaryimage\",\"url\":\"https:\/\/akatsukianime.com\/wp-content\/uploads\/2026\/02\/Super-Baby-Ichibansho-Masterlise.jpg\",\"contentUrl\":\"https:\/\/akatsukianime.com\/wp-content\/uploads\/2026\/02\/Super-Baby-Ichibansho-Masterlise.jpg\",\"width\":800,\"height\":800,\"caption\":\"Super Baby Ichibansho Masterlise\"},{\"@type\":\"BreadcrumbList\",\"@id\":\"https:\/\/akatsukianime.com\/product\/figura-super-baby-2-masterlise-ichibansho-vs-omnibus-ultimate-dragon-ball-gt\/#breadcrumb\",\"itemListElement\":[{\"@type\":\"ListItem\",\"position\":1,\"name\":\"Portada\",\"item\":\"https:\/\/akatsukianime.com\/\"},{\"@type\":\"ListItem\",\"position\":2,\"name\":\"Tienda\",\"item\":\"https:\/\/akatsukianime.com\/tienda\/\"},{\"@type\":\"ListItem\",\"position\":3,\"name\":\"Figura Super Baby 2 &#8211; Masterlise Ichibansho (VS OMNIBUS ULTIMATE) &#8211; Dragon Ball GT\"}]},{\"@type\":\"WebSite\",\"@id\":\"https:\/\/akatsukianime.com\/#website\",\"url\":\"https:\/\/akatsukianime.com\/\",\"name\":\"Akatsuki anime store\",\"description\":\"\",\"potentialAction\":[{\"@type\":\"SearchAction\",\"target\":{\"@type\":\"EntryPoint\",\"urlTemplate\":\"https:\/\/akatsukianime.com\/?s={search_term_string}\"},\"query-input\":{\"@type\":\"PropertyValueSpecification\",\"valueRequired\":true,\"valueName\":\"search_term_string\"}}],\"inLanguage\":\"en-US\"}]}<\/script>\n<!-- \/ Yoast SEO plugin. -->","yoast_head_json":{"title":"Figura Super Baby 2 - Masterlise Ichibansho (VS OMNIBUS ULTIMATE) - Dragon Ball GT - Akatsuki anime store","description":"Figura Super Baby 2 Ichibansho Masterlise de Dragon Ball GT. 25,9 cm de altura y excelente nivel de detalle para coleccionistas de la linea Masterlise.","robots":{"index":"index","follow":"follow","max-snippet":"max-snippet:-1","max-image-preview":"max-image-preview:large","max-video-preview":"max-video-preview:-1"},"canonical":"https:\/\/akatsukianime.com\/en\/product\/figura-super-baby-2-masterlise-ichibansho-vs-omnibus-ultimate-dragon-ball-gt\/","og_locale":"en_US","og_type":"article","og_title":"Figura Super Baby 2 - Masterlise Ichibansho (VS OMNIBUS ULTIMATE) - Dragon Ball GT - Akatsuki anime store","og_description":"Figura Super Baby 2 Ichibansho Masterlise de Dragon Ball GT. 25,9 cm de altura y excelente nivel de detalle para coleccionistas de la linea Masterlise.","og_url":"https:\/\/akatsukianime.com\/en\/product\/figura-super-baby-2-masterlise-ichibansho-vs-omnibus-ultimate-dragon-ball-gt\/","og_site_name":"Akatsuki anime store","og_image":[{"width":800,"height":800,"url":"https:\/\/akatsukianime.com\/wp-content\/uploads\/2026\/02\/Super-Baby-Ichibansho-Masterlise.jpg","type":"image\/jpeg"}],"twitter_card":"summary_large_image","twitter_misc":{"Est. reading time":"1 minute"},"schema":{"@context":"https:\/\/schema.org","@graph":[{"@type":["WebPage","ItemPage"],"@id":"https:\/\/akatsukianime.com\/product\/figura-super-baby-2-masterlise-ichibansho-vs-omnibus-ultimate-dragon-ball-gt\/","url":"https:\/\/akatsukianime.com\/product\/figura-super-baby-2-masterlise-ichibansho-vs-omnibus-ultimate-dragon-ball-gt\/","name":"Figura Super Baby 2 - Masterlise Ichibansho (VS OMNIBUS ULTIMATE) - Dragon Ball GT - Akatsuki anime store","isPartOf":{"@id":"https:\/\/akatsukianime.com\/#website"},"primaryImageOfPage":{"@id":"https:\/\/akatsukianime.com\/product\/figura-super-baby-2-masterlise-ichibansho-vs-omnibus-ultimate-dragon-ball-gt\/#primaryimage"},"image":{"@id":"https:\/\/akatsukianime.com\/product\/figura-super-baby-2-masterlise-ichibansho-vs-omnibus-ultimate-dragon-ball-gt\/#primaryimage"},"thumbnailUrl":"https:\/\/akatsukianime.com\/wp-content\/uploads\/2026\/02\/Super-Baby-Ichibansho-Masterlise.jpg","datePublished":"2026-02-10T12:01:54+00:00","dateModified":"2026-02-10T12:01:54+00:00","description":"Figura Super Baby 2 Ichibansho Masterlise de Dragon Ball GT. 25,9 cm de altura y excelente nivel de detalle para coleccionistas de la linea Masterlise.","breadcrumb":{"@id":"https:\/\/akatsukianime.com\/product\/figura-super-baby-2-masterlise-ichibansho-vs-omnibus-ultimate-dragon-ball-gt\/#breadcrumb"},"inLanguage":"en-US","potentialAction":[{"@type":"ReadAction","target":["https:\/\/akatsukianime.com\/product\/figura-super-baby-2-masterlise-ichibansho-vs-omnibus-ultimate-dragon-ball-gt\/"]}]},{"@type":"ImageObject","inLanguage":"en-US","@id":"https:\/\/akatsukianime.com\/product\/figura-super-baby-2-masterlise-ichibansho-vs-omnibus-ultimate-dragon-ball-gt\/#primaryimage","url":"https:\/\/akatsukianime.com\/wp-content\/uploads\/2026\/02\/Super-Baby-Ichibansho-Masterlise.jpg","contentUrl":"https:\/\/akatsukianime.com\/wp-content\/uploads\/2026\/02\/Super-Baby-Ichibansho-Masterlise.jpg","width":800,"height":800,"caption":"Super Baby Ichibansho Masterlise"},{"@type":"BreadcrumbList","@id":"https:\/\/akatsukianime.com\/product\/figura-super-baby-2-masterlise-ichibansho-vs-omnibus-ultimate-dragon-ball-gt\/#breadcrumb","itemListElement":[{"@type":"ListItem","position":1,"name":"Portada","item":"https:\/\/akatsukianime.com\/"},{"@type":"ListItem","position":2,"name":"Tienda","item":"https:\/\/akatsukianime.com\/tienda\/"},{"@type":"ListItem","position":3,"name":"Figura Super Baby 2 &#8211; Masterlise Ichibansho (VS OMNIBUS ULTIMATE) &#8211; Dragon Ball GT"}]},{"@type":"WebSite","@id":"https:\/\/akatsukianime.com\/#website","url":"https:\/\/akatsukianime.com\/","name":"Akatsuki anime store","description":"","potentialAction":[{"@type":"SearchAction","target":{"@type":"EntryPoint","urlTemplate":"https:\/\/akatsukianime.com\/?s={search_term_string}"},"query-input":{"@type":"PropertyValueSpecification","valueRequired":true,"valueName":"search_term_string"}}],"inLanguage":"en-US"}]}},"jetpack_sharing_enabled":true,"_links":{"self":[{"href":"https:\/\/akatsukianime.com\/en\/wp-json\/wp\/v2\/product\/7873","targetHints":{"allow":["GET"]}}],"collection":[{"href":"https:\/\/akatsukianime.com\/en\/wp-json\/wp\/v2\/product"}],"about":[{"href":"https:\/\/akatsukianime.com\/en\/wp-json\/wp\/v2\/types\/product"}],"version-history":[{"count":2,"href":"https:\/\/akatsukianime.com\/en\/wp-json\/wp\/v2\/product\/7873\/revisions"}],"predecessor-version":[{"id":7883,"href":"https:\/\/akatsukianime.com\/en\/wp-json\/wp\/v2\/product\/7873\/revisions\/7883"}],"wp:featuredmedia":[{"embeddable":true,"href":"https:\/\/akatsukianime.com\/en\/wp-json\/wp\/v2\/media\/7880"}],"wp:attachment":[{"href":"https:\/\/akatsukianime.com\/en\/wp-json\/wp\/v2\/media?parent=7873"}],"wp:term":[{"taxonomy":"product_cat","embeddable":true,"href":"https:\/\/akatsukianime.com\/en\/wp-json\/wp\/v2\/product_cat?post=7873"},{"taxonomy":"product_tag","embeddable":true,"href":"https:\/\/akatsukianime.com\/en\/wp-json\/wp\/v2\/product_tag?post=7873"}],"curies":[{"name":"wp","href":"https:\/\/api.w.org\/{rel}","templated":true}]}}