{"id":7893,"date":"2026-02-10T13:23:27","date_gmt":"2026-02-10T12:23:27","guid":{"rendered":"https:\/\/akatsukianime.com\/?post_type=product&#038;p=7893"},"modified":"2026-02-10T14:38:58","modified_gmt":"2026-02-10T13:38:58","slug":"figura-beryl-gardenant-high-premium-figure-from-old-country-bumpkin-to-master-swordsman","status":"publish","type":"product","link":"https:\/\/akatsukianime.com\/en\/product\/figura-beryl-gardenant-high-premium-figure-from-old-country-bumpkin-to-master-swordsman\/","title":{"rendered":"Figura Beryl Gardenant &#8211; High Premium Figure &#8211; From Old Country Bumpkin to Master Swordsman"},"content":{"rendered":"<h3 data-start=\"139\" data-end=\"170\">\ud83d\udcdd Descripci\u00f3n del producto<\/h3>\n<p data-start=\"172\" data-end=\"484\"><strong data-start=\"172\" data-end=\"180\">Sega<\/strong> presenta una nueva incorporaci\u00f3n a su reconocida l\u00ednea <strong data-start=\"236\" data-end=\"259\">High Premium Figure<\/strong>, basada en el exitoso anime <strong data-start=\"288\" data-end=\"336\">From Old Country Bumpkin to Master Swordsman<\/strong>: <strong data-start=\"338\" data-end=\"357\">Beryl Gardenant<\/strong>. Esta figura reproduce con gran fidelidad el dise\u00f1o del personaje, con un nivel de detalle inspirado directamente en la serie.<\/p>\n<p data-start=\"486\" data-end=\"752\">Con una altura aproximada de <strong data-start=\"515\" data-end=\"524\">16 cm<\/strong>, la figura de <strong data-start=\"539\" data-end=\"558\">Beryl Gardenant<\/strong> es ideal para ampliar cualquier colecci\u00f3n con una pieza compacta, bien esculpida y visualmente atractiva. Una excelente elecci\u00f3n para fans del anime y coleccionistas de figuras de alta calidad.<\/p>\n<hr data-start=\"754\" data-end=\"757\" \/>\n<h3 data-start=\"759\" data-end=\"793\">\u2b50 Caracter\u00edsticas del producto<\/h3>\n<ul data-start=\"794\" data-end=\"990\">\n<li data-start=\"794\" data-end=\"813\">\n<p data-start=\"796\" data-end=\"813\">Height: <strong data-start=\"804\" data-end=\"813\">16 cm<\/strong><\/p>\n<\/li>\n<li data-start=\"814\" data-end=\"839\">\n<p data-start=\"816\" data-end=\"839\">Material: <strong data-start=\"826\" data-end=\"839\">ABS and PVC<\/strong><\/p>\n<\/li>\n<li data-start=\"840\" data-end=\"909\">\n<p data-start=\"842\" data-end=\"909\">Based on the anime <strong data-start=\"861\" data-end=\"909\">From Old Country Bumpkin to Master Swordsman<\/strong><\/p>\n<\/li>\n<li data-start=\"910\" data-end=\"941\">\n<p data-start=\"912\" data-end=\"941\">L\u00ednea <strong data-start=\"918\" data-end=\"941\">High Premium Figure<\/strong><\/p>\n<\/li>\n<li data-start=\"942\" data-end=\"963\">\n<p data-start=\"944\" data-end=\"963\">Esculpido detallado<\/p>\n<\/li>\n<li data-start=\"964\" data-end=\"990\">\n<p data-start=\"966\" data-end=\"990\">Figure <strong data-start=\"973\" data-end=\"990\">no articulada<\/strong><\/p>\n<\/li>\n<\/ul>\n<hr data-start=\"992\" data-end=\"995\" \/>\n<h3 data-start=\"997\" data-end=\"1024\">\ud83d\udce6 Box contents<\/h3>\n<ul data-start=\"1025\" data-end=\"1053\">\n<li data-start=\"1025\" data-end=\"1053\">\n<p data-start=\"1027\" data-end=\"1053\">Figure <strong data-start=\"1034\" data-end=\"1053\">Beryl Gardenant<\/strong><\/p>\n<\/li>\n<\/ul>","protected":false},"excerpt":{"rendered":"<p>\ud83d\udcdd Descripci\u00f3n del producto Sega presenta una nueva incorporaci\u00f3n a su reconocida l\u00ednea High Premium Figure, basada en el exitoso<\/p>","protected":false},"featured_media":7894,"template":"","meta":[],"product_cat":[101,65,61,60],"product_tag":[515,337,514,171],"class_list":{"0":"post-7893","1":"product","2":"type-product","3":"status-publish","4":"has-post-thumbnail","6":"product_cat-elige-sega-goods-sega-goods","7":"product_cat-figuras","8":"product_cat-novedades","9":"product_cat-otros","10":"product_tag-beryl-gardenant","11":"product_tag-figura","12":"product_tag-from-old-bumpkin-to-master-swordman","13":"product_tag-sega","15":"first","16":"instock","17":"sold-individually","18":"taxable","19":"shipping-taxable","20":"purchasable","21":"product-type-simple"},"yoast_head":"<!-- This site is optimized with the Yoast SEO plugin v24.2 - https:\/\/yoast.com\/wordpress\/plugins\/seo\/ -->\n<title>Figura Beryl Gardenant - High Premium Figure - From Old Country Bumpkin to Master Swordsman - Akatsuki anime store<\/title>\n<meta name=\"description\" content=\"Figura Beryl Gardenant High Premium Figure de Sega. 16 cm de altura y gran nivel de detalle, ideal para fans de este exitoso anime y los coleccionistas.\" \/>\n<meta name=\"robots\" content=\"index, follow, max-snippet:-1, max-image-preview:large, max-video-preview:-1\" \/>\n<link rel=\"canonical\" href=\"https:\/\/akatsukianime.com\/en\/product\/figura-beryl-gardenant-high-premium-figure-from-old-country-bumpkin-to-master-swordsman\/\" \/>\n<meta property=\"og:locale\" content=\"en_US\" \/>\n<meta property=\"og:type\" content=\"article\" \/>\n<meta property=\"og:title\" content=\"Figura Beryl Gardenant - High Premium Figure - From Old Country Bumpkin to Master Swordsman - Akatsuki anime store\" \/>\n<meta property=\"og:description\" content=\"Figura Beryl Gardenant High Premium Figure de Sega. 16 cm de altura y gran nivel de detalle, ideal para fans de este exitoso anime y los coleccionistas.\" \/>\n<meta property=\"og:url\" content=\"https:\/\/akatsukianime.com\/en\/product\/figura-beryl-gardenant-high-premium-figure-from-old-country-bumpkin-to-master-swordsman\/\" \/>\n<meta property=\"og:site_name\" content=\"Akatsuki anime store\" \/>\n<meta property=\"article:modified_time\" content=\"2026-02-10T13:38:58+00:00\" \/>\n<meta property=\"og:image\" content=\"https:\/\/akatsukianime.com\/wp-content\/uploads\/2026\/02\/Figura-Beryl-Gardenant-Premium.jpg\" \/>\n\t<meta property=\"og:image:width\" content=\"1000\" \/>\n\t<meta property=\"og:image:height\" content=\"1000\" \/>\n\t<meta property=\"og:image:type\" content=\"image\/jpeg\" \/>\n<meta name=\"twitter:card\" content=\"summary_large_image\" \/>\n<meta name=\"twitter:label1\" content=\"Est. reading time\" \/>\n\t<meta name=\"twitter:data1\" content=\"1 minute\" \/>\n<script type=\"application\/ld+json\" class=\"yoast-schema-graph\">{\"@context\":\"https:\/\/schema.org\",\"@graph\":[{\"@type\":[\"WebPage\",\"ItemPage\"],\"@id\":\"https:\/\/akatsukianime.com\/product\/figura-beryl-gardenant-high-premium-figure-from-old-country-bumpkin-to-master-swordsman\/\",\"url\":\"https:\/\/akatsukianime.com\/product\/figura-beryl-gardenant-high-premium-figure-from-old-country-bumpkin-to-master-swordsman\/\",\"name\":\"Figura Beryl Gardenant - High Premium Figure - From Old Country Bumpkin to Master Swordsman - Akatsuki anime store\",\"isPartOf\":{\"@id\":\"https:\/\/akatsukianime.com\/#website\"},\"primaryImageOfPage\":{\"@id\":\"https:\/\/akatsukianime.com\/product\/figura-beryl-gardenant-high-premium-figure-from-old-country-bumpkin-to-master-swordsman\/#primaryimage\"},\"image\":{\"@id\":\"https:\/\/akatsukianime.com\/product\/figura-beryl-gardenant-high-premium-figure-from-old-country-bumpkin-to-master-swordsman\/#primaryimage\"},\"thumbnailUrl\":\"https:\/\/akatsukianime.com\/wp-content\/uploads\/2026\/02\/Figura-Beryl-Gardenant-Premium.jpg\",\"datePublished\":\"2026-02-10T12:23:27+00:00\",\"dateModified\":\"2026-02-10T13:38:58+00:00\",\"description\":\"Figura Beryl Gardenant High Premium Figure de Sega. 16 cm de altura y gran nivel de detalle, ideal para fans de este exitoso anime y los coleccionistas.\",\"breadcrumb\":{\"@id\":\"https:\/\/akatsukianime.com\/product\/figura-beryl-gardenant-high-premium-figure-from-old-country-bumpkin-to-master-swordsman\/#breadcrumb\"},\"inLanguage\":\"en-US\",\"potentialAction\":[{\"@type\":\"ReadAction\",\"target\":[\"https:\/\/akatsukianime.com\/product\/figura-beryl-gardenant-high-premium-figure-from-old-country-bumpkin-to-master-swordsman\/\"]}]},{\"@type\":\"ImageObject\",\"inLanguage\":\"en-US\",\"@id\":\"https:\/\/akatsukianime.com\/product\/figura-beryl-gardenant-high-premium-figure-from-old-country-bumpkin-to-master-swordsman\/#primaryimage\",\"url\":\"https:\/\/akatsukianime.com\/wp-content\/uploads\/2026\/02\/Figura-Beryl-Gardenant-Premium.jpg\",\"contentUrl\":\"https:\/\/akatsukianime.com\/wp-content\/uploads\/2026\/02\/Figura-Beryl-Gardenant-Premium.jpg\",\"width\":1000,\"height\":1000,\"caption\":\"Figura Beryl Gardenant Premium\"},{\"@type\":\"BreadcrumbList\",\"@id\":\"https:\/\/akatsukianime.com\/product\/figura-beryl-gardenant-high-premium-figure-from-old-country-bumpkin-to-master-swordsman\/#breadcrumb\",\"itemListElement\":[{\"@type\":\"ListItem\",\"position\":1,\"name\":\"Portada\",\"item\":\"https:\/\/akatsukianime.com\/\"},{\"@type\":\"ListItem\",\"position\":2,\"name\":\"Tienda\",\"item\":\"https:\/\/akatsukianime.com\/tienda\/\"},{\"@type\":\"ListItem\",\"position\":3,\"name\":\"Figura Beryl Gardenant &#8211; High Premium Figure &#8211; From Old Country Bumpkin to Master Swordsman\"}]},{\"@type\":\"WebSite\",\"@id\":\"https:\/\/akatsukianime.com\/#website\",\"url\":\"https:\/\/akatsukianime.com\/\",\"name\":\"Akatsuki anime store\",\"description\":\"\",\"potentialAction\":[{\"@type\":\"SearchAction\",\"target\":{\"@type\":\"EntryPoint\",\"urlTemplate\":\"https:\/\/akatsukianime.com\/?s={search_term_string}\"},\"query-input\":{\"@type\":\"PropertyValueSpecification\",\"valueRequired\":true,\"valueName\":\"search_term_string\"}}],\"inLanguage\":\"en-US\"}]}<\/script>\n<!-- \/ Yoast SEO plugin. -->","yoast_head_json":{"title":"Figura Beryl Gardenant - High Premium Figure - From Old Country Bumpkin to Master Swordsman - Akatsuki anime store","description":"Figura Beryl Gardenant High Premium Figure de Sega. 16 cm de altura y gran nivel de detalle, ideal para fans de este exitoso anime y los coleccionistas.","robots":{"index":"index","follow":"follow","max-snippet":"max-snippet:-1","max-image-preview":"max-image-preview:large","max-video-preview":"max-video-preview:-1"},"canonical":"https:\/\/akatsukianime.com\/en\/product\/figura-beryl-gardenant-high-premium-figure-from-old-country-bumpkin-to-master-swordsman\/","og_locale":"en_US","og_type":"article","og_title":"Figura Beryl Gardenant - High Premium Figure - From Old Country Bumpkin to Master Swordsman - Akatsuki anime store","og_description":"Figura Beryl Gardenant High Premium Figure de Sega. 16 cm de altura y gran nivel de detalle, ideal para fans de este exitoso anime y los coleccionistas.","og_url":"https:\/\/akatsukianime.com\/en\/product\/figura-beryl-gardenant-high-premium-figure-from-old-country-bumpkin-to-master-swordsman\/","og_site_name":"Akatsuki anime store","article_modified_time":"2026-02-10T13:38:58+00:00","og_image":[{"width":1000,"height":1000,"url":"https:\/\/akatsukianime.com\/wp-content\/uploads\/2026\/02\/Figura-Beryl-Gardenant-Premium.jpg","type":"image\/jpeg"}],"twitter_card":"summary_large_image","twitter_misc":{"Est. reading time":"1 minute"},"schema":{"@context":"https:\/\/schema.org","@graph":[{"@type":["WebPage","ItemPage"],"@id":"https:\/\/akatsukianime.com\/product\/figura-beryl-gardenant-high-premium-figure-from-old-country-bumpkin-to-master-swordsman\/","url":"https:\/\/akatsukianime.com\/product\/figura-beryl-gardenant-high-premium-figure-from-old-country-bumpkin-to-master-swordsman\/","name":"Figura Beryl Gardenant - High Premium Figure - From Old Country Bumpkin to Master Swordsman - Akatsuki anime store","isPartOf":{"@id":"https:\/\/akatsukianime.com\/#website"},"primaryImageOfPage":{"@id":"https:\/\/akatsukianime.com\/product\/figura-beryl-gardenant-high-premium-figure-from-old-country-bumpkin-to-master-swordsman\/#primaryimage"},"image":{"@id":"https:\/\/akatsukianime.com\/product\/figura-beryl-gardenant-high-premium-figure-from-old-country-bumpkin-to-master-swordsman\/#primaryimage"},"thumbnailUrl":"https:\/\/akatsukianime.com\/wp-content\/uploads\/2026\/02\/Figura-Beryl-Gardenant-Premium.jpg","datePublished":"2026-02-10T12:23:27+00:00","dateModified":"2026-02-10T13:38:58+00:00","description":"Figura Beryl Gardenant High Premium Figure de Sega. 16 cm de altura y gran nivel de detalle, ideal para fans de este exitoso anime y los coleccionistas.","breadcrumb":{"@id":"https:\/\/akatsukianime.com\/product\/figura-beryl-gardenant-high-premium-figure-from-old-country-bumpkin-to-master-swordsman\/#breadcrumb"},"inLanguage":"en-US","potentialAction":[{"@type":"ReadAction","target":["https:\/\/akatsukianime.com\/product\/figura-beryl-gardenant-high-premium-figure-from-old-country-bumpkin-to-master-swordsman\/"]}]},{"@type":"ImageObject","inLanguage":"en-US","@id":"https:\/\/akatsukianime.com\/product\/figura-beryl-gardenant-high-premium-figure-from-old-country-bumpkin-to-master-swordsman\/#primaryimage","url":"https:\/\/akatsukianime.com\/wp-content\/uploads\/2026\/02\/Figura-Beryl-Gardenant-Premium.jpg","contentUrl":"https:\/\/akatsukianime.com\/wp-content\/uploads\/2026\/02\/Figura-Beryl-Gardenant-Premium.jpg","width":1000,"height":1000,"caption":"Figura Beryl Gardenant Premium"},{"@type":"BreadcrumbList","@id":"https:\/\/akatsukianime.com\/product\/figura-beryl-gardenant-high-premium-figure-from-old-country-bumpkin-to-master-swordsman\/#breadcrumb","itemListElement":[{"@type":"ListItem","position":1,"name":"Portada","item":"https:\/\/akatsukianime.com\/"},{"@type":"ListItem","position":2,"name":"Tienda","item":"https:\/\/akatsukianime.com\/tienda\/"},{"@type":"ListItem","position":3,"name":"Figura Beryl Gardenant &#8211; High Premium Figure &#8211; From Old Country Bumpkin to Master Swordsman"}]},{"@type":"WebSite","@id":"https:\/\/akatsukianime.com\/#website","url":"https:\/\/akatsukianime.com\/","name":"Akatsuki anime store","description":"","potentialAction":[{"@type":"SearchAction","target":{"@type":"EntryPoint","urlTemplate":"https:\/\/akatsukianime.com\/?s={search_term_string}"},"query-input":{"@type":"PropertyValueSpecification","valueRequired":true,"valueName":"search_term_string"}}],"inLanguage":"en-US"}]}},"jetpack_sharing_enabled":true,"_links":{"self":[{"href":"https:\/\/akatsukianime.com\/en\/wp-json\/wp\/v2\/product\/7893","targetHints":{"allow":["GET"]}}],"collection":[{"href":"https:\/\/akatsukianime.com\/en\/wp-json\/wp\/v2\/product"}],"about":[{"href":"https:\/\/akatsukianime.com\/en\/wp-json\/wp\/v2\/types\/product"}],"version-history":[{"count":1,"href":"https:\/\/akatsukianime.com\/en\/wp-json\/wp\/v2\/product\/7893\/revisions"}],"predecessor-version":[{"id":7901,"href":"https:\/\/akatsukianime.com\/en\/wp-json\/wp\/v2\/product\/7893\/revisions\/7901"}],"wp:featuredmedia":[{"embeddable":true,"href":"https:\/\/akatsukianime.com\/en\/wp-json\/wp\/v2\/media\/7894"}],"wp:attachment":[{"href":"https:\/\/akatsukianime.com\/en\/wp-json\/wp\/v2\/media?parent=7893"}],"wp:term":[{"taxonomy":"product_cat","embeddable":true,"href":"https:\/\/akatsukianime.com\/en\/wp-json\/wp\/v2\/product_cat?post=7893"},{"taxonomy":"product_tag","embeddable":true,"href":"https:\/\/akatsukianime.com\/en\/wp-json\/wp\/v2\/product_tag?post=7893"}],"curies":[{"name":"wp","href":"https:\/\/api.w.org\/{rel}","templated":true}]}}