{"id":7903,"date":"2026-02-10T18:33:36","date_gmt":"2026-02-10T17:33:36","guid":{"rendered":"https:\/\/akatsukianime.com\/?post_type=product&#038;p=7903"},"modified":"2026-02-10T18:37:00","modified_gmt":"2026-02-10T17:37:00","slug":"figura-kalgara-ichibansho-one-piece","status":"publish","type":"product","link":"https:\/\/akatsukianime.com\/en\/product\/figura-kalgara-ichibansho-one-piece\/","title":{"rendered":"Figura Kalgara &#8211; Ichibansho &#8211; One Piece"},"content":{"rendered":"<h3 data-start=\"136\" data-end=\"167\">\ud83d\udcdd Descripci\u00f3n del producto<\/h3>\n<p data-start=\"169\" data-end=\"422\"><strong data-start=\"169\" data-end=\"198\">Bandai Spirits Ichibansho<\/strong> presenta su nuevo lanzamiento: <strong data-start=\"230\" data-end=\"241\">Kalgara<\/strong> from the anime <strong data-start=\"252\" data-end=\"265\">One Piece<\/strong>. Con una altura aproximada de <strong data-start=\"296\" data-end=\"307\">22,1 cm<\/strong>, esta figura muestra a Kalgara en una pose ic\u00f3nica, capturando toda la fuerza y presencia del legendario guerrero.<\/p>\n<p data-start=\"424\" data-end=\"687\">Perteneciente a la reconocida l\u00ednea <strong data-start=\"460\" data-end=\"474\">Ichibansho<\/strong>, esta figura destaca por su tama\u00f1o, su esculpido detallado y su fidelidad al dise\u00f1o original del anime. Una excelente adici\u00f3n para fans de One Piece y coleccionistas que buscan piezas impactantes para exhibici\u00f3n.<\/p>\n<hr data-start=\"689\" data-end=\"692\" \/>\n<h3 data-start=\"694\" data-end=\"728\">\u2b50 Caracter\u00edsticas del producto<\/h3>\n<ul data-start=\"729\" data-end=\"882\">\n<li data-start=\"729\" data-end=\"750\">\n<p data-start=\"731\" data-end=\"750\">Height: <strong data-start=\"739\" data-end=\"750\">22,1 cm<\/strong><\/p>\n<\/li>\n<li data-start=\"751\" data-end=\"775\">\n<p data-start=\"753\" data-end=\"775\">Material: <strong data-start=\"763\" data-end=\"775\">Pl\u00e1stico<\/strong><\/p>\n<\/li>\n<li data-start=\"776\" data-end=\"810\">\n<p data-start=\"778\" data-end=\"810\">Based on the anime <strong data-start=\"797\" data-end=\"810\">One Piece<\/strong><\/p>\n<\/li>\n<li data-start=\"811\" data-end=\"833\">\n<p data-start=\"813\" data-end=\"833\">L\u00ednea <strong data-start=\"819\" data-end=\"833\">Ichibansho<\/strong><\/p>\n<\/li>\n<li data-start=\"834\" data-end=\"855\">\n<p data-start=\"836\" data-end=\"855\">Esculpido detallado<\/p>\n<\/li>\n<li data-start=\"856\" data-end=\"882\">\n<p data-start=\"858\" data-end=\"882\">Figure <strong data-start=\"865\" data-end=\"882\">no articulada<\/strong><\/p>\n<\/li>\n<\/ul>\n<hr data-start=\"884\" data-end=\"887\" \/>\n<h3 data-start=\"889\" data-end=\"916\">\ud83d\udce6 Box contents<\/h3>\n<ul data-start=\"917\" data-end=\"937\">\n<li data-start=\"917\" data-end=\"937\">\n<p data-start=\"919\" data-end=\"937\">Figure <strong data-start=\"926\" data-end=\"937\">Kalgara<\/strong><\/p>\n<\/li>\n<\/ul>","protected":false},"excerpt":{"rendered":"<p>\ud83d\udcdd Descripci\u00f3n del producto Bandai Spirits Ichibansho presenta su nuevo lanzamiento: Kalgara del anime One Piece. Con una altura aproximada<\/p>","protected":false},"featured_media":7913,"template":"","meta":[],"product_cat":[95,65,62,43],"product_tag":[511,158,516,84],"class_list":{"0":"post-7903","1":"product","2":"type-product","3":"status-publish","4":"has-post-thumbnail","6":"product_cat-banpresto","7":"product_cat-figuras","8":"product_cat-ofertas","9":"product_cat-one-piece","10":"product_tag-ichiban-kuji","11":"product_tag-ichiban-sho","12":"product_tag-kalgara","13":"product_tag-one-piece","15":"first","16":"instock","17":"sale","18":"sold-individually","19":"taxable","20":"shipping-taxable","21":"purchasable","22":"product-type-simple"},"yoast_head":"<!-- This site is optimized with the Yoast SEO plugin v24.2 - https:\/\/yoast.com\/wordpress\/plugins\/seo\/ -->\n<title>Figura Kalgara - Ichibansho - One Piece - Akatsuki anime store<\/title>\n<meta name=\"description\" content=\"Figura Kalgara Ichibansho de One Piece. 22,1 cm de altura y dise\u00f1o fiel al anime, ideal para exhibici\u00f3n y coleccionistas.\" \/>\n<meta name=\"robots\" content=\"index, follow, max-snippet:-1, max-image-preview:large, max-video-preview:-1\" \/>\n<link rel=\"canonical\" href=\"https:\/\/akatsukianime.com\/en\/product\/figura-kalgara-ichibansho-one-piece\/\" \/>\n<meta property=\"og:locale\" content=\"en_US\" \/>\n<meta property=\"og:type\" content=\"article\" \/>\n<meta property=\"og:title\" content=\"Figura Kalgara - Ichibansho - One Piece - Akatsuki anime store\" \/>\n<meta property=\"og:description\" content=\"Figura Kalgara Ichibansho de One Piece. 22,1 cm de altura y dise\u00f1o fiel al anime, ideal para exhibici\u00f3n y coleccionistas.\" \/>\n<meta property=\"og:url\" content=\"https:\/\/akatsukianime.com\/en\/product\/figura-kalgara-ichibansho-one-piece\/\" \/>\n<meta property=\"og:site_name\" content=\"Akatsuki anime store\" \/>\n<meta property=\"article:modified_time\" content=\"2026-02-10T17:37:00+00:00\" \/>\n<meta property=\"og:image\" content=\"https:\/\/akatsukianime.com\/wp-content\/uploads\/2026\/02\/Kalgara-Ichibansho-One-Piece.jpg\" \/>\n\t<meta property=\"og:image:width\" content=\"1000\" \/>\n\t<meta property=\"og:image:height\" content=\"1000\" \/>\n\t<meta property=\"og:image:type\" content=\"image\/jpeg\" \/>\n<meta name=\"twitter:card\" content=\"summary_large_image\" \/>\n<meta name=\"twitter:label1\" content=\"Est. reading time\" \/>\n\t<meta name=\"twitter:data1\" content=\"1 minute\" \/>\n<script type=\"application\/ld+json\" class=\"yoast-schema-graph\">{\"@context\":\"https:\/\/schema.org\",\"@graph\":[{\"@type\":[\"WebPage\",\"ItemPage\"],\"@id\":\"https:\/\/akatsukianime.com\/product\/figura-kalgara-ichibansho-one-piece\/\",\"url\":\"https:\/\/akatsukianime.com\/product\/figura-kalgara-ichibansho-one-piece\/\",\"name\":\"Figura Kalgara - Ichibansho - One Piece - Akatsuki anime store\",\"isPartOf\":{\"@id\":\"https:\/\/akatsukianime.com\/#website\"},\"primaryImageOfPage\":{\"@id\":\"https:\/\/akatsukianime.com\/product\/figura-kalgara-ichibansho-one-piece\/#primaryimage\"},\"image\":{\"@id\":\"https:\/\/akatsukianime.com\/product\/figura-kalgara-ichibansho-one-piece\/#primaryimage\"},\"thumbnailUrl\":\"https:\/\/akatsukianime.com\/wp-content\/uploads\/2026\/02\/Kalgara-Ichibansho-One-Piece.jpg\",\"datePublished\":\"2026-02-10T17:33:36+00:00\",\"dateModified\":\"2026-02-10T17:37:00+00:00\",\"description\":\"Figura Kalgara Ichibansho de One Piece. 22,1 cm de altura y dise\u00f1o fiel al anime, ideal para exhibici\u00f3n y coleccionistas.\",\"breadcrumb\":{\"@id\":\"https:\/\/akatsukianime.com\/product\/figura-kalgara-ichibansho-one-piece\/#breadcrumb\"},\"inLanguage\":\"en-US\",\"potentialAction\":[{\"@type\":\"ReadAction\",\"target\":[\"https:\/\/akatsukianime.com\/product\/figura-kalgara-ichibansho-one-piece\/\"]}]},{\"@type\":\"ImageObject\",\"inLanguage\":\"en-US\",\"@id\":\"https:\/\/akatsukianime.com\/product\/figura-kalgara-ichibansho-one-piece\/#primaryimage\",\"url\":\"https:\/\/akatsukianime.com\/wp-content\/uploads\/2026\/02\/Kalgara-Ichibansho-One-Piece.jpg\",\"contentUrl\":\"https:\/\/akatsukianime.com\/wp-content\/uploads\/2026\/02\/Kalgara-Ichibansho-One-Piece.jpg\",\"width\":1000,\"height\":1000,\"caption\":\"Kalgara Ichibansho One Piece\"},{\"@type\":\"BreadcrumbList\",\"@id\":\"https:\/\/akatsukianime.com\/product\/figura-kalgara-ichibansho-one-piece\/#breadcrumb\",\"itemListElement\":[{\"@type\":\"ListItem\",\"position\":1,\"name\":\"Portada\",\"item\":\"https:\/\/akatsukianime.com\/\"},{\"@type\":\"ListItem\",\"position\":2,\"name\":\"Tienda\",\"item\":\"https:\/\/akatsukianime.com\/tienda\/\"},{\"@type\":\"ListItem\",\"position\":3,\"name\":\"Figura Kalgara &#8211; Ichibansho &#8211; One Piece\"}]},{\"@type\":\"WebSite\",\"@id\":\"https:\/\/akatsukianime.com\/#website\",\"url\":\"https:\/\/akatsukianime.com\/\",\"name\":\"Akatsuki anime store\",\"description\":\"\",\"potentialAction\":[{\"@type\":\"SearchAction\",\"target\":{\"@type\":\"EntryPoint\",\"urlTemplate\":\"https:\/\/akatsukianime.com\/?s={search_term_string}\"},\"query-input\":{\"@type\":\"PropertyValueSpecification\",\"valueRequired\":true,\"valueName\":\"search_term_string\"}}],\"inLanguage\":\"en-US\"}]}<\/script>\n<!-- \/ Yoast SEO plugin. -->","yoast_head_json":{"title":"Figura Kalgara - Ichibansho - One Piece - Akatsuki anime store","description":"Figura Kalgara Ichibansho de One Piece. 22,1 cm de altura y dise\u00f1o fiel al anime, ideal para exhibici\u00f3n y coleccionistas.","robots":{"index":"index","follow":"follow","max-snippet":"max-snippet:-1","max-image-preview":"max-image-preview:large","max-video-preview":"max-video-preview:-1"},"canonical":"https:\/\/akatsukianime.com\/en\/product\/figura-kalgara-ichibansho-one-piece\/","og_locale":"en_US","og_type":"article","og_title":"Figura Kalgara - Ichibansho - One Piece - Akatsuki anime store","og_description":"Figura Kalgara Ichibansho de One Piece. 22,1 cm de altura y dise\u00f1o fiel al anime, ideal para exhibici\u00f3n y coleccionistas.","og_url":"https:\/\/akatsukianime.com\/en\/product\/figura-kalgara-ichibansho-one-piece\/","og_site_name":"Akatsuki anime store","article_modified_time":"2026-02-10T17:37:00+00:00","og_image":[{"width":1000,"height":1000,"url":"https:\/\/akatsukianime.com\/wp-content\/uploads\/2026\/02\/Kalgara-Ichibansho-One-Piece.jpg","type":"image\/jpeg"}],"twitter_card":"summary_large_image","twitter_misc":{"Est. reading time":"1 minute"},"schema":{"@context":"https:\/\/schema.org","@graph":[{"@type":["WebPage","ItemPage"],"@id":"https:\/\/akatsukianime.com\/product\/figura-kalgara-ichibansho-one-piece\/","url":"https:\/\/akatsukianime.com\/product\/figura-kalgara-ichibansho-one-piece\/","name":"Figura Kalgara - Ichibansho - One Piece - Akatsuki anime store","isPartOf":{"@id":"https:\/\/akatsukianime.com\/#website"},"primaryImageOfPage":{"@id":"https:\/\/akatsukianime.com\/product\/figura-kalgara-ichibansho-one-piece\/#primaryimage"},"image":{"@id":"https:\/\/akatsukianime.com\/product\/figura-kalgara-ichibansho-one-piece\/#primaryimage"},"thumbnailUrl":"https:\/\/akatsukianime.com\/wp-content\/uploads\/2026\/02\/Kalgara-Ichibansho-One-Piece.jpg","datePublished":"2026-02-10T17:33:36+00:00","dateModified":"2026-02-10T17:37:00+00:00","description":"Figura Kalgara Ichibansho de One Piece. 22,1 cm de altura y dise\u00f1o fiel al anime, ideal para exhibici\u00f3n y coleccionistas.","breadcrumb":{"@id":"https:\/\/akatsukianime.com\/product\/figura-kalgara-ichibansho-one-piece\/#breadcrumb"},"inLanguage":"en-US","potentialAction":[{"@type":"ReadAction","target":["https:\/\/akatsukianime.com\/product\/figura-kalgara-ichibansho-one-piece\/"]}]},{"@type":"ImageObject","inLanguage":"en-US","@id":"https:\/\/akatsukianime.com\/product\/figura-kalgara-ichibansho-one-piece\/#primaryimage","url":"https:\/\/akatsukianime.com\/wp-content\/uploads\/2026\/02\/Kalgara-Ichibansho-One-Piece.jpg","contentUrl":"https:\/\/akatsukianime.com\/wp-content\/uploads\/2026\/02\/Kalgara-Ichibansho-One-Piece.jpg","width":1000,"height":1000,"caption":"Kalgara Ichibansho One Piece"},{"@type":"BreadcrumbList","@id":"https:\/\/akatsukianime.com\/product\/figura-kalgara-ichibansho-one-piece\/#breadcrumb","itemListElement":[{"@type":"ListItem","position":1,"name":"Portada","item":"https:\/\/akatsukianime.com\/"},{"@type":"ListItem","position":2,"name":"Tienda","item":"https:\/\/akatsukianime.com\/tienda\/"},{"@type":"ListItem","position":3,"name":"Figura Kalgara &#8211; Ichibansho &#8211; One Piece"}]},{"@type":"WebSite","@id":"https:\/\/akatsukianime.com\/#website","url":"https:\/\/akatsukianime.com\/","name":"Akatsuki anime store","description":"","potentialAction":[{"@type":"SearchAction","target":{"@type":"EntryPoint","urlTemplate":"https:\/\/akatsukianime.com\/?s={search_term_string}"},"query-input":{"@type":"PropertyValueSpecification","valueRequired":true,"valueName":"search_term_string"}}],"inLanguage":"en-US"}]}},"jetpack_sharing_enabled":true,"_links":{"self":[{"href":"https:\/\/akatsukianime.com\/en\/wp-json\/wp\/v2\/product\/7903","targetHints":{"allow":["GET"]}}],"collection":[{"href":"https:\/\/akatsukianime.com\/en\/wp-json\/wp\/v2\/product"}],"about":[{"href":"https:\/\/akatsukianime.com\/en\/wp-json\/wp\/v2\/types\/product"}],"version-history":[{"count":1,"href":"https:\/\/akatsukianime.com\/en\/wp-json\/wp\/v2\/product\/7903\/revisions"}],"predecessor-version":[{"id":7914,"href":"https:\/\/akatsukianime.com\/en\/wp-json\/wp\/v2\/product\/7903\/revisions\/7914"}],"wp:featuredmedia":[{"embeddable":true,"href":"https:\/\/akatsukianime.com\/en\/wp-json\/wp\/v2\/media\/7913"}],"wp:attachment":[{"href":"https:\/\/akatsukianime.com\/en\/wp-json\/wp\/v2\/media?parent=7903"}],"wp:term":[{"taxonomy":"product_cat","embeddable":true,"href":"https:\/\/akatsukianime.com\/en\/wp-json\/wp\/v2\/product_cat?post=7903"},{"taxonomy":"product_tag","embeddable":true,"href":"https:\/\/akatsukianime.com\/en\/wp-json\/wp\/v2\/product_tag?post=7903"}],"curies":[{"name":"wp","href":"https:\/\/api.w.org\/{rel}","templated":true}]}}