{"id":7937,"date":"2026-02-11T15:07:03","date_gmt":"2026-02-11T14:07:03","guid":{"rendered":"https:\/\/akatsukianime.com\/?post_type=product&#038;p=7937"},"modified":"2026-02-11T15:07:05","modified_gmt":"2026-02-11T14:07:05","slug":"figura-link-nendoroid-the-legend-of-zelda-the-wind-waker","status":"publish","type":"product","link":"https:\/\/akatsukianime.com\/en\/product\/figura-link-nendoroid-the-legend-of-zelda-the-wind-waker\/","title":{"rendered":"Figura Link &#8211; Nendoroid &#8211; The Legend of Zelda: The Wind Waker"},"content":{"rendered":"<h3 data-start=\"119\" data-end=\"150\">\ud83d\udcdd Descripci\u00f3n del producto<\/h3>\n<p data-start=\"152\" data-end=\"396\"><strong data-start=\"152\" data-end=\"160\">Link<\/strong>, el legendario h\u00e9roe de <strong data-start=\"185\" data-end=\"226\">The Legend of Zelda: Majora&#8217;s Mask 3D<\/strong>, se une a la popular l\u00ednea <strong data-start=\"254\" data-end=\"267\">Nendoroid<\/strong>. Esta versi\u00f3n en formato chibi recrea al protagonista del juego con gran fidelidad y una amplia variedad de accesorios ic\u00f3nicos.<\/p>\n<p data-start=\"398\" data-end=\"653\">Incluye dos expresiones faciales intercambiables: una sonrisa cl\u00e1sica y una expresi\u00f3n de combate. Adem\u00e1s, viene equipado con objetos emblem\u00e1ticos del juego como la <strong data-start=\"562\" data-end=\"579\">Espada Kokiri<\/strong>, he <strong data-start=\"584\" data-end=\"604\">Escudo del H\u00e9roe<\/strong>, una <strong data-start=\"610\" data-end=\"625\">Poci\u00f3n Roja<\/strong> y la <strong data-start=\"631\" data-end=\"652\">Capucha de Conejo<\/strong>.<\/p>\n<p data-start=\"655\" data-end=\"1012\">Tambi\u00e9n incorpora elementos clave de Majora\u2019s Mask como la <strong data-start=\"714\" data-end=\"730\">M\u00e1scara Deku<\/strong>, <strong data-start=\"732\" data-end=\"749\">M\u00e1scara Goron<\/strong> and <strong data-start=\"752\" data-end=\"768\">M\u00e1scara Zora<\/strong>, junto a su fiel hada <strong data-start=\"791\" data-end=\"799\">Tatl<\/strong>. Incluso se incluye la temible <strong data-start=\"831\" data-end=\"852\">M\u00e1scara de Majora<\/strong>, que puede colocarse en la figura. Gracias a sus m\u00faltiples accesorios y puntos de articulaci\u00f3n, podr\u00e1s recrear numerosas escenas del juego en tama\u00f1o Nendoroid.<\/p>\n<p data-start=\"1014\" data-end=\"1105\">Una pieza imprescindible para fans de Zelda y coleccionistas de figuras Good Smile Company.<\/p>\n<hr data-start=\"1107\" data-end=\"1110\" \/>\n<h3 data-start=\"1112\" data-end=\"1146\">\u2b50 Caracter\u00edsticas del producto<\/h3>\n<ul data-start=\"1147\" data-end=\"1362\">\n<li data-start=\"1147\" data-end=\"1166\">\n<p data-start=\"1149\" data-end=\"1166\">Height: <strong data-start=\"1157\" data-end=\"1166\">10 cm<\/strong><\/p>\n<\/li>\n<li data-start=\"1167\" data-end=\"1191\">\n<p data-start=\"1169\" data-end=\"1191\">Material: <strong data-start=\"1179\" data-end=\"1191\">Pl\u00e1stico<\/strong><\/p>\n<\/li>\n<li data-start=\"1192\" data-end=\"1259\">\n<p data-start=\"1194\" data-end=\"1259\">Based on the video game <strong data-start=\"1218\" data-end=\"1259\">The Legend of Zelda: Majora&#8217;s Mask 3D<\/strong><\/p>\n<\/li>\n<li data-start=\"1260\" data-end=\"1281\">\n<p data-start=\"1262\" data-end=\"1281\">L\u00ednea <strong data-start=\"1268\" data-end=\"1281\">Nendoroid<\/strong><\/p>\n<\/li>\n<li data-start=\"1282\" data-end=\"1316\">\n<p data-start=\"1284\" data-end=\"1316\">Multiple points of articulation<\/p>\n<\/li>\n<li data-start=\"1317\" data-end=\"1362\">\n<p data-start=\"1319\" data-end=\"1362\">Includes interchangeable parts and accessories<\/p>\n<\/li>\n<\/ul>\n<hr data-start=\"1364\" data-end=\"1367\" \/>\n<h3 data-start=\"1369\" data-end=\"1396\">\ud83d\udce6 Box contents<\/h3>\n<ul data-start=\"1397\" data-end=\"1641\">\n<li data-start=\"1397\" data-end=\"1414\">\n<p data-start=\"1399\" data-end=\"1414\">Figure <strong data-start=\"1406\" data-end=\"1414\">Link<\/strong><\/p>\n<\/li>\n<li data-start=\"1415\" data-end=\"1466\">\n<p data-start=\"1417\" data-end=\"1435\">2 placas faciales:<\/p>\n<ul data-start=\"1438\" data-end=\"1466\">\n<li data-start=\"1438\" data-end=\"1451\">\n<p data-start=\"1440\" data-end=\"1451\">Sonriente<\/p>\n<\/li>\n<li data-start=\"1454\" data-end=\"1466\">\n<p data-start=\"1456\" data-end=\"1466\">Gritando<\/p>\n<\/li>\n<\/ul>\n<\/li>\n<li data-start=\"1467\" data-end=\"1484\">\n<p data-start=\"1469\" data-end=\"1484\">Espada Kokiri<\/p>\n<\/li>\n<li data-start=\"1485\" data-end=\"1505\">\n<p data-start=\"1487\" data-end=\"1505\">Escudo del H\u00e9roe<\/p>\n<\/li>\n<li data-start=\"1506\" data-end=\"1521\">\n<p data-start=\"1508\" data-end=\"1521\">Poci\u00f3n Roja<\/p>\n<\/li>\n<li data-start=\"1522\" data-end=\"1543\">\n<p data-start=\"1524\" data-end=\"1543\">Capucha de Conejo<\/p>\n<\/li>\n<li data-start=\"1544\" data-end=\"1560\">\n<p data-start=\"1546\" data-end=\"1560\">M\u00e1scara Deku<\/p>\n<\/li>\n<li data-start=\"1561\" data-end=\"1578\">\n<p data-start=\"1563\" data-end=\"1578\">M\u00e1scara Goron<\/p>\n<\/li>\n<li data-start=\"1579\" data-end=\"1595\">\n<p data-start=\"1581\" data-end=\"1595\">M\u00e1scara Zora<\/p>\n<\/li>\n<li data-start=\"1596\" data-end=\"1604\">\n<p data-start=\"1598\" data-end=\"1604\">Tatl<\/p>\n<\/li>\n<li data-start=\"1605\" data-end=\"1626\">\n<p data-start=\"1607\" data-end=\"1626\">M\u00e1scara de Majora<\/p>\n<\/li>\n<li data-start=\"1627\" data-end=\"1641\">\n<p data-start=\"1629\" data-end=\"1641\">Support base<\/p>\n<\/li>\n<\/ul>","protected":false},"excerpt":{"rendered":"<p>\ud83d\udcdd Descripci\u00f3n del producto Link, el legendario h\u00e9roe de The Legend of Zelda: Majora&#8217;s Mask 3D, se une a la<\/p>","protected":false},"featured_media":7944,"template":"","meta":[],"product_cat":[280,98,65,61,60],"product_tag":[165,518,414,517,520],"class_list":{"0":"post-7937","1":"product","2":"type-product","3":"status-publish","4":"has-post-thumbnail","6":"product_cat-nendoroid","7":"product_cat-good-smile-company","8":"product_cat-figuras","9":"product_cat-novedades","10":"product_cat-otros","11":"product_tag-goodsmile-company","12":"product_tag-link","13":"product_tag-nendoroid","14":"product_tag-the-legend-of-zelda","15":"product_tag-the-wind-waker","17":"first","18":"instock","19":"sold-individually","20":"taxable","21":"shipping-taxable","22":"purchasable","23":"product-type-simple"},"yoast_head":"<!-- This site is optimized with the Yoast SEO plugin v24.2 - https:\/\/yoast.com\/wordpress\/plugins\/seo\/ -->\n<title>Figura Link - Nendoroid - The Legend of Zelda: The Wind Waker - Akatsuki anime store<\/title>\n<meta name=\"robots\" content=\"index, follow, max-snippet:-1, max-image-preview:large, max-video-preview:-1\" \/>\n<link rel=\"canonical\" href=\"https:\/\/akatsukianime.com\/en\/product\/figura-link-nendoroid-the-legend-of-zelda-the-wind-waker\/\" \/>\n<meta property=\"og:locale\" content=\"en_US\" \/>\n<meta property=\"og:type\" content=\"article\" \/>\n<meta property=\"og:title\" content=\"Figura Link - Nendoroid - The Legend of Zelda: The Wind Waker - Akatsuki anime store\" \/>\n<meta property=\"og:description\" content=\"\ud83d\udcdd Descripci\u00f3n del producto Link, el legendario h\u00e9roe de The Legend of Zelda: Majora&#8217;s Mask 3D, se une a la\" \/>\n<meta property=\"og:url\" content=\"https:\/\/akatsukianime.com\/en\/product\/figura-link-nendoroid-the-legend-of-zelda-the-wind-waker\/\" \/>\n<meta property=\"og:site_name\" content=\"Akatsuki anime store\" \/>\n<meta property=\"article:modified_time\" content=\"2026-02-11T14:07:05+00:00\" \/>\n<meta property=\"og:image\" content=\"https:\/\/akatsukianime.com\/wp-content\/uploads\/2026\/02\/Link-Nendoroid-Wind-Waker.jpg\" \/>\n\t<meta property=\"og:image:width\" content=\"1000\" \/>\n\t<meta property=\"og:image:height\" content=\"1000\" \/>\n\t<meta property=\"og:image:type\" content=\"image\/jpeg\" \/>\n<meta name=\"twitter:card\" content=\"summary_large_image\" \/>\n<meta name=\"twitter:label1\" content=\"Est. reading time\" \/>\n\t<meta name=\"twitter:data1\" content=\"2 minutes\" \/>\n<script type=\"application\/ld+json\" class=\"yoast-schema-graph\">{\"@context\":\"https:\/\/schema.org\",\"@graph\":[{\"@type\":[\"WebPage\",\"ItemPage\"],\"@id\":\"https:\/\/akatsukianime.com\/product\/figura-link-nendoroid-the-legend-of-zelda-the-wind-waker\/\",\"url\":\"https:\/\/akatsukianime.com\/product\/figura-link-nendoroid-the-legend-of-zelda-the-wind-waker\/\",\"name\":\"Figura Link - Nendoroid - The Legend of Zelda: The Wind Waker - Akatsuki anime store\",\"isPartOf\":{\"@id\":\"https:\/\/akatsukianime.com\/#website\"},\"primaryImageOfPage\":{\"@id\":\"https:\/\/akatsukianime.com\/product\/figura-link-nendoroid-the-legend-of-zelda-the-wind-waker\/#primaryimage\"},\"image\":{\"@id\":\"https:\/\/akatsukianime.com\/product\/figura-link-nendoroid-the-legend-of-zelda-the-wind-waker\/#primaryimage\"},\"thumbnailUrl\":\"https:\/\/akatsukianime.com\/wp-content\/uploads\/2026\/02\/Link-Nendoroid-Wind-Waker.jpg\",\"datePublished\":\"2026-02-11T14:07:03+00:00\",\"dateModified\":\"2026-02-11T14:07:05+00:00\",\"breadcrumb\":{\"@id\":\"https:\/\/akatsukianime.com\/product\/figura-link-nendoroid-the-legend-of-zelda-the-wind-waker\/#breadcrumb\"},\"inLanguage\":\"en-US\",\"potentialAction\":[{\"@type\":\"ReadAction\",\"target\":[\"https:\/\/akatsukianime.com\/product\/figura-link-nendoroid-the-legend-of-zelda-the-wind-waker\/\"]}]},{\"@type\":\"ImageObject\",\"inLanguage\":\"en-US\",\"@id\":\"https:\/\/akatsukianime.com\/product\/figura-link-nendoroid-the-legend-of-zelda-the-wind-waker\/#primaryimage\",\"url\":\"https:\/\/akatsukianime.com\/wp-content\/uploads\/2026\/02\/Link-Nendoroid-Wind-Waker.jpg\",\"contentUrl\":\"https:\/\/akatsukianime.com\/wp-content\/uploads\/2026\/02\/Link-Nendoroid-Wind-Waker.jpg\",\"width\":1000,\"height\":1000,\"caption\":\"Link Nendoroid Wind Waker\"},{\"@type\":\"BreadcrumbList\",\"@id\":\"https:\/\/akatsukianime.com\/product\/figura-link-nendoroid-the-legend-of-zelda-the-wind-waker\/#breadcrumb\",\"itemListElement\":[{\"@type\":\"ListItem\",\"position\":1,\"name\":\"Portada\",\"item\":\"https:\/\/akatsukianime.com\/\"},{\"@type\":\"ListItem\",\"position\":2,\"name\":\"Tienda\",\"item\":\"https:\/\/akatsukianime.com\/tienda\/\"},{\"@type\":\"ListItem\",\"position\":3,\"name\":\"Figura Link &#8211; Nendoroid &#8211; The Legend of Zelda: The Wind Waker\"}]},{\"@type\":\"WebSite\",\"@id\":\"https:\/\/akatsukianime.com\/#website\",\"url\":\"https:\/\/akatsukianime.com\/\",\"name\":\"Akatsuki anime store\",\"description\":\"\",\"potentialAction\":[{\"@type\":\"SearchAction\",\"target\":{\"@type\":\"EntryPoint\",\"urlTemplate\":\"https:\/\/akatsukianime.com\/?s={search_term_string}\"},\"query-input\":{\"@type\":\"PropertyValueSpecification\",\"valueRequired\":true,\"valueName\":\"search_term_string\"}}],\"inLanguage\":\"en-US\"}]}<\/script>\n<!-- \/ Yoast SEO plugin. -->","yoast_head_json":{"title":"Figura Link - Nendoroid - The Legend of Zelda: The Wind Waker - Akatsuki anime store","robots":{"index":"index","follow":"follow","max-snippet":"max-snippet:-1","max-image-preview":"max-image-preview:large","max-video-preview":"max-video-preview:-1"},"canonical":"https:\/\/akatsukianime.com\/en\/product\/figura-link-nendoroid-the-legend-of-zelda-the-wind-waker\/","og_locale":"en_US","og_type":"article","og_title":"Figura Link - Nendoroid - The Legend of Zelda: The Wind Waker - Akatsuki anime store","og_description":"\ud83d\udcdd Descripci\u00f3n del producto Link, el legendario h\u00e9roe de The Legend of Zelda: Majora&#8217;s Mask 3D, se une a la","og_url":"https:\/\/akatsukianime.com\/en\/product\/figura-link-nendoroid-the-legend-of-zelda-the-wind-waker\/","og_site_name":"Akatsuki anime store","article_modified_time":"2026-02-11T14:07:05+00:00","og_image":[{"width":1000,"height":1000,"url":"https:\/\/akatsukianime.com\/wp-content\/uploads\/2026\/02\/Link-Nendoroid-Wind-Waker.jpg","type":"image\/jpeg"}],"twitter_card":"summary_large_image","twitter_misc":{"Est. reading time":"2 minutes"},"schema":{"@context":"https:\/\/schema.org","@graph":[{"@type":["WebPage","ItemPage"],"@id":"https:\/\/akatsukianime.com\/product\/figura-link-nendoroid-the-legend-of-zelda-the-wind-waker\/","url":"https:\/\/akatsukianime.com\/product\/figura-link-nendoroid-the-legend-of-zelda-the-wind-waker\/","name":"Figura Link - Nendoroid - The Legend of Zelda: The Wind Waker - Akatsuki anime store","isPartOf":{"@id":"https:\/\/akatsukianime.com\/#website"},"primaryImageOfPage":{"@id":"https:\/\/akatsukianime.com\/product\/figura-link-nendoroid-the-legend-of-zelda-the-wind-waker\/#primaryimage"},"image":{"@id":"https:\/\/akatsukianime.com\/product\/figura-link-nendoroid-the-legend-of-zelda-the-wind-waker\/#primaryimage"},"thumbnailUrl":"https:\/\/akatsukianime.com\/wp-content\/uploads\/2026\/02\/Link-Nendoroid-Wind-Waker.jpg","datePublished":"2026-02-11T14:07:03+00:00","dateModified":"2026-02-11T14:07:05+00:00","breadcrumb":{"@id":"https:\/\/akatsukianime.com\/product\/figura-link-nendoroid-the-legend-of-zelda-the-wind-waker\/#breadcrumb"},"inLanguage":"en-US","potentialAction":[{"@type":"ReadAction","target":["https:\/\/akatsukianime.com\/product\/figura-link-nendoroid-the-legend-of-zelda-the-wind-waker\/"]}]},{"@type":"ImageObject","inLanguage":"en-US","@id":"https:\/\/akatsukianime.com\/product\/figura-link-nendoroid-the-legend-of-zelda-the-wind-waker\/#primaryimage","url":"https:\/\/akatsukianime.com\/wp-content\/uploads\/2026\/02\/Link-Nendoroid-Wind-Waker.jpg","contentUrl":"https:\/\/akatsukianime.com\/wp-content\/uploads\/2026\/02\/Link-Nendoroid-Wind-Waker.jpg","width":1000,"height":1000,"caption":"Link Nendoroid Wind Waker"},{"@type":"BreadcrumbList","@id":"https:\/\/akatsukianime.com\/product\/figura-link-nendoroid-the-legend-of-zelda-the-wind-waker\/#breadcrumb","itemListElement":[{"@type":"ListItem","position":1,"name":"Portada","item":"https:\/\/akatsukianime.com\/"},{"@type":"ListItem","position":2,"name":"Tienda","item":"https:\/\/akatsukianime.com\/tienda\/"},{"@type":"ListItem","position":3,"name":"Figura Link &#8211; Nendoroid &#8211; The Legend of Zelda: The Wind Waker"}]},{"@type":"WebSite","@id":"https:\/\/akatsukianime.com\/#website","url":"https:\/\/akatsukianime.com\/","name":"Akatsuki anime store","description":"","potentialAction":[{"@type":"SearchAction","target":{"@type":"EntryPoint","urlTemplate":"https:\/\/akatsukianime.com\/?s={search_term_string}"},"query-input":{"@type":"PropertyValueSpecification","valueRequired":true,"valueName":"search_term_string"}}],"inLanguage":"en-US"}]}},"jetpack_sharing_enabled":true,"_links":{"self":[{"href":"https:\/\/akatsukianime.com\/en\/wp-json\/wp\/v2\/product\/7937","targetHints":{"allow":["GET"]}}],"collection":[{"href":"https:\/\/akatsukianime.com\/en\/wp-json\/wp\/v2\/product"}],"about":[{"href":"https:\/\/akatsukianime.com\/en\/wp-json\/wp\/v2\/types\/product"}],"version-history":[{"count":1,"href":"https:\/\/akatsukianime.com\/en\/wp-json\/wp\/v2\/product\/7937\/revisions"}],"predecessor-version":[{"id":7945,"href":"https:\/\/akatsukianime.com\/en\/wp-json\/wp\/v2\/product\/7937\/revisions\/7945"}],"wp:featuredmedia":[{"embeddable":true,"href":"https:\/\/akatsukianime.com\/en\/wp-json\/wp\/v2\/media\/7944"}],"wp:attachment":[{"href":"https:\/\/akatsukianime.com\/en\/wp-json\/wp\/v2\/media?parent=7937"}],"wp:term":[{"taxonomy":"product_cat","embeddable":true,"href":"https:\/\/akatsukianime.com\/en\/wp-json\/wp\/v2\/product_cat?post=7937"},{"taxonomy":"product_tag","embeddable":true,"href":"https:\/\/akatsukianime.com\/en\/wp-json\/wp\/v2\/product_tag?post=7937"}],"curies":[{"name":"wp","href":"https:\/\/api.w.org\/{rel}","templated":true}]}}