{"id":7946,"date":"2026-02-11T15:18:19","date_gmt":"2026-02-11T14:18:19","guid":{"rendered":"https:\/\/akatsukianime.com\/?post_type=product&#038;p=7946"},"modified":"2026-03-28T16:22:52","modified_gmt":"2026-03-28T15:22:52","slug":"figura-link-dx-ver-nendoroid-the-legend-of-zelda-breath-of-the-wild","status":"publish","type":"product","link":"https:\/\/akatsukianime.com\/en\/product\/figura-link-dx-ver-nendoroid-the-legend-of-zelda-breath-of-the-wild\/","title":{"rendered":"Figura Link DX ver. &#8211; Nendoroid &#8211; The Legend of Zelda: Breath of the Wild"},"content":{"rendered":"<h3 data-start=\"86\" data-end=\"117\">\ud83d\udcdd Descripci\u00f3n del producto<\/h3>\n<p data-start=\"119\" data-end=\"289\"><strong data-start=\"119\" data-end=\"173\">Nendoroid Link: Breath of the Wild Ver. DX Edition<\/strong> regresa en esta esperada reedici\u00f3n inspirada en el aclamado videojuego <strong data-start=\"245\" data-end=\"288\">The Legend of Zelda: Breath of the Wild<\/strong>.<\/p>\n<p data-start=\"291\" data-end=\"508\">This <strong data-start=\"296\" data-end=\"310\">edici\u00f3n DX<\/strong> incluye una gran cantidad de accesorios adicionales para recrear a\u00fan m\u00e1s escenas del juego. Link incorpora dos expresiones faciales intercambiables: una sonrisa y una expresi\u00f3n de combate gritando.<\/p>\n<p data-start=\"510\" data-end=\"820\">Entre sus accesorios se encuentran el <strong data-start=\"548\" data-end=\"565\">arco y flecha<\/strong>, <strong data-start=\"567\" data-end=\"577\">carcaj<\/strong>, <strong data-start=\"579\" data-end=\"589\">espada<\/strong>, <strong data-start=\"591\" data-end=\"600\">vaina<\/strong>, <strong data-start=\"602\" data-end=\"612\">escudo<\/strong> y la ic\u00f3nica <strong data-start=\"626\" data-end=\"645\">Tableta Sheikah<\/strong>. Adem\u00e1s, esta versi\u00f3n DX a\u00f1ade un <strong data-start=\"680\" data-end=\"689\">hacha<\/strong>, <strong data-start=\"691\" data-end=\"702\">garrote<\/strong>, <strong data-start=\"704\" data-end=\"722\">muslo de pollo<\/strong>, su <strong data-start=\"727\" data-end=\"738\">capucha<\/strong> y hasta un <strong data-start=\"750\" data-end=\"761\">caballo<\/strong> para recrear las aventuras por Hyrule con total fidelidad.<\/p>\n<p data-start=\"822\" data-end=\"984\">Gracias a sus m\u00faltiples puntos de articulaci\u00f3n y la gran variedad de piezas intercambiables, podr\u00e1s crear escenas din\u00e1micas y fieles al juego en tama\u00f1o Nendoroid.<\/p>\n<p data-start=\"986\" data-end=\"1050\"><em data-start=\"986\" data-end=\"1050\">Otras figuras mostradas no incluidas (se venden por separado).<\/em><\/p>\n<hr data-start=\"1052\" data-end=\"1055\" \/>\n<h3 data-start=\"1057\" data-end=\"1091\">\u2b50 Caracter\u00edsticas del producto<\/h3>\n<ul data-start=\"1092\" data-end=\"1361\">\n<li data-start=\"1092\" data-end=\"1111\">\n<p data-start=\"1094\" data-end=\"1111\">Height: <strong data-start=\"1102\" data-end=\"1111\">10 cm<\/strong><\/p>\n<\/li>\n<li data-start=\"1112\" data-end=\"1136\">\n<p data-start=\"1114\" data-end=\"1136\">Material: <strong data-start=\"1124\" data-end=\"1136\">Pl\u00e1stico<\/strong><\/p>\n<\/li>\n<li data-start=\"1137\" data-end=\"1206\">\n<p data-start=\"1139\" data-end=\"1206\">Based on the video game <strong data-start=\"1163\" data-end=\"1206\">The Legend of Zelda: Breath of the Wild<\/strong><\/p>\n<\/li>\n<li data-start=\"1207\" data-end=\"1228\">\n<p data-start=\"1209\" data-end=\"1228\">L\u00ednea <strong data-start=\"1215\" data-end=\"1228\">Nendoroid<\/strong><\/p>\n<\/li>\n<li data-start=\"1229\" data-end=\"1263\">\n<p data-start=\"1231\" data-end=\"1263\">Multiple points of articulation<\/p>\n<\/li>\n<li data-start=\"1264\" data-end=\"1309\">\n<p data-start=\"1266\" data-end=\"1309\">Includes interchangeable parts and accessories<\/p>\n<\/li>\n<li data-start=\"1310\" data-end=\"1361\">\n<p data-start=\"1312\" data-end=\"1361\">Versi\u00f3n <strong data-start=\"1320\" data-end=\"1334\">DX Edition<\/strong> con accesorios adicionales<\/p>\n<\/li>\n<\/ul>\n<hr data-start=\"1363\" data-end=\"1366\" \/>\n<h3 data-start=\"1368\" data-end=\"1395\">\ud83d\udce6 Box contents<\/h3>\n<ul data-start=\"1396\" data-end=\"1665\">\n<li data-start=\"1396\" data-end=\"1413\">\n<p data-start=\"1398\" data-end=\"1413\">Figure <strong data-start=\"1405\" data-end=\"1413\">Link<\/strong><\/p>\n<\/li>\n<li data-start=\"1414\" data-end=\"1465\">\n<p data-start=\"1416\" data-end=\"1434\">2 placas faciales:<\/p>\n<ul data-start=\"1437\" data-end=\"1465\">\n<li data-start=\"1437\" data-end=\"1450\">\n<p data-start=\"1439\" data-end=\"1450\">Sonriente<\/p>\n<\/li>\n<li data-start=\"1453\" data-end=\"1465\">\n<p data-start=\"1455\" data-end=\"1465\">Gritando<\/p>\n<\/li>\n<\/ul>\n<\/li>\n<li data-start=\"1466\" data-end=\"1477\">\n<p data-start=\"1468\" data-end=\"1477\">Capucha<\/p>\n<\/li>\n<li data-start=\"1478\" data-end=\"1486\">\n<p data-start=\"1480\" data-end=\"1486\">Arco<\/p>\n<\/li>\n<li data-start=\"1487\" data-end=\"1497\">\n<p data-start=\"1489\" data-end=\"1497\">Flecha<\/p>\n<\/li>\n<li data-start=\"1498\" data-end=\"1508\">\n<p data-start=\"1500\" data-end=\"1508\">Carcaj<\/p>\n<\/li>\n<li data-start=\"1509\" data-end=\"1519\">\n<p data-start=\"1511\" data-end=\"1519\">Sword<\/p>\n<\/li>\n<li data-start=\"1520\" data-end=\"1529\">\n<p data-start=\"1522\" data-end=\"1529\">Vaina<\/p>\n<\/li>\n<li data-start=\"1530\" data-end=\"1540\">\n<p data-start=\"1532\" data-end=\"1540\">Shield<\/p>\n<\/li>\n<li data-start=\"1541\" data-end=\"1560\">\n<p data-start=\"1543\" data-end=\"1560\">Tableta Sheikah<\/p>\n<\/li>\n<li data-start=\"1561\" data-end=\"1570\">\n<p data-start=\"1563\" data-end=\"1570\">Axe<\/p>\n<\/li>\n<li data-start=\"1571\" data-end=\"1582\">\n<p data-start=\"1573\" data-end=\"1582\">Garrote<\/p>\n<\/li>\n<li data-start=\"1583\" data-end=\"1601\">\n<p data-start=\"1585\" data-end=\"1601\">Muslo de pollo<\/p>\n<\/li>\n<li data-start=\"1602\" data-end=\"1623\">\n<p data-start=\"1604\" data-end=\"1623\">Figura de caballo<\/p>\n<\/li>\n<li data-start=\"1624\" data-end=\"1646\">\n<p data-start=\"1626\" data-end=\"1646\">Soporte articulado<\/p>\n<\/li>\n<li data-start=\"1647\" data-end=\"1665\">\n<p data-start=\"1649\" data-end=\"1665\">Base Nendoroid<\/p>\n<\/li>\n<\/ul>","protected":false},"excerpt":{"rendered":"<p>\ud83d\udcdd Descripci\u00f3n del producto Nendoroid Link: Breath of the Wild Ver. DX Edition regresa en esta esperada reedici\u00f3n inspirada en<\/p>","protected":false},"featured_media":7962,"template":"","meta":[],"product_cat":[280,98,65,61,60],"product_tag":[521,165,518,414,519,517],"class_list":{"0":"post-7946","1":"product","2":"type-product","3":"status-publish","4":"has-post-thumbnail","6":"product_cat-nendoroid","7":"product_cat-good-smile-company","8":"product_cat-figuras","9":"product_cat-novedades","10":"product_cat-otros","11":"product_tag-breath-of-the-wild","12":"product_tag-goodsmile-company","13":"product_tag-link","14":"product_tag-nendoroid","15":"product_tag-nintendo","16":"product_tag-the-legend-of-zelda","18":"first","19":"outofstock","20":"sold-individually","21":"taxable","22":"shipping-taxable","23":"purchasable","24":"product-type-simple"},"yoast_head":"<!-- This site is optimized with the Yoast SEO plugin v24.2 - https:\/\/yoast.com\/wordpress\/plugins\/seo\/ -->\n<title>Figura Link DX ver. - Nendoroid - The Legend of Zelda: Breath of the Wild - Akatsuki anime store<\/title>\n<meta name=\"description\" content=\"Figura Link Nendoroid Breath of the Wild DX con caballo y m\u00faltiples accesorios. 10 cm articulable, ideal para fans de Zelda.\" \/>\n<meta name=\"robots\" content=\"index, follow, max-snippet:-1, max-image-preview:large, max-video-preview:-1\" \/>\n<link rel=\"canonical\" href=\"https:\/\/akatsukianime.com\/en\/product\/figura-link-dx-ver-nendoroid-the-legend-of-zelda-breath-of-the-wild\/\" \/>\n<meta property=\"og:locale\" content=\"en_US\" \/>\n<meta property=\"og:type\" content=\"article\" \/>\n<meta property=\"og:title\" content=\"Figura Link DX ver. - Nendoroid - The Legend of Zelda: Breath of the Wild - Akatsuki anime store\" \/>\n<meta property=\"og:description\" content=\"Figura Link Nendoroid Breath of the Wild DX con caballo y m\u00faltiples accesorios. 10 cm articulable, ideal para fans de Zelda.\" \/>\n<meta property=\"og:url\" content=\"https:\/\/akatsukianime.com\/en\/product\/figura-link-dx-ver-nendoroid-the-legend-of-zelda-breath-of-the-wild\/\" \/>\n<meta property=\"og:site_name\" content=\"Akatsuki anime store\" \/>\n<meta property=\"article:modified_time\" content=\"2026-03-28T15:22:52+00:00\" \/>\n<meta property=\"og:image\" content=\"https:\/\/akatsukianime.com\/wp-content\/uploads\/2026\/02\/Link-Nendoroid-Breath-Wild-13.jpg\" \/>\n\t<meta property=\"og:image:width\" content=\"1000\" \/>\n\t<meta property=\"og:image:height\" content=\"1000\" \/>\n\t<meta property=\"og:image:type\" content=\"image\/jpeg\" \/>\n<meta name=\"twitter:card\" content=\"summary_large_image\" \/>\n<meta name=\"twitter:label1\" content=\"Est. reading time\" \/>\n\t<meta name=\"twitter:data1\" content=\"2 minutes\" \/>\n<script type=\"application\/ld+json\" class=\"yoast-schema-graph\">{\"@context\":\"https:\/\/schema.org\",\"@graph\":[{\"@type\":[\"WebPage\",\"ItemPage\"],\"@id\":\"https:\/\/akatsukianime.com\/product\/figura-link-dx-ver-nendoroid-the-legend-of-zelda-breath-of-the-wild\/\",\"url\":\"https:\/\/akatsukianime.com\/product\/figura-link-dx-ver-nendoroid-the-legend-of-zelda-breath-of-the-wild\/\",\"name\":\"Figura Link DX ver. - Nendoroid - The Legend of Zelda: Breath of the Wild - Akatsuki anime store\",\"isPartOf\":{\"@id\":\"https:\/\/akatsukianime.com\/#website\"},\"primaryImageOfPage\":{\"@id\":\"https:\/\/akatsukianime.com\/product\/figura-link-dx-ver-nendoroid-the-legend-of-zelda-breath-of-the-wild\/#primaryimage\"},\"image\":{\"@id\":\"https:\/\/akatsukianime.com\/product\/figura-link-dx-ver-nendoroid-the-legend-of-zelda-breath-of-the-wild\/#primaryimage\"},\"thumbnailUrl\":\"https:\/\/akatsukianime.com\/wp-content\/uploads\/2026\/02\/Link-Nendoroid-Breath-Wild-13.jpg\",\"datePublished\":\"2026-02-11T14:18:19+00:00\",\"dateModified\":\"2026-03-28T15:22:52+00:00\",\"description\":\"Figura Link Nendoroid Breath of the Wild DX con caballo y m\u00faltiples accesorios. 10 cm articulable, ideal para fans de Zelda.\",\"breadcrumb\":{\"@id\":\"https:\/\/akatsukianime.com\/product\/figura-link-dx-ver-nendoroid-the-legend-of-zelda-breath-of-the-wild\/#breadcrumb\"},\"inLanguage\":\"en-US\",\"potentialAction\":[{\"@type\":\"ReadAction\",\"target\":[\"https:\/\/akatsukianime.com\/product\/figura-link-dx-ver-nendoroid-the-legend-of-zelda-breath-of-the-wild\/\"]}]},{\"@type\":\"ImageObject\",\"inLanguage\":\"en-US\",\"@id\":\"https:\/\/akatsukianime.com\/product\/figura-link-dx-ver-nendoroid-the-legend-of-zelda-breath-of-the-wild\/#primaryimage\",\"url\":\"https:\/\/akatsukianime.com\/wp-content\/uploads\/2026\/02\/Link-Nendoroid-Breath-Wild-13.jpg\",\"contentUrl\":\"https:\/\/akatsukianime.com\/wp-content\/uploads\/2026\/02\/Link-Nendoroid-Breath-Wild-13.jpg\",\"width\":1000,\"height\":1000},{\"@type\":\"BreadcrumbList\",\"@id\":\"https:\/\/akatsukianime.com\/product\/figura-link-dx-ver-nendoroid-the-legend-of-zelda-breath-of-the-wild\/#breadcrumb\",\"itemListElement\":[{\"@type\":\"ListItem\",\"position\":1,\"name\":\"Portada\",\"item\":\"https:\/\/akatsukianime.com\/\"},{\"@type\":\"ListItem\",\"position\":2,\"name\":\"Tienda\",\"item\":\"https:\/\/akatsukianime.com\/tienda\/\"},{\"@type\":\"ListItem\",\"position\":3,\"name\":\"Figura Link DX ver. &#8211; Nendoroid &#8211; The Legend of Zelda: Breath of the Wild\"}]},{\"@type\":\"WebSite\",\"@id\":\"https:\/\/akatsukianime.com\/#website\",\"url\":\"https:\/\/akatsukianime.com\/\",\"name\":\"Akatsuki anime store\",\"description\":\"\",\"potentialAction\":[{\"@type\":\"SearchAction\",\"target\":{\"@type\":\"EntryPoint\",\"urlTemplate\":\"https:\/\/akatsukianime.com\/?s={search_term_string}\"},\"query-input\":{\"@type\":\"PropertyValueSpecification\",\"valueRequired\":true,\"valueName\":\"search_term_string\"}}],\"inLanguage\":\"en-US\"}]}<\/script>\n<!-- \/ Yoast SEO plugin. -->","yoast_head_json":{"title":"Figura Link DX ver. - Nendoroid - The Legend of Zelda: Breath of the Wild - Akatsuki anime store","description":"Figura Link Nendoroid Breath of the Wild DX con caballo y m\u00faltiples accesorios. 10 cm articulable, ideal para fans de Zelda.","robots":{"index":"index","follow":"follow","max-snippet":"max-snippet:-1","max-image-preview":"max-image-preview:large","max-video-preview":"max-video-preview:-1"},"canonical":"https:\/\/akatsukianime.com\/en\/product\/figura-link-dx-ver-nendoroid-the-legend-of-zelda-breath-of-the-wild\/","og_locale":"en_US","og_type":"article","og_title":"Figura Link DX ver. - Nendoroid - The Legend of Zelda: Breath of the Wild - Akatsuki anime store","og_description":"Figura Link Nendoroid Breath of the Wild DX con caballo y m\u00faltiples accesorios. 10 cm articulable, ideal para fans de Zelda.","og_url":"https:\/\/akatsukianime.com\/en\/product\/figura-link-dx-ver-nendoroid-the-legend-of-zelda-breath-of-the-wild\/","og_site_name":"Akatsuki anime store","article_modified_time":"2026-03-28T15:22:52+00:00","og_image":[{"width":1000,"height":1000,"url":"https:\/\/akatsukianime.com\/wp-content\/uploads\/2026\/02\/Link-Nendoroid-Breath-Wild-13.jpg","type":"image\/jpeg"}],"twitter_card":"summary_large_image","twitter_misc":{"Est. reading time":"2 minutes"},"schema":{"@context":"https:\/\/schema.org","@graph":[{"@type":["WebPage","ItemPage"],"@id":"https:\/\/akatsukianime.com\/product\/figura-link-dx-ver-nendoroid-the-legend-of-zelda-breath-of-the-wild\/","url":"https:\/\/akatsukianime.com\/product\/figura-link-dx-ver-nendoroid-the-legend-of-zelda-breath-of-the-wild\/","name":"Figura Link DX ver. - Nendoroid - The Legend of Zelda: Breath of the Wild - Akatsuki anime store","isPartOf":{"@id":"https:\/\/akatsukianime.com\/#website"},"primaryImageOfPage":{"@id":"https:\/\/akatsukianime.com\/product\/figura-link-dx-ver-nendoroid-the-legend-of-zelda-breath-of-the-wild\/#primaryimage"},"image":{"@id":"https:\/\/akatsukianime.com\/product\/figura-link-dx-ver-nendoroid-the-legend-of-zelda-breath-of-the-wild\/#primaryimage"},"thumbnailUrl":"https:\/\/akatsukianime.com\/wp-content\/uploads\/2026\/02\/Link-Nendoroid-Breath-Wild-13.jpg","datePublished":"2026-02-11T14:18:19+00:00","dateModified":"2026-03-28T15:22:52+00:00","description":"Figura Link Nendoroid Breath of the Wild DX con caballo y m\u00faltiples accesorios. 10 cm articulable, ideal para fans de Zelda.","breadcrumb":{"@id":"https:\/\/akatsukianime.com\/product\/figura-link-dx-ver-nendoroid-the-legend-of-zelda-breath-of-the-wild\/#breadcrumb"},"inLanguage":"en-US","potentialAction":[{"@type":"ReadAction","target":["https:\/\/akatsukianime.com\/product\/figura-link-dx-ver-nendoroid-the-legend-of-zelda-breath-of-the-wild\/"]}]},{"@type":"ImageObject","inLanguage":"en-US","@id":"https:\/\/akatsukianime.com\/product\/figura-link-dx-ver-nendoroid-the-legend-of-zelda-breath-of-the-wild\/#primaryimage","url":"https:\/\/akatsukianime.com\/wp-content\/uploads\/2026\/02\/Link-Nendoroid-Breath-Wild-13.jpg","contentUrl":"https:\/\/akatsukianime.com\/wp-content\/uploads\/2026\/02\/Link-Nendoroid-Breath-Wild-13.jpg","width":1000,"height":1000},{"@type":"BreadcrumbList","@id":"https:\/\/akatsukianime.com\/product\/figura-link-dx-ver-nendoroid-the-legend-of-zelda-breath-of-the-wild\/#breadcrumb","itemListElement":[{"@type":"ListItem","position":1,"name":"Portada","item":"https:\/\/akatsukianime.com\/"},{"@type":"ListItem","position":2,"name":"Tienda","item":"https:\/\/akatsukianime.com\/tienda\/"},{"@type":"ListItem","position":3,"name":"Figura Link DX ver. &#8211; Nendoroid &#8211; The Legend of Zelda: Breath of the Wild"}]},{"@type":"WebSite","@id":"https:\/\/akatsukianime.com\/#website","url":"https:\/\/akatsukianime.com\/","name":"Akatsuki anime store","description":"","potentialAction":[{"@type":"SearchAction","target":{"@type":"EntryPoint","urlTemplate":"https:\/\/akatsukianime.com\/?s={search_term_string}"},"query-input":{"@type":"PropertyValueSpecification","valueRequired":true,"valueName":"search_term_string"}}],"inLanguage":"en-US"}]}},"jetpack_sharing_enabled":true,"_links":{"self":[{"href":"https:\/\/akatsukianime.com\/en\/wp-json\/wp\/v2\/product\/7946","targetHints":{"allow":["GET"]}}],"collection":[{"href":"https:\/\/akatsukianime.com\/en\/wp-json\/wp\/v2\/product"}],"about":[{"href":"https:\/\/akatsukianime.com\/en\/wp-json\/wp\/v2\/types\/product"}],"version-history":[{"count":1,"href":"https:\/\/akatsukianime.com\/en\/wp-json\/wp\/v2\/product\/7946\/revisions"}],"predecessor-version":[{"id":7964,"href":"https:\/\/akatsukianime.com\/en\/wp-json\/wp\/v2\/product\/7946\/revisions\/7964"}],"wp:featuredmedia":[{"embeddable":true,"href":"https:\/\/akatsukianime.com\/en\/wp-json\/wp\/v2\/media\/7962"}],"wp:attachment":[{"href":"https:\/\/akatsukianime.com\/en\/wp-json\/wp\/v2\/media?parent=7946"}],"wp:term":[{"taxonomy":"product_cat","embeddable":true,"href":"https:\/\/akatsukianime.com\/en\/wp-json\/wp\/v2\/product_cat?post=7946"},{"taxonomy":"product_tag","embeddable":true,"href":"https:\/\/akatsukianime.com\/en\/wp-json\/wp\/v2\/product_tag?post=7946"}],"curies":[{"name":"wp","href":"https:\/\/api.w.org\/{rel}","templated":true}]}}