{"id":7978,"date":"2026-02-11T16:33:53","date_gmt":"2026-02-11T15:33:53","guid":{"rendered":"https:\/\/akatsukianime.com\/?post_type=product&#038;p=7978"},"modified":"2026-02-11T16:33:55","modified_gmt":"2026-02-11T15:33:55","slug":"figura-hatsune-miku-cenicienta-wonderland-vocaloid","status":"publish","type":"product","link":"https:\/\/akatsukianime.com\/en\/product\/figura-hatsune-miku-cenicienta-wonderland-vocaloid\/","title":{"rendered":"Figura Hatsune Miku (Cenicienta) &#8211; Wonderland &#8211; Vocaloid"},"content":{"rendered":"<h3 data-start=\"70\" data-end=\"101\">\ud83d\udcdd Descripci\u00f3n del producto<\/h3>\n<p data-start=\"103\" data-end=\"210\">Llega una nueva versi\u00f3n de la popular idol virtual en la l\u00ednea Wonderland: <strong data-start=\"178\" data-end=\"210\">Hatsune Miku Cenicienta Ver.<\/strong><\/p>\n<p data-start=\"212\" data-end=\"516\">Esta estatua de <strong data-start=\"228\" data-end=\"237\">18 cm<\/strong> presenta a Miku con un elegante atuendo inspirado en <strong data-start=\"291\" data-end=\"305\">Cenicienta<\/strong>, con un dise\u00f1o delicado y detalles cuidadosamente esculpidos que resaltan su estilo m\u00e1gico y encantador. La pose din\u00e1mica y los acabados en PVC realzan el movimiento del vestido y la esencia de cuento de hadas.<\/p>\n<p data-start=\"518\" data-end=\"616\">Una pieza ideal para coleccionistas de Hatsune Miku y amantes de las figuras con tem\u00e1tica cl\u00e1sica.<\/p>\n<h3 data-start=\"623\" data-end=\"657\">\u2b50 Caracter\u00edsticas del producto<\/h3>\n<ul data-start=\"658\" data-end=\"821\">\n<li data-start=\"658\" data-end=\"677\">\n<p data-start=\"660\" data-end=\"677\">Height: <strong data-start=\"668\" data-end=\"677\">18 cm<\/strong><\/p>\n<\/li>\n<li data-start=\"678\" data-end=\"697\">\n<p data-start=\"680\" data-end=\"697\">Material: <strong data-start=\"690\" data-end=\"697\">PVC<\/strong><\/p>\n<\/li>\n<li data-start=\"698\" data-end=\"727\">\n<p data-start=\"700\" data-end=\"727\">Personaje: <strong data-start=\"711\" data-end=\"727\">Hatsune Miku<\/strong><\/p>\n<\/li>\n<li data-start=\"728\" data-end=\"769\">\n<p data-start=\"730\" data-end=\"769\">Version: <strong data-start=\"739\" data-end=\"769\">Wonderland CenicientaVer.<\/strong><\/p>\n<\/li>\n<li data-start=\"770\" data-end=\"792\">\n<p data-start=\"772\" data-end=\"792\">Non-articulated figure<\/p>\n<\/li>\n<li data-start=\"793\" data-end=\"821\">\n<p data-start=\"795\" data-end=\"821\">Excelente nivel de detalle<\/p>\n<\/li>\n<\/ul>\n<h3 data-start=\"828\" data-end=\"855\">\ud83d\udce6 Box contents<\/h3>\n<ul data-start=\"856\" data-end=\"897\">\n<li data-start=\"856\" data-end=\"897\">\n<p data-start=\"858\" data-end=\"897\">Figure <strong data-start=\"865\" data-end=\"897\">Hatsune Miku CenicientaVer.<\/strong><\/p>\n<\/li>\n<\/ul>","protected":false},"excerpt":{"rendered":"<p>\ud83d\udcdd Descripci\u00f3n del producto Llega una nueva versi\u00f3n de la popular idol virtual en la l\u00ednea Wonderland: Hatsune Miku Cenicienta<\/p>","protected":false},"featured_media":7982,"template":"","meta":[],"product_cat":[102,65,61,49],"product_tag":[337,233,122,139,322],"class_list":{"0":"post-7978","1":"product","2":"type-product","3":"status-publish","4":"has-post-thumbnail","6":"product_cat-taito","7":"product_cat-figuras","8":"product_cat-novedades","9":"product_cat-hatsune-miku","10":"product_tag-figura","11":"product_tag-hatsune-miku","12":"product_tag-taito","13":"product_tag-vocaloid","14":"product_tag-wonderland","16":"first","17":"instock","18":"sold-individually","19":"taxable","20":"shipping-taxable","21":"purchasable","22":"product-type-simple"},"yoast_head":"<!-- This site is optimized with the Yoast SEO plugin v24.2 - https:\/\/yoast.com\/wordpress\/plugins\/seo\/ -->\n<title>Figura Hatsune Miku (Cenicienta) - Wonderland - Vocaloid - Akatsuki anime store<\/title>\n<meta name=\"description\" content=\"Figura de Hatsune Miku Wonderland Cenicienta Ver. 18 cm por Taito. Dise\u00f1o original estilo cuento de hadas, ideal para colecci\u00f3n.\" \/>\n<meta name=\"robots\" content=\"index, follow, max-snippet:-1, max-image-preview:large, max-video-preview:-1\" \/>\n<link rel=\"canonical\" href=\"https:\/\/akatsukianime.com\/en\/product\/figura-hatsune-miku-cenicienta-wonderland-vocaloid\/\" \/>\n<meta property=\"og:locale\" content=\"en_US\" \/>\n<meta property=\"og:type\" content=\"article\" \/>\n<meta property=\"og:title\" content=\"Figura Hatsune Miku (Cenicienta) - Wonderland - Vocaloid - Akatsuki anime store\" \/>\n<meta property=\"og:description\" content=\"Figura de Hatsune Miku Wonderland Cenicienta Ver. 18 cm por Taito. Dise\u00f1o original estilo cuento de hadas, ideal para colecci\u00f3n.\" \/>\n<meta property=\"og:url\" content=\"https:\/\/akatsukianime.com\/en\/product\/figura-hatsune-miku-cenicienta-wonderland-vocaloid\/\" \/>\n<meta property=\"og:site_name\" content=\"Akatsuki anime store\" \/>\n<meta property=\"article:modified_time\" content=\"2026-02-11T15:33:55+00:00\" \/>\n<meta property=\"og:image\" content=\"https:\/\/akatsukianime.com\/wp-content\/uploads\/2026\/02\/figura-hatsune-miku-cenicienta.jpg\" \/>\n\t<meta property=\"og:image:width\" content=\"1000\" \/>\n\t<meta property=\"og:image:height\" content=\"1000\" \/>\n\t<meta property=\"og:image:type\" content=\"image\/jpeg\" \/>\n<meta name=\"twitter:card\" content=\"summary_large_image\" \/>\n<meta name=\"twitter:label1\" content=\"Est. reading time\" \/>\n\t<meta name=\"twitter:data1\" content=\"1 minute\" \/>\n<script type=\"application\/ld+json\" class=\"yoast-schema-graph\">{\"@context\":\"https:\/\/schema.org\",\"@graph\":[{\"@type\":[\"WebPage\",\"ItemPage\"],\"@id\":\"https:\/\/akatsukianime.com\/product\/figura-hatsune-miku-cenicienta-wonderland-vocaloid\/\",\"url\":\"https:\/\/akatsukianime.com\/product\/figura-hatsune-miku-cenicienta-wonderland-vocaloid\/\",\"name\":\"Figura Hatsune Miku (Cenicienta) - Wonderland - Vocaloid - Akatsuki anime store\",\"isPartOf\":{\"@id\":\"https:\/\/akatsukianime.com\/#website\"},\"primaryImageOfPage\":{\"@id\":\"https:\/\/akatsukianime.com\/product\/figura-hatsune-miku-cenicienta-wonderland-vocaloid\/#primaryimage\"},\"image\":{\"@id\":\"https:\/\/akatsukianime.com\/product\/figura-hatsune-miku-cenicienta-wonderland-vocaloid\/#primaryimage\"},\"thumbnailUrl\":\"https:\/\/akatsukianime.com\/wp-content\/uploads\/2026\/02\/figura-hatsune-miku-cenicienta.jpg\",\"datePublished\":\"2026-02-11T15:33:53+00:00\",\"dateModified\":\"2026-02-11T15:33:55+00:00\",\"description\":\"Figura de Hatsune Miku Wonderland Cenicienta Ver. 18 cm por Taito. Dise\u00f1o original estilo cuento de hadas, ideal para colecci\u00f3n.\",\"breadcrumb\":{\"@id\":\"https:\/\/akatsukianime.com\/product\/figura-hatsune-miku-cenicienta-wonderland-vocaloid\/#breadcrumb\"},\"inLanguage\":\"en-US\",\"potentialAction\":[{\"@type\":\"ReadAction\",\"target\":[\"https:\/\/akatsukianime.com\/product\/figura-hatsune-miku-cenicienta-wonderland-vocaloid\/\"]}]},{\"@type\":\"ImageObject\",\"inLanguage\":\"en-US\",\"@id\":\"https:\/\/akatsukianime.com\/product\/figura-hatsune-miku-cenicienta-wonderland-vocaloid\/#primaryimage\",\"url\":\"https:\/\/akatsukianime.com\/wp-content\/uploads\/2026\/02\/figura-hatsune-miku-cenicienta.jpg\",\"contentUrl\":\"https:\/\/akatsukianime.com\/wp-content\/uploads\/2026\/02\/figura-hatsune-miku-cenicienta.jpg\",\"width\":1000,\"height\":1000,\"caption\":\"figura hatsune miku cenicienta\"},{\"@type\":\"BreadcrumbList\",\"@id\":\"https:\/\/akatsukianime.com\/product\/figura-hatsune-miku-cenicienta-wonderland-vocaloid\/#breadcrumb\",\"itemListElement\":[{\"@type\":\"ListItem\",\"position\":1,\"name\":\"Portada\",\"item\":\"https:\/\/akatsukianime.com\/\"},{\"@type\":\"ListItem\",\"position\":2,\"name\":\"Tienda\",\"item\":\"https:\/\/akatsukianime.com\/tienda\/\"},{\"@type\":\"ListItem\",\"position\":3,\"name\":\"Figura Hatsune Miku (Cenicienta) &#8211; Wonderland &#8211; Vocaloid\"}]},{\"@type\":\"WebSite\",\"@id\":\"https:\/\/akatsukianime.com\/#website\",\"url\":\"https:\/\/akatsukianime.com\/\",\"name\":\"Akatsuki anime store\",\"description\":\"\",\"potentialAction\":[{\"@type\":\"SearchAction\",\"target\":{\"@type\":\"EntryPoint\",\"urlTemplate\":\"https:\/\/akatsukianime.com\/?s={search_term_string}\"},\"query-input\":{\"@type\":\"PropertyValueSpecification\",\"valueRequired\":true,\"valueName\":\"search_term_string\"}}],\"inLanguage\":\"en-US\"}]}<\/script>\n<!-- \/ Yoast SEO plugin. -->","yoast_head_json":{"title":"Figura Hatsune Miku (Cenicienta) - Wonderland - Vocaloid - Akatsuki anime store","description":"Figura de Hatsune Miku Wonderland Cenicienta Ver. 18 cm por Taito. Dise\u00f1o original estilo cuento de hadas, ideal para colecci\u00f3n.","robots":{"index":"index","follow":"follow","max-snippet":"max-snippet:-1","max-image-preview":"max-image-preview:large","max-video-preview":"max-video-preview:-1"},"canonical":"https:\/\/akatsukianime.com\/en\/product\/figura-hatsune-miku-cenicienta-wonderland-vocaloid\/","og_locale":"en_US","og_type":"article","og_title":"Figura Hatsune Miku (Cenicienta) - Wonderland - Vocaloid - Akatsuki anime store","og_description":"Figura de Hatsune Miku Wonderland Cenicienta Ver. 18 cm por Taito. Dise\u00f1o original estilo cuento de hadas, ideal para colecci\u00f3n.","og_url":"https:\/\/akatsukianime.com\/en\/product\/figura-hatsune-miku-cenicienta-wonderland-vocaloid\/","og_site_name":"Akatsuki anime store","article_modified_time":"2026-02-11T15:33:55+00:00","og_image":[{"width":1000,"height":1000,"url":"https:\/\/akatsukianime.com\/wp-content\/uploads\/2026\/02\/figura-hatsune-miku-cenicienta.jpg","type":"image\/jpeg"}],"twitter_card":"summary_large_image","twitter_misc":{"Est. reading time":"1 minute"},"schema":{"@context":"https:\/\/schema.org","@graph":[{"@type":["WebPage","ItemPage"],"@id":"https:\/\/akatsukianime.com\/product\/figura-hatsune-miku-cenicienta-wonderland-vocaloid\/","url":"https:\/\/akatsukianime.com\/product\/figura-hatsune-miku-cenicienta-wonderland-vocaloid\/","name":"Figura Hatsune Miku (Cenicienta) - Wonderland - Vocaloid - Akatsuki anime store","isPartOf":{"@id":"https:\/\/akatsukianime.com\/#website"},"primaryImageOfPage":{"@id":"https:\/\/akatsukianime.com\/product\/figura-hatsune-miku-cenicienta-wonderland-vocaloid\/#primaryimage"},"image":{"@id":"https:\/\/akatsukianime.com\/product\/figura-hatsune-miku-cenicienta-wonderland-vocaloid\/#primaryimage"},"thumbnailUrl":"https:\/\/akatsukianime.com\/wp-content\/uploads\/2026\/02\/figura-hatsune-miku-cenicienta.jpg","datePublished":"2026-02-11T15:33:53+00:00","dateModified":"2026-02-11T15:33:55+00:00","description":"Figura de Hatsune Miku Wonderland Cenicienta Ver. 18 cm por Taito. Dise\u00f1o original estilo cuento de hadas, ideal para colecci\u00f3n.","breadcrumb":{"@id":"https:\/\/akatsukianime.com\/product\/figura-hatsune-miku-cenicienta-wonderland-vocaloid\/#breadcrumb"},"inLanguage":"en-US","potentialAction":[{"@type":"ReadAction","target":["https:\/\/akatsukianime.com\/product\/figura-hatsune-miku-cenicienta-wonderland-vocaloid\/"]}]},{"@type":"ImageObject","inLanguage":"en-US","@id":"https:\/\/akatsukianime.com\/product\/figura-hatsune-miku-cenicienta-wonderland-vocaloid\/#primaryimage","url":"https:\/\/akatsukianime.com\/wp-content\/uploads\/2026\/02\/figura-hatsune-miku-cenicienta.jpg","contentUrl":"https:\/\/akatsukianime.com\/wp-content\/uploads\/2026\/02\/figura-hatsune-miku-cenicienta.jpg","width":1000,"height":1000,"caption":"figura hatsune miku cenicienta"},{"@type":"BreadcrumbList","@id":"https:\/\/akatsukianime.com\/product\/figura-hatsune-miku-cenicienta-wonderland-vocaloid\/#breadcrumb","itemListElement":[{"@type":"ListItem","position":1,"name":"Portada","item":"https:\/\/akatsukianime.com\/"},{"@type":"ListItem","position":2,"name":"Tienda","item":"https:\/\/akatsukianime.com\/tienda\/"},{"@type":"ListItem","position":3,"name":"Figura Hatsune Miku (Cenicienta) &#8211; Wonderland &#8211; Vocaloid"}]},{"@type":"WebSite","@id":"https:\/\/akatsukianime.com\/#website","url":"https:\/\/akatsukianime.com\/","name":"Akatsuki anime store","description":"","potentialAction":[{"@type":"SearchAction","target":{"@type":"EntryPoint","urlTemplate":"https:\/\/akatsukianime.com\/?s={search_term_string}"},"query-input":{"@type":"PropertyValueSpecification","valueRequired":true,"valueName":"search_term_string"}}],"inLanguage":"en-US"}]}},"jetpack_sharing_enabled":true,"_links":{"self":[{"href":"https:\/\/akatsukianime.com\/en\/wp-json\/wp\/v2\/product\/7978","targetHints":{"allow":["GET"]}}],"collection":[{"href":"https:\/\/akatsukianime.com\/en\/wp-json\/wp\/v2\/product"}],"about":[{"href":"https:\/\/akatsukianime.com\/en\/wp-json\/wp\/v2\/types\/product"}],"version-history":[{"count":1,"href":"https:\/\/akatsukianime.com\/en\/wp-json\/wp\/v2\/product\/7978\/revisions"}],"predecessor-version":[{"id":7989,"href":"https:\/\/akatsukianime.com\/en\/wp-json\/wp\/v2\/product\/7978\/revisions\/7989"}],"wp:featuredmedia":[{"embeddable":true,"href":"https:\/\/akatsukianime.com\/en\/wp-json\/wp\/v2\/media\/7982"}],"wp:attachment":[{"href":"https:\/\/akatsukianime.com\/en\/wp-json\/wp\/v2\/media?parent=7978"}],"wp:term":[{"taxonomy":"product_cat","embeddable":true,"href":"https:\/\/akatsukianime.com\/en\/wp-json\/wp\/v2\/product_cat?post=7978"},{"taxonomy":"product_tag","embeddable":true,"href":"https:\/\/akatsukianime.com\/en\/wp-json\/wp\/v2\/product_tag?post=7978"}],"curies":[{"name":"wp","href":"https:\/\/api.w.org\/{rel}","templated":true}]}}