{"id":8072,"date":"2026-02-12T18:32:38","date_gmt":"2026-02-12T17:32:38","guid":{"rendered":"https:\/\/akatsukianime.com\/?post_type=product&#038;p=8072"},"modified":"2026-02-12T18:32:39","modified_gmt":"2026-02-12T17:32:39","slug":"figura-kyojuro-rengoku-premium-perching-demon-slayer-kimetsu-no-yaiba","status":"publish","type":"product","link":"https:\/\/akatsukianime.com\/en\/product\/figura-kyojuro-rengoku-premium-perching-demon-slayer-kimetsu-no-yaiba\/","title":{"rendered":"Figura Kyojuro Rengoku &#8211; Premium Perching &#8211; Demon Slayer: Kimetsu no Yaiba"},"content":{"rendered":"<h3 data-start=\"67\" data-end=\"98\">\ud83d\udcdd Descripci\u00f3n del producto<\/h3>\n<p data-start=\"100\" data-end=\"411\">El carism\u00e1tico <strong data-start=\"115\" data-end=\"134\">Kyojuro Rengoku<\/strong> joins the line <strong data-start=\"153\" data-end=\"180\">Premium Perching Figure<\/strong> de Sega. Sentado c\u00f3modamente y disfrutando de unos onigiri sobre su regazo, el Pilar de la Llama luce su caracter\u00edstico uniforme de <strong data-start=\"313\" data-end=\"347\">Demon Slayer: Kimetsu no Yaiba<\/strong>, capturando su personalidad en una escena relajada y memorable.<\/p>\n<p data-start=\"413\" data-end=\"582\">Con un dise\u00f1o detallado y un formato ideal para exhibir en estanter\u00edas o escritorios, esta figura es una gran incorporaci\u00f3n para cualquier fan del anime o coleccionista.<\/p>\n<h3 data-start=\"589\" data-end=\"623\">\u2b50 Caracter\u00edsticas del producto<\/h3>\n<ul data-start=\"624\" data-end=\"798\">\n<li data-start=\"624\" data-end=\"651\">\n<p data-start=\"626\" data-end=\"651\">Size: <strong data-start=\"634\" data-end=\"651\">10 cm x 15 cm<\/strong><\/p>\n<\/li>\n<li data-start=\"652\" data-end=\"671\">\n<p data-start=\"654\" data-end=\"671\">Material: <strong data-start=\"664\" data-end=\"671\">PVC<\/strong><\/p>\n<\/li>\n<li data-start=\"672\" data-end=\"727\">\n<p data-start=\"674\" data-end=\"727\">Based on the anime <strong data-start=\"693\" data-end=\"727\">Demon Slayer: Kimetsu no Yaiba<\/strong><\/p>\n<\/li>\n<li data-start=\"728\" data-end=\"775\">\n<p data-start=\"730\" data-end=\"775\">Part of the line <strong data-start=\"748\" data-end=\"775\">Premium Perching Figure<\/strong><\/p>\n<\/li>\n<li data-start=\"776\" data-end=\"798\">\n<p data-start=\"778\" data-end=\"798\">Non-articulated figure<\/p>\n<\/li>\n<\/ul>\n<h3 data-start=\"805\" data-end=\"832\">\ud83d\udce6 Box contents<\/h3>\n<ul data-start=\"833\" data-end=\"861\">\n<li data-start=\"833\" data-end=\"861\">\n<p data-start=\"835\" data-end=\"861\">Figure <strong data-start=\"842\" data-end=\"861\">Kyojuro Rengoku<\/strong><\/p>\n<\/li>\n<\/ul>","protected":false},"excerpt":{"rendered":"<p>\ud83d\udcdd Descripci\u00f3n del producto El carism\u00e1tico Kyojuro Rengoku se une a la l\u00ednea Premium Perching Figure de Sega. Sentado c\u00f3modamente<\/p>","protected":false},"featured_media":8073,"template":"","meta":[],"product_cat":[101,65,61,46],"product_tag":[156,337,153,506,525,171],"class_list":{"0":"post-8072","1":"product","2":"type-product","3":"status-publish","4":"has-post-thumbnail","6":"product_cat-elige-sega-goods-sega-goods","7":"product_cat-figuras","8":"product_cat-novedades","9":"product_cat-kimetsu-no-yaiba","10":"product_tag-demon-slayer","11":"product_tag-figura","12":"product_tag-kimetsu-no-yaiba","13":"product_tag-kyojuro-rengoku","14":"product_tag-premium-perching","15":"product_tag-sega","17":"first","18":"instock","19":"sold-individually","20":"taxable","21":"shipping-taxable","22":"purchasable","23":"product-type-simple"},"yoast_head":"<!-- This site is optimized with the Yoast SEO plugin v24.2 - https:\/\/yoast.com\/wordpress\/plugins\/seo\/ -->\n<title>Figura Kyojuro Rengoku - Premium Perching - Demon Slayer: Kimetsu no Yaiba - Akatsuki anime store<\/title>\n<meta name=\"description\" content=\"Figura Kyojuro Rengoku Demon Slayer Premium Perching de 10cm en PVC, detallada y perfecta para fans y coleccionistas del anime.\" \/>\n<meta name=\"robots\" content=\"index, follow, max-snippet:-1, max-image-preview:large, max-video-preview:-1\" \/>\n<link rel=\"canonical\" href=\"https:\/\/akatsukianime.com\/en\/product\/figura-kyojuro-rengoku-premium-perching-demon-slayer-kimetsu-no-yaiba\/\" \/>\n<meta property=\"og:locale\" content=\"en_US\" \/>\n<meta property=\"og:type\" content=\"article\" \/>\n<meta property=\"og:title\" content=\"Figura Kyojuro Rengoku - Premium Perching - Demon Slayer: Kimetsu no Yaiba - Akatsuki anime store\" \/>\n<meta property=\"og:description\" content=\"Figura Kyojuro Rengoku Demon Slayer Premium Perching de 10cm en PVC, detallada y perfecta para fans y coleccionistas del anime.\" \/>\n<meta property=\"og:url\" content=\"https:\/\/akatsukianime.com\/en\/product\/figura-kyojuro-rengoku-premium-perching-demon-slayer-kimetsu-no-yaiba\/\" \/>\n<meta property=\"og:site_name\" content=\"Akatsuki anime store\" \/>\n<meta property=\"article:modified_time\" content=\"2026-02-12T17:32:39+00:00\" \/>\n<meta property=\"og:image\" content=\"https:\/\/akatsukianime.com\/wp-content\/uploads\/2026\/02\/Figura-Kyojuro-Rengoku-Premium-Perching-Demon-Slayer-Kimetsu-no-Yaiba.jpg\" \/>\n\t<meta property=\"og:image:width\" content=\"1000\" \/>\n\t<meta property=\"og:image:height\" content=\"1000\" \/>\n\t<meta property=\"og:image:type\" content=\"image\/jpeg\" \/>\n<meta name=\"twitter:card\" content=\"summary_large_image\" \/>\n<meta name=\"twitter:label1\" content=\"Est. reading time\" \/>\n\t<meta name=\"twitter:data1\" content=\"1 minute\" \/>\n<script type=\"application\/ld+json\" class=\"yoast-schema-graph\">{\"@context\":\"https:\/\/schema.org\",\"@graph\":[{\"@type\":[\"WebPage\",\"ItemPage\"],\"@id\":\"https:\/\/akatsukianime.com\/product\/figura-kyojuro-rengoku-premium-perching-demon-slayer-kimetsu-no-yaiba\/\",\"url\":\"https:\/\/akatsukianime.com\/product\/figura-kyojuro-rengoku-premium-perching-demon-slayer-kimetsu-no-yaiba\/\",\"name\":\"Figura Kyojuro Rengoku - Premium Perching - Demon Slayer: Kimetsu no Yaiba - Akatsuki anime store\",\"isPartOf\":{\"@id\":\"https:\/\/akatsukianime.com\/#website\"},\"primaryImageOfPage\":{\"@id\":\"https:\/\/akatsukianime.com\/product\/figura-kyojuro-rengoku-premium-perching-demon-slayer-kimetsu-no-yaiba\/#primaryimage\"},\"image\":{\"@id\":\"https:\/\/akatsukianime.com\/product\/figura-kyojuro-rengoku-premium-perching-demon-slayer-kimetsu-no-yaiba\/#primaryimage\"},\"thumbnailUrl\":\"https:\/\/akatsukianime.com\/wp-content\/uploads\/2026\/02\/Figura-Kyojuro-Rengoku-Premium-Perching-Demon-Slayer-Kimetsu-no-Yaiba.jpg\",\"datePublished\":\"2026-02-12T17:32:38+00:00\",\"dateModified\":\"2026-02-12T17:32:39+00:00\",\"description\":\"Figura Kyojuro Rengoku Demon Slayer Premium Perching de 10cm en PVC, detallada y perfecta para fans y coleccionistas del anime.\",\"breadcrumb\":{\"@id\":\"https:\/\/akatsukianime.com\/product\/figura-kyojuro-rengoku-premium-perching-demon-slayer-kimetsu-no-yaiba\/#breadcrumb\"},\"inLanguage\":\"en-US\",\"potentialAction\":[{\"@type\":\"ReadAction\",\"target\":[\"https:\/\/akatsukianime.com\/product\/figura-kyojuro-rengoku-premium-perching-demon-slayer-kimetsu-no-yaiba\/\"]}]},{\"@type\":\"ImageObject\",\"inLanguage\":\"en-US\",\"@id\":\"https:\/\/akatsukianime.com\/product\/figura-kyojuro-rengoku-premium-perching-demon-slayer-kimetsu-no-yaiba\/#primaryimage\",\"url\":\"https:\/\/akatsukianime.com\/wp-content\/uploads\/2026\/02\/Figura-Kyojuro-Rengoku-Premium-Perching-Demon-Slayer-Kimetsu-no-Yaiba.jpg\",\"contentUrl\":\"https:\/\/akatsukianime.com\/wp-content\/uploads\/2026\/02\/Figura-Kyojuro-Rengoku-Premium-Perching-Demon-Slayer-Kimetsu-no-Yaiba.jpg\",\"width\":1000,\"height\":1000,\"caption\":\"figura rengoku demon slayer\"},{\"@type\":\"BreadcrumbList\",\"@id\":\"https:\/\/akatsukianime.com\/product\/figura-kyojuro-rengoku-premium-perching-demon-slayer-kimetsu-no-yaiba\/#breadcrumb\",\"itemListElement\":[{\"@type\":\"ListItem\",\"position\":1,\"name\":\"Portada\",\"item\":\"https:\/\/akatsukianime.com\/\"},{\"@type\":\"ListItem\",\"position\":2,\"name\":\"Tienda\",\"item\":\"https:\/\/akatsukianime.com\/tienda\/\"},{\"@type\":\"ListItem\",\"position\":3,\"name\":\"Figura Kyojuro Rengoku &#8211; Premium Perching &#8211; Demon Slayer: Kimetsu no Yaiba\"}]},{\"@type\":\"WebSite\",\"@id\":\"https:\/\/akatsukianime.com\/#website\",\"url\":\"https:\/\/akatsukianime.com\/\",\"name\":\"Akatsuki anime store\",\"description\":\"\",\"potentialAction\":[{\"@type\":\"SearchAction\",\"target\":{\"@type\":\"EntryPoint\",\"urlTemplate\":\"https:\/\/akatsukianime.com\/?s={search_term_string}\"},\"query-input\":{\"@type\":\"PropertyValueSpecification\",\"valueRequired\":true,\"valueName\":\"search_term_string\"}}],\"inLanguage\":\"en-US\"}]}<\/script>\n<!-- \/ Yoast SEO plugin. -->","yoast_head_json":{"title":"Figura Kyojuro Rengoku - Premium Perching - Demon Slayer: Kimetsu no Yaiba - Akatsuki anime store","description":"Figura Kyojuro Rengoku Demon Slayer Premium Perching de 10cm en PVC, detallada y perfecta para fans y coleccionistas del anime.","robots":{"index":"index","follow":"follow","max-snippet":"max-snippet:-1","max-image-preview":"max-image-preview:large","max-video-preview":"max-video-preview:-1"},"canonical":"https:\/\/akatsukianime.com\/en\/product\/figura-kyojuro-rengoku-premium-perching-demon-slayer-kimetsu-no-yaiba\/","og_locale":"en_US","og_type":"article","og_title":"Figura Kyojuro Rengoku - Premium Perching - Demon Slayer: Kimetsu no Yaiba - Akatsuki anime store","og_description":"Figura Kyojuro Rengoku Demon Slayer Premium Perching de 10cm en PVC, detallada y perfecta para fans y coleccionistas del anime.","og_url":"https:\/\/akatsukianime.com\/en\/product\/figura-kyojuro-rengoku-premium-perching-demon-slayer-kimetsu-no-yaiba\/","og_site_name":"Akatsuki anime store","article_modified_time":"2026-02-12T17:32:39+00:00","og_image":[{"width":1000,"height":1000,"url":"https:\/\/akatsukianime.com\/wp-content\/uploads\/2026\/02\/Figura-Kyojuro-Rengoku-Premium-Perching-Demon-Slayer-Kimetsu-no-Yaiba.jpg","type":"image\/jpeg"}],"twitter_card":"summary_large_image","twitter_misc":{"Est. reading time":"1 minute"},"schema":{"@context":"https:\/\/schema.org","@graph":[{"@type":["WebPage","ItemPage"],"@id":"https:\/\/akatsukianime.com\/product\/figura-kyojuro-rengoku-premium-perching-demon-slayer-kimetsu-no-yaiba\/","url":"https:\/\/akatsukianime.com\/product\/figura-kyojuro-rengoku-premium-perching-demon-slayer-kimetsu-no-yaiba\/","name":"Figura Kyojuro Rengoku - Premium Perching - Demon Slayer: Kimetsu no Yaiba - Akatsuki anime store","isPartOf":{"@id":"https:\/\/akatsukianime.com\/#website"},"primaryImageOfPage":{"@id":"https:\/\/akatsukianime.com\/product\/figura-kyojuro-rengoku-premium-perching-demon-slayer-kimetsu-no-yaiba\/#primaryimage"},"image":{"@id":"https:\/\/akatsukianime.com\/product\/figura-kyojuro-rengoku-premium-perching-demon-slayer-kimetsu-no-yaiba\/#primaryimage"},"thumbnailUrl":"https:\/\/akatsukianime.com\/wp-content\/uploads\/2026\/02\/Figura-Kyojuro-Rengoku-Premium-Perching-Demon-Slayer-Kimetsu-no-Yaiba.jpg","datePublished":"2026-02-12T17:32:38+00:00","dateModified":"2026-02-12T17:32:39+00:00","description":"Figura Kyojuro Rengoku Demon Slayer Premium Perching de 10cm en PVC, detallada y perfecta para fans y coleccionistas del anime.","breadcrumb":{"@id":"https:\/\/akatsukianime.com\/product\/figura-kyojuro-rengoku-premium-perching-demon-slayer-kimetsu-no-yaiba\/#breadcrumb"},"inLanguage":"en-US","potentialAction":[{"@type":"ReadAction","target":["https:\/\/akatsukianime.com\/product\/figura-kyojuro-rengoku-premium-perching-demon-slayer-kimetsu-no-yaiba\/"]}]},{"@type":"ImageObject","inLanguage":"en-US","@id":"https:\/\/akatsukianime.com\/product\/figura-kyojuro-rengoku-premium-perching-demon-slayer-kimetsu-no-yaiba\/#primaryimage","url":"https:\/\/akatsukianime.com\/wp-content\/uploads\/2026\/02\/Figura-Kyojuro-Rengoku-Premium-Perching-Demon-Slayer-Kimetsu-no-Yaiba.jpg","contentUrl":"https:\/\/akatsukianime.com\/wp-content\/uploads\/2026\/02\/Figura-Kyojuro-Rengoku-Premium-Perching-Demon-Slayer-Kimetsu-no-Yaiba.jpg","width":1000,"height":1000,"caption":"figura rengoku demon slayer"},{"@type":"BreadcrumbList","@id":"https:\/\/akatsukianime.com\/product\/figura-kyojuro-rengoku-premium-perching-demon-slayer-kimetsu-no-yaiba\/#breadcrumb","itemListElement":[{"@type":"ListItem","position":1,"name":"Portada","item":"https:\/\/akatsukianime.com\/"},{"@type":"ListItem","position":2,"name":"Tienda","item":"https:\/\/akatsukianime.com\/tienda\/"},{"@type":"ListItem","position":3,"name":"Figura Kyojuro Rengoku &#8211; Premium Perching &#8211; Demon Slayer: Kimetsu no Yaiba"}]},{"@type":"WebSite","@id":"https:\/\/akatsukianime.com\/#website","url":"https:\/\/akatsukianime.com\/","name":"Akatsuki anime store","description":"","potentialAction":[{"@type":"SearchAction","target":{"@type":"EntryPoint","urlTemplate":"https:\/\/akatsukianime.com\/?s={search_term_string}"},"query-input":{"@type":"PropertyValueSpecification","valueRequired":true,"valueName":"search_term_string"}}],"inLanguage":"en-US"}]}},"jetpack_sharing_enabled":true,"_links":{"self":[{"href":"https:\/\/akatsukianime.com\/en\/wp-json\/wp\/v2\/product\/8072","targetHints":{"allow":["GET"]}}],"collection":[{"href":"https:\/\/akatsukianime.com\/en\/wp-json\/wp\/v2\/product"}],"about":[{"href":"https:\/\/akatsukianime.com\/en\/wp-json\/wp\/v2\/types\/product"}],"version-history":[{"count":1,"href":"https:\/\/akatsukianime.com\/en\/wp-json\/wp\/v2\/product\/8072\/revisions"}],"predecessor-version":[{"id":8079,"href":"https:\/\/akatsukianime.com\/en\/wp-json\/wp\/v2\/product\/8072\/revisions\/8079"}],"wp:featuredmedia":[{"embeddable":true,"href":"https:\/\/akatsukianime.com\/en\/wp-json\/wp\/v2\/media\/8073"}],"wp:attachment":[{"href":"https:\/\/akatsukianime.com\/en\/wp-json\/wp\/v2\/media?parent=8072"}],"wp:term":[{"taxonomy":"product_cat","embeddable":true,"href":"https:\/\/akatsukianime.com\/en\/wp-json\/wp\/v2\/product_cat?post=8072"},{"taxonomy":"product_tag","embeddable":true,"href":"https:\/\/akatsukianime.com\/en\/wp-json\/wp\/v2\/product_tag?post=8072"}],"curies":[{"name":"wp","href":"https:\/\/api.w.org\/{rel}","templated":true}]}}