{"id":8088,"date":"2026-02-13T12:57:39","date_gmt":"2026-02-13T11:57:39","guid":{"rendered":"https:\/\/akatsukianime.com\/?post_type=product&#038;p=8088"},"modified":"2026-02-13T12:57:40","modified_gmt":"2026-02-13T11:57:40","slug":"figura-toge-inumaki-pop-up-parade-jujutsu-kaisen","status":"publish","type":"product","link":"https:\/\/akatsukianime.com\/en\/product\/figura-toge-inumaki-pop-up-parade-jujutsu-kaisen\/","title":{"rendered":"Figura Toge Inumaki &#8211; Pop Up Parade &#8211; Jujutsu Kaisen"},"content":{"rendered":"<h3 data-start=\"68\" data-end=\"99\">\ud83d\udcdd Descripci\u00f3n del producto<\/h3>\n<p data-start=\"101\" data-end=\"112\">\u201cSalmon.\u201d<\/p>\n<p data-start=\"114\" data-end=\"422\">Directamente del anime <strong data-start=\"137\" data-end=\"155\">Jujutsu Kaisen<\/strong> llega la figura de <strong data-start=\"175\" data-end=\"191\">Toge Inumaki<\/strong> dentro de la popular l\u00ednea <strong data-start=\"219\" data-end=\"236\">POP UP PARADE<\/strong>. Esta colecci\u00f3n se caracteriza por ofrecer piezas accesibles, de lanzamiento \u00e1gil y con un excelente nivel de detalle, ideales tanto para nuevos coleccionistas como para fans veteranos.<\/p>\n<p data-start=\"424\" data-end=\"670\">Con aproximadamente 17 cm de altura, esta figura captura fielmente la presencia del enigm\u00e1tico hechicero y su dise\u00f1o caracter\u00edstico, convirti\u00e9ndose en una adici\u00f3n imprescindible para cualquier colecci\u00f3n inspirada en el universo de Jujutsu Kaisen.<\/p>\n<h3 data-start=\"677\" data-end=\"711\">\u2b50 Caracter\u00edsticas del producto<\/h3>\n<ul data-start=\"712\" data-end=\"874\">\n<li data-start=\"712\" data-end=\"747\">\n<p data-start=\"714\" data-end=\"747\">Height: 17 cm<\/p>\n<\/li>\n<li data-start=\"748\" data-end=\"772\">\n<p data-start=\"750\" data-end=\"772\">Material: <strong data-start=\"760\" data-end=\"772\">Pl\u00e1stico<\/strong><\/p>\n<\/li>\n<li data-start=\"773\" data-end=\"812\">\n<p data-start=\"775\" data-end=\"812\">Based on the anime <strong data-start=\"794\" data-end=\"812\">Jujutsu Kaisen<\/strong><\/p>\n<\/li>\n<li data-start=\"813\" data-end=\"850\">\n<p data-start=\"815\" data-end=\"850\">Part of the line <strong data-start=\"833\" data-end=\"850\">POP UP PARADE<\/strong><\/p>\n<\/li>\n<li data-start=\"851\" data-end=\"874\">\n<p data-start=\"853\" data-end=\"874\">Alto nivel de detalle<\/p>\n<\/li>\n<\/ul>\n<h3 data-start=\"881\" data-end=\"908\">\ud83d\udce6 Box contents<\/h3>\n<ul data-start=\"909\" data-end=\"941\">\n<li data-start=\"909\" data-end=\"934\">\n<p data-start=\"911\" data-end=\"934\">Figure <strong data-start=\"918\" data-end=\"934\">Toge Inumaki<\/strong><\/p>\n<\/li>\n<li data-start=\"935\" data-end=\"941\">\n<p data-start=\"937\" data-end=\"941\">Base<\/p>\n<\/li>\n<\/ul>","protected":false},"excerpt":{"rendered":"<p>\ud83d\udcdd Descripci\u00f3n del producto \u201cSalmon.\u201d Directamente del anime Jujutsu Kaisen llega la figura de Toge Inumaki dentro de la popular<\/p>","protected":false},"featured_media":8098,"template":"","meta":[],"product_cat":[281,98,65,62,48],"product_tag":[337,165,527,200,164],"class_list":{"0":"post-8088","1":"product","2":"type-product","3":"status-publish","4":"has-post-thumbnail","6":"product_cat-popup-parade","7":"product_cat-good-smile-company","8":"product_cat-figuras","9":"product_cat-ofertas","10":"product_cat-jujutsu-kaisen","11":"product_tag-figura","12":"product_tag-goodsmile-company","13":"product_tag-inumaki-toge","14":"product_tag-jujutsu-kaisen","15":"product_tag-pop-up-parade","17":"first","18":"instock","19":"sale","20":"sold-individually","21":"taxable","22":"shipping-taxable","23":"purchasable","24":"product-type-simple"},"yoast_head":"<!-- This site is optimized with the Yoast SEO plugin v24.2 - https:\/\/yoast.com\/wordpress\/plugins\/seo\/ -->\n<title>Figura Toge Inumaki - Pop Up Parade - Jujutsu Kaisen - Akatsuki anime store<\/title>\n<meta name=\"description\" content=\"Figura Toge Inumaki de 17 cm POP UP PARADE de Jujutsu Kaisen, ampliar su colecci\u00f3n con esta detallada figura, perfecta para los fans de anime.\" \/>\n<meta name=\"robots\" content=\"index, follow, max-snippet:-1, max-image-preview:large, max-video-preview:-1\" \/>\n<link rel=\"canonical\" href=\"https:\/\/akatsukianime.com\/en\/product\/figura-toge-inumaki-pop-up-parade-jujutsu-kaisen\/\" \/>\n<meta property=\"og:locale\" content=\"en_US\" \/>\n<meta property=\"og:type\" content=\"article\" \/>\n<meta property=\"og:title\" content=\"Figura Toge Inumaki - Pop Up Parade - Jujutsu Kaisen - Akatsuki anime store\" \/>\n<meta property=\"og:description\" content=\"Figura Toge Inumaki de 17 cm POP UP PARADE de Jujutsu Kaisen, ampliar su colecci\u00f3n con esta detallada figura, perfecta para los fans de anime.\" \/>\n<meta property=\"og:url\" content=\"https:\/\/akatsukianime.com\/en\/product\/figura-toge-inumaki-pop-up-parade-jujutsu-kaisen\/\" \/>\n<meta property=\"og:site_name\" content=\"Akatsuki anime store\" \/>\n<meta property=\"article:modified_time\" content=\"2026-02-13T11:57:40+00:00\" \/>\n<meta property=\"og:image\" content=\"https:\/\/akatsukianime.com\/wp-content\/uploads\/2026\/02\/Figura-Toge-Inumaki-Pop-Up-Parade-Jujutsu-Kaisen.jpg\" \/>\n\t<meta property=\"og:image:width\" content=\"1000\" \/>\n\t<meta property=\"og:image:height\" content=\"1000\" \/>\n\t<meta property=\"og:image:type\" content=\"image\/jpeg\" \/>\n<meta name=\"twitter:card\" content=\"summary_large_image\" \/>\n<meta name=\"twitter:label1\" content=\"Est. reading time\" \/>\n\t<meta name=\"twitter:data1\" content=\"1 minute\" \/>\n<script type=\"application\/ld+json\" class=\"yoast-schema-graph\">{\"@context\":\"https:\/\/schema.org\",\"@graph\":[{\"@type\":[\"WebPage\",\"ItemPage\"],\"@id\":\"https:\/\/akatsukianime.com\/product\/figura-toge-inumaki-pop-up-parade-jujutsu-kaisen\/\",\"url\":\"https:\/\/akatsukianime.com\/product\/figura-toge-inumaki-pop-up-parade-jujutsu-kaisen\/\",\"name\":\"Figura Toge Inumaki - Pop Up Parade - Jujutsu Kaisen - Akatsuki anime store\",\"isPartOf\":{\"@id\":\"https:\/\/akatsukianime.com\/#website\"},\"primaryImageOfPage\":{\"@id\":\"https:\/\/akatsukianime.com\/product\/figura-toge-inumaki-pop-up-parade-jujutsu-kaisen\/#primaryimage\"},\"image\":{\"@id\":\"https:\/\/akatsukianime.com\/product\/figura-toge-inumaki-pop-up-parade-jujutsu-kaisen\/#primaryimage\"},\"thumbnailUrl\":\"https:\/\/akatsukianime.com\/wp-content\/uploads\/2026\/02\/Figura-Toge-Inumaki-Pop-Up-Parade-Jujutsu-Kaisen.jpg\",\"datePublished\":\"2026-02-13T11:57:39+00:00\",\"dateModified\":\"2026-02-13T11:57:40+00:00\",\"description\":\"Figura Toge Inumaki de 17 cm POP UP PARADE de Jujutsu Kaisen, ampliar su colecci\u00f3n con esta detallada figura, perfecta para los fans de anime.\",\"breadcrumb\":{\"@id\":\"https:\/\/akatsukianime.com\/product\/figura-toge-inumaki-pop-up-parade-jujutsu-kaisen\/#breadcrumb\"},\"inLanguage\":\"en-US\",\"potentialAction\":[{\"@type\":\"ReadAction\",\"target\":[\"https:\/\/akatsukianime.com\/product\/figura-toge-inumaki-pop-up-parade-jujutsu-kaisen\/\"]}]},{\"@type\":\"ImageObject\",\"inLanguage\":\"en-US\",\"@id\":\"https:\/\/akatsukianime.com\/product\/figura-toge-inumaki-pop-up-parade-jujutsu-kaisen\/#primaryimage\",\"url\":\"https:\/\/akatsukianime.com\/wp-content\/uploads\/2026\/02\/Figura-Toge-Inumaki-Pop-Up-Parade-Jujutsu-Kaisen.jpg\",\"contentUrl\":\"https:\/\/akatsukianime.com\/wp-content\/uploads\/2026\/02\/Figura-Toge-Inumaki-Pop-Up-Parade-Jujutsu-Kaisen.jpg\",\"width\":1000,\"height\":1000,\"caption\":\"figura toge inumaki jujutsu\"},{\"@type\":\"BreadcrumbList\",\"@id\":\"https:\/\/akatsukianime.com\/product\/figura-toge-inumaki-pop-up-parade-jujutsu-kaisen\/#breadcrumb\",\"itemListElement\":[{\"@type\":\"ListItem\",\"position\":1,\"name\":\"Portada\",\"item\":\"https:\/\/akatsukianime.com\/\"},{\"@type\":\"ListItem\",\"position\":2,\"name\":\"Tienda\",\"item\":\"https:\/\/akatsukianime.com\/tienda\/\"},{\"@type\":\"ListItem\",\"position\":3,\"name\":\"Figura Toge Inumaki &#8211; Pop Up Parade &#8211; Jujutsu Kaisen\"}]},{\"@type\":\"WebSite\",\"@id\":\"https:\/\/akatsukianime.com\/#website\",\"url\":\"https:\/\/akatsukianime.com\/\",\"name\":\"Akatsuki anime store\",\"description\":\"\",\"potentialAction\":[{\"@type\":\"SearchAction\",\"target\":{\"@type\":\"EntryPoint\",\"urlTemplate\":\"https:\/\/akatsukianime.com\/?s={search_term_string}\"},\"query-input\":{\"@type\":\"PropertyValueSpecification\",\"valueRequired\":true,\"valueName\":\"search_term_string\"}}],\"inLanguage\":\"en-US\"}]}<\/script>\n<!-- \/ Yoast SEO plugin. -->","yoast_head_json":{"title":"Figura Toge Inumaki - Pop Up Parade - Jujutsu Kaisen - Akatsuki anime store","description":"Figura Toge Inumaki de 17 cm POP UP PARADE de Jujutsu Kaisen, ampliar su colecci\u00f3n con esta detallada figura, perfecta para los fans de anime.","robots":{"index":"index","follow":"follow","max-snippet":"max-snippet:-1","max-image-preview":"max-image-preview:large","max-video-preview":"max-video-preview:-1"},"canonical":"https:\/\/akatsukianime.com\/en\/product\/figura-toge-inumaki-pop-up-parade-jujutsu-kaisen\/","og_locale":"en_US","og_type":"article","og_title":"Figura Toge Inumaki - Pop Up Parade - Jujutsu Kaisen - Akatsuki anime store","og_description":"Figura Toge Inumaki de 17 cm POP UP PARADE de Jujutsu Kaisen, ampliar su colecci\u00f3n con esta detallada figura, perfecta para los fans de anime.","og_url":"https:\/\/akatsukianime.com\/en\/product\/figura-toge-inumaki-pop-up-parade-jujutsu-kaisen\/","og_site_name":"Akatsuki anime store","article_modified_time":"2026-02-13T11:57:40+00:00","og_image":[{"width":1000,"height":1000,"url":"https:\/\/akatsukianime.com\/wp-content\/uploads\/2026\/02\/Figura-Toge-Inumaki-Pop-Up-Parade-Jujutsu-Kaisen.jpg","type":"image\/jpeg"}],"twitter_card":"summary_large_image","twitter_misc":{"Est. reading time":"1 minute"},"schema":{"@context":"https:\/\/schema.org","@graph":[{"@type":["WebPage","ItemPage"],"@id":"https:\/\/akatsukianime.com\/product\/figura-toge-inumaki-pop-up-parade-jujutsu-kaisen\/","url":"https:\/\/akatsukianime.com\/product\/figura-toge-inumaki-pop-up-parade-jujutsu-kaisen\/","name":"Figura Toge Inumaki - Pop Up Parade - Jujutsu Kaisen - Akatsuki anime store","isPartOf":{"@id":"https:\/\/akatsukianime.com\/#website"},"primaryImageOfPage":{"@id":"https:\/\/akatsukianime.com\/product\/figura-toge-inumaki-pop-up-parade-jujutsu-kaisen\/#primaryimage"},"image":{"@id":"https:\/\/akatsukianime.com\/product\/figura-toge-inumaki-pop-up-parade-jujutsu-kaisen\/#primaryimage"},"thumbnailUrl":"https:\/\/akatsukianime.com\/wp-content\/uploads\/2026\/02\/Figura-Toge-Inumaki-Pop-Up-Parade-Jujutsu-Kaisen.jpg","datePublished":"2026-02-13T11:57:39+00:00","dateModified":"2026-02-13T11:57:40+00:00","description":"Figura Toge Inumaki de 17 cm POP UP PARADE de Jujutsu Kaisen, ampliar su colecci\u00f3n con esta detallada figura, perfecta para los fans de anime.","breadcrumb":{"@id":"https:\/\/akatsukianime.com\/product\/figura-toge-inumaki-pop-up-parade-jujutsu-kaisen\/#breadcrumb"},"inLanguage":"en-US","potentialAction":[{"@type":"ReadAction","target":["https:\/\/akatsukianime.com\/product\/figura-toge-inumaki-pop-up-parade-jujutsu-kaisen\/"]}]},{"@type":"ImageObject","inLanguage":"en-US","@id":"https:\/\/akatsukianime.com\/product\/figura-toge-inumaki-pop-up-parade-jujutsu-kaisen\/#primaryimage","url":"https:\/\/akatsukianime.com\/wp-content\/uploads\/2026\/02\/Figura-Toge-Inumaki-Pop-Up-Parade-Jujutsu-Kaisen.jpg","contentUrl":"https:\/\/akatsukianime.com\/wp-content\/uploads\/2026\/02\/Figura-Toge-Inumaki-Pop-Up-Parade-Jujutsu-Kaisen.jpg","width":1000,"height":1000,"caption":"figura toge inumaki jujutsu"},{"@type":"BreadcrumbList","@id":"https:\/\/akatsukianime.com\/product\/figura-toge-inumaki-pop-up-parade-jujutsu-kaisen\/#breadcrumb","itemListElement":[{"@type":"ListItem","position":1,"name":"Portada","item":"https:\/\/akatsukianime.com\/"},{"@type":"ListItem","position":2,"name":"Tienda","item":"https:\/\/akatsukianime.com\/tienda\/"},{"@type":"ListItem","position":3,"name":"Figura Toge Inumaki &#8211; Pop Up Parade &#8211; Jujutsu Kaisen"}]},{"@type":"WebSite","@id":"https:\/\/akatsukianime.com\/#website","url":"https:\/\/akatsukianime.com\/","name":"Akatsuki anime store","description":"","potentialAction":[{"@type":"SearchAction","target":{"@type":"EntryPoint","urlTemplate":"https:\/\/akatsukianime.com\/?s={search_term_string}"},"query-input":{"@type":"PropertyValueSpecification","valueRequired":true,"valueName":"search_term_string"}}],"inLanguage":"en-US"}]}},"jetpack_sharing_enabled":true,"_links":{"self":[{"href":"https:\/\/akatsukianime.com\/en\/wp-json\/wp\/v2\/product\/8088","targetHints":{"allow":["GET"]}}],"collection":[{"href":"https:\/\/akatsukianime.com\/en\/wp-json\/wp\/v2\/product"}],"about":[{"href":"https:\/\/akatsukianime.com\/en\/wp-json\/wp\/v2\/types\/product"}],"version-history":[{"count":1,"href":"https:\/\/akatsukianime.com\/en\/wp-json\/wp\/v2\/product\/8088\/revisions"}],"predecessor-version":[{"id":8099,"href":"https:\/\/akatsukianime.com\/en\/wp-json\/wp\/v2\/product\/8088\/revisions\/8099"}],"wp:featuredmedia":[{"embeddable":true,"href":"https:\/\/akatsukianime.com\/en\/wp-json\/wp\/v2\/media\/8098"}],"wp:attachment":[{"href":"https:\/\/akatsukianime.com\/en\/wp-json\/wp\/v2\/media?parent=8088"}],"wp:term":[{"taxonomy":"product_cat","embeddable":true,"href":"https:\/\/akatsukianime.com\/en\/wp-json\/wp\/v2\/product_cat?post=8088"},{"taxonomy":"product_tag","embeddable":true,"href":"https:\/\/akatsukianime.com\/en\/wp-json\/wp\/v2\/product_tag?post=8088"}],"curies":[{"name":"wp","href":"https:\/\/api.w.org\/{rel}","templated":true}]}}