{"id":8100,"date":"2026-02-13T13:06:57","date_gmt":"2026-02-13T12:06:57","guid":{"rendered":"https:\/\/akatsukianime.com\/?post_type=product&#038;p=8100"},"modified":"2026-02-13T13:06:57","modified_gmt":"2026-02-13T12:06:57","slug":"figura-shigaraki-tomura-pop-up-parade-my-hero-academia","status":"publish","type":"product","link":"https:\/\/akatsukianime.com\/en\/product\/figura-shigaraki-tomura-pop-up-parade-my-hero-academia\/","title":{"rendered":"Figura Shigaraki Tomura &#8211; Pop Up Parade &#8211; My Hero Academia"},"content":{"rendered":"<h3 data-start=\"52\" data-end=\"83\">\ud83d\udcdd Descripci\u00f3n del producto<\/h3>\n<p data-start=\"85\" data-end=\"416\">From the anime <strong data-start=\"100\" data-end=\"120\">My Hero Academia<\/strong> llega la figura de <strong data-start=\"140\" data-end=\"160\">Tomura Shigaraki<\/strong>, el l\u00edder de la Liga de Villanos, dentro de la popular l\u00ednea <strong data-start=\"222\" data-end=\"239\">POP UP PARADE<\/strong>. Su expresi\u00f3n perturbadora, apenas visible bajo la mano que cubre su rostro, ha sido recreada fielmente en esta versi\u00f3n coleccionable, capturando toda la esencia del personaje.<\/p>\n<p data-start=\"418\" data-end=\"652\">La l\u00ednea POP UP PARAADE destaca por ofrecer figuras accesibles, de lanzamiento r\u00e1pido y con gran calidad, normalmente con alturas entre 17 y 18 cm, ideales para ampliar tu colecci\u00f3n con personajes ic\u00f3nicos del anime y los videojuegos.<\/p>\n<h3 data-start=\"659\" data-end=\"693\">\u2b50 Caracter\u00edsticas del producto<\/h3>\n<ul data-start=\"694\" data-end=\"834\">\n<li data-start=\"694\" data-end=\"729\">\n<p data-start=\"696\" data-end=\"729\">Height: <strong data-start=\"704\" data-end=\"729\">17 cm<\/strong><\/p>\n<\/li>\n<li data-start=\"730\" data-end=\"754\">\n<p data-start=\"732\" data-end=\"754\">Material: <strong data-start=\"742\" data-end=\"754\">Pl\u00e1stico<\/strong><\/p>\n<\/li>\n<li data-start=\"755\" data-end=\"796\">\n<p data-start=\"757\" data-end=\"796\">Based on the anime <strong data-start=\"776\" data-end=\"796\">My Hero Academia<\/strong><\/p>\n<\/li>\n<li data-start=\"797\" data-end=\"834\">\n<p data-start=\"799\" data-end=\"834\">Part of the line <strong data-start=\"817\" data-end=\"834\">POP UP PARADE<\/strong><\/p>\n<\/li>\n<\/ul>\n<h3 data-start=\"841\" data-end=\"868\">\ud83d\udce6 Box contents<\/h3>\n<ul data-start=\"869\" data-end=\"905\">\n<li data-start=\"869\" data-end=\"898\">\n<p data-start=\"871\" data-end=\"898\">Figure <strong data-start=\"878\" data-end=\"898\">Tomura Shigaraki<\/strong><\/p>\n<\/li>\n<li data-start=\"899\" data-end=\"905\">\n<p data-start=\"901\" data-end=\"905\">Base<\/p>\n<\/li>\n<\/ul>","protected":false},"excerpt":{"rendered":"<p>\ud83d\udcdd Descripci\u00f3n del producto Desde el anime My Hero Academia llega la figura de Tomura Shigaraki, el l\u00edder de la<\/p>","protected":false},"featured_media":8110,"template":"","meta":[],"product_cat":[281,98,65,62,52],"product_tag":[529,337,165,530,164,528],"class_list":{"0":"post-8100","1":"product","2":"type-product","3":"status-publish","4":"has-post-thumbnail","6":"product_cat-popup-parade","7":"product_cat-good-smile-company","8":"product_cat-figuras","9":"product_cat-ofertas","10":"product_cat-my-hero-academia","11":"product_tag-boku-no-hero-academy","12":"product_tag-figura","13":"product_tag-goodsmile-company","14":"product_tag-my-hero-academia","15":"product_tag-pop-up-parade","16":"product_tag-shigaraki-tomura","18":"first","19":"instock","20":"sale","21":"sold-individually","22":"taxable","23":"shipping-taxable","24":"purchasable","25":"product-type-simple"},"yoast_head":"<!-- This site is optimized with the Yoast SEO plugin v24.2 - https:\/\/yoast.com\/wordpress\/plugins\/seo\/ -->\n<title>Figura Shigaraki Tomura - Pop Up Parade - My Hero Academia - Akatsuki anime store<\/title>\n<meta name=\"description\" content=\"Figura Tomura Shigaraki POP UP PARADE de My Hero Academia, ideal para coleccionistas que buscan detalle y calidad en su vitrina.\" \/>\n<meta name=\"robots\" content=\"index, follow, max-snippet:-1, max-image-preview:large, max-video-preview:-1\" \/>\n<link rel=\"canonical\" href=\"https:\/\/akatsukianime.com\/en\/product\/figura-shigaraki-tomura-pop-up-parade-my-hero-academia\/\" \/>\n<meta property=\"og:locale\" content=\"en_US\" \/>\n<meta property=\"og:type\" content=\"article\" \/>\n<meta property=\"og:title\" content=\"Figura Shigaraki Tomura - Pop Up Parade - My Hero Academia - Akatsuki anime store\" \/>\n<meta property=\"og:description\" content=\"Figura Tomura Shigaraki POP UP PARADE de My Hero Academia, ideal para coleccionistas que buscan detalle y calidad en su vitrina.\" \/>\n<meta property=\"og:url\" content=\"https:\/\/akatsukianime.com\/en\/product\/figura-shigaraki-tomura-pop-up-parade-my-hero-academia\/\" \/>\n<meta property=\"og:site_name\" content=\"Akatsuki anime store\" \/>\n<meta property=\"og:image\" content=\"https:\/\/akatsukianime.com\/wp-content\/uploads\/2026\/02\/Figura-Shigaraki-Tomura-Pop-Up-Parade-My-Hero-Academia.jpg\" \/>\n\t<meta property=\"og:image:width\" content=\"1000\" \/>\n\t<meta property=\"og:image:height\" content=\"1000\" \/>\n\t<meta property=\"og:image:type\" content=\"image\/jpeg\" \/>\n<meta name=\"twitter:card\" content=\"summary_large_image\" \/>\n<meta name=\"twitter:label1\" content=\"Est. reading time\" \/>\n\t<meta name=\"twitter:data1\" content=\"1 minute\" \/>\n<script type=\"application\/ld+json\" class=\"yoast-schema-graph\">{\"@context\":\"https:\/\/schema.org\",\"@graph\":[{\"@type\":[\"WebPage\",\"ItemPage\"],\"@id\":\"https:\/\/akatsukianime.com\/product\/figura-shigaraki-tomura-pop-up-parade-my-hero-academia\/\",\"url\":\"https:\/\/akatsukianime.com\/product\/figura-shigaraki-tomura-pop-up-parade-my-hero-academia\/\",\"name\":\"Figura Shigaraki Tomura - Pop Up Parade - My Hero Academia - Akatsuki anime store\",\"isPartOf\":{\"@id\":\"https:\/\/akatsukianime.com\/#website\"},\"primaryImageOfPage\":{\"@id\":\"https:\/\/akatsukianime.com\/product\/figura-shigaraki-tomura-pop-up-parade-my-hero-academia\/#primaryimage\"},\"image\":{\"@id\":\"https:\/\/akatsukianime.com\/product\/figura-shigaraki-tomura-pop-up-parade-my-hero-academia\/#primaryimage\"},\"thumbnailUrl\":\"https:\/\/akatsukianime.com\/wp-content\/uploads\/2026\/02\/Figura-Shigaraki-Tomura-Pop-Up-Parade-My-Hero-Academia.jpg\",\"datePublished\":\"2026-02-13T12:06:57+00:00\",\"dateModified\":\"2026-02-13T12:06:57+00:00\",\"description\":\"Figura Tomura Shigaraki POP UP PARADE de My Hero Academia, ideal para coleccionistas que buscan detalle y calidad en su vitrina.\",\"breadcrumb\":{\"@id\":\"https:\/\/akatsukianime.com\/product\/figura-shigaraki-tomura-pop-up-parade-my-hero-academia\/#breadcrumb\"},\"inLanguage\":\"en-US\",\"potentialAction\":[{\"@type\":\"ReadAction\",\"target\":[\"https:\/\/akatsukianime.com\/product\/figura-shigaraki-tomura-pop-up-parade-my-hero-academia\/\"]}]},{\"@type\":\"ImageObject\",\"inLanguage\":\"en-US\",\"@id\":\"https:\/\/akatsukianime.com\/product\/figura-shigaraki-tomura-pop-up-parade-my-hero-academia\/#primaryimage\",\"url\":\"https:\/\/akatsukianime.com\/wp-content\/uploads\/2026\/02\/Figura-Shigaraki-Tomura-Pop-Up-Parade-My-Hero-Academia.jpg\",\"contentUrl\":\"https:\/\/akatsukianime.com\/wp-content\/uploads\/2026\/02\/Figura-Shigaraki-Tomura-Pop-Up-Parade-My-Hero-Academia.jpg\",\"width\":1000,\"height\":1000,\"caption\":\"figura tomura shigaraki anime\"},{\"@type\":\"BreadcrumbList\",\"@id\":\"https:\/\/akatsukianime.com\/product\/figura-shigaraki-tomura-pop-up-parade-my-hero-academia\/#breadcrumb\",\"itemListElement\":[{\"@type\":\"ListItem\",\"position\":1,\"name\":\"Portada\",\"item\":\"https:\/\/akatsukianime.com\/\"},{\"@type\":\"ListItem\",\"position\":2,\"name\":\"Tienda\",\"item\":\"https:\/\/akatsukianime.com\/tienda\/\"},{\"@type\":\"ListItem\",\"position\":3,\"name\":\"Figura Shigaraki Tomura &#8211; Pop Up Parade &#8211; My Hero Academia\"}]},{\"@type\":\"WebSite\",\"@id\":\"https:\/\/akatsukianime.com\/#website\",\"url\":\"https:\/\/akatsukianime.com\/\",\"name\":\"Akatsuki anime store\",\"description\":\"\",\"potentialAction\":[{\"@type\":\"SearchAction\",\"target\":{\"@type\":\"EntryPoint\",\"urlTemplate\":\"https:\/\/akatsukianime.com\/?s={search_term_string}\"},\"query-input\":{\"@type\":\"PropertyValueSpecification\",\"valueRequired\":true,\"valueName\":\"search_term_string\"}}],\"inLanguage\":\"en-US\"}]}<\/script>\n<!-- \/ Yoast SEO plugin. -->","yoast_head_json":{"title":"Figura Shigaraki Tomura - Pop Up Parade - My Hero Academia - Akatsuki anime store","description":"Figura Tomura Shigaraki POP UP PARADE de My Hero Academia, ideal para coleccionistas que buscan detalle y calidad en su vitrina.","robots":{"index":"index","follow":"follow","max-snippet":"max-snippet:-1","max-image-preview":"max-image-preview:large","max-video-preview":"max-video-preview:-1"},"canonical":"https:\/\/akatsukianime.com\/en\/product\/figura-shigaraki-tomura-pop-up-parade-my-hero-academia\/","og_locale":"en_US","og_type":"article","og_title":"Figura Shigaraki Tomura - Pop Up Parade - My Hero Academia - Akatsuki anime store","og_description":"Figura Tomura Shigaraki POP UP PARADE de My Hero Academia, ideal para coleccionistas que buscan detalle y calidad en su vitrina.","og_url":"https:\/\/akatsukianime.com\/en\/product\/figura-shigaraki-tomura-pop-up-parade-my-hero-academia\/","og_site_name":"Akatsuki anime store","og_image":[{"width":1000,"height":1000,"url":"https:\/\/akatsukianime.com\/wp-content\/uploads\/2026\/02\/Figura-Shigaraki-Tomura-Pop-Up-Parade-My-Hero-Academia.jpg","type":"image\/jpeg"}],"twitter_card":"summary_large_image","twitter_misc":{"Est. reading time":"1 minute"},"schema":{"@context":"https:\/\/schema.org","@graph":[{"@type":["WebPage","ItemPage"],"@id":"https:\/\/akatsukianime.com\/product\/figura-shigaraki-tomura-pop-up-parade-my-hero-academia\/","url":"https:\/\/akatsukianime.com\/product\/figura-shigaraki-tomura-pop-up-parade-my-hero-academia\/","name":"Figura Shigaraki Tomura - Pop Up Parade - My Hero Academia - Akatsuki anime store","isPartOf":{"@id":"https:\/\/akatsukianime.com\/#website"},"primaryImageOfPage":{"@id":"https:\/\/akatsukianime.com\/product\/figura-shigaraki-tomura-pop-up-parade-my-hero-academia\/#primaryimage"},"image":{"@id":"https:\/\/akatsukianime.com\/product\/figura-shigaraki-tomura-pop-up-parade-my-hero-academia\/#primaryimage"},"thumbnailUrl":"https:\/\/akatsukianime.com\/wp-content\/uploads\/2026\/02\/Figura-Shigaraki-Tomura-Pop-Up-Parade-My-Hero-Academia.jpg","datePublished":"2026-02-13T12:06:57+00:00","dateModified":"2026-02-13T12:06:57+00:00","description":"Figura Tomura Shigaraki POP UP PARADE de My Hero Academia, ideal para coleccionistas que buscan detalle y calidad en su vitrina.","breadcrumb":{"@id":"https:\/\/akatsukianime.com\/product\/figura-shigaraki-tomura-pop-up-parade-my-hero-academia\/#breadcrumb"},"inLanguage":"en-US","potentialAction":[{"@type":"ReadAction","target":["https:\/\/akatsukianime.com\/product\/figura-shigaraki-tomura-pop-up-parade-my-hero-academia\/"]}]},{"@type":"ImageObject","inLanguage":"en-US","@id":"https:\/\/akatsukianime.com\/product\/figura-shigaraki-tomura-pop-up-parade-my-hero-academia\/#primaryimage","url":"https:\/\/akatsukianime.com\/wp-content\/uploads\/2026\/02\/Figura-Shigaraki-Tomura-Pop-Up-Parade-My-Hero-Academia.jpg","contentUrl":"https:\/\/akatsukianime.com\/wp-content\/uploads\/2026\/02\/Figura-Shigaraki-Tomura-Pop-Up-Parade-My-Hero-Academia.jpg","width":1000,"height":1000,"caption":"figura tomura shigaraki anime"},{"@type":"BreadcrumbList","@id":"https:\/\/akatsukianime.com\/product\/figura-shigaraki-tomura-pop-up-parade-my-hero-academia\/#breadcrumb","itemListElement":[{"@type":"ListItem","position":1,"name":"Portada","item":"https:\/\/akatsukianime.com\/"},{"@type":"ListItem","position":2,"name":"Tienda","item":"https:\/\/akatsukianime.com\/tienda\/"},{"@type":"ListItem","position":3,"name":"Figura Shigaraki Tomura &#8211; Pop Up Parade &#8211; My Hero Academia"}]},{"@type":"WebSite","@id":"https:\/\/akatsukianime.com\/#website","url":"https:\/\/akatsukianime.com\/","name":"Akatsuki anime store","description":"","potentialAction":[{"@type":"SearchAction","target":{"@type":"EntryPoint","urlTemplate":"https:\/\/akatsukianime.com\/?s={search_term_string}"},"query-input":{"@type":"PropertyValueSpecification","valueRequired":true,"valueName":"search_term_string"}}],"inLanguage":"en-US"}]}},"jetpack_sharing_enabled":true,"_links":{"self":[{"href":"https:\/\/akatsukianime.com\/en\/wp-json\/wp\/v2\/product\/8100","targetHints":{"allow":["GET"]}}],"collection":[{"href":"https:\/\/akatsukianime.com\/en\/wp-json\/wp\/v2\/product"}],"about":[{"href":"https:\/\/akatsukianime.com\/en\/wp-json\/wp\/v2\/types\/product"}],"version-history":[{"count":1,"href":"https:\/\/akatsukianime.com\/en\/wp-json\/wp\/v2\/product\/8100\/revisions"}],"predecessor-version":[{"id":8111,"href":"https:\/\/akatsukianime.com\/en\/wp-json\/wp\/v2\/product\/8100\/revisions\/8111"}],"wp:featuredmedia":[{"embeddable":true,"href":"https:\/\/akatsukianime.com\/en\/wp-json\/wp\/v2\/media\/8110"}],"wp:attachment":[{"href":"https:\/\/akatsukianime.com\/en\/wp-json\/wp\/v2\/media?parent=8100"}],"wp:term":[{"taxonomy":"product_cat","embeddable":true,"href":"https:\/\/akatsukianime.com\/en\/wp-json\/wp\/v2\/product_cat?post=8100"},{"taxonomy":"product_tag","embeddable":true,"href":"https:\/\/akatsukianime.com\/en\/wp-json\/wp\/v2\/product_tag?post=8100"}],"curies":[{"name":"wp","href":"https:\/\/api.w.org\/{rel}","templated":true}]}}