{"id":8112,"date":"2026-02-13T13:17:09","date_gmt":"2026-02-13T12:17:09","guid":{"rendered":"https:\/\/akatsukianime.com\/?post_type=product&#038;p=8112"},"modified":"2026-02-13T13:17:10","modified_gmt":"2026-02-13T12:17:10","slug":"figura-dabi-pop-up-parade-my-hero-academia","status":"publish","type":"product","link":"https:\/\/akatsukianime.com\/en\/product\/figura-dabi-pop-up-parade-my-hero-academia\/","title":{"rendered":"Figura Dabi &#8211; Pop Up Parade &#8211; My Hero Academia"},"content":{"rendered":"<h3 data-start=\"56\" data-end=\"87\">\ud83d\udcdd Descripci\u00f3n del producto<\/h3>\n<p data-start=\"89\" data-end=\"381\">From the anime <strong data-start=\"104\" data-end=\"124\">My Hero Academia<\/strong> llega la figura de <strong data-start=\"144\" data-end=\"152\">Dabi<\/strong>, miembro de la Liga de Villanos, dentro de la reconocida l\u00ednea <strong data-start=\"216\" data-end=\"233\">POP UP PARADE<\/strong>. Su distintivo abrigo y su sonrisa amenazante han sido recreados cuidadosamente en esta versi\u00f3n coleccionable, capturando la esencia del personaje.<\/p>\n<p data-start=\"383\" data-end=\"597\">La l\u00ednea POP UP PARADE ofrece figuras accesibles, detalladas y de lanzamiento r\u00e1pido, normalmente con alturas entre 17 y 18 cm, ideales para ampliar tu colecci\u00f3n con personajes ic\u00f3nicos del anime y los videojuegos.<\/p>\n<h3 data-start=\"604\" data-end=\"638\">\u2b50 Caracter\u00edsticas del producto<\/h3>\n<ul data-start=\"639\" data-end=\"795\">\n<li data-start=\"639\" data-end=\"674\">\n<p data-start=\"641\" data-end=\"674\">Height: <strong data-start=\"649\" data-end=\"674\">16 cm<\/strong><\/p>\n<\/li>\n<li data-start=\"675\" data-end=\"699\">\n<p data-start=\"677\" data-end=\"699\">Material: <strong data-start=\"687\" data-end=\"699\">Pl\u00e1stico<\/strong><\/p>\n<\/li>\n<li data-start=\"700\" data-end=\"741\">\n<p data-start=\"702\" data-end=\"741\">Based on the anime <strong data-start=\"721\" data-end=\"741\">My Hero Academia<\/strong><\/p>\n<\/li>\n<li data-start=\"742\" data-end=\"779\">\n<p data-start=\"744\" data-end=\"779\">Part of the line <strong data-start=\"762\" data-end=\"779\">POP UP PARADE<\/strong><\/p>\n<\/li>\n<li data-start=\"780\" data-end=\"795\">\n<p data-start=\"782\" data-end=\"795\">Not articulated<\/p>\n<\/li>\n<\/ul>\n<h3 data-start=\"802\" data-end=\"829\">\ud83d\udce6 Box contents<\/h3>\n<ul data-start=\"830\" data-end=\"854\">\n<li data-start=\"830\" data-end=\"847\">\n<p data-start=\"832\" data-end=\"847\">Figure <strong data-start=\"839\" data-end=\"847\">Dabi<\/strong><\/p>\n<\/li>\n<li data-start=\"848\" data-end=\"854\">\n<p data-start=\"850\" data-end=\"854\">Base<\/p>\n<\/li>\n<\/ul>","protected":false},"excerpt":{"rendered":"<p>\ud83d\udcdd Descripci\u00f3n del producto Desde el anime My Hero Academia llega la figura de Dabi, miembro de la Liga de<\/p>","protected":false},"featured_media":8121,"template":"","meta":[],"product_cat":[281,98,65,62,52],"product_tag":[529,531,337,165,530,164],"class_list":{"0":"post-8112","1":"product","2":"type-product","3":"status-publish","4":"has-post-thumbnail","6":"product_cat-popup-parade","7":"product_cat-good-smile-company","8":"product_cat-figuras","9":"product_cat-ofertas","10":"product_cat-my-hero-academia","11":"product_tag-boku-no-hero-academy","12":"product_tag-dabi","13":"product_tag-figura","14":"product_tag-goodsmile-company","15":"product_tag-my-hero-academia","16":"product_tag-pop-up-parade","18":"first","19":"instock","20":"sale","21":"sold-individually","22":"taxable","23":"shipping-taxable","24":"purchasable","25":"product-type-simple"},"yoast_head":"<!-- This site is optimized with the Yoast SEO plugin v24.2 - https:\/\/yoast.com\/wordpress\/plugins\/seo\/ -->\n<title>Figura Dabi - Pop Up Parade - My Hero Academia - Akatsuki anime store<\/title>\n<meta name=\"robots\" content=\"index, follow, max-snippet:-1, max-image-preview:large, max-video-preview:-1\" \/>\n<link rel=\"canonical\" href=\"https:\/\/akatsukianime.com\/en\/product\/figura-dabi-pop-up-parade-my-hero-academia\/\" \/>\n<meta property=\"og:locale\" content=\"en_US\" \/>\n<meta property=\"og:type\" content=\"article\" \/>\n<meta property=\"og:title\" content=\"Figura Dabi - Pop Up Parade - My Hero Academia - Akatsuki anime store\" \/>\n<meta property=\"og:description\" content=\"\ud83d\udcdd Descripci\u00f3n del producto Desde el anime My Hero Academia llega la figura de Dabi, miembro de la Liga de\" \/>\n<meta property=\"og:url\" content=\"https:\/\/akatsukianime.com\/en\/product\/figura-dabi-pop-up-parade-my-hero-academia\/\" \/>\n<meta property=\"og:site_name\" content=\"Akatsuki anime store\" \/>\n<meta property=\"article:modified_time\" content=\"2026-02-13T12:17:10+00:00\" \/>\n<meta property=\"og:image\" content=\"https:\/\/akatsukianime.com\/wp-content\/uploads\/2026\/02\/My-Hero-Academia-Pop-Up-Parade-Dabi.jpg\" \/>\n\t<meta property=\"og:image:width\" content=\"1000\" \/>\n\t<meta property=\"og:image:height\" content=\"1000\" \/>\n\t<meta property=\"og:image:type\" content=\"image\/jpeg\" \/>\n<meta name=\"twitter:card\" content=\"summary_large_image\" \/>\n<meta name=\"twitter:label1\" content=\"Est. reading time\" \/>\n\t<meta name=\"twitter:data1\" content=\"1 minute\" \/>\n<script type=\"application\/ld+json\" class=\"yoast-schema-graph\">{\"@context\":\"https:\/\/schema.org\",\"@graph\":[{\"@type\":[\"WebPage\",\"ItemPage\"],\"@id\":\"https:\/\/akatsukianime.com\/product\/figura-dabi-pop-up-parade-my-hero-academia\/\",\"url\":\"https:\/\/akatsukianime.com\/product\/figura-dabi-pop-up-parade-my-hero-academia\/\",\"name\":\"Figura Dabi - Pop Up Parade - My Hero Academia - Akatsuki anime store\",\"isPartOf\":{\"@id\":\"https:\/\/akatsukianime.com\/#website\"},\"primaryImageOfPage\":{\"@id\":\"https:\/\/akatsukianime.com\/product\/figura-dabi-pop-up-parade-my-hero-academia\/#primaryimage\"},\"image\":{\"@id\":\"https:\/\/akatsukianime.com\/product\/figura-dabi-pop-up-parade-my-hero-academia\/#primaryimage\"},\"thumbnailUrl\":\"https:\/\/akatsukianime.com\/wp-content\/uploads\/2026\/02\/My-Hero-Academia-Pop-Up-Parade-Dabi.jpg\",\"datePublished\":\"2026-02-13T12:17:09+00:00\",\"dateModified\":\"2026-02-13T12:17:10+00:00\",\"breadcrumb\":{\"@id\":\"https:\/\/akatsukianime.com\/product\/figura-dabi-pop-up-parade-my-hero-academia\/#breadcrumb\"},\"inLanguage\":\"en-US\",\"potentialAction\":[{\"@type\":\"ReadAction\",\"target\":[\"https:\/\/akatsukianime.com\/product\/figura-dabi-pop-up-parade-my-hero-academia\/\"]}]},{\"@type\":\"ImageObject\",\"inLanguage\":\"en-US\",\"@id\":\"https:\/\/akatsukianime.com\/product\/figura-dabi-pop-up-parade-my-hero-academia\/#primaryimage\",\"url\":\"https:\/\/akatsukianime.com\/wp-content\/uploads\/2026\/02\/My-Hero-Academia-Pop-Up-Parade-Dabi.jpg\",\"contentUrl\":\"https:\/\/akatsukianime.com\/wp-content\/uploads\/2026\/02\/My-Hero-Academia-Pop-Up-Parade-Dabi.jpg\",\"width\":1000,\"height\":1000,\"caption\":\"figura dabi my hero\"},{\"@type\":\"BreadcrumbList\",\"@id\":\"https:\/\/akatsukianime.com\/product\/figura-dabi-pop-up-parade-my-hero-academia\/#breadcrumb\",\"itemListElement\":[{\"@type\":\"ListItem\",\"position\":1,\"name\":\"Portada\",\"item\":\"https:\/\/akatsukianime.com\/\"},{\"@type\":\"ListItem\",\"position\":2,\"name\":\"Tienda\",\"item\":\"https:\/\/akatsukianime.com\/tienda\/\"},{\"@type\":\"ListItem\",\"position\":3,\"name\":\"Figura Dabi &#8211; Pop Up Parade &#8211; My Hero Academia\"}]},{\"@type\":\"WebSite\",\"@id\":\"https:\/\/akatsukianime.com\/#website\",\"url\":\"https:\/\/akatsukianime.com\/\",\"name\":\"Akatsuki anime store\",\"description\":\"\",\"potentialAction\":[{\"@type\":\"SearchAction\",\"target\":{\"@type\":\"EntryPoint\",\"urlTemplate\":\"https:\/\/akatsukianime.com\/?s={search_term_string}\"},\"query-input\":{\"@type\":\"PropertyValueSpecification\",\"valueRequired\":true,\"valueName\":\"search_term_string\"}}],\"inLanguage\":\"en-US\"}]}<\/script>\n<!-- \/ Yoast SEO plugin. -->","yoast_head_json":{"title":"Figura Dabi - Pop Up Parade - My Hero Academia - Akatsuki anime store","robots":{"index":"index","follow":"follow","max-snippet":"max-snippet:-1","max-image-preview":"max-image-preview:large","max-video-preview":"max-video-preview:-1"},"canonical":"https:\/\/akatsukianime.com\/en\/product\/figura-dabi-pop-up-parade-my-hero-academia\/","og_locale":"en_US","og_type":"article","og_title":"Figura Dabi - Pop Up Parade - My Hero Academia - Akatsuki anime store","og_description":"\ud83d\udcdd Descripci\u00f3n del producto Desde el anime My Hero Academia llega la figura de Dabi, miembro de la Liga de","og_url":"https:\/\/akatsukianime.com\/en\/product\/figura-dabi-pop-up-parade-my-hero-academia\/","og_site_name":"Akatsuki anime store","article_modified_time":"2026-02-13T12:17:10+00:00","og_image":[{"width":1000,"height":1000,"url":"https:\/\/akatsukianime.com\/wp-content\/uploads\/2026\/02\/My-Hero-Academia-Pop-Up-Parade-Dabi.jpg","type":"image\/jpeg"}],"twitter_card":"summary_large_image","twitter_misc":{"Est. reading time":"1 minute"},"schema":{"@context":"https:\/\/schema.org","@graph":[{"@type":["WebPage","ItemPage"],"@id":"https:\/\/akatsukianime.com\/product\/figura-dabi-pop-up-parade-my-hero-academia\/","url":"https:\/\/akatsukianime.com\/product\/figura-dabi-pop-up-parade-my-hero-academia\/","name":"Figura Dabi - Pop Up Parade - My Hero Academia - Akatsuki anime store","isPartOf":{"@id":"https:\/\/akatsukianime.com\/#website"},"primaryImageOfPage":{"@id":"https:\/\/akatsukianime.com\/product\/figura-dabi-pop-up-parade-my-hero-academia\/#primaryimage"},"image":{"@id":"https:\/\/akatsukianime.com\/product\/figura-dabi-pop-up-parade-my-hero-academia\/#primaryimage"},"thumbnailUrl":"https:\/\/akatsukianime.com\/wp-content\/uploads\/2026\/02\/My-Hero-Academia-Pop-Up-Parade-Dabi.jpg","datePublished":"2026-02-13T12:17:09+00:00","dateModified":"2026-02-13T12:17:10+00:00","breadcrumb":{"@id":"https:\/\/akatsukianime.com\/product\/figura-dabi-pop-up-parade-my-hero-academia\/#breadcrumb"},"inLanguage":"en-US","potentialAction":[{"@type":"ReadAction","target":["https:\/\/akatsukianime.com\/product\/figura-dabi-pop-up-parade-my-hero-academia\/"]}]},{"@type":"ImageObject","inLanguage":"en-US","@id":"https:\/\/akatsukianime.com\/product\/figura-dabi-pop-up-parade-my-hero-academia\/#primaryimage","url":"https:\/\/akatsukianime.com\/wp-content\/uploads\/2026\/02\/My-Hero-Academia-Pop-Up-Parade-Dabi.jpg","contentUrl":"https:\/\/akatsukianime.com\/wp-content\/uploads\/2026\/02\/My-Hero-Academia-Pop-Up-Parade-Dabi.jpg","width":1000,"height":1000,"caption":"figura dabi my hero"},{"@type":"BreadcrumbList","@id":"https:\/\/akatsukianime.com\/product\/figura-dabi-pop-up-parade-my-hero-academia\/#breadcrumb","itemListElement":[{"@type":"ListItem","position":1,"name":"Portada","item":"https:\/\/akatsukianime.com\/"},{"@type":"ListItem","position":2,"name":"Tienda","item":"https:\/\/akatsukianime.com\/tienda\/"},{"@type":"ListItem","position":3,"name":"Figura Dabi &#8211; Pop Up Parade &#8211; My Hero Academia"}]},{"@type":"WebSite","@id":"https:\/\/akatsukianime.com\/#website","url":"https:\/\/akatsukianime.com\/","name":"Akatsuki anime store","description":"","potentialAction":[{"@type":"SearchAction","target":{"@type":"EntryPoint","urlTemplate":"https:\/\/akatsukianime.com\/?s={search_term_string}"},"query-input":{"@type":"PropertyValueSpecification","valueRequired":true,"valueName":"search_term_string"}}],"inLanguage":"en-US"}]}},"jetpack_sharing_enabled":true,"_links":{"self":[{"href":"https:\/\/akatsukianime.com\/en\/wp-json\/wp\/v2\/product\/8112","targetHints":{"allow":["GET"]}}],"collection":[{"href":"https:\/\/akatsukianime.com\/en\/wp-json\/wp\/v2\/product"}],"about":[{"href":"https:\/\/akatsukianime.com\/en\/wp-json\/wp\/v2\/types\/product"}],"version-history":[{"count":1,"href":"https:\/\/akatsukianime.com\/en\/wp-json\/wp\/v2\/product\/8112\/revisions"}],"predecessor-version":[{"id":8122,"href":"https:\/\/akatsukianime.com\/en\/wp-json\/wp\/v2\/product\/8112\/revisions\/8122"}],"wp:featuredmedia":[{"embeddable":true,"href":"https:\/\/akatsukianime.com\/en\/wp-json\/wp\/v2\/media\/8121"}],"wp:attachment":[{"href":"https:\/\/akatsukianime.com\/en\/wp-json\/wp\/v2\/media?parent=8112"}],"wp:term":[{"taxonomy":"product_cat","embeddable":true,"href":"https:\/\/akatsukianime.com\/en\/wp-json\/wp\/v2\/product_cat?post=8112"},{"taxonomy":"product_tag","embeddable":true,"href":"https:\/\/akatsukianime.com\/en\/wp-json\/wp\/v2\/product_tag?post=8112"}],"curies":[{"name":"wp","href":"https:\/\/api.w.org\/{rel}","templated":true}]}}