{"id":8184,"date":"2026-02-17T17:38:10","date_gmt":"2026-02-17T16:38:10","guid":{"rendered":"https:\/\/akatsukianime.com\/?post_type=product&#038;p=8184"},"modified":"2026-02-17T17:38:11","modified_gmt":"2026-02-17T16:38:11","slug":"figura-maomao-moon-fairy-ver-premium-perching-the-apothecary-diarie","status":"publish","type":"product","link":"https:\/\/akatsukianime.com\/en\/product\/figura-maomao-moon-fairy-ver-premium-perching-the-apothecary-diarie\/","title":{"rendered":"Figura Maomao Moon Fairy Ver. &#8211; Premium Perching &#8211; The Apothecary Diarie"},"content":{"rendered":"<h3 data-start=\"55\" data-end=\"86\">\ud83d\udcdd Descripci\u00f3n del producto<\/h3>\n<p data-start=\"88\" data-end=\"318\">From the anime <strong data-start=\"103\" data-end=\"144\"><span class=\"hover:entity-accent entity-underline inline cursor-pointer align-baseline\"><span class=\"whitespace-normal\">The Apothecary Diaries<\/span><\/span><\/strong> arrives <strong data-start=\"151\" data-end=\"192\"><span class=\"hover:entity-accent entity-underline inline cursor-pointer align-baseline\"><span class=\"whitespace-normal\">Maomao<\/span><\/span><\/strong> en su encantadora versi\u00f3n <strong data-start=\"219\" data-end=\"233\">Moon Fairy<\/strong>, recreada como una figura altamente detallada dentro de la l\u00ednea Premium Perching.<\/p>\n<p data-start=\"320\" data-end=\"668\">Esta figura captura fielmente el dise\u00f1o del personaje tal como aparece en la serie, con una escultura cuidada que resalta su est\u00e9tica y personalidad. Gracias a su pose sentada caracter\u00edstica, puede colocarse f\u00e1cilmente en repisas, bordes o escritorios, convirti\u00e9ndose en una pieza decorativa ideal para exhibir junto a otras figuras de colecci\u00f3n.<\/p>\n<p data-start=\"670\" data-end=\"917\">La serie Premium Perching de <strong data-start=\"699\" data-end=\"740\"><span class=\"hover:entity-accent entity-underline inline cursor-pointer align-baseline\"><span class=\"whitespace-normal\">Sega<\/span><\/span><\/strong> re\u00fane personajes populares de distintos medios en posturas dise\u00f1adas espec\u00edficamente para \u201cposarse\u201d, ofreciendo versatilidad en la exhibici\u00f3n sin sacrificar detalle ni calidad.<\/p>\n<h3 data-start=\"924\" data-end=\"958\">\u2b50 Caracter\u00edsticas del producto<\/h3>\n<ul data-start=\"959\" data-end=\"1142\">\n<li data-start=\"959\" data-end=\"994\">\n<p data-start=\"961\" data-end=\"994\">Height: <strong data-start=\"969\" data-end=\"994\">14 cm<\/strong><\/p>\n<\/li>\n<li data-start=\"995\" data-end=\"1019\">\n<p data-start=\"997\" data-end=\"1019\">Material: <strong data-start=\"1007\" data-end=\"1019\">Pl\u00e1stico<\/strong><\/p>\n<\/li>\n<li data-start=\"1020\" data-end=\"1067\">\n<p data-start=\"1022\" data-end=\"1067\">Based on the anime <strong data-start=\"1041\" data-end=\"1067\">The Apothecary Diaries<\/strong><\/p>\n<\/li>\n<li data-start=\"1068\" data-end=\"1115\">\n<p data-start=\"1070\" data-end=\"1115\">Part of the line <strong data-start=\"1088\" data-end=\"1115\">Premium Perching Figure<\/strong><\/p>\n<\/li>\n<li data-start=\"1116\" data-end=\"1142\">\n<p data-start=\"1118\" data-end=\"1142\">Figure <strong data-start=\"1125\" data-end=\"1142\">no articulada<\/strong><\/p>\n<\/li>\n<\/ul>\n<h3 data-start=\"1149\" data-end=\"1176\">\ud83d\udce6 Box contents<\/h3>\n<ul data-start=\"1177\" data-end=\"1195\">\n<li data-start=\"1177\" data-end=\"1195\">\n<p data-start=\"1179\" data-end=\"1195\">Figura de Maomao<\/p>\n<\/li>\n<\/ul>","protected":false},"excerpt":{"rendered":"<p>\ud83d\udcdd Descripci\u00f3n del producto Desde el anime The Apothecary Diaries llega Maomao en su encantadora versi\u00f3n Moon Fairy, recreada como<\/p>","protected":false},"featured_media":8190,"template":"","meta":[],"product_cat":[383,101,65,61],"product_tag":[337,381,525,171,382],"class_list":{"0":"post-8184","1":"product","2":"type-product","3":"status-publish","4":"has-post-thumbnail","6":"product_cat-the-apothecary-diaries","7":"product_cat-elige-sega-goods-sega-goods","8":"product_cat-figuras","9":"product_cat-novedades","10":"product_tag-figura","11":"product_tag-maomao","12":"product_tag-premium-perching","13":"product_tag-sega","14":"product_tag-the-apothecary-diaries","16":"first","17":"instock","18":"sold-individually","19":"taxable","20":"shipping-taxable","21":"purchasable","22":"product-type-simple"},"yoast_head":"<!-- This site is optimized with the Yoast SEO plugin v24.2 - https:\/\/yoast.com\/wordpress\/plugins\/seo\/ -->\n<title>Figura Maomao Moon Fairy Ver. - Premium Perching - The Apothecary Diarie - Akatsuki anime store<\/title>\n<meta name=\"description\" content=\"Figura Maomao Moon Fairy de The Apothecary Diaries Premium Perching, detallada y perfecta para exhibir en repisas o colecciones de anime.\" \/>\n<meta name=\"robots\" content=\"index, follow, max-snippet:-1, max-image-preview:large, max-video-preview:-1\" \/>\n<link rel=\"canonical\" href=\"https:\/\/akatsukianime.com\/en\/product\/figura-maomao-moon-fairy-ver-premium-perching-the-apothecary-diarie\/\" \/>\n<meta property=\"og:locale\" content=\"en_US\" \/>\n<meta property=\"og:type\" content=\"article\" \/>\n<meta property=\"og:title\" content=\"Figura Maomao Moon Fairy Ver. - Premium Perching - The Apothecary Diarie - Akatsuki anime store\" \/>\n<meta property=\"og:description\" content=\"Figura Maomao Moon Fairy de The Apothecary Diaries Premium Perching, detallada y perfecta para exhibir en repisas o colecciones de anime.\" \/>\n<meta property=\"og:url\" content=\"https:\/\/akatsukianime.com\/en\/product\/figura-maomao-moon-fairy-ver-premium-perching-the-apothecary-diarie\/\" \/>\n<meta property=\"og:site_name\" content=\"Akatsuki anime store\" \/>\n<meta property=\"article:modified_time\" content=\"2026-02-17T16:38:11+00:00\" \/>\n<meta property=\"og:image\" content=\"https:\/\/akatsukianime.com\/wp-content\/uploads\/2026\/02\/Figura-Maomao-Moon-Fairy-Ver.-Premium-Perching-The-Apothecary-Diarie.jpg\" \/>\n\t<meta property=\"og:image:width\" content=\"1000\" \/>\n\t<meta property=\"og:image:height\" content=\"1000\" \/>\n\t<meta property=\"og:image:type\" content=\"image\/jpeg\" \/>\n<meta name=\"twitter:card\" content=\"summary_large_image\" \/>\n<meta name=\"twitter:label1\" content=\"Est. reading time\" \/>\n\t<meta name=\"twitter:data1\" content=\"1 minute\" \/>\n<script type=\"application\/ld+json\" class=\"yoast-schema-graph\">{\"@context\":\"https:\/\/schema.org\",\"@graph\":[{\"@type\":[\"WebPage\",\"ItemPage\"],\"@id\":\"https:\/\/akatsukianime.com\/product\/figura-maomao-moon-fairy-ver-premium-perching-the-apothecary-diarie\/\",\"url\":\"https:\/\/akatsukianime.com\/product\/figura-maomao-moon-fairy-ver-premium-perching-the-apothecary-diarie\/\",\"name\":\"Figura Maomao Moon Fairy Ver. - Premium Perching - The Apothecary Diarie - Akatsuki anime store\",\"isPartOf\":{\"@id\":\"https:\/\/akatsukianime.com\/#website\"},\"primaryImageOfPage\":{\"@id\":\"https:\/\/akatsukianime.com\/product\/figura-maomao-moon-fairy-ver-premium-perching-the-apothecary-diarie\/#primaryimage\"},\"image\":{\"@id\":\"https:\/\/akatsukianime.com\/product\/figura-maomao-moon-fairy-ver-premium-perching-the-apothecary-diarie\/#primaryimage\"},\"thumbnailUrl\":\"https:\/\/akatsukianime.com\/wp-content\/uploads\/2026\/02\/Figura-Maomao-Moon-Fairy-Ver.-Premium-Perching-The-Apothecary-Diarie.jpg\",\"datePublished\":\"2026-02-17T16:38:10+00:00\",\"dateModified\":\"2026-02-17T16:38:11+00:00\",\"description\":\"Figura Maomao Moon Fairy de The Apothecary Diaries Premium Perching, detallada y perfecta para exhibir en repisas o colecciones de anime.\",\"breadcrumb\":{\"@id\":\"https:\/\/akatsukianime.com\/product\/figura-maomao-moon-fairy-ver-premium-perching-the-apothecary-diarie\/#breadcrumb\"},\"inLanguage\":\"en-US\",\"potentialAction\":[{\"@type\":\"ReadAction\",\"target\":[\"https:\/\/akatsukianime.com\/product\/figura-maomao-moon-fairy-ver-premium-perching-the-apothecary-diarie\/\"]}]},{\"@type\":\"ImageObject\",\"inLanguage\":\"en-US\",\"@id\":\"https:\/\/akatsukianime.com\/product\/figura-maomao-moon-fairy-ver-premium-perching-the-apothecary-diarie\/#primaryimage\",\"url\":\"https:\/\/akatsukianime.com\/wp-content\/uploads\/2026\/02\/Figura-Maomao-Moon-Fairy-Ver.-Premium-Perching-The-Apothecary-Diarie.jpg\",\"contentUrl\":\"https:\/\/akatsukianime.com\/wp-content\/uploads\/2026\/02\/Figura-Maomao-Moon-Fairy-Ver.-Premium-Perching-The-Apothecary-Diarie.jpg\",\"width\":1000,\"height\":1000,\"caption\":\"Figura Maomao Apothecary Diarie\"},{\"@type\":\"BreadcrumbList\",\"@id\":\"https:\/\/akatsukianime.com\/product\/figura-maomao-moon-fairy-ver-premium-perching-the-apothecary-diarie\/#breadcrumb\",\"itemListElement\":[{\"@type\":\"ListItem\",\"position\":1,\"name\":\"Portada\",\"item\":\"https:\/\/akatsukianime.com\/\"},{\"@type\":\"ListItem\",\"position\":2,\"name\":\"Tienda\",\"item\":\"https:\/\/akatsukianime.com\/tienda\/\"},{\"@type\":\"ListItem\",\"position\":3,\"name\":\"Figura Maomao Moon Fairy Ver. &#8211; Premium Perching &#8211; The Apothecary Diarie\"}]},{\"@type\":\"WebSite\",\"@id\":\"https:\/\/akatsukianime.com\/#website\",\"url\":\"https:\/\/akatsukianime.com\/\",\"name\":\"Akatsuki anime store\",\"description\":\"\",\"potentialAction\":[{\"@type\":\"SearchAction\",\"target\":{\"@type\":\"EntryPoint\",\"urlTemplate\":\"https:\/\/akatsukianime.com\/?s={search_term_string}\"},\"query-input\":{\"@type\":\"PropertyValueSpecification\",\"valueRequired\":true,\"valueName\":\"search_term_string\"}}],\"inLanguage\":\"en-US\"}]}<\/script>\n<!-- \/ Yoast SEO plugin. -->","yoast_head_json":{"title":"Figura Maomao Moon Fairy Ver. - Premium Perching - The Apothecary Diarie - Akatsuki anime store","description":"Figura Maomao Moon Fairy de The Apothecary Diaries Premium Perching, detallada y perfecta para exhibir en repisas o colecciones de anime.","robots":{"index":"index","follow":"follow","max-snippet":"max-snippet:-1","max-image-preview":"max-image-preview:large","max-video-preview":"max-video-preview:-1"},"canonical":"https:\/\/akatsukianime.com\/en\/product\/figura-maomao-moon-fairy-ver-premium-perching-the-apothecary-diarie\/","og_locale":"en_US","og_type":"article","og_title":"Figura Maomao Moon Fairy Ver. - Premium Perching - The Apothecary Diarie - Akatsuki anime store","og_description":"Figura Maomao Moon Fairy de The Apothecary Diaries Premium Perching, detallada y perfecta para exhibir en repisas o colecciones de anime.","og_url":"https:\/\/akatsukianime.com\/en\/product\/figura-maomao-moon-fairy-ver-premium-perching-the-apothecary-diarie\/","og_site_name":"Akatsuki anime store","article_modified_time":"2026-02-17T16:38:11+00:00","og_image":[{"width":1000,"height":1000,"url":"https:\/\/akatsukianime.com\/wp-content\/uploads\/2026\/02\/Figura-Maomao-Moon-Fairy-Ver.-Premium-Perching-The-Apothecary-Diarie.jpg","type":"image\/jpeg"}],"twitter_card":"summary_large_image","twitter_misc":{"Est. reading time":"1 minute"},"schema":{"@context":"https:\/\/schema.org","@graph":[{"@type":["WebPage","ItemPage"],"@id":"https:\/\/akatsukianime.com\/product\/figura-maomao-moon-fairy-ver-premium-perching-the-apothecary-diarie\/","url":"https:\/\/akatsukianime.com\/product\/figura-maomao-moon-fairy-ver-premium-perching-the-apothecary-diarie\/","name":"Figura Maomao Moon Fairy Ver. - Premium Perching - The Apothecary Diarie - Akatsuki anime store","isPartOf":{"@id":"https:\/\/akatsukianime.com\/#website"},"primaryImageOfPage":{"@id":"https:\/\/akatsukianime.com\/product\/figura-maomao-moon-fairy-ver-premium-perching-the-apothecary-diarie\/#primaryimage"},"image":{"@id":"https:\/\/akatsukianime.com\/product\/figura-maomao-moon-fairy-ver-premium-perching-the-apothecary-diarie\/#primaryimage"},"thumbnailUrl":"https:\/\/akatsukianime.com\/wp-content\/uploads\/2026\/02\/Figura-Maomao-Moon-Fairy-Ver.-Premium-Perching-The-Apothecary-Diarie.jpg","datePublished":"2026-02-17T16:38:10+00:00","dateModified":"2026-02-17T16:38:11+00:00","description":"Figura Maomao Moon Fairy de The Apothecary Diaries Premium Perching, detallada y perfecta para exhibir en repisas o colecciones de anime.","breadcrumb":{"@id":"https:\/\/akatsukianime.com\/product\/figura-maomao-moon-fairy-ver-premium-perching-the-apothecary-diarie\/#breadcrumb"},"inLanguage":"en-US","potentialAction":[{"@type":"ReadAction","target":["https:\/\/akatsukianime.com\/product\/figura-maomao-moon-fairy-ver-premium-perching-the-apothecary-diarie\/"]}]},{"@type":"ImageObject","inLanguage":"en-US","@id":"https:\/\/akatsukianime.com\/product\/figura-maomao-moon-fairy-ver-premium-perching-the-apothecary-diarie\/#primaryimage","url":"https:\/\/akatsukianime.com\/wp-content\/uploads\/2026\/02\/Figura-Maomao-Moon-Fairy-Ver.-Premium-Perching-The-Apothecary-Diarie.jpg","contentUrl":"https:\/\/akatsukianime.com\/wp-content\/uploads\/2026\/02\/Figura-Maomao-Moon-Fairy-Ver.-Premium-Perching-The-Apothecary-Diarie.jpg","width":1000,"height":1000,"caption":"Figura Maomao Apothecary Diarie"},{"@type":"BreadcrumbList","@id":"https:\/\/akatsukianime.com\/product\/figura-maomao-moon-fairy-ver-premium-perching-the-apothecary-diarie\/#breadcrumb","itemListElement":[{"@type":"ListItem","position":1,"name":"Portada","item":"https:\/\/akatsukianime.com\/"},{"@type":"ListItem","position":2,"name":"Tienda","item":"https:\/\/akatsukianime.com\/tienda\/"},{"@type":"ListItem","position":3,"name":"Figura Maomao Moon Fairy Ver. &#8211; Premium Perching &#8211; The Apothecary Diarie"}]},{"@type":"WebSite","@id":"https:\/\/akatsukianime.com\/#website","url":"https:\/\/akatsukianime.com\/","name":"Akatsuki anime store","description":"","potentialAction":[{"@type":"SearchAction","target":{"@type":"EntryPoint","urlTemplate":"https:\/\/akatsukianime.com\/?s={search_term_string}"},"query-input":{"@type":"PropertyValueSpecification","valueRequired":true,"valueName":"search_term_string"}}],"inLanguage":"en-US"}]}},"jetpack_sharing_enabled":true,"_links":{"self":[{"href":"https:\/\/akatsukianime.com\/en\/wp-json\/wp\/v2\/product\/8184","targetHints":{"allow":["GET"]}}],"collection":[{"href":"https:\/\/akatsukianime.com\/en\/wp-json\/wp\/v2\/product"}],"about":[{"href":"https:\/\/akatsukianime.com\/en\/wp-json\/wp\/v2\/types\/product"}],"version-history":[{"count":1,"href":"https:\/\/akatsukianime.com\/en\/wp-json\/wp\/v2\/product\/8184\/revisions"}],"predecessor-version":[{"id":8191,"href":"https:\/\/akatsukianime.com\/en\/wp-json\/wp\/v2\/product\/8184\/revisions\/8191"}],"wp:featuredmedia":[{"embeddable":true,"href":"https:\/\/akatsukianime.com\/en\/wp-json\/wp\/v2\/media\/8190"}],"wp:attachment":[{"href":"https:\/\/akatsukianime.com\/en\/wp-json\/wp\/v2\/media?parent=8184"}],"wp:term":[{"taxonomy":"product_cat","embeddable":true,"href":"https:\/\/akatsukianime.com\/en\/wp-json\/wp\/v2\/product_cat?post=8184"},{"taxonomy":"product_tag","embeddable":true,"href":"https:\/\/akatsukianime.com\/en\/wp-json\/wp\/v2\/product_tag?post=8184"}],"curies":[{"name":"wp","href":"https:\/\/api.w.org\/{rel}","templated":true}]}}