{"id":8193,"date":"2026-02-19T12:56:29","date_gmt":"2026-02-19T11:56:29","guid":{"rendered":"https:\/\/akatsukianime.com\/?post_type=product&#038;p=8193"},"modified":"2026-02-19T12:56:42","modified_gmt":"2026-02-19T11:56:42","slug":"figura-tina-howard-luminasta-private-tutor-to-the-dukes-daughter","status":"publish","type":"product","link":"https:\/\/akatsukianime.com\/en\/product\/figura-tina-howard-luminasta-private-tutor-to-the-dukes-daughter\/","title":{"rendered":"Figura Tina Howard &#8211; Luminasta Private &#8211; Tutor to the Duke&#8217;s Daughter"},"content":{"rendered":"<h3 data-start=\"55\" data-end=\"86\">\ud83d\udcdd Descripci\u00f3n del producto<\/h3>\n<p data-start=\"88\" data-end=\"294\">From the anime <strong data-start=\"103\" data-end=\"144\"><span class=\"hover:entity-accent entity-underline inline cursor-pointer align-baseline\"><span class=\"whitespace-normal\">Private Tutor to the Duke&#8217;s Daughter<\/span><\/span><\/strong> llega una nueva incorporaci\u00f3n a la popular l\u00ednea Luminasta de <strong data-start=\"207\" data-end=\"248\"><span class=\"hover:entity-accent entity-underline inline cursor-pointer align-baseline\"><span class=\"whitespace-normal\">Sega<\/span><\/span><\/strong>: <strong data-start=\"250\" data-end=\"291\"><span class=\"hover:entity-accent entity-underline inline cursor-pointer align-baseline\"><span class=\"whitespace-normal\">Tina Howard<\/span><\/span><\/strong>.<\/p>\n<p data-start=\"296\" data-end=\"647\">Segunda hija del duque Howard, Tina es una estudiante decidida de la Real Academia que aspira a dominar la magia como los h\u00e9roes de sus historias favoritas. Esta figura captura su encanto y determinaci\u00f3n con un esculpido detallado y una pose din\u00e1mica que la convierte en una pieza ideal para ampliar cualquier colecci\u00f3n tem\u00e1tica de anime o fantas\u00eda.<\/p>\n<p data-start=\"649\" data-end=\"929\">Con acabados cuidados y un dise\u00f1o fiel a su apariencia en la serie, esta figura Luminasta es perfecta tanto para fans del anime como para coleccionistas que buscan una representaci\u00f3n de calidad para exhibici\u00f3n. No dejes pasar la oportunidad de a\u00f1adir a Tina a tu colecci\u00f3n m\u00e1gica.<\/p>\n<hr data-start=\"931\" data-end=\"934\" \/>\n<h3 data-start=\"936\" data-end=\"970\">\u2b50 Caracter\u00edsticas del producto<\/h3>\n<ul data-start=\"971\" data-end=\"1180\">\n<li data-start=\"971\" data-end=\"1006\">\n<p data-start=\"973\" data-end=\"1006\">Height: <strong data-start=\"981\" data-end=\"1006\">20 cm<\/strong><\/p>\n<\/li>\n<li data-start=\"1007\" data-end=\"1031\">\n<p data-start=\"1009\" data-end=\"1031\">Material: <strong data-start=\"1019\" data-end=\"1031\">Pl\u00e1stico<\/strong><\/p>\n<\/li>\n<li data-start=\"1032\" data-end=\"1093\">\n<p data-start=\"1034\" data-end=\"1093\">Based on the anime <strong data-start=\"1053\" data-end=\"1093\">Private Tutor to the Duke\u2019s Daughter<\/strong><\/p>\n<\/li>\n<li data-start=\"1094\" data-end=\"1127\">\n<p data-start=\"1096\" data-end=\"1127\">Part of the line <strong data-start=\"1114\" data-end=\"1127\">Luminast<\/strong><\/p>\n<\/li>\n<li data-start=\"1128\" data-end=\"1153\">\n<p data-start=\"1130\" data-end=\"1153\">High quality of detail<\/p>\n<\/li>\n<li data-start=\"1154\" data-end=\"1180\">\n<p data-start=\"1156\" data-end=\"1180\">Figure <strong data-start=\"1163\" data-end=\"1180\">no articulada<\/strong><\/p>\n<\/li>\n<\/ul>\n<hr data-start=\"1182\" data-end=\"1185\" \/>\n<h3 data-start=\"1187\" data-end=\"1214\">\ud83d\udce6 Box contents<\/h3>\n<ul data-start=\"1215\" data-end=\"1238\">\n<li data-start=\"1215\" data-end=\"1238\">\n<p data-start=\"1217\" data-end=\"1238\">Figura de Tina Howard<\/p>\n<\/li>\n<\/ul>","protected":false},"excerpt":{"rendered":"<p>\ud83d\udcdd Descripci\u00f3n del producto Desde el anime Private Tutor to the Duke&#8217;s Daughter llega una nueva incorporaci\u00f3n a la popular<\/p>","protected":false},"featured_media":8195,"template":"","meta":[],"product_cat":[101,65,61,60],"product_tag":[337,218,171,538,539],"class_list":{"0":"post-8193","1":"product","2":"type-product","3":"status-publish","4":"has-post-thumbnail","6":"product_cat-elige-sega-goods-sega-goods","7":"product_cat-figuras","8":"product_cat-novedades","9":"product_cat-otros","10":"product_tag-figura","11":"product_tag-luminasta","12":"product_tag-sega","13":"product_tag-tina-howard","14":"product_tag-tutor-to-the-dukes-daughter","16":"first","17":"instock","18":"sold-individually","19":"taxable","20":"shipping-taxable","21":"purchasable","22":"product-type-simple"},"yoast_head":"<!-- This site is optimized with the Yoast SEO plugin v24.2 - https:\/\/yoast.com\/wordpress\/plugins\/seo\/ -->\n<title>Figura Tina Howard - Luminasta Private - Tutor to the Duke&#039;s Daughter - Akatsuki anime store<\/title>\n<meta name=\"description\" content=\"Figura Tina Howard Luminasta basada en Private Tutor to the Duke\u2019s Daughter, detallada y perfecta para coleccionistas de anime.\" \/>\n<meta name=\"robots\" content=\"index, follow, max-snippet:-1, max-image-preview:large, max-video-preview:-1\" \/>\n<link rel=\"canonical\" href=\"https:\/\/akatsukianime.com\/en\/product\/figura-tina-howard-luminasta-private-tutor-to-the-dukes-daughter\/\" \/>\n<meta property=\"og:locale\" content=\"en_US\" \/>\n<meta property=\"og:type\" content=\"article\" \/>\n<meta property=\"og:title\" content=\"Figura Tina Howard - Luminasta Private - Tutor to the Duke&#039;s Daughter - Akatsuki anime store\" \/>\n<meta property=\"og:description\" content=\"Figura Tina Howard Luminasta basada en Private Tutor to the Duke\u2019s Daughter, detallada y perfecta para coleccionistas de anime.\" \/>\n<meta property=\"og:url\" content=\"https:\/\/akatsukianime.com\/en\/product\/figura-tina-howard-luminasta-private-tutor-to-the-dukes-daughter\/\" \/>\n<meta property=\"og:site_name\" content=\"Akatsuki anime store\" \/>\n<meta property=\"article:modified_time\" content=\"2026-02-19T11:56:42+00:00\" \/>\n<meta property=\"og:image\" content=\"https:\/\/akatsukianime.com\/wp-content\/uploads\/2026\/02\/Figura-Tina-Howard-Luminasta-Private-Tutor-to-the-Dukes-Daughter.jpg\" \/>\n\t<meta property=\"og:image:width\" content=\"1000\" \/>\n\t<meta property=\"og:image:height\" content=\"1000\" \/>\n\t<meta property=\"og:image:type\" content=\"image\/jpeg\" \/>\n<meta name=\"twitter:card\" content=\"summary_large_image\" \/>\n<meta name=\"twitter:label1\" content=\"Est. reading time\" \/>\n\t<meta name=\"twitter:data1\" content=\"1 minute\" \/>\n<script type=\"application\/ld+json\" class=\"yoast-schema-graph\">{\"@context\":\"https:\/\/schema.org\",\"@graph\":[{\"@type\":[\"WebPage\",\"ItemPage\"],\"@id\":\"https:\/\/akatsukianime.com\/product\/figura-tina-howard-luminasta-private-tutor-to-the-dukes-daughter\/\",\"url\":\"https:\/\/akatsukianime.com\/product\/figura-tina-howard-luminasta-private-tutor-to-the-dukes-daughter\/\",\"name\":\"Figura Tina Howard - Luminasta Private - Tutor to the Duke's Daughter - Akatsuki anime store\",\"isPartOf\":{\"@id\":\"https:\/\/akatsukianime.com\/#website\"},\"primaryImageOfPage\":{\"@id\":\"https:\/\/akatsukianime.com\/product\/figura-tina-howard-luminasta-private-tutor-to-the-dukes-daughter\/#primaryimage\"},\"image\":{\"@id\":\"https:\/\/akatsukianime.com\/product\/figura-tina-howard-luminasta-private-tutor-to-the-dukes-daughter\/#primaryimage\"},\"thumbnailUrl\":\"https:\/\/akatsukianime.com\/wp-content\/uploads\/2026\/02\/Figura-Tina-Howard-Luminasta-Private-Tutor-to-the-Dukes-Daughter.jpg\",\"datePublished\":\"2026-02-19T11:56:29+00:00\",\"dateModified\":\"2026-02-19T11:56:42+00:00\",\"description\":\"Figura Tina Howard Luminasta basada en Private Tutor to the Duke\u2019s Daughter, detallada y perfecta para coleccionistas de anime.\",\"breadcrumb\":{\"@id\":\"https:\/\/akatsukianime.com\/product\/figura-tina-howard-luminasta-private-tutor-to-the-dukes-daughter\/#breadcrumb\"},\"inLanguage\":\"en-US\",\"potentialAction\":[{\"@type\":\"ReadAction\",\"target\":[\"https:\/\/akatsukianime.com\/product\/figura-tina-howard-luminasta-private-tutor-to-the-dukes-daughter\/\"]}]},{\"@type\":\"ImageObject\",\"inLanguage\":\"en-US\",\"@id\":\"https:\/\/akatsukianime.com\/product\/figura-tina-howard-luminasta-private-tutor-to-the-dukes-daughter\/#primaryimage\",\"url\":\"https:\/\/akatsukianime.com\/wp-content\/uploads\/2026\/02\/Figura-Tina-Howard-Luminasta-Private-Tutor-to-the-Dukes-Daughter.jpg\",\"contentUrl\":\"https:\/\/akatsukianime.com\/wp-content\/uploads\/2026\/02\/Figura-Tina-Howard-Luminasta-Private-Tutor-to-the-Dukes-Daughter.jpg\",\"width\":1000,\"height\":1000,\"caption\":\"figura tina howard luminasta\"},{\"@type\":\"BreadcrumbList\",\"@id\":\"https:\/\/akatsukianime.com\/product\/figura-tina-howard-luminasta-private-tutor-to-the-dukes-daughter\/#breadcrumb\",\"itemListElement\":[{\"@type\":\"ListItem\",\"position\":1,\"name\":\"Portada\",\"item\":\"https:\/\/akatsukianime.com\/\"},{\"@type\":\"ListItem\",\"position\":2,\"name\":\"Tienda\",\"item\":\"https:\/\/akatsukianime.com\/tienda\/\"},{\"@type\":\"ListItem\",\"position\":3,\"name\":\"Figura Tina Howard &#8211; Luminasta Private &#8211; Tutor to the Duke&#8217;s Daughter\"}]},{\"@type\":\"WebSite\",\"@id\":\"https:\/\/akatsukianime.com\/#website\",\"url\":\"https:\/\/akatsukianime.com\/\",\"name\":\"Akatsuki anime store\",\"description\":\"\",\"potentialAction\":[{\"@type\":\"SearchAction\",\"target\":{\"@type\":\"EntryPoint\",\"urlTemplate\":\"https:\/\/akatsukianime.com\/?s={search_term_string}\"},\"query-input\":{\"@type\":\"PropertyValueSpecification\",\"valueRequired\":true,\"valueName\":\"search_term_string\"}}],\"inLanguage\":\"en-US\"}]}<\/script>\n<!-- \/ Yoast SEO plugin. -->","yoast_head_json":{"title":"Figura Tina Howard - Luminasta Private - Tutor to the Duke's Daughter - Akatsuki anime store","description":"Figura Tina Howard Luminasta basada en Private Tutor to the Duke\u2019s Daughter, detallada y perfecta para coleccionistas de anime.","robots":{"index":"index","follow":"follow","max-snippet":"max-snippet:-1","max-image-preview":"max-image-preview:large","max-video-preview":"max-video-preview:-1"},"canonical":"https:\/\/akatsukianime.com\/en\/product\/figura-tina-howard-luminasta-private-tutor-to-the-dukes-daughter\/","og_locale":"en_US","og_type":"article","og_title":"Figura Tina Howard - Luminasta Private - Tutor to the Duke's Daughter - Akatsuki anime store","og_description":"Figura Tina Howard Luminasta basada en Private Tutor to the Duke\u2019s Daughter, detallada y perfecta para coleccionistas de anime.","og_url":"https:\/\/akatsukianime.com\/en\/product\/figura-tina-howard-luminasta-private-tutor-to-the-dukes-daughter\/","og_site_name":"Akatsuki anime store","article_modified_time":"2026-02-19T11:56:42+00:00","og_image":[{"width":1000,"height":1000,"url":"https:\/\/akatsukianime.com\/wp-content\/uploads\/2026\/02\/Figura-Tina-Howard-Luminasta-Private-Tutor-to-the-Dukes-Daughter.jpg","type":"image\/jpeg"}],"twitter_card":"summary_large_image","twitter_misc":{"Est. reading time":"1 minute"},"schema":{"@context":"https:\/\/schema.org","@graph":[{"@type":["WebPage","ItemPage"],"@id":"https:\/\/akatsukianime.com\/product\/figura-tina-howard-luminasta-private-tutor-to-the-dukes-daughter\/","url":"https:\/\/akatsukianime.com\/product\/figura-tina-howard-luminasta-private-tutor-to-the-dukes-daughter\/","name":"Figura Tina Howard - Luminasta Private - Tutor to the Duke's Daughter - Akatsuki anime store","isPartOf":{"@id":"https:\/\/akatsukianime.com\/#website"},"primaryImageOfPage":{"@id":"https:\/\/akatsukianime.com\/product\/figura-tina-howard-luminasta-private-tutor-to-the-dukes-daughter\/#primaryimage"},"image":{"@id":"https:\/\/akatsukianime.com\/product\/figura-tina-howard-luminasta-private-tutor-to-the-dukes-daughter\/#primaryimage"},"thumbnailUrl":"https:\/\/akatsukianime.com\/wp-content\/uploads\/2026\/02\/Figura-Tina-Howard-Luminasta-Private-Tutor-to-the-Dukes-Daughter.jpg","datePublished":"2026-02-19T11:56:29+00:00","dateModified":"2026-02-19T11:56:42+00:00","description":"Figura Tina Howard Luminasta basada en Private Tutor to the Duke\u2019s Daughter, detallada y perfecta para coleccionistas de anime.","breadcrumb":{"@id":"https:\/\/akatsukianime.com\/product\/figura-tina-howard-luminasta-private-tutor-to-the-dukes-daughter\/#breadcrumb"},"inLanguage":"en-US","potentialAction":[{"@type":"ReadAction","target":["https:\/\/akatsukianime.com\/product\/figura-tina-howard-luminasta-private-tutor-to-the-dukes-daughter\/"]}]},{"@type":"ImageObject","inLanguage":"en-US","@id":"https:\/\/akatsukianime.com\/product\/figura-tina-howard-luminasta-private-tutor-to-the-dukes-daughter\/#primaryimage","url":"https:\/\/akatsukianime.com\/wp-content\/uploads\/2026\/02\/Figura-Tina-Howard-Luminasta-Private-Tutor-to-the-Dukes-Daughter.jpg","contentUrl":"https:\/\/akatsukianime.com\/wp-content\/uploads\/2026\/02\/Figura-Tina-Howard-Luminasta-Private-Tutor-to-the-Dukes-Daughter.jpg","width":1000,"height":1000,"caption":"figura tina howard luminasta"},{"@type":"BreadcrumbList","@id":"https:\/\/akatsukianime.com\/product\/figura-tina-howard-luminasta-private-tutor-to-the-dukes-daughter\/#breadcrumb","itemListElement":[{"@type":"ListItem","position":1,"name":"Portada","item":"https:\/\/akatsukianime.com\/"},{"@type":"ListItem","position":2,"name":"Tienda","item":"https:\/\/akatsukianime.com\/tienda\/"},{"@type":"ListItem","position":3,"name":"Figura Tina Howard &#8211; Luminasta Private &#8211; Tutor to the Duke&#8217;s Daughter"}]},{"@type":"WebSite","@id":"https:\/\/akatsukianime.com\/#website","url":"https:\/\/akatsukianime.com\/","name":"Akatsuki anime store","description":"","potentialAction":[{"@type":"SearchAction","target":{"@type":"EntryPoint","urlTemplate":"https:\/\/akatsukianime.com\/?s={search_term_string}"},"query-input":{"@type":"PropertyValueSpecification","valueRequired":true,"valueName":"search_term_string"}}],"inLanguage":"en-US"}]}},"jetpack_sharing_enabled":true,"_links":{"self":[{"href":"https:\/\/akatsukianime.com\/en\/wp-json\/wp\/v2\/product\/8193","targetHints":{"allow":["GET"]}}],"collection":[{"href":"https:\/\/akatsukianime.com\/en\/wp-json\/wp\/v2\/product"}],"about":[{"href":"https:\/\/akatsukianime.com\/en\/wp-json\/wp\/v2\/types\/product"}],"version-history":[{"count":1,"href":"https:\/\/akatsukianime.com\/en\/wp-json\/wp\/v2\/product\/8193\/revisions"}],"predecessor-version":[{"id":8201,"href":"https:\/\/akatsukianime.com\/en\/wp-json\/wp\/v2\/product\/8193\/revisions\/8201"}],"wp:featuredmedia":[{"embeddable":true,"href":"https:\/\/akatsukianime.com\/en\/wp-json\/wp\/v2\/media\/8195"}],"wp:attachment":[{"href":"https:\/\/akatsukianime.com\/en\/wp-json\/wp\/v2\/media?parent=8193"}],"wp:term":[{"taxonomy":"product_cat","embeddable":true,"href":"https:\/\/akatsukianime.com\/en\/wp-json\/wp\/v2\/product_cat?post=8193"},{"taxonomy":"product_tag","embeddable":true,"href":"https:\/\/akatsukianime.com\/en\/wp-json\/wp\/v2\/product_tag?post=8193"}],"curies":[{"name":"wp","href":"https:\/\/api.w.org\/{rel}","templated":true}]}}