{"id":8211,"date":"2026-03-04T18:20:37","date_gmt":"2026-03-04T17:20:37","guid":{"rendered":"https:\/\/akatsukianime.com\/?post_type=product&#038;p=8211"},"modified":"2026-03-04T18:20:38","modified_gmt":"2026-03-04T17:20:38","slug":"figura-devil-homura-puella-magi-madoka-magica-the-movie-rebellion-banpresto-evolve","status":"publish","type":"product","link":"https:\/\/akatsukianime.com\/en\/product\/figura-devil-homura-puella-magi-madoka-magica-the-movie-rebellion-banpresto-evolve\/","title":{"rendered":"Figura Devil Homura &#8211; Puella Magi Madoka Magica: The Movie Rebellion &#8211; Banpresto Evolve"},"content":{"rendered":"<h3 data-start=\"52\" data-end=\"83\">\ud83d\udcdd Descripci\u00f3n del producto<\/h3>\n<p data-start=\"85\" data-end=\"295\"><strong data-start=\"85\" data-end=\"126\"><span class=\"hover:entity-accent entity-underline inline cursor-pointer align-baseline\"><span class=\"whitespace-normal\">Banpresto<\/span><\/span><\/strong> presenta una impresionante figura inspirada en la pel\u00edcula <strong data-start=\"186\" data-end=\"227\"><span class=\"hover:entity-accent entity-underline inline cursor-pointer align-baseline\"><span class=\"whitespace-normal\">Puella Magi Madoka Magica: The Movie Rebellion<\/span><\/span><\/strong>: <strong data-start=\"229\" data-end=\"270\"><span class=\"hover:entity-accent entity-underline inline cursor-pointer align-baseline\"><span class=\"whitespace-normal\">Devil Homura<\/span><\/span><\/strong> (Evolve Devil Homura).<\/p>\n<p data-start=\"297\" data-end=\"605\">Ataviada con su impactante traje de \u00e1ngel oscuro, Homura muestra una expresi\u00f3n serena mientras desciende con elegancia. La figura captura fielmente su dise\u00f1o oscuro y majestuoso, destacando los detalles de su vestimenta y su imponente presencia, convirti\u00e9ndola en una pieza esencial para los fans de la saga.<\/p>\n<p data-start=\"607\" data-end=\"745\">Con una altura destacada y un acabado de alta calidad, es perfecta para exhibir como pieza central en cualquier colecci\u00f3n de anime m\u00e1gico.<\/p>\n<hr data-start=\"747\" data-end=\"750\" \/>\n<h3 data-start=\"752\" data-end=\"786\">\u2b50 Caracter\u00edsticas del producto<\/h3>\n<ul data-start=\"787\" data-end=\"975\">\n<li data-start=\"787\" data-end=\"824\">\n<p data-start=\"789\" data-end=\"824\">Height: <strong data-start=\"797\" data-end=\"824\">23.87 cm<\/strong><\/p>\n<\/li>\n<li data-start=\"825\" data-end=\"849\">\n<p data-start=\"827\" data-end=\"849\">Material: <strong data-start=\"837\" data-end=\"849\">Pl\u00e1stico<\/strong><\/p>\n<\/li>\n<li data-start=\"850\" data-end=\"924\">\n<p data-start=\"852\" data-end=\"924\">Basada en la pel\u00edcula <strong data-start=\"874\" data-end=\"924\">Puella Magi Madoka Magica: The Movie Rebellion<\/strong><\/p>\n<\/li>\n<li data-start=\"925\" data-end=\"948\">\n<p data-start=\"927\" data-end=\"948\">Alto nivel de detalle<\/p>\n<\/li>\n<li data-start=\"949\" data-end=\"975\">\n<p data-start=\"951\" data-end=\"975\">Figure <strong data-start=\"958\" data-end=\"975\">no articulada<\/strong><\/p>\n<\/li>\n<\/ul>\n<hr data-start=\"977\" data-end=\"980\" \/>\n<h3 data-start=\"982\" data-end=\"1009\">\ud83d\udce6 Box contents<\/h3>\n<ul data-start=\"1010\" data-end=\"1035\">\n<li data-start=\"1010\" data-end=\"1035\">\n<p data-start=\"1012\" data-end=\"1035\">Figure <strong data-start=\"1019\" data-end=\"1035\">Devil Homura<\/strong><\/p>\n<\/li>\n<\/ul>","protected":false},"excerpt":{"rendered":"<p>\ud83d\udcdd Descripci\u00f3n del producto Banpresto presenta una impresionante figura inspirada en la pel\u00edcula Puella Magi Madoka Magica: The Movie Rebellion:<\/p>","protected":false},"featured_media":8212,"template":"","meta":[],"product_cat":[95,65,61,60],"product_tag":[157,541,542,337,540,420],"class_list":{"0":"post-8211","1":"product","2":"type-product","3":"status-publish","4":"has-post-thumbnail","6":"product_cat-banpresto","7":"product_cat-figuras","8":"product_cat-novedades","9":"product_cat-otros","10":"product_tag-banpresto","11":"product_tag-banpresto-evolve","12":"product_tag-devil-homura","13":"product_tag-figura","14":"product_tag-homura-akemi","15":"product_tag-madoka-magica","17":"first","18":"instock","19":"sold-individually","20":"taxable","21":"shipping-taxable","22":"purchasable","23":"product-type-simple"},"yoast_head":"<!-- This site is optimized with the Yoast SEO plugin v24.2 - https:\/\/yoast.com\/wordpress\/plugins\/seo\/ -->\n<title>Figura Devil Homura - Puella Magi Madoka Magica: The Movie Rebellion - Banpresto Evolve - Akatsuki anime store<\/title>\n<meta name=\"description\" content=\"Figura Devil Homura basada en la pel\u00edcula Puella Magi Madoka Magica. Excelente en detalles y perfecta para coleccionistas de anime.\" \/>\n<meta name=\"robots\" content=\"index, follow, max-snippet:-1, max-image-preview:large, max-video-preview:-1\" \/>\n<link rel=\"canonical\" href=\"https:\/\/akatsukianime.com\/en\/product\/figura-devil-homura-puella-magi-madoka-magica-the-movie-rebellion-banpresto-evolve\/\" \/>\n<meta property=\"og:locale\" content=\"en_US\" \/>\n<meta property=\"og:type\" content=\"article\" \/>\n<meta property=\"og:title\" content=\"Figura Devil Homura - Puella Magi Madoka Magica: The Movie Rebellion - Banpresto Evolve - Akatsuki anime store\" \/>\n<meta property=\"og:description\" content=\"Figura Devil Homura basada en la pel\u00edcula Puella Magi Madoka Magica. Excelente en detalles y perfecta para coleccionistas de anime.\" \/>\n<meta property=\"og:url\" content=\"https:\/\/akatsukianime.com\/en\/product\/figura-devil-homura-puella-magi-madoka-magica-the-movie-rebellion-banpresto-evolve\/\" \/>\n<meta property=\"og:site_name\" content=\"Akatsuki anime store\" \/>\n<meta property=\"article:modified_time\" content=\"2026-03-04T17:20:38+00:00\" \/>\n<meta property=\"og:image\" content=\"https:\/\/akatsukianime.com\/wp-content\/uploads\/2026\/03\/figura-devil-homura-Madoka-1.jpg\" \/>\n\t<meta property=\"og:image:width\" content=\"1000\" \/>\n\t<meta property=\"og:image:height\" content=\"1000\" \/>\n\t<meta property=\"og:image:type\" content=\"image\/jpeg\" \/>\n<meta name=\"twitter:card\" content=\"summary_large_image\" \/>\n<meta name=\"twitter:label1\" content=\"Est. reading time\" \/>\n\t<meta name=\"twitter:data1\" content=\"1 minute\" \/>\n<script type=\"application\/ld+json\" class=\"yoast-schema-graph\">{\"@context\":\"https:\/\/schema.org\",\"@graph\":[{\"@type\":[\"WebPage\",\"ItemPage\"],\"@id\":\"https:\/\/akatsukianime.com\/product\/figura-devil-homura-puella-magi-madoka-magica-the-movie-rebellion-banpresto-evolve\/\",\"url\":\"https:\/\/akatsukianime.com\/product\/figura-devil-homura-puella-magi-madoka-magica-the-movie-rebellion-banpresto-evolve\/\",\"name\":\"Figura Devil Homura - Puella Magi Madoka Magica: The Movie Rebellion - Banpresto Evolve - Akatsuki anime store\",\"isPartOf\":{\"@id\":\"https:\/\/akatsukianime.com\/#website\"},\"primaryImageOfPage\":{\"@id\":\"https:\/\/akatsukianime.com\/product\/figura-devil-homura-puella-magi-madoka-magica-the-movie-rebellion-banpresto-evolve\/#primaryimage\"},\"image\":{\"@id\":\"https:\/\/akatsukianime.com\/product\/figura-devil-homura-puella-magi-madoka-magica-the-movie-rebellion-banpresto-evolve\/#primaryimage\"},\"thumbnailUrl\":\"https:\/\/akatsukianime.com\/wp-content\/uploads\/2026\/03\/figura-devil-homura-Madoka-1.jpg\",\"datePublished\":\"2026-03-04T17:20:37+00:00\",\"dateModified\":\"2026-03-04T17:20:38+00:00\",\"description\":\"Figura Devil Homura basada en la pel\u00edcula Puella Magi Madoka Magica. Excelente en detalles y perfecta para coleccionistas de anime.\",\"breadcrumb\":{\"@id\":\"https:\/\/akatsukianime.com\/product\/figura-devil-homura-puella-magi-madoka-magica-the-movie-rebellion-banpresto-evolve\/#breadcrumb\"},\"inLanguage\":\"en-US\",\"potentialAction\":[{\"@type\":\"ReadAction\",\"target\":[\"https:\/\/akatsukianime.com\/product\/figura-devil-homura-puella-magi-madoka-magica-the-movie-rebellion-banpresto-evolve\/\"]}]},{\"@type\":\"ImageObject\",\"inLanguage\":\"en-US\",\"@id\":\"https:\/\/akatsukianime.com\/product\/figura-devil-homura-puella-magi-madoka-magica-the-movie-rebellion-banpresto-evolve\/#primaryimage\",\"url\":\"https:\/\/akatsukianime.com\/wp-content\/uploads\/2026\/03\/figura-devil-homura-Madoka-1.jpg\",\"contentUrl\":\"https:\/\/akatsukianime.com\/wp-content\/uploads\/2026\/03\/figura-devil-homura-Madoka-1.jpg\",\"width\":1000,\"height\":1000,\"caption\":\"figura devil homura Madoka\"},{\"@type\":\"BreadcrumbList\",\"@id\":\"https:\/\/akatsukianime.com\/product\/figura-devil-homura-puella-magi-madoka-magica-the-movie-rebellion-banpresto-evolve\/#breadcrumb\",\"itemListElement\":[{\"@type\":\"ListItem\",\"position\":1,\"name\":\"Portada\",\"item\":\"https:\/\/akatsukianime.com\/\"},{\"@type\":\"ListItem\",\"position\":2,\"name\":\"Tienda\",\"item\":\"https:\/\/akatsukianime.com\/tienda\/\"},{\"@type\":\"ListItem\",\"position\":3,\"name\":\"Figura Devil Homura &#8211; Puella Magi Madoka Magica: The Movie Rebellion &#8211; Banpresto Evolve\"}]},{\"@type\":\"WebSite\",\"@id\":\"https:\/\/akatsukianime.com\/#website\",\"url\":\"https:\/\/akatsukianime.com\/\",\"name\":\"Akatsuki anime store\",\"description\":\"\",\"potentialAction\":[{\"@type\":\"SearchAction\",\"target\":{\"@type\":\"EntryPoint\",\"urlTemplate\":\"https:\/\/akatsukianime.com\/?s={search_term_string}\"},\"query-input\":{\"@type\":\"PropertyValueSpecification\",\"valueRequired\":true,\"valueName\":\"search_term_string\"}}],\"inLanguage\":\"en-US\"}]}<\/script>\n<!-- \/ Yoast SEO plugin. -->","yoast_head_json":{"title":"Figura Devil Homura - Puella Magi Madoka Magica: The Movie Rebellion - Banpresto Evolve - Akatsuki anime store","description":"Figura Devil Homura basada en la pel\u00edcula Puella Magi Madoka Magica. Excelente en detalles y perfecta para coleccionistas de anime.","robots":{"index":"index","follow":"follow","max-snippet":"max-snippet:-1","max-image-preview":"max-image-preview:large","max-video-preview":"max-video-preview:-1"},"canonical":"https:\/\/akatsukianime.com\/en\/product\/figura-devil-homura-puella-magi-madoka-magica-the-movie-rebellion-banpresto-evolve\/","og_locale":"en_US","og_type":"article","og_title":"Figura Devil Homura - Puella Magi Madoka Magica: The Movie Rebellion - Banpresto Evolve - Akatsuki anime store","og_description":"Figura Devil Homura basada en la pel\u00edcula Puella Magi Madoka Magica. Excelente en detalles y perfecta para coleccionistas de anime.","og_url":"https:\/\/akatsukianime.com\/en\/product\/figura-devil-homura-puella-magi-madoka-magica-the-movie-rebellion-banpresto-evolve\/","og_site_name":"Akatsuki anime store","article_modified_time":"2026-03-04T17:20:38+00:00","og_image":[{"width":1000,"height":1000,"url":"https:\/\/akatsukianime.com\/wp-content\/uploads\/2026\/03\/figura-devil-homura-Madoka-1.jpg","type":"image\/jpeg"}],"twitter_card":"summary_large_image","twitter_misc":{"Est. reading time":"1 minute"},"schema":{"@context":"https:\/\/schema.org","@graph":[{"@type":["WebPage","ItemPage"],"@id":"https:\/\/akatsukianime.com\/product\/figura-devil-homura-puella-magi-madoka-magica-the-movie-rebellion-banpresto-evolve\/","url":"https:\/\/akatsukianime.com\/product\/figura-devil-homura-puella-magi-madoka-magica-the-movie-rebellion-banpresto-evolve\/","name":"Figura Devil Homura - Puella Magi Madoka Magica: The Movie Rebellion - Banpresto Evolve - Akatsuki anime store","isPartOf":{"@id":"https:\/\/akatsukianime.com\/#website"},"primaryImageOfPage":{"@id":"https:\/\/akatsukianime.com\/product\/figura-devil-homura-puella-magi-madoka-magica-the-movie-rebellion-banpresto-evolve\/#primaryimage"},"image":{"@id":"https:\/\/akatsukianime.com\/product\/figura-devil-homura-puella-magi-madoka-magica-the-movie-rebellion-banpresto-evolve\/#primaryimage"},"thumbnailUrl":"https:\/\/akatsukianime.com\/wp-content\/uploads\/2026\/03\/figura-devil-homura-Madoka-1.jpg","datePublished":"2026-03-04T17:20:37+00:00","dateModified":"2026-03-04T17:20:38+00:00","description":"Figura Devil Homura basada en la pel\u00edcula Puella Magi Madoka Magica. Excelente en detalles y perfecta para coleccionistas de anime.","breadcrumb":{"@id":"https:\/\/akatsukianime.com\/product\/figura-devil-homura-puella-magi-madoka-magica-the-movie-rebellion-banpresto-evolve\/#breadcrumb"},"inLanguage":"en-US","potentialAction":[{"@type":"ReadAction","target":["https:\/\/akatsukianime.com\/product\/figura-devil-homura-puella-magi-madoka-magica-the-movie-rebellion-banpresto-evolve\/"]}]},{"@type":"ImageObject","inLanguage":"en-US","@id":"https:\/\/akatsukianime.com\/product\/figura-devil-homura-puella-magi-madoka-magica-the-movie-rebellion-banpresto-evolve\/#primaryimage","url":"https:\/\/akatsukianime.com\/wp-content\/uploads\/2026\/03\/figura-devil-homura-Madoka-1.jpg","contentUrl":"https:\/\/akatsukianime.com\/wp-content\/uploads\/2026\/03\/figura-devil-homura-Madoka-1.jpg","width":1000,"height":1000,"caption":"figura devil homura Madoka"},{"@type":"BreadcrumbList","@id":"https:\/\/akatsukianime.com\/product\/figura-devil-homura-puella-magi-madoka-magica-the-movie-rebellion-banpresto-evolve\/#breadcrumb","itemListElement":[{"@type":"ListItem","position":1,"name":"Portada","item":"https:\/\/akatsukianime.com\/"},{"@type":"ListItem","position":2,"name":"Tienda","item":"https:\/\/akatsukianime.com\/tienda\/"},{"@type":"ListItem","position":3,"name":"Figura Devil Homura &#8211; Puella Magi Madoka Magica: The Movie Rebellion &#8211; Banpresto Evolve"}]},{"@type":"WebSite","@id":"https:\/\/akatsukianime.com\/#website","url":"https:\/\/akatsukianime.com\/","name":"Akatsuki anime store","description":"","potentialAction":[{"@type":"SearchAction","target":{"@type":"EntryPoint","urlTemplate":"https:\/\/akatsukianime.com\/?s={search_term_string}"},"query-input":{"@type":"PropertyValueSpecification","valueRequired":true,"valueName":"search_term_string"}}],"inLanguage":"en-US"}]}},"jetpack_sharing_enabled":true,"_links":{"self":[{"href":"https:\/\/akatsukianime.com\/en\/wp-json\/wp\/v2\/product\/8211","targetHints":{"allow":["GET"]}}],"collection":[{"href":"https:\/\/akatsukianime.com\/en\/wp-json\/wp\/v2\/product"}],"about":[{"href":"https:\/\/akatsukianime.com\/en\/wp-json\/wp\/v2\/types\/product"}],"version-history":[{"count":1,"href":"https:\/\/akatsukianime.com\/en\/wp-json\/wp\/v2\/product\/8211\/revisions"}],"predecessor-version":[{"id":8216,"href":"https:\/\/akatsukianime.com\/en\/wp-json\/wp\/v2\/product\/8211\/revisions\/8216"}],"wp:featuredmedia":[{"embeddable":true,"href":"https:\/\/akatsukianime.com\/en\/wp-json\/wp\/v2\/media\/8212"}],"wp:attachment":[{"href":"https:\/\/akatsukianime.com\/en\/wp-json\/wp\/v2\/media?parent=8211"}],"wp:term":[{"taxonomy":"product_cat","embeddable":true,"href":"https:\/\/akatsukianime.com\/en\/wp-json\/wp\/v2\/product_cat?post=8211"},{"taxonomy":"product_tag","embeddable":true,"href":"https:\/\/akatsukianime.com\/en\/wp-json\/wp\/v2\/product_tag?post=8211"}],"curies":[{"name":"wp","href":"https:\/\/api.w.org\/{rel}","templated":true}]}}