{"id":8217,"date":"2026-03-04T18:25:18","date_gmt":"2026-03-04T17:25:18","guid":{"rendered":"https:\/\/akatsukianime.com\/?post_type=product&#038;p=8217"},"modified":"2026-03-04T18:25:19","modified_gmt":"2026-03-04T17:25:19","slug":"figura-ultimate-madoka-puella-magi-madoka-magica-the-movie-rebellion-banpresto-evolve","status":"publish","type":"product","link":"https:\/\/akatsukianime.com\/en\/product\/figura-ultimate-madoka-puella-magi-madoka-magica-the-movie-rebellion-banpresto-evolve\/","title":{"rendered":"Figura Ultimate Madoka &#8211; Puella Magi Madoka Magica: The Movie Rebellion &#8211; Banpresto Evolve"},"content":{"rendered":"<h3 data-start=\"57\" data-end=\"88\">\ud83d\udcdd Descripci\u00f3n del producto<\/h3>\n<p data-start=\"90\" data-end=\"270\"><strong data-start=\"90\" data-end=\"131\"><span class=\"hover:entity-accent entity-underline inline cursor-pointer align-baseline\"><span class=\"whitespace-normal\">Banpresto<\/span><\/span><\/strong> presenta una nueva figura inspirada en la pel\u00edcula <strong data-start=\"183\" data-end=\"224\"><span class=\"hover:entity-accent entity-underline inline cursor-pointer align-baseline\"><span class=\"whitespace-normal\">Puella Magi Madoka Magica: The Movie Rebellion<\/span><\/span><\/strong>: <strong data-start=\"226\" data-end=\"267\"><span class=\"hover:entity-accent entity-underline inline cursor-pointer align-baseline\"><span class=\"whitespace-normal\">Ultimate Madoka<\/span><\/span><\/strong>.<\/p>\n<p data-start=\"272\" data-end=\"562\">Descendiendo desde los cielos con su majestuoso atuendo angelical, Ultimate Madoka luce una expresi\u00f3n serena mientras se posa con elegancia. La escultura captura con gran detalle su dise\u00f1o celestial y su presencia et\u00e9rea, convirti\u00e9ndola en una pieza imprescindible para los fans de la saga.<\/p>\n<p data-start=\"564\" data-end=\"702\">Con una altura destacada y acabados cuidados, esta figura es ideal para exhibir como pieza central en cualquier colecci\u00f3n de anime m\u00e1gico.<\/p>\n<hr data-start=\"704\" data-end=\"707\" \/>\n<h3 data-start=\"709\" data-end=\"743\">\u2b50 Caracter\u00edsticas del producto<\/h3>\n<ul data-start=\"744\" data-end=\"932\">\n<li data-start=\"744\" data-end=\"781\">\n<p data-start=\"746\" data-end=\"781\">Height:<strong data-start=\"754\" data-end=\"781\"> 23.87 cm<\/strong><\/p>\n<\/li>\n<li data-start=\"782\" data-end=\"806\">\n<p data-start=\"784\" data-end=\"806\">Material: <strong data-start=\"794\" data-end=\"806\">Pl\u00e1stico<\/strong><\/p>\n<\/li>\n<li data-start=\"807\" data-end=\"881\">\n<p data-start=\"809\" data-end=\"881\">Basada en la pel\u00edcula <strong data-start=\"831\" data-end=\"881\">Puella Magi Madoka Magica: The Movie Rebellion<\/strong><\/p>\n<\/li>\n<li data-start=\"882\" data-end=\"905\">\n<p data-start=\"884\" data-end=\"905\">Alto nivel de detalle<\/p>\n<\/li>\n<li data-start=\"906\" data-end=\"932\">\n<p data-start=\"908\" data-end=\"932\">Figure <strong data-start=\"915\" data-end=\"932\">no articulada<\/strong><\/p>\n<\/li>\n<\/ul>\n<hr data-start=\"934\" data-end=\"937\" \/>\n<h3 data-start=\"939\" data-end=\"966\">\ud83d\udce6 Box contents<\/h3>\n<ul data-start=\"967\" data-end=\"995\">\n<li data-start=\"967\" data-end=\"995\">\n<p data-start=\"969\" data-end=\"995\">Figure <strong data-start=\"976\" data-end=\"995\">Ultimate Madoka<\/strong><\/p>\n<\/li>\n<\/ul>","protected":false},"excerpt":{"rendered":"<p>\ud83d\udcdd Descripci\u00f3n del producto Banpresto presenta una nueva figura inspirada en la pel\u00edcula Puella Magi Madoka Magica: The Movie Rebellion:<\/p>","protected":false},"featured_media":8218,"template":"","meta":[],"product_cat":[95,65,61,60],"product_tag":[157,541,337,453,420,421],"class_list":{"0":"post-8217","1":"product","2":"type-product","3":"status-publish","4":"has-post-thumbnail","6":"product_cat-banpresto","7":"product_cat-figuras","8":"product_cat-novedades","9":"product_cat-otros","10":"product_tag-banpresto","11":"product_tag-banpresto-evolve","12":"product_tag-figura","13":"product_tag-madoka-kaname","14":"product_tag-madoka-magica","15":"product_tag-ultimate-madoka","17":"first","18":"instock","19":"sold-individually","20":"taxable","21":"shipping-taxable","22":"purchasable","23":"product-type-simple"},"yoast_head":"<!-- This site is optimized with the Yoast SEO plugin v24.2 - https:\/\/yoast.com\/wordpress\/plugins\/seo\/ -->\n<title>Figura Ultimate Madoka - Puella Magi Madoka Magica: The Movie Rebellion - Banpresto Evolve - Akatsuki anime store<\/title>\n<meta name=\"description\" content=\"Figura Ultimate Madoka basada en la pel\u00edcula Puella Magi Madoka Magica Rebellion, detallada y perfecta para coleccionistas de anime m\u00e1gico.\" \/>\n<meta name=\"robots\" content=\"index, follow, max-snippet:-1, max-image-preview:large, max-video-preview:-1\" \/>\n<link rel=\"canonical\" href=\"https:\/\/akatsukianime.com\/en\/product\/figura-ultimate-madoka-puella-magi-madoka-magica-the-movie-rebellion-banpresto-evolve\/\" \/>\n<meta property=\"og:locale\" content=\"en_US\" \/>\n<meta property=\"og:type\" content=\"article\" \/>\n<meta property=\"og:title\" content=\"Figura Ultimate Madoka - Puella Magi Madoka Magica: The Movie Rebellion - Banpresto Evolve - Akatsuki anime store\" \/>\n<meta property=\"og:description\" content=\"Figura Ultimate Madoka basada en la pel\u00edcula Puella Magi Madoka Magica Rebellion, detallada y perfecta para coleccionistas de anime m\u00e1gico.\" \/>\n<meta property=\"og:url\" content=\"https:\/\/akatsukianime.com\/en\/product\/figura-ultimate-madoka-puella-magi-madoka-magica-the-movie-rebellion-banpresto-evolve\/\" \/>\n<meta property=\"og:site_name\" content=\"Akatsuki anime store\" \/>\n<meta property=\"article:modified_time\" content=\"2026-03-04T17:25:19+00:00\" \/>\n<meta property=\"og:image\" content=\"https:\/\/akatsukianime.com\/wp-content\/uploads\/2026\/03\/figura-ultimate-madoka-magica-1.jpg\" \/>\n\t<meta property=\"og:image:width\" content=\"1000\" \/>\n\t<meta property=\"og:image:height\" content=\"1000\" \/>\n\t<meta property=\"og:image:type\" content=\"image\/jpeg\" \/>\n<meta name=\"twitter:card\" content=\"summary_large_image\" \/>\n<meta name=\"twitter:label1\" content=\"Est. reading time\" \/>\n\t<meta name=\"twitter:data1\" content=\"1 minute\" \/>\n<script type=\"application\/ld+json\" class=\"yoast-schema-graph\">{\"@context\":\"https:\/\/schema.org\",\"@graph\":[{\"@type\":[\"WebPage\",\"ItemPage\"],\"@id\":\"https:\/\/akatsukianime.com\/product\/figura-ultimate-madoka-puella-magi-madoka-magica-the-movie-rebellion-banpresto-evolve\/\",\"url\":\"https:\/\/akatsukianime.com\/product\/figura-ultimate-madoka-puella-magi-madoka-magica-the-movie-rebellion-banpresto-evolve\/\",\"name\":\"Figura Ultimate Madoka - Puella Magi Madoka Magica: The Movie Rebellion - Banpresto Evolve - Akatsuki anime store\",\"isPartOf\":{\"@id\":\"https:\/\/akatsukianime.com\/#website\"},\"primaryImageOfPage\":{\"@id\":\"https:\/\/akatsukianime.com\/product\/figura-ultimate-madoka-puella-magi-madoka-magica-the-movie-rebellion-banpresto-evolve\/#primaryimage\"},\"image\":{\"@id\":\"https:\/\/akatsukianime.com\/product\/figura-ultimate-madoka-puella-magi-madoka-magica-the-movie-rebellion-banpresto-evolve\/#primaryimage\"},\"thumbnailUrl\":\"https:\/\/akatsukianime.com\/wp-content\/uploads\/2026\/03\/figura-ultimate-madoka-magica-1.jpg\",\"datePublished\":\"2026-03-04T17:25:18+00:00\",\"dateModified\":\"2026-03-04T17:25:19+00:00\",\"description\":\"Figura Ultimate Madoka basada en la pel\u00edcula Puella Magi Madoka Magica Rebellion, detallada y perfecta para coleccionistas de anime m\u00e1gico.\",\"breadcrumb\":{\"@id\":\"https:\/\/akatsukianime.com\/product\/figura-ultimate-madoka-puella-magi-madoka-magica-the-movie-rebellion-banpresto-evolve\/#breadcrumb\"},\"inLanguage\":\"en-US\",\"potentialAction\":[{\"@type\":\"ReadAction\",\"target\":[\"https:\/\/akatsukianime.com\/product\/figura-ultimate-madoka-puella-magi-madoka-magica-the-movie-rebellion-banpresto-evolve\/\"]}]},{\"@type\":\"ImageObject\",\"inLanguage\":\"en-US\",\"@id\":\"https:\/\/akatsukianime.com\/product\/figura-ultimate-madoka-puella-magi-madoka-magica-the-movie-rebellion-banpresto-evolve\/#primaryimage\",\"url\":\"https:\/\/akatsukianime.com\/wp-content\/uploads\/2026\/03\/figura-ultimate-madoka-magica-1.jpg\",\"contentUrl\":\"https:\/\/akatsukianime.com\/wp-content\/uploads\/2026\/03\/figura-ultimate-madoka-magica-1.jpg\",\"width\":1000,\"height\":1000,\"caption\":\"figura ultimate madoka magica\"},{\"@type\":\"BreadcrumbList\",\"@id\":\"https:\/\/akatsukianime.com\/product\/figura-ultimate-madoka-puella-magi-madoka-magica-the-movie-rebellion-banpresto-evolve\/#breadcrumb\",\"itemListElement\":[{\"@type\":\"ListItem\",\"position\":1,\"name\":\"Portada\",\"item\":\"https:\/\/akatsukianime.com\/\"},{\"@type\":\"ListItem\",\"position\":2,\"name\":\"Tienda\",\"item\":\"https:\/\/akatsukianime.com\/tienda\/\"},{\"@type\":\"ListItem\",\"position\":3,\"name\":\"Figura Ultimate Madoka &#8211; Puella Magi Madoka Magica: The Movie Rebellion &#8211; Banpresto Evolve\"}]},{\"@type\":\"WebSite\",\"@id\":\"https:\/\/akatsukianime.com\/#website\",\"url\":\"https:\/\/akatsukianime.com\/\",\"name\":\"Akatsuki anime store\",\"description\":\"\",\"potentialAction\":[{\"@type\":\"SearchAction\",\"target\":{\"@type\":\"EntryPoint\",\"urlTemplate\":\"https:\/\/akatsukianime.com\/?s={search_term_string}\"},\"query-input\":{\"@type\":\"PropertyValueSpecification\",\"valueRequired\":true,\"valueName\":\"search_term_string\"}}],\"inLanguage\":\"en-US\"}]}<\/script>\n<!-- \/ Yoast SEO plugin. -->","yoast_head_json":{"title":"Figura Ultimate Madoka - Puella Magi Madoka Magica: The Movie Rebellion - Banpresto Evolve - Akatsuki anime store","description":"Figura Ultimate Madoka basada en la pel\u00edcula Puella Magi Madoka Magica Rebellion, detallada y perfecta para coleccionistas de anime m\u00e1gico.","robots":{"index":"index","follow":"follow","max-snippet":"max-snippet:-1","max-image-preview":"max-image-preview:large","max-video-preview":"max-video-preview:-1"},"canonical":"https:\/\/akatsukianime.com\/en\/product\/figura-ultimate-madoka-puella-magi-madoka-magica-the-movie-rebellion-banpresto-evolve\/","og_locale":"en_US","og_type":"article","og_title":"Figura Ultimate Madoka - Puella Magi Madoka Magica: The Movie Rebellion - Banpresto Evolve - Akatsuki anime store","og_description":"Figura Ultimate Madoka basada en la pel\u00edcula Puella Magi Madoka Magica Rebellion, detallada y perfecta para coleccionistas de anime m\u00e1gico.","og_url":"https:\/\/akatsukianime.com\/en\/product\/figura-ultimate-madoka-puella-magi-madoka-magica-the-movie-rebellion-banpresto-evolve\/","og_site_name":"Akatsuki anime store","article_modified_time":"2026-03-04T17:25:19+00:00","og_image":[{"width":1000,"height":1000,"url":"https:\/\/akatsukianime.com\/wp-content\/uploads\/2026\/03\/figura-ultimate-madoka-magica-1.jpg","type":"image\/jpeg"}],"twitter_card":"summary_large_image","twitter_misc":{"Est. reading time":"1 minute"},"schema":{"@context":"https:\/\/schema.org","@graph":[{"@type":["WebPage","ItemPage"],"@id":"https:\/\/akatsukianime.com\/product\/figura-ultimate-madoka-puella-magi-madoka-magica-the-movie-rebellion-banpresto-evolve\/","url":"https:\/\/akatsukianime.com\/product\/figura-ultimate-madoka-puella-magi-madoka-magica-the-movie-rebellion-banpresto-evolve\/","name":"Figura Ultimate Madoka - Puella Magi Madoka Magica: The Movie Rebellion - Banpresto Evolve - Akatsuki anime store","isPartOf":{"@id":"https:\/\/akatsukianime.com\/#website"},"primaryImageOfPage":{"@id":"https:\/\/akatsukianime.com\/product\/figura-ultimate-madoka-puella-magi-madoka-magica-the-movie-rebellion-banpresto-evolve\/#primaryimage"},"image":{"@id":"https:\/\/akatsukianime.com\/product\/figura-ultimate-madoka-puella-magi-madoka-magica-the-movie-rebellion-banpresto-evolve\/#primaryimage"},"thumbnailUrl":"https:\/\/akatsukianime.com\/wp-content\/uploads\/2026\/03\/figura-ultimate-madoka-magica-1.jpg","datePublished":"2026-03-04T17:25:18+00:00","dateModified":"2026-03-04T17:25:19+00:00","description":"Figura Ultimate Madoka basada en la pel\u00edcula Puella Magi Madoka Magica Rebellion, detallada y perfecta para coleccionistas de anime m\u00e1gico.","breadcrumb":{"@id":"https:\/\/akatsukianime.com\/product\/figura-ultimate-madoka-puella-magi-madoka-magica-the-movie-rebellion-banpresto-evolve\/#breadcrumb"},"inLanguage":"en-US","potentialAction":[{"@type":"ReadAction","target":["https:\/\/akatsukianime.com\/product\/figura-ultimate-madoka-puella-magi-madoka-magica-the-movie-rebellion-banpresto-evolve\/"]}]},{"@type":"ImageObject","inLanguage":"en-US","@id":"https:\/\/akatsukianime.com\/product\/figura-ultimate-madoka-puella-magi-madoka-magica-the-movie-rebellion-banpresto-evolve\/#primaryimage","url":"https:\/\/akatsukianime.com\/wp-content\/uploads\/2026\/03\/figura-ultimate-madoka-magica-1.jpg","contentUrl":"https:\/\/akatsukianime.com\/wp-content\/uploads\/2026\/03\/figura-ultimate-madoka-magica-1.jpg","width":1000,"height":1000,"caption":"figura ultimate madoka magica"},{"@type":"BreadcrumbList","@id":"https:\/\/akatsukianime.com\/product\/figura-ultimate-madoka-puella-magi-madoka-magica-the-movie-rebellion-banpresto-evolve\/#breadcrumb","itemListElement":[{"@type":"ListItem","position":1,"name":"Portada","item":"https:\/\/akatsukianime.com\/"},{"@type":"ListItem","position":2,"name":"Tienda","item":"https:\/\/akatsukianime.com\/tienda\/"},{"@type":"ListItem","position":3,"name":"Figura Ultimate Madoka &#8211; Puella Magi Madoka Magica: The Movie Rebellion &#8211; Banpresto Evolve"}]},{"@type":"WebSite","@id":"https:\/\/akatsukianime.com\/#website","url":"https:\/\/akatsukianime.com\/","name":"Akatsuki anime store","description":"","potentialAction":[{"@type":"SearchAction","target":{"@type":"EntryPoint","urlTemplate":"https:\/\/akatsukianime.com\/?s={search_term_string}"},"query-input":{"@type":"PropertyValueSpecification","valueRequired":true,"valueName":"search_term_string"}}],"inLanguage":"en-US"}]}},"jetpack_sharing_enabled":true,"_links":{"self":[{"href":"https:\/\/akatsukianime.com\/en\/wp-json\/wp\/v2\/product\/8217","targetHints":{"allow":["GET"]}}],"collection":[{"href":"https:\/\/akatsukianime.com\/en\/wp-json\/wp\/v2\/product"}],"about":[{"href":"https:\/\/akatsukianime.com\/en\/wp-json\/wp\/v2\/types\/product"}],"version-history":[{"count":1,"href":"https:\/\/akatsukianime.com\/en\/wp-json\/wp\/v2\/product\/8217\/revisions"}],"predecessor-version":[{"id":8222,"href":"https:\/\/akatsukianime.com\/en\/wp-json\/wp\/v2\/product\/8217\/revisions\/8222"}],"wp:featuredmedia":[{"embeddable":true,"href":"https:\/\/akatsukianime.com\/en\/wp-json\/wp\/v2\/media\/8218"}],"wp:attachment":[{"href":"https:\/\/akatsukianime.com\/en\/wp-json\/wp\/v2\/media?parent=8217"}],"wp:term":[{"taxonomy":"product_cat","embeddable":true,"href":"https:\/\/akatsukianime.com\/en\/wp-json\/wp\/v2\/product_cat?post=8217"},{"taxonomy":"product_tag","embeddable":true,"href":"https:\/\/akatsukianime.com\/en\/wp-json\/wp\/v2\/product_tag?post=8217"}],"curies":[{"name":"wp","href":"https:\/\/api.w.org\/{rel}","templated":true}]}}