{"id":8285,"date":"2026-04-16T16:28:27","date_gmt":"2026-04-16T14:28:27","guid":{"rendered":"https:\/\/akatsukianime.com\/?post_type=product&#038;p=8285"},"modified":"2026-04-16T16:29:32","modified_gmt":"2026-04-16T14:29:32","slug":"figura-skull-knight-exclusive-ver-pop-up-parade-l-berserk","status":"publish","type":"product","link":"https:\/\/akatsukianime.com\/en\/product\/figura-skull-knight-exclusive-ver-pop-up-parade-l-berserk\/","title":{"rendered":"Figura Skull Knight -Exclusive ver. &#8211; Pop Up Parade L &#8211; Berserk"},"content":{"rendered":"<h3 data-section-id=\"ftzpvm\" data-start=\"52\" data-end=\"83\">\ud83d\udcdd Descripci\u00f3n del producto<\/h3>\n<p data-start=\"85\" data-end=\"267\">Desde el oscuro universo de <strong data-start=\"113\" data-end=\"154\"><span class=\"hover:entity-accent entity-underline inline cursor-pointer align-baseline\"><span class=\"whitespace-normal\">Berserk<\/span><\/span><\/strong> llega la imponente figura de <strong data-start=\"184\" data-end=\"225\"><span class=\"hover:entity-accent entity-underline inline cursor-pointer align-baseline\"><span class=\"whitespace-normal\">Skull Knight<\/span><\/span><\/strong> dentro de la l\u00ednea <strong data-start=\"245\" data-end=\"264\">POP UP PARADE L<\/strong>.<\/p>\n<p data-start=\"269\" data-end=\"547\">Con m\u00e1s de 22 cm de altura, esta figura destaca por su presencia intimidante y su fiel representaci\u00f3n del misterioso guerrero. Incluye su ic\u00f3nica espada y escudo, adem\u00e1s de una capa de tela con alambres internos que permite ajustar su posici\u00f3n para lograr poses m\u00e1s din\u00e1micas.<\/p>\n<ul>\n<li data-start=\"269\" data-end=\"547\">Esta versi\u00f3n exclusiva incluye la m\u00edtica Espada de resonancia.<\/li>\n<\/ul>\n<p data-start=\"549\" data-end=\"868\">Como detalle adicional, cuenta con una pieza intercambiable en el ojo compatible con iluminaci\u00f3n (Milight 316R, no incluido), permitiendo recrear un efecto luminoso que realza a\u00fan m\u00e1s su aspecto sobrenatural. Una pieza imprescindible para los fans de Berserk y coleccionistas que buscan figuras con gran impacto visual.<\/p>\n<h3 data-section-id=\"si6vw\" data-start=\"875\" data-end=\"909\">\u2b50 Caracter\u00edsticas del producto<\/h3>\n<ul data-start=\"910\" data-end=\"1123\">\n<li data-section-id=\"1awmb2l\" data-start=\"910\" data-end=\"945\">Height: <strong data-start=\"920\" data-end=\"945\">8.66 pulgadas (22 cm)<\/strong><\/li>\n<li data-section-id=\"1jdhu5i\" data-start=\"946\" data-end=\"970\">Material: <strong data-start=\"958\" data-end=\"970\">Pl\u00e1stico<\/strong><\/li>\n<li data-section-id=\"n46l59\" data-start=\"971\" data-end=\"994\">Based on <strong data-start=\"983\" data-end=\"994\">Berserk<\/strong><\/li>\n<li data-section-id=\"jylt3s\" data-start=\"995\" data-end=\"1034\">Part of the line <strong data-start=\"1015\" data-end=\"1034\">POP UP PARADE L<\/strong><\/li>\n<li data-section-id=\"1lcs5xy\" data-start=\"1035\" data-end=\"1058\">Alto nivel de detalle<\/li>\n<li data-section-id=\"wptggn\" data-start=\"1059\" data-end=\"1085\">Figure <strong data-start=\"1068\" data-end=\"1085\">no articulada<\/strong><\/li>\n<li data-section-id=\"1q71hm0\" data-start=\"1086\" data-end=\"1123\">Capa de tela con alambre para poses<\/li>\n<\/ul>\n<h3 data-section-id=\"360znr\" data-start=\"1130\" data-end=\"1157\">\ud83d\udce6 Box contents<\/h3>\n<ul data-start=\"1158\" data-end=\"1214\">\n<li data-section-id=\"ax3vfg\" data-start=\"1158\" data-end=\"1183\">Figure <strong data-start=\"1167\" data-end=\"1183\">Skull Knight<\/strong><\/li>\n<li data-section-id=\"a31jvu\" data-start=\"1184\" data-end=\"1194\">Sword<\/li>\n<li data-section-id=\"a31jvu\" data-start=\"1184\" data-end=\"1194\">Espada de resonancia<\/li>\n<li data-section-id=\"fo87ib\" data-start=\"1195\" data-end=\"1205\">Shield<\/li>\n<li data-section-id=\"1voaptp\" data-start=\"1206\" data-end=\"1214\">Base<\/li>\n<\/ul>","protected":false},"excerpt":{"rendered":"<p>\ud83d\udcdd Descripci\u00f3n del producto Desde el oscuro universo de Berserk llega la imponente figura de Skull Knight dentro de la<\/p>","protected":false},"featured_media":8286,"template":"","meta":[],"product_cat":[281,98,65,61,62,51],"product_tag":[143,87,164,543],"class_list":{"0":"post-8285","1":"product","2":"type-product","3":"status-publish","4":"has-post-thumbnail","6":"product_cat-popup-parade","7":"product_cat-good-smile-company","8":"product_cat-figuras","9":"product_cat-novedades","10":"product_cat-ofertas","11":"product_cat-berserk","12":"product_tag-berserk","13":"product_tag-estatua","14":"product_tag-pop-up-parade","15":"product_tag-skull-knight","17":"first","18":"instock","19":"sale","20":"sold-individually","21":"taxable","22":"shipping-taxable","23":"purchasable","24":"product-type-simple"},"yoast_head":"<!-- This site is optimized with the Yoast SEO plugin v24.2 - https:\/\/yoast.com\/wordpress\/plugins\/seo\/ -->\n<title>Figura Skull Knight -Exclusive ver. - Pop Up Parade L - Berserk - Akatsuki anime store<\/title>\n<meta name=\"description\" content=\"Figura Skull Knight POP UP PARADE L de Berserk Exclusiva ver. con capa de tela, espada y escudo, incluye la espada de resonancia, ideal para coleccionistas.\" \/>\n<meta name=\"robots\" content=\"index, follow, max-snippet:-1, max-image-preview:large, max-video-preview:-1\" \/>\n<link rel=\"canonical\" href=\"https:\/\/akatsukianime.com\/en\/product\/figura-skull-knight-exclusive-ver-pop-up-parade-l-berserk\/\" \/>\n<meta property=\"og:locale\" content=\"en_US\" \/>\n<meta property=\"og:type\" content=\"article\" \/>\n<meta property=\"og:title\" content=\"Figura Skull Knight -Exclusive ver. - Pop Up Parade L - Berserk - Akatsuki anime store\" \/>\n<meta property=\"og:description\" content=\"Figura Skull Knight POP UP PARADE L de Berserk Exclusiva ver. con capa de tela, espada y escudo, incluye la espada de resonancia, ideal para coleccionistas.\" \/>\n<meta property=\"og:url\" content=\"https:\/\/akatsukianime.com\/en\/product\/figura-skull-knight-exclusive-ver-pop-up-parade-l-berserk\/\" \/>\n<meta property=\"og:site_name\" content=\"Akatsuki anime store\" \/>\n<meta property=\"article:modified_time\" content=\"2026-04-16T14:29:32+00:00\" \/>\n<meta property=\"og:image\" content=\"https:\/\/akatsukianime.com\/wp-content\/uploads\/2026\/04\/figura-skull-knight-berserk.jpg\" \/>\n\t<meta property=\"og:image:width\" content=\"1000\" \/>\n\t<meta property=\"og:image:height\" content=\"1000\" \/>\n\t<meta property=\"og:image:type\" content=\"image\/jpeg\" \/>\n<meta name=\"twitter:card\" content=\"summary_large_image\" \/>\n<meta name=\"twitter:label1\" content=\"Est. reading time\" \/>\n\t<meta name=\"twitter:data1\" content=\"2 minutes\" \/>\n<script type=\"application\/ld+json\" class=\"yoast-schema-graph\">{\"@context\":\"https:\/\/schema.org\",\"@graph\":[{\"@type\":[\"WebPage\",\"ItemPage\"],\"@id\":\"https:\/\/akatsukianime.com\/product\/figura-skull-knight-exclusive-ver-pop-up-parade-l-berserk\/\",\"url\":\"https:\/\/akatsukianime.com\/product\/figura-skull-knight-exclusive-ver-pop-up-parade-l-berserk\/\",\"name\":\"Figura Skull Knight -Exclusive ver. - Pop Up Parade L - Berserk - Akatsuki anime store\",\"isPartOf\":{\"@id\":\"https:\/\/akatsukianime.com\/#website\"},\"primaryImageOfPage\":{\"@id\":\"https:\/\/akatsukianime.com\/product\/figura-skull-knight-exclusive-ver-pop-up-parade-l-berserk\/#primaryimage\"},\"image\":{\"@id\":\"https:\/\/akatsukianime.com\/product\/figura-skull-knight-exclusive-ver-pop-up-parade-l-berserk\/#primaryimage\"},\"thumbnailUrl\":\"https:\/\/akatsukianime.com\/wp-content\/uploads\/2026\/04\/figura-skull-knight-berserk.jpg\",\"datePublished\":\"2026-04-16T14:28:27+00:00\",\"dateModified\":\"2026-04-16T14:29:32+00:00\",\"description\":\"Figura Skull Knight POP UP PARADE L de Berserk Exclusiva ver. con capa de tela, espada y escudo, incluye la espada de resonancia, ideal para coleccionistas.\",\"breadcrumb\":{\"@id\":\"https:\/\/akatsukianime.com\/product\/figura-skull-knight-exclusive-ver-pop-up-parade-l-berserk\/#breadcrumb\"},\"inLanguage\":\"en-US\",\"potentialAction\":[{\"@type\":\"ReadAction\",\"target\":[\"https:\/\/akatsukianime.com\/product\/figura-skull-knight-exclusive-ver-pop-up-parade-l-berserk\/\"]}]},{\"@type\":\"ImageObject\",\"inLanguage\":\"en-US\",\"@id\":\"https:\/\/akatsukianime.com\/product\/figura-skull-knight-exclusive-ver-pop-up-parade-l-berserk\/#primaryimage\",\"url\":\"https:\/\/akatsukianime.com\/wp-content\/uploads\/2026\/04\/figura-skull-knight-berserk.jpg\",\"contentUrl\":\"https:\/\/akatsukianime.com\/wp-content\/uploads\/2026\/04\/figura-skull-knight-berserk.jpg\",\"width\":1000,\"height\":1000,\"caption\":\"figura skull knight berserk\"},{\"@type\":\"BreadcrumbList\",\"@id\":\"https:\/\/akatsukianime.com\/product\/figura-skull-knight-exclusive-ver-pop-up-parade-l-berserk\/#breadcrumb\",\"itemListElement\":[{\"@type\":\"ListItem\",\"position\":1,\"name\":\"Portada\",\"item\":\"https:\/\/akatsukianime.com\/\"},{\"@type\":\"ListItem\",\"position\":2,\"name\":\"Tienda\",\"item\":\"https:\/\/akatsukianime.com\/tienda\/\"},{\"@type\":\"ListItem\",\"position\":3,\"name\":\"Figura Skull Knight -Exclusive ver. &#8211; Pop Up Parade L &#8211; Berserk\"}]},{\"@type\":\"WebSite\",\"@id\":\"https:\/\/akatsukianime.com\/#website\",\"url\":\"https:\/\/akatsukianime.com\/\",\"name\":\"Akatsuki anime store\",\"description\":\"\",\"potentialAction\":[{\"@type\":\"SearchAction\",\"target\":{\"@type\":\"EntryPoint\",\"urlTemplate\":\"https:\/\/akatsukianime.com\/?s={search_term_string}\"},\"query-input\":{\"@type\":\"PropertyValueSpecification\",\"valueRequired\":true,\"valueName\":\"search_term_string\"}}],\"inLanguage\":\"en-US\"}]}<\/script>\n<!-- \/ Yoast SEO plugin. -->","yoast_head_json":{"title":"Figura Skull Knight -Exclusive ver. - Pop Up Parade L - Berserk - Akatsuki anime store","description":"Figura Skull Knight POP UP PARADE L de Berserk Exclusiva ver. con capa de tela, espada y escudo, incluye la espada de resonancia, ideal para coleccionistas.","robots":{"index":"index","follow":"follow","max-snippet":"max-snippet:-1","max-image-preview":"max-image-preview:large","max-video-preview":"max-video-preview:-1"},"canonical":"https:\/\/akatsukianime.com\/en\/product\/figura-skull-knight-exclusive-ver-pop-up-parade-l-berserk\/","og_locale":"en_US","og_type":"article","og_title":"Figura Skull Knight -Exclusive ver. - Pop Up Parade L - Berserk - Akatsuki anime store","og_description":"Figura Skull Knight POP UP PARADE L de Berserk Exclusiva ver. con capa de tela, espada y escudo, incluye la espada de resonancia, ideal para coleccionistas.","og_url":"https:\/\/akatsukianime.com\/en\/product\/figura-skull-knight-exclusive-ver-pop-up-parade-l-berserk\/","og_site_name":"Akatsuki anime store","article_modified_time":"2026-04-16T14:29:32+00:00","og_image":[{"width":1000,"height":1000,"url":"https:\/\/akatsukianime.com\/wp-content\/uploads\/2026\/04\/figura-skull-knight-berserk.jpg","type":"image\/jpeg"}],"twitter_card":"summary_large_image","twitter_misc":{"Est. reading time":"2 minutes"},"schema":{"@context":"https:\/\/schema.org","@graph":[{"@type":["WebPage","ItemPage"],"@id":"https:\/\/akatsukianime.com\/product\/figura-skull-knight-exclusive-ver-pop-up-parade-l-berserk\/","url":"https:\/\/akatsukianime.com\/product\/figura-skull-knight-exclusive-ver-pop-up-parade-l-berserk\/","name":"Figura Skull Knight -Exclusive ver. - Pop Up Parade L - Berserk - Akatsuki anime store","isPartOf":{"@id":"https:\/\/akatsukianime.com\/#website"},"primaryImageOfPage":{"@id":"https:\/\/akatsukianime.com\/product\/figura-skull-knight-exclusive-ver-pop-up-parade-l-berserk\/#primaryimage"},"image":{"@id":"https:\/\/akatsukianime.com\/product\/figura-skull-knight-exclusive-ver-pop-up-parade-l-berserk\/#primaryimage"},"thumbnailUrl":"https:\/\/akatsukianime.com\/wp-content\/uploads\/2026\/04\/figura-skull-knight-berserk.jpg","datePublished":"2026-04-16T14:28:27+00:00","dateModified":"2026-04-16T14:29:32+00:00","description":"Figura Skull Knight POP UP PARADE L de Berserk Exclusiva ver. con capa de tela, espada y escudo, incluye la espada de resonancia, ideal para coleccionistas.","breadcrumb":{"@id":"https:\/\/akatsukianime.com\/product\/figura-skull-knight-exclusive-ver-pop-up-parade-l-berserk\/#breadcrumb"},"inLanguage":"en-US","potentialAction":[{"@type":"ReadAction","target":["https:\/\/akatsukianime.com\/product\/figura-skull-knight-exclusive-ver-pop-up-parade-l-berserk\/"]}]},{"@type":"ImageObject","inLanguage":"en-US","@id":"https:\/\/akatsukianime.com\/product\/figura-skull-knight-exclusive-ver-pop-up-parade-l-berserk\/#primaryimage","url":"https:\/\/akatsukianime.com\/wp-content\/uploads\/2026\/04\/figura-skull-knight-berserk.jpg","contentUrl":"https:\/\/akatsukianime.com\/wp-content\/uploads\/2026\/04\/figura-skull-knight-berserk.jpg","width":1000,"height":1000,"caption":"figura skull knight berserk"},{"@type":"BreadcrumbList","@id":"https:\/\/akatsukianime.com\/product\/figura-skull-knight-exclusive-ver-pop-up-parade-l-berserk\/#breadcrumb","itemListElement":[{"@type":"ListItem","position":1,"name":"Portada","item":"https:\/\/akatsukianime.com\/"},{"@type":"ListItem","position":2,"name":"Tienda","item":"https:\/\/akatsukianime.com\/tienda\/"},{"@type":"ListItem","position":3,"name":"Figura Skull Knight -Exclusive ver. &#8211; Pop Up Parade L &#8211; Berserk"}]},{"@type":"WebSite","@id":"https:\/\/akatsukianime.com\/#website","url":"https:\/\/akatsukianime.com\/","name":"Akatsuki anime store","description":"","potentialAction":[{"@type":"SearchAction","target":{"@type":"EntryPoint","urlTemplate":"https:\/\/akatsukianime.com\/?s={search_term_string}"},"query-input":{"@type":"PropertyValueSpecification","valueRequired":true,"valueName":"search_term_string"}}],"inLanguage":"en-US"}]}},"jetpack_sharing_enabled":true,"_links":{"self":[{"href":"https:\/\/akatsukianime.com\/en\/wp-json\/wp\/v2\/product\/8285","targetHints":{"allow":["GET"]}}],"collection":[{"href":"https:\/\/akatsukianime.com\/en\/wp-json\/wp\/v2\/product"}],"about":[{"href":"https:\/\/akatsukianime.com\/en\/wp-json\/wp\/v2\/types\/product"}],"version-history":[{"count":1,"href":"https:\/\/akatsukianime.com\/en\/wp-json\/wp\/v2\/product\/8285\/revisions"}],"predecessor-version":[{"id":8298,"href":"https:\/\/akatsukianime.com\/en\/wp-json\/wp\/v2\/product\/8285\/revisions\/8298"}],"wp:featuredmedia":[{"embeddable":true,"href":"https:\/\/akatsukianime.com\/en\/wp-json\/wp\/v2\/media\/8286"}],"wp:attachment":[{"href":"https:\/\/akatsukianime.com\/en\/wp-json\/wp\/v2\/media?parent=8285"}],"wp:term":[{"taxonomy":"product_cat","embeddable":true,"href":"https:\/\/akatsukianime.com\/en\/wp-json\/wp\/v2\/product_cat?post=8285"},{"taxonomy":"product_tag","embeddable":true,"href":"https:\/\/akatsukianime.com\/en\/wp-json\/wp\/v2\/product_tag?post=8285"}],"curies":[{"name":"wp","href":"https:\/\/api.w.org\/{rel}","templated":true}]}}