{"id":8323,"date":"2026-04-30T14:39:58","date_gmt":"2026-04-30T12:39:58","guid":{"rendered":"https:\/\/akatsukianime.com\/?post_type=product&#038;p=8323"},"modified":"2026-04-30T14:39:59","modified_gmt":"2026-04-30T12:39:59","slug":"figura-hatsune-miku-classical-maid-luminasta-vocaloid","status":"publish","type":"product","link":"https:\/\/akatsukianime.com\/en\/product\/figura-hatsune-miku-classical-maid-luminasta-vocaloid\/","title":{"rendered":"Figura Hatsune Miku Classical Maid &#8211; Luminasta &#8211; Vocaloid"},"content":{"rendered":"<h3 data-section-id=\"ftzpvm\" data-start=\"52\" data-end=\"83\">\ud83d\udcddDescripci\u00f3n del producto<\/h3>\n<p data-start=\"85\" data-end=\"265\">Ampl\u00eda tu colecci\u00f3n de <strong data-start=\"108\" data-end=\"149\"><span class=\"hover:entity-accent entity-underline inline cursor-pointer align-baseline\"><span class=\"whitespace-normal\">Hatsune Miku<\/span><\/span><\/strong> con esta elegante figura <strong data-start=\"175\" data-end=\"205\">Luminasta (Classical Maid)<\/strong> presentada por <strong data-start=\"221\" data-end=\"262\"><span class=\"hover:entity-accent entity-underline inline cursor-pointer align-baseline\"><span class=\"whitespace-normal\">Sega<\/span><\/span><\/strong>.<\/p>\n<p data-start=\"267\" data-end=\"625\">Con una altura aproximada de 21 cm, esta figura muestra a Miku con un cl\u00e1sico atuendo de maid, acompa\u00f1ado de sus ic\u00f3nicas coletas largas que fluyen con dinamismo, creando una pose atractiva y llena de movimiento. El nivel de detalle en el esculpido y el acabado hacen de esta pieza una opci\u00f3n ideal para fans de Vocaloid y coleccionistas de figuras de anime.<\/p>\n<h3 data-section-id=\"si6vw\" data-start=\"632\" data-end=\"666\">\u2b50 Caracter\u00edsticas del producto<\/h3>\n<ul data-start=\"667\" data-end=\"854\">\n<li data-section-id=\"g30tl6\" data-start=\"667\" data-end=\"702\">Height: <strong data-start=\"677\" data-end=\"702\">8.26 pulgadas (21 cm)<\/strong><\/li>\n<li data-section-id=\"1jdhu5i\" data-start=\"703\" data-end=\"727\">Material: <strong data-start=\"715\" data-end=\"727\">Pl\u00e1stico<\/strong><\/li>\n<li data-section-id=\"sm1opb\" data-start=\"728\" data-end=\"769\">Basada en el personaje <strong data-start=\"753\" data-end=\"769\">Hatsune Miku<\/strong><\/li>\n<li data-section-id=\"1sd8kh5\" data-start=\"770\" data-end=\"803\">Part of the line <strong data-start=\"790\" data-end=\"803\">Luminast<\/strong><\/li>\n<li data-section-id=\"1lcs5xy\" data-start=\"804\" data-end=\"827\">Alto nivel de detalle<\/li>\n<li data-section-id=\"wptggn\" data-start=\"828\" data-end=\"854\">Figure <strong data-start=\"837\" data-end=\"854\">no articulada<\/strong><\/li>\n<\/ul>\n<h3 data-section-id=\"360znr\" data-start=\"861\" data-end=\"888\">\ud83d\udce6 Box contents<\/h3>\n<ul data-start=\"889\" data-end=\"914\">\n<li data-section-id=\"jschu4\" data-start=\"889\" data-end=\"914\">Figure <strong data-start=\"898\" data-end=\"914\">Hatsune Miku<\/strong><\/li>\n<\/ul>","protected":false},"excerpt":{"rendered":"<p>\ud83d\udcddDescripci\u00f3n del producto Ampl\u00eda tu colecci\u00f3n de Hatsune Miku con esta elegante figura Luminasta (Classical Maid) presentada por Sega. Con<\/p>","protected":false},"featured_media":8331,"template":"","meta":[],"product_cat":[101,65,61,49],"product_tag":[337,233,218,171,139],"class_list":{"0":"post-8323","1":"product","2":"type-product","3":"status-publish","4":"has-post-thumbnail","6":"product_cat-elige-sega-goods-sega-goods","7":"product_cat-figuras","8":"product_cat-novedades","9":"product_cat-hatsune-miku","10":"product_tag-figura","11":"product_tag-hatsune-miku","12":"product_tag-luminasta","13":"product_tag-sega","14":"product_tag-vocaloid","16":"first","17":"instock","18":"sold-individually","19":"taxable","20":"shipping-taxable","21":"purchasable","22":"product-type-simple"},"yoast_head":"<!-- This site is optimized with the Yoast SEO plugin v24.2 - https:\/\/yoast.com\/wordpress\/plugins\/seo\/ -->\n<title>Figura Hatsune Miku Classical Maid - Luminasta - Vocaloid - Akatsuki anime store<\/title>\n<meta name=\"description\" content=\"Figura detallada de Hatsune Miku de Luminasta en version Classical Maid , ideal para coleccionistas y fans de Vocaloid y figuras de anime.\" \/>\n<meta name=\"robots\" content=\"index, follow, max-snippet:-1, max-image-preview:large, max-video-preview:-1\" \/>\n<link rel=\"canonical\" href=\"https:\/\/akatsukianime.com\/en\/product\/figura-hatsune-miku-classical-maid-luminasta-vocaloid\/\" \/>\n<meta property=\"og:locale\" content=\"en_US\" \/>\n<meta property=\"og:type\" content=\"article\" \/>\n<meta property=\"og:title\" content=\"Figura Hatsune Miku Classical Maid - Luminasta - Vocaloid - Akatsuki anime store\" \/>\n<meta property=\"og:description\" content=\"Figura detallada de Hatsune Miku de Luminasta en version Classical Maid , ideal para coleccionistas y fans de Vocaloid y figuras de anime.\" \/>\n<meta property=\"og:url\" content=\"https:\/\/akatsukianime.com\/en\/product\/figura-hatsune-miku-classical-maid-luminasta-vocaloid\/\" \/>\n<meta property=\"og:site_name\" content=\"Akatsuki anime store\" \/>\n<meta property=\"article:modified_time\" content=\"2026-04-30T12:39:59+00:00\" \/>\n<meta property=\"og:image\" content=\"https:\/\/akatsukianime.com\/wp-content\/uploads\/2026\/04\/4582733459400-7.jpg\" \/>\n\t<meta property=\"og:image:width\" content=\"1000\" \/>\n\t<meta property=\"og:image:height\" content=\"1000\" \/>\n\t<meta property=\"og:image:type\" content=\"image\/jpeg\" \/>\n<meta name=\"twitter:card\" content=\"summary_large_image\" \/>\n<meta name=\"twitter:label1\" content=\"Est. reading time\" \/>\n\t<meta name=\"twitter:data1\" content=\"1 minute\" \/>\n<script type=\"application\/ld+json\" class=\"yoast-schema-graph\">{\"@context\":\"https:\/\/schema.org\",\"@graph\":[{\"@type\":[\"WebPage\",\"ItemPage\"],\"@id\":\"https:\/\/akatsukianime.com\/product\/figura-hatsune-miku-classical-maid-luminasta-vocaloid\/\",\"url\":\"https:\/\/akatsukianime.com\/product\/figura-hatsune-miku-classical-maid-luminasta-vocaloid\/\",\"name\":\"Figura Hatsune Miku Classical Maid - Luminasta - Vocaloid - Akatsuki anime store\",\"isPartOf\":{\"@id\":\"https:\/\/akatsukianime.com\/#website\"},\"primaryImageOfPage\":{\"@id\":\"https:\/\/akatsukianime.com\/product\/figura-hatsune-miku-classical-maid-luminasta-vocaloid\/#primaryimage\"},\"image\":{\"@id\":\"https:\/\/akatsukianime.com\/product\/figura-hatsune-miku-classical-maid-luminasta-vocaloid\/#primaryimage\"},\"thumbnailUrl\":\"https:\/\/akatsukianime.com\/wp-content\/uploads\/2026\/04\/4582733459400-7.jpg\",\"datePublished\":\"2026-04-30T12:39:58+00:00\",\"dateModified\":\"2026-04-30T12:39:59+00:00\",\"description\":\"Figura detallada de Hatsune Miku de Luminasta en version Classical Maid , ideal para coleccionistas y fans de Vocaloid y figuras de anime.\",\"breadcrumb\":{\"@id\":\"https:\/\/akatsukianime.com\/product\/figura-hatsune-miku-classical-maid-luminasta-vocaloid\/#breadcrumb\"},\"inLanguage\":\"en-US\",\"potentialAction\":[{\"@type\":\"ReadAction\",\"target\":[\"https:\/\/akatsukianime.com\/product\/figura-hatsune-miku-classical-maid-luminasta-vocaloid\/\"]}]},{\"@type\":\"ImageObject\",\"inLanguage\":\"en-US\",\"@id\":\"https:\/\/akatsukianime.com\/product\/figura-hatsune-miku-classical-maid-luminasta-vocaloid\/#primaryimage\",\"url\":\"https:\/\/akatsukianime.com\/wp-content\/uploads\/2026\/04\/4582733459400-7.jpg\",\"contentUrl\":\"https:\/\/akatsukianime.com\/wp-content\/uploads\/2026\/04\/4582733459400-7.jpg\",\"width\":1000,\"height\":1000,\"caption\":\"figura hatsune miku luminasta\"},{\"@type\":\"BreadcrumbList\",\"@id\":\"https:\/\/akatsukianime.com\/product\/figura-hatsune-miku-classical-maid-luminasta-vocaloid\/#breadcrumb\",\"itemListElement\":[{\"@type\":\"ListItem\",\"position\":1,\"name\":\"Portada\",\"item\":\"https:\/\/akatsukianime.com\/\"},{\"@type\":\"ListItem\",\"position\":2,\"name\":\"Tienda\",\"item\":\"https:\/\/akatsukianime.com\/tienda\/\"},{\"@type\":\"ListItem\",\"position\":3,\"name\":\"Figura Hatsune Miku Classical Maid &#8211; Luminasta &#8211; Vocaloid\"}]},{\"@type\":\"WebSite\",\"@id\":\"https:\/\/akatsukianime.com\/#website\",\"url\":\"https:\/\/akatsukianime.com\/\",\"name\":\"Akatsuki anime store\",\"description\":\"\",\"potentialAction\":[{\"@type\":\"SearchAction\",\"target\":{\"@type\":\"EntryPoint\",\"urlTemplate\":\"https:\/\/akatsukianime.com\/?s={search_term_string}\"},\"query-input\":{\"@type\":\"PropertyValueSpecification\",\"valueRequired\":true,\"valueName\":\"search_term_string\"}}],\"inLanguage\":\"en-US\"}]}<\/script>\n<!-- \/ Yoast SEO plugin. -->","yoast_head_json":{"title":"Figura Hatsune Miku Classical Maid - Luminasta - Vocaloid - Akatsuki anime store","description":"Figura detallada de Hatsune Miku de Luminasta en version Classical Maid , ideal para coleccionistas y fans de Vocaloid y figuras de anime.","robots":{"index":"index","follow":"follow","max-snippet":"max-snippet:-1","max-image-preview":"max-image-preview:large","max-video-preview":"max-video-preview:-1"},"canonical":"https:\/\/akatsukianime.com\/en\/product\/figura-hatsune-miku-classical-maid-luminasta-vocaloid\/","og_locale":"en_US","og_type":"article","og_title":"Figura Hatsune Miku Classical Maid - Luminasta - Vocaloid - Akatsuki anime store","og_description":"Figura detallada de Hatsune Miku de Luminasta en version Classical Maid , ideal para coleccionistas y fans de Vocaloid y figuras de anime.","og_url":"https:\/\/akatsukianime.com\/en\/product\/figura-hatsune-miku-classical-maid-luminasta-vocaloid\/","og_site_name":"Akatsuki anime store","article_modified_time":"2026-04-30T12:39:59+00:00","og_image":[{"width":1000,"height":1000,"url":"https:\/\/akatsukianime.com\/wp-content\/uploads\/2026\/04\/4582733459400-7.jpg","type":"image\/jpeg"}],"twitter_card":"summary_large_image","twitter_misc":{"Est. reading time":"1 minute"},"schema":{"@context":"https:\/\/schema.org","@graph":[{"@type":["WebPage","ItemPage"],"@id":"https:\/\/akatsukianime.com\/product\/figura-hatsune-miku-classical-maid-luminasta-vocaloid\/","url":"https:\/\/akatsukianime.com\/product\/figura-hatsune-miku-classical-maid-luminasta-vocaloid\/","name":"Figura Hatsune Miku Classical Maid - Luminasta - Vocaloid - Akatsuki anime store","isPartOf":{"@id":"https:\/\/akatsukianime.com\/#website"},"primaryImageOfPage":{"@id":"https:\/\/akatsukianime.com\/product\/figura-hatsune-miku-classical-maid-luminasta-vocaloid\/#primaryimage"},"image":{"@id":"https:\/\/akatsukianime.com\/product\/figura-hatsune-miku-classical-maid-luminasta-vocaloid\/#primaryimage"},"thumbnailUrl":"https:\/\/akatsukianime.com\/wp-content\/uploads\/2026\/04\/4582733459400-7.jpg","datePublished":"2026-04-30T12:39:58+00:00","dateModified":"2026-04-30T12:39:59+00:00","description":"Figura detallada de Hatsune Miku de Luminasta en version Classical Maid , ideal para coleccionistas y fans de Vocaloid y figuras de anime.","breadcrumb":{"@id":"https:\/\/akatsukianime.com\/product\/figura-hatsune-miku-classical-maid-luminasta-vocaloid\/#breadcrumb"},"inLanguage":"en-US","potentialAction":[{"@type":"ReadAction","target":["https:\/\/akatsukianime.com\/product\/figura-hatsune-miku-classical-maid-luminasta-vocaloid\/"]}]},{"@type":"ImageObject","inLanguage":"en-US","@id":"https:\/\/akatsukianime.com\/product\/figura-hatsune-miku-classical-maid-luminasta-vocaloid\/#primaryimage","url":"https:\/\/akatsukianime.com\/wp-content\/uploads\/2026\/04\/4582733459400-7.jpg","contentUrl":"https:\/\/akatsukianime.com\/wp-content\/uploads\/2026\/04\/4582733459400-7.jpg","width":1000,"height":1000,"caption":"figura hatsune miku luminasta"},{"@type":"BreadcrumbList","@id":"https:\/\/akatsukianime.com\/product\/figura-hatsune-miku-classical-maid-luminasta-vocaloid\/#breadcrumb","itemListElement":[{"@type":"ListItem","position":1,"name":"Portada","item":"https:\/\/akatsukianime.com\/"},{"@type":"ListItem","position":2,"name":"Tienda","item":"https:\/\/akatsukianime.com\/tienda\/"},{"@type":"ListItem","position":3,"name":"Figura Hatsune Miku Classical Maid &#8211; Luminasta &#8211; Vocaloid"}]},{"@type":"WebSite","@id":"https:\/\/akatsukianime.com\/#website","url":"https:\/\/akatsukianime.com\/","name":"Akatsuki anime store","description":"","potentialAction":[{"@type":"SearchAction","target":{"@type":"EntryPoint","urlTemplate":"https:\/\/akatsukianime.com\/?s={search_term_string}"},"query-input":{"@type":"PropertyValueSpecification","valueRequired":true,"valueName":"search_term_string"}}],"inLanguage":"en-US"}]}},"jetpack_sharing_enabled":true,"_links":{"self":[{"href":"https:\/\/akatsukianime.com\/en\/wp-json\/wp\/v2\/product\/8323","targetHints":{"allow":["GET"]}}],"collection":[{"href":"https:\/\/akatsukianime.com\/en\/wp-json\/wp\/v2\/product"}],"about":[{"href":"https:\/\/akatsukianime.com\/en\/wp-json\/wp\/v2\/types\/product"}],"version-history":[{"count":1,"href":"https:\/\/akatsukianime.com\/en\/wp-json\/wp\/v2\/product\/8323\/revisions"}],"predecessor-version":[{"id":8332,"href":"https:\/\/akatsukianime.com\/en\/wp-json\/wp\/v2\/product\/8323\/revisions\/8332"}],"wp:featuredmedia":[{"embeddable":true,"href":"https:\/\/akatsukianime.com\/en\/wp-json\/wp\/v2\/media\/8331"}],"wp:attachment":[{"href":"https:\/\/akatsukianime.com\/en\/wp-json\/wp\/v2\/media?parent=8323"}],"wp:term":[{"taxonomy":"product_cat","embeddable":true,"href":"https:\/\/akatsukianime.com\/en\/wp-json\/wp\/v2\/product_cat?post=8323"},{"taxonomy":"product_tag","embeddable":true,"href":"https:\/\/akatsukianime.com\/en\/wp-json\/wp\/v2\/product_tag?post=8323"}],"curies":[{"name":"wp","href":"https:\/\/api.w.org\/{rel}","templated":true}]}}