{"id":8342,"date":"2026-04-30T17:26:54","date_gmt":"2026-04-30T15:26:54","guid":{"rendered":"https:\/\/akatsukianime.com\/?post_type=product&#038;p=8342"},"modified":"2026-04-30T17:26:54","modified_gmt":"2026-04-30T15:26:54","slug":"figura-zanka-vibration-stars-gachiakuta","status":"publish","type":"product","link":"https:\/\/akatsukianime.com\/en\/product\/figura-zanka-vibration-stars-gachiakuta\/","title":{"rendered":"Figura Zanka &#8211; Vibration Stars &#8211; Gachiakuta"},"content":{"rendered":"<p data-start=\"0\" data-end=\"43\">\ud83d\udce6 <strong data-start=\"3\" data-end=\"41\">Product description\u00a0<\/strong><\/p>\n<p data-start=\"45\" data-end=\"458\">La reconocida compa\u00f1\u00eda <span class=\"hover:entity-accent entity-underline inline cursor-pointer align-baseline\"><span class=\"whitespace-normal\">Banpresto<\/span><\/span> presenta una nueva incorporaci\u00f3n a su popular l\u00ednea Vibration Stars: \u00a1Zanka irrumpe con fuerza en el campo de batalla! Inspirada en el manga <span class=\"hover:entity-accent entity-underline inline cursor-pointer align-baseline\"><span class=\"whitespace-normal\">Gachiakuta<\/span><\/span>, esta figura muestra al personaje en plena acci\u00f3n, vestido con su atuendo tradicional y empu\u00f1ando su bast\u00f3n con gran destreza mientras adopta una intensa postura de combate.<\/p>\n<p data-start=\"460\" data-end=\"669\">Con un dise\u00f1o din\u00e1mico y una ejecuci\u00f3n detallada, esta pieza captura la esencia combativa y la determinaci\u00f3n de Zanka, convirti\u00e9ndose en una adici\u00f3n imprescindible para cualquier coleccionista o fan del manga.<\/p>\n<p data-start=\"671\" data-end=\"752\">\u00a1No dejes pasar la oportunidad de ampliar tu colecci\u00f3n con esta incre\u00edble figura!<\/p>\n<p data-start=\"759\" data-end=\"950\">\u2b50 <strong data-start=\"761\" data-end=\"793\">Product Features<\/strong><br data-start=\"793\" data-end=\"796\" \/>Altura: 13,97 cm<br data-start=\"812\" data-end=\"815\" \/>Material: Plastic<br data-start=\"833\" data-end=\"836\" \/>Basada en el manga Gachiakuta<br data-start=\"865\" data-end=\"868\" \/>Parte de la l\u00ednea Vibration Stars<br data-start=\"901\" data-end=\"904\" \/>Alto nivel de detalle<br data-start=\"925\" data-end=\"928\" \/>Non-articulated figure<\/p>\n<p data-start=\"957\" data-end=\"1004\">\ud83d\udce6 <strong data-start=\"960\" data-end=\"984\">Box contents<\/strong><br data-start=\"984\" data-end=\"987\" \/>Figura de Zanka<\/p>","protected":false},"excerpt":{"rendered":"<p>\ud83d\udce6 Descripci\u00f3n del producto\u00a0 La reconocida compa\u00f1\u00eda Banpresto presenta una nueva incorporaci\u00f3n a su popular l\u00ednea Vibration Stars: \u00a1Zanka irrumpe<\/p>","protected":false},"featured_media":8346,"template":"","meta":[],"product_cat":[95,65,61,60],"product_tag":[157,337,547,545,546],"class_list":{"0":"post-8342","1":"product","2":"type-product","3":"status-publish","4":"has-post-thumbnail","6":"product_cat-banpresto","7":"product_cat-figuras","8":"product_cat-novedades","9":"product_cat-otros","10":"product_tag-banpresto","11":"product_tag-figura","12":"product_tag-gachiakuta","13":"product_tag-vibration-stars","14":"product_tag-zanka","16":"first","17":"instock","18":"taxable","19":"shipping-taxable","20":"purchasable","21":"product-type-simple"},"yoast_head":"<!-- This site is optimized with the Yoast SEO plugin v24.2 - https:\/\/yoast.com\/wordpress\/plugins\/seo\/ -->\n<title>Figura Zanka - Vibration Stars - Gachiakuta - Akatsuki anime store<\/title>\n<meta name=\"description\" content=\"Figura Zanka Vibration Stars de Banpresto basada en Gachiakuta. Gran detalle y pose din\u00e1mica, ideal para coleccionistas de anime.\" \/>\n<meta name=\"robots\" content=\"index, follow, max-snippet:-1, max-image-preview:large, max-video-preview:-1\" \/>\n<link rel=\"canonical\" href=\"https:\/\/akatsukianime.com\/en\/product\/figura-zanka-vibration-stars-gachiakuta\/\" \/>\n<meta property=\"og:locale\" content=\"en_US\" \/>\n<meta property=\"og:type\" content=\"article\" \/>\n<meta property=\"og:title\" content=\"Figura Zanka - Vibration Stars - Gachiakuta - Akatsuki anime store\" \/>\n<meta property=\"og:description\" content=\"Figura Zanka Vibration Stars de Banpresto basada en Gachiakuta. Gran detalle y pose din\u00e1mica, ideal para coleccionistas de anime.\" \/>\n<meta property=\"og:url\" content=\"https:\/\/akatsukianime.com\/en\/product\/figura-zanka-vibration-stars-gachiakuta\/\" \/>\n<meta property=\"og:site_name\" content=\"Akatsuki anime store\" \/>\n<meta property=\"og:image\" content=\"https:\/\/akatsukianime.com\/wp-content\/uploads\/2026\/04\/Figura-Zanka-Vibration-Stars-Gachiakuta-5.jpg\" \/>\n\t<meta property=\"og:image:width\" content=\"1000\" \/>\n\t<meta property=\"og:image:height\" content=\"1000\" \/>\n\t<meta property=\"og:image:type\" content=\"image\/jpeg\" \/>\n<meta name=\"twitter:card\" content=\"summary_large_image\" \/>\n<meta name=\"twitter:label1\" content=\"Est. reading time\" \/>\n\t<meta name=\"twitter:data1\" content=\"1 minute\" \/>\n<script type=\"application\/ld+json\" class=\"yoast-schema-graph\">{\"@context\":\"https:\/\/schema.org\",\"@graph\":[{\"@type\":[\"WebPage\",\"ItemPage\"],\"@id\":\"https:\/\/akatsukianime.com\/product\/figura-zanka-vibration-stars-gachiakuta\/\",\"url\":\"https:\/\/akatsukianime.com\/product\/figura-zanka-vibration-stars-gachiakuta\/\",\"name\":\"Figura Zanka - Vibration Stars - Gachiakuta - Akatsuki anime store\",\"isPartOf\":{\"@id\":\"https:\/\/akatsukianime.com\/#website\"},\"primaryImageOfPage\":{\"@id\":\"https:\/\/akatsukianime.com\/product\/figura-zanka-vibration-stars-gachiakuta\/#primaryimage\"},\"image\":{\"@id\":\"https:\/\/akatsukianime.com\/product\/figura-zanka-vibration-stars-gachiakuta\/#primaryimage\"},\"thumbnailUrl\":\"https:\/\/akatsukianime.com\/wp-content\/uploads\/2026\/04\/Figura-Zanka-Vibration-Stars-Gachiakuta-5.jpg\",\"datePublished\":\"2026-04-30T15:26:54+00:00\",\"dateModified\":\"2026-04-30T15:26:54+00:00\",\"description\":\"Figura Zanka Vibration Stars de Banpresto basada en Gachiakuta. Gran detalle y pose din\u00e1mica, ideal para coleccionistas de anime.\",\"breadcrumb\":{\"@id\":\"https:\/\/akatsukianime.com\/product\/figura-zanka-vibration-stars-gachiakuta\/#breadcrumb\"},\"inLanguage\":\"en-US\",\"potentialAction\":[{\"@type\":\"ReadAction\",\"target\":[\"https:\/\/akatsukianime.com\/product\/figura-zanka-vibration-stars-gachiakuta\/\"]}]},{\"@type\":\"ImageObject\",\"inLanguage\":\"en-US\",\"@id\":\"https:\/\/akatsukianime.com\/product\/figura-zanka-vibration-stars-gachiakuta\/#primaryimage\",\"url\":\"https:\/\/akatsukianime.com\/wp-content\/uploads\/2026\/04\/Figura-Zanka-Vibration-Stars-Gachiakuta-5.jpg\",\"contentUrl\":\"https:\/\/akatsukianime.com\/wp-content\/uploads\/2026\/04\/Figura-Zanka-Vibration-Stars-Gachiakuta-5.jpg\",\"width\":1000,\"height\":1000,\"caption\":\"figura Zanka Gachiakuta Banpresto\"},{\"@type\":\"BreadcrumbList\",\"@id\":\"https:\/\/akatsukianime.com\/product\/figura-zanka-vibration-stars-gachiakuta\/#breadcrumb\",\"itemListElement\":[{\"@type\":\"ListItem\",\"position\":1,\"name\":\"Portada\",\"item\":\"https:\/\/akatsukianime.com\/\"},{\"@type\":\"ListItem\",\"position\":2,\"name\":\"Tienda\",\"item\":\"https:\/\/akatsukianime.com\/tienda\/\"},{\"@type\":\"ListItem\",\"position\":3,\"name\":\"Figura Zanka &#8211; Vibration Stars &#8211; Gachiakuta\"}]},{\"@type\":\"WebSite\",\"@id\":\"https:\/\/akatsukianime.com\/#website\",\"url\":\"https:\/\/akatsukianime.com\/\",\"name\":\"Akatsuki anime store\",\"description\":\"\",\"potentialAction\":[{\"@type\":\"SearchAction\",\"target\":{\"@type\":\"EntryPoint\",\"urlTemplate\":\"https:\/\/akatsukianime.com\/?s={search_term_string}\"},\"query-input\":{\"@type\":\"PropertyValueSpecification\",\"valueRequired\":true,\"valueName\":\"search_term_string\"}}],\"inLanguage\":\"en-US\"}]}<\/script>\n<!-- \/ Yoast SEO plugin. -->","yoast_head_json":{"title":"Figura Zanka - Vibration Stars - Gachiakuta - Akatsuki anime store","description":"Figura Zanka Vibration Stars de Banpresto basada en Gachiakuta. Gran detalle y pose din\u00e1mica, ideal para coleccionistas de anime.","robots":{"index":"index","follow":"follow","max-snippet":"max-snippet:-1","max-image-preview":"max-image-preview:large","max-video-preview":"max-video-preview:-1"},"canonical":"https:\/\/akatsukianime.com\/en\/product\/figura-zanka-vibration-stars-gachiakuta\/","og_locale":"en_US","og_type":"article","og_title":"Figura Zanka - Vibration Stars - Gachiakuta - Akatsuki anime store","og_description":"Figura Zanka Vibration Stars de Banpresto basada en Gachiakuta. Gran detalle y pose din\u00e1mica, ideal para coleccionistas de anime.","og_url":"https:\/\/akatsukianime.com\/en\/product\/figura-zanka-vibration-stars-gachiakuta\/","og_site_name":"Akatsuki anime store","og_image":[{"width":1000,"height":1000,"url":"https:\/\/akatsukianime.com\/wp-content\/uploads\/2026\/04\/Figura-Zanka-Vibration-Stars-Gachiakuta-5.jpg","type":"image\/jpeg"}],"twitter_card":"summary_large_image","twitter_misc":{"Est. reading time":"1 minute"},"schema":{"@context":"https:\/\/schema.org","@graph":[{"@type":["WebPage","ItemPage"],"@id":"https:\/\/akatsukianime.com\/product\/figura-zanka-vibration-stars-gachiakuta\/","url":"https:\/\/akatsukianime.com\/product\/figura-zanka-vibration-stars-gachiakuta\/","name":"Figura Zanka - Vibration Stars - Gachiakuta - Akatsuki anime store","isPartOf":{"@id":"https:\/\/akatsukianime.com\/#website"},"primaryImageOfPage":{"@id":"https:\/\/akatsukianime.com\/product\/figura-zanka-vibration-stars-gachiakuta\/#primaryimage"},"image":{"@id":"https:\/\/akatsukianime.com\/product\/figura-zanka-vibration-stars-gachiakuta\/#primaryimage"},"thumbnailUrl":"https:\/\/akatsukianime.com\/wp-content\/uploads\/2026\/04\/Figura-Zanka-Vibration-Stars-Gachiakuta-5.jpg","datePublished":"2026-04-30T15:26:54+00:00","dateModified":"2026-04-30T15:26:54+00:00","description":"Figura Zanka Vibration Stars de Banpresto basada en Gachiakuta. Gran detalle y pose din\u00e1mica, ideal para coleccionistas de anime.","breadcrumb":{"@id":"https:\/\/akatsukianime.com\/product\/figura-zanka-vibration-stars-gachiakuta\/#breadcrumb"},"inLanguage":"en-US","potentialAction":[{"@type":"ReadAction","target":["https:\/\/akatsukianime.com\/product\/figura-zanka-vibration-stars-gachiakuta\/"]}]},{"@type":"ImageObject","inLanguage":"en-US","@id":"https:\/\/akatsukianime.com\/product\/figura-zanka-vibration-stars-gachiakuta\/#primaryimage","url":"https:\/\/akatsukianime.com\/wp-content\/uploads\/2026\/04\/Figura-Zanka-Vibration-Stars-Gachiakuta-5.jpg","contentUrl":"https:\/\/akatsukianime.com\/wp-content\/uploads\/2026\/04\/Figura-Zanka-Vibration-Stars-Gachiakuta-5.jpg","width":1000,"height":1000,"caption":"figura Zanka Gachiakuta Banpresto"},{"@type":"BreadcrumbList","@id":"https:\/\/akatsukianime.com\/product\/figura-zanka-vibration-stars-gachiakuta\/#breadcrumb","itemListElement":[{"@type":"ListItem","position":1,"name":"Portada","item":"https:\/\/akatsukianime.com\/"},{"@type":"ListItem","position":2,"name":"Tienda","item":"https:\/\/akatsukianime.com\/tienda\/"},{"@type":"ListItem","position":3,"name":"Figura Zanka &#8211; Vibration Stars &#8211; Gachiakuta"}]},{"@type":"WebSite","@id":"https:\/\/akatsukianime.com\/#website","url":"https:\/\/akatsukianime.com\/","name":"Akatsuki anime store","description":"","potentialAction":[{"@type":"SearchAction","target":{"@type":"EntryPoint","urlTemplate":"https:\/\/akatsukianime.com\/?s={search_term_string}"},"query-input":{"@type":"PropertyValueSpecification","valueRequired":true,"valueName":"search_term_string"}}],"inLanguage":"en-US"}]}},"jetpack_sharing_enabled":true,"_links":{"self":[{"href":"https:\/\/akatsukianime.com\/en\/wp-json\/wp\/v2\/product\/8342","targetHints":{"allow":["GET"]}}],"collection":[{"href":"https:\/\/akatsukianime.com\/en\/wp-json\/wp\/v2\/product"}],"about":[{"href":"https:\/\/akatsukianime.com\/en\/wp-json\/wp\/v2\/types\/product"}],"version-history":[{"count":1,"href":"https:\/\/akatsukianime.com\/en\/wp-json\/wp\/v2\/product\/8342\/revisions"}],"predecessor-version":[{"id":8349,"href":"https:\/\/akatsukianime.com\/en\/wp-json\/wp\/v2\/product\/8342\/revisions\/8349"}],"wp:featuredmedia":[{"embeddable":true,"href":"https:\/\/akatsukianime.com\/en\/wp-json\/wp\/v2\/media\/8346"}],"wp:attachment":[{"href":"https:\/\/akatsukianime.com\/en\/wp-json\/wp\/v2\/media?parent=8342"}],"wp:term":[{"taxonomy":"product_cat","embeddable":true,"href":"https:\/\/akatsukianime.com\/en\/wp-json\/wp\/v2\/product_cat?post=8342"},{"taxonomy":"product_tag","embeddable":true,"href":"https:\/\/akatsukianime.com\/en\/wp-json\/wp\/v2\/product_tag?post=8342"}],"curies":[{"name":"wp","href":"https:\/\/api.w.org\/{rel}","templated":true}]}}