{"id":8351,"date":"2026-04-30T17:31:36","date_gmt":"2026-04-30T15:31:36","guid":{"rendered":"https:\/\/akatsukianime.com\/?post_type=product&#038;p=8351"},"modified":"2026-04-30T17:31:37","modified_gmt":"2026-04-30T15:31:37","slug":"figura-rudo-vibration-stars-gachiakuta","status":"publish","type":"product","link":"https:\/\/akatsukianime.com\/en\/product\/figura-rudo-vibration-stars-gachiakuta\/","title":{"rendered":"Figura Rudo &#8211; Vibration Stars &#8211; Gachiakuta"},"content":{"rendered":"<p data-start=\"0\" data-end=\"43\">\ud83d\udce6 <strong data-start=\"3\" data-end=\"41\">Descripci\u00f3n del producto (Espa\u00f1ol)<\/strong><\/p>\n<p data-start=\"45\" data-end=\"441\">La reconocida compa\u00f1\u00eda <span class=\"hover:entity-accent entity-underline inline cursor-pointer align-baseline\"><span class=\"whitespace-normal\">Banpresto<\/span><\/span> presenta una nueva incorporaci\u00f3n a su exitosa l\u00ednea Vibration Stars: \u00a1Rudo entra en escena con un espectacular salto hacia el combate! Basada en el manga <span class=\"hover:entity-accent entity-underline inline cursor-pointer align-baseline\"><span class=\"whitespace-normal\">Gachiakuta<\/span><\/span>, esta figura captura el instante preciso en el que el personaje aterriza tras un gran salto, se\u00f1alando con determinaci\u00f3n a su pr\u00f3ximo oponente.<\/p>\n<p data-start=\"443\" data-end=\"718\">Con una pose din\u00e1mica y llena de energ\u00eda, esta pieza transmite movimiento y car\u00e1cter, destacando por su esculpido detallado y fiel representaci\u00f3n del personaje. Una figura imprescindible para quienes desean ampliar su colecci\u00f3n con piezas impactantes del universo Gachiakuta.<\/p>\n<p data-start=\"720\" data-end=\"767\">\u00a1Hazte con ella y lleva la acci\u00f3n a tu vitrina!<\/p>\n<p data-start=\"774\" data-end=\"965\">\u2b50 <strong data-start=\"776\" data-end=\"808\">Product Features<\/strong><br data-start=\"808\" data-end=\"811\" \/>Altura: 13,97 cm<br data-start=\"827\" data-end=\"830\" \/>Material: Plastic<br data-start=\"848\" data-end=\"851\" \/>Basada en el manga Gachiakuta<br data-start=\"880\" data-end=\"883\" \/>Parte de la l\u00ednea Vibration Stars<br data-start=\"916\" data-end=\"919\" \/>Alto nivel de detalle<br data-start=\"940\" data-end=\"943\" \/>Non-articulated figure<\/p>\n<p data-start=\"972\" data-end=\"1018\">\ud83d\udce6 <strong data-start=\"975\" data-end=\"999\">Box contents<\/strong><br data-start=\"999\" data-end=\"1002\" \/>Figura de Rudo<\/p>","protected":false},"excerpt":{"rendered":"<p>\ud83d\udce6 Descripci\u00f3n del producto (Espa\u00f1ol) La reconocida compa\u00f1\u00eda Banpresto presenta una nueva incorporaci\u00f3n a su exitosa l\u00ednea Vibration Stars: \u00a1Rudo<\/p>","protected":false},"featured_media":8353,"template":"","meta":[],"product_cat":[95,65,61,60],"product_tag":[157,337,547,548,545],"class_list":{"0":"post-8351","1":"product","2":"type-product","3":"status-publish","4":"has-post-thumbnail","6":"product_cat-banpresto","7":"product_cat-figuras","8":"product_cat-novedades","9":"product_cat-otros","10":"product_tag-banpresto","11":"product_tag-figura","12":"product_tag-gachiakuta","13":"product_tag-rudo","14":"product_tag-vibration-stars","16":"first","17":"instock","18":"sold-individually","19":"taxable","20":"shipping-taxable","21":"purchasable","22":"product-type-simple"},"yoast_head":"<!-- This site is optimized with the Yoast SEO plugin v24.2 - https:\/\/yoast.com\/wordpress\/plugins\/seo\/ -->\n<title>Figura Rudo - Vibration Stars - Gachiakuta - Akatsuki anime store<\/title>\n<meta name=\"description\" content=\"Figura Rudo Vibration Stars de Banpresto basada en Gachiakuta. Pose din\u00e1mica y gran detalle, ideal para fans y coleccionistas.\" \/>\n<meta name=\"robots\" content=\"index, follow, max-snippet:-1, max-image-preview:large, max-video-preview:-1\" \/>\n<link rel=\"canonical\" href=\"https:\/\/akatsukianime.com\/en\/product\/figura-rudo-vibration-stars-gachiakuta\/\" \/>\n<meta property=\"og:locale\" content=\"en_US\" \/>\n<meta property=\"og:type\" content=\"article\" \/>\n<meta property=\"og:title\" content=\"Figura Rudo - Vibration Stars - Gachiakuta - Akatsuki anime store\" \/>\n<meta property=\"og:description\" content=\"Figura Rudo Vibration Stars de Banpresto basada en Gachiakuta. Pose din\u00e1mica y gran detalle, ideal para fans y coleccionistas.\" \/>\n<meta property=\"og:url\" content=\"https:\/\/akatsukianime.com\/en\/product\/figura-rudo-vibration-stars-gachiakuta\/\" \/>\n<meta property=\"og:site_name\" content=\"Akatsuki anime store\" \/>\n<meta property=\"article:modified_time\" content=\"2026-04-30T15:31:37+00:00\" \/>\n<meta property=\"og:image\" content=\"https:\/\/akatsukianime.com\/wp-content\/uploads\/2026\/04\/Figura-Rudo-Vibration-Stars-Gachiakuta-1.jpg\" \/>\n\t<meta property=\"og:image:width\" content=\"1000\" \/>\n\t<meta property=\"og:image:height\" content=\"1000\" \/>\n\t<meta property=\"og:image:type\" content=\"image\/jpeg\" \/>\n<meta name=\"twitter:card\" content=\"summary_large_image\" \/>\n<meta name=\"twitter:label1\" content=\"Est. reading time\" \/>\n\t<meta name=\"twitter:data1\" content=\"1 minute\" \/>\n<script type=\"application\/ld+json\" class=\"yoast-schema-graph\">{\"@context\":\"https:\/\/schema.org\",\"@graph\":[{\"@type\":[\"WebPage\",\"ItemPage\"],\"@id\":\"https:\/\/akatsukianime.com\/product\/figura-rudo-vibration-stars-gachiakuta\/\",\"url\":\"https:\/\/akatsukianime.com\/product\/figura-rudo-vibration-stars-gachiakuta\/\",\"name\":\"Figura Rudo - Vibration Stars - Gachiakuta - Akatsuki anime store\",\"isPartOf\":{\"@id\":\"https:\/\/akatsukianime.com\/#website\"},\"primaryImageOfPage\":{\"@id\":\"https:\/\/akatsukianime.com\/product\/figura-rudo-vibration-stars-gachiakuta\/#primaryimage\"},\"image\":{\"@id\":\"https:\/\/akatsukianime.com\/product\/figura-rudo-vibration-stars-gachiakuta\/#primaryimage\"},\"thumbnailUrl\":\"https:\/\/akatsukianime.com\/wp-content\/uploads\/2026\/04\/Figura-Rudo-Vibration-Stars-Gachiakuta-1.jpg\",\"datePublished\":\"2026-04-30T15:31:36+00:00\",\"dateModified\":\"2026-04-30T15:31:37+00:00\",\"description\":\"Figura Rudo Vibration Stars de Banpresto basada en Gachiakuta. Pose din\u00e1mica y gran detalle, ideal para fans y coleccionistas.\",\"breadcrumb\":{\"@id\":\"https:\/\/akatsukianime.com\/product\/figura-rudo-vibration-stars-gachiakuta\/#breadcrumb\"},\"inLanguage\":\"en-US\",\"potentialAction\":[{\"@type\":\"ReadAction\",\"target\":[\"https:\/\/akatsukianime.com\/product\/figura-rudo-vibration-stars-gachiakuta\/\"]}]},{\"@type\":\"ImageObject\",\"inLanguage\":\"en-US\",\"@id\":\"https:\/\/akatsukianime.com\/product\/figura-rudo-vibration-stars-gachiakuta\/#primaryimage\",\"url\":\"https:\/\/akatsukianime.com\/wp-content\/uploads\/2026\/04\/Figura-Rudo-Vibration-Stars-Gachiakuta-1.jpg\",\"contentUrl\":\"https:\/\/akatsukianime.com\/wp-content\/uploads\/2026\/04\/Figura-Rudo-Vibration-Stars-Gachiakuta-1.jpg\",\"width\":1000,\"height\":1000,\"caption\":\"figura Rudo Gachiakuta Banpresto\"},{\"@type\":\"BreadcrumbList\",\"@id\":\"https:\/\/akatsukianime.com\/product\/figura-rudo-vibration-stars-gachiakuta\/#breadcrumb\",\"itemListElement\":[{\"@type\":\"ListItem\",\"position\":1,\"name\":\"Portada\",\"item\":\"https:\/\/akatsukianime.com\/\"},{\"@type\":\"ListItem\",\"position\":2,\"name\":\"Tienda\",\"item\":\"https:\/\/akatsukianime.com\/tienda\/\"},{\"@type\":\"ListItem\",\"position\":3,\"name\":\"Figura Rudo &#8211; Vibration Stars &#8211; Gachiakuta\"}]},{\"@type\":\"WebSite\",\"@id\":\"https:\/\/akatsukianime.com\/#website\",\"url\":\"https:\/\/akatsukianime.com\/\",\"name\":\"Akatsuki anime store\",\"description\":\"\",\"potentialAction\":[{\"@type\":\"SearchAction\",\"target\":{\"@type\":\"EntryPoint\",\"urlTemplate\":\"https:\/\/akatsukianime.com\/?s={search_term_string}\"},\"query-input\":{\"@type\":\"PropertyValueSpecification\",\"valueRequired\":true,\"valueName\":\"search_term_string\"}}],\"inLanguage\":\"en-US\"}]}<\/script>\n<!-- \/ Yoast SEO plugin. -->","yoast_head_json":{"title":"Figura Rudo - Vibration Stars - Gachiakuta - Akatsuki anime store","description":"Figura Rudo Vibration Stars de Banpresto basada en Gachiakuta. Pose din\u00e1mica y gran detalle, ideal para fans y coleccionistas.","robots":{"index":"index","follow":"follow","max-snippet":"max-snippet:-1","max-image-preview":"max-image-preview:large","max-video-preview":"max-video-preview:-1"},"canonical":"https:\/\/akatsukianime.com\/en\/product\/figura-rudo-vibration-stars-gachiakuta\/","og_locale":"en_US","og_type":"article","og_title":"Figura Rudo - Vibration Stars - Gachiakuta - Akatsuki anime store","og_description":"Figura Rudo Vibration Stars de Banpresto basada en Gachiakuta. Pose din\u00e1mica y gran detalle, ideal para fans y coleccionistas.","og_url":"https:\/\/akatsukianime.com\/en\/product\/figura-rudo-vibration-stars-gachiakuta\/","og_site_name":"Akatsuki anime store","article_modified_time":"2026-04-30T15:31:37+00:00","og_image":[{"width":1000,"height":1000,"url":"https:\/\/akatsukianime.com\/wp-content\/uploads\/2026\/04\/Figura-Rudo-Vibration-Stars-Gachiakuta-1.jpg","type":"image\/jpeg"}],"twitter_card":"summary_large_image","twitter_misc":{"Est. reading time":"1 minute"},"schema":{"@context":"https:\/\/schema.org","@graph":[{"@type":["WebPage","ItemPage"],"@id":"https:\/\/akatsukianime.com\/product\/figura-rudo-vibration-stars-gachiakuta\/","url":"https:\/\/akatsukianime.com\/product\/figura-rudo-vibration-stars-gachiakuta\/","name":"Figura Rudo - Vibration Stars - Gachiakuta - Akatsuki anime store","isPartOf":{"@id":"https:\/\/akatsukianime.com\/#website"},"primaryImageOfPage":{"@id":"https:\/\/akatsukianime.com\/product\/figura-rudo-vibration-stars-gachiakuta\/#primaryimage"},"image":{"@id":"https:\/\/akatsukianime.com\/product\/figura-rudo-vibration-stars-gachiakuta\/#primaryimage"},"thumbnailUrl":"https:\/\/akatsukianime.com\/wp-content\/uploads\/2026\/04\/Figura-Rudo-Vibration-Stars-Gachiakuta-1.jpg","datePublished":"2026-04-30T15:31:36+00:00","dateModified":"2026-04-30T15:31:37+00:00","description":"Figura Rudo Vibration Stars de Banpresto basada en Gachiakuta. Pose din\u00e1mica y gran detalle, ideal para fans y coleccionistas.","breadcrumb":{"@id":"https:\/\/akatsukianime.com\/product\/figura-rudo-vibration-stars-gachiakuta\/#breadcrumb"},"inLanguage":"en-US","potentialAction":[{"@type":"ReadAction","target":["https:\/\/akatsukianime.com\/product\/figura-rudo-vibration-stars-gachiakuta\/"]}]},{"@type":"ImageObject","inLanguage":"en-US","@id":"https:\/\/akatsukianime.com\/product\/figura-rudo-vibration-stars-gachiakuta\/#primaryimage","url":"https:\/\/akatsukianime.com\/wp-content\/uploads\/2026\/04\/Figura-Rudo-Vibration-Stars-Gachiakuta-1.jpg","contentUrl":"https:\/\/akatsukianime.com\/wp-content\/uploads\/2026\/04\/Figura-Rudo-Vibration-Stars-Gachiakuta-1.jpg","width":1000,"height":1000,"caption":"figura Rudo Gachiakuta Banpresto"},{"@type":"BreadcrumbList","@id":"https:\/\/akatsukianime.com\/product\/figura-rudo-vibration-stars-gachiakuta\/#breadcrumb","itemListElement":[{"@type":"ListItem","position":1,"name":"Portada","item":"https:\/\/akatsukianime.com\/"},{"@type":"ListItem","position":2,"name":"Tienda","item":"https:\/\/akatsukianime.com\/tienda\/"},{"@type":"ListItem","position":3,"name":"Figura Rudo &#8211; Vibration Stars &#8211; Gachiakuta"}]},{"@type":"WebSite","@id":"https:\/\/akatsukianime.com\/#website","url":"https:\/\/akatsukianime.com\/","name":"Akatsuki anime store","description":"","potentialAction":[{"@type":"SearchAction","target":{"@type":"EntryPoint","urlTemplate":"https:\/\/akatsukianime.com\/?s={search_term_string}"},"query-input":{"@type":"PropertyValueSpecification","valueRequired":true,"valueName":"search_term_string"}}],"inLanguage":"en-US"}]}},"jetpack_sharing_enabled":true,"_links":{"self":[{"href":"https:\/\/akatsukianime.com\/en\/wp-json\/wp\/v2\/product\/8351","targetHints":{"allow":["GET"]}}],"collection":[{"href":"https:\/\/akatsukianime.com\/en\/wp-json\/wp\/v2\/product"}],"about":[{"href":"https:\/\/akatsukianime.com\/en\/wp-json\/wp\/v2\/types\/product"}],"version-history":[{"count":2,"href":"https:\/\/akatsukianime.com\/en\/wp-json\/wp\/v2\/product\/8351\/revisions"}],"predecessor-version":[{"id":8358,"href":"https:\/\/akatsukianime.com\/en\/wp-json\/wp\/v2\/product\/8351\/revisions\/8358"}],"wp:featuredmedia":[{"embeddable":true,"href":"https:\/\/akatsukianime.com\/en\/wp-json\/wp\/v2\/media\/8353"}],"wp:attachment":[{"href":"https:\/\/akatsukianime.com\/en\/wp-json\/wp\/v2\/media?parent=8351"}],"wp:term":[{"taxonomy":"product_cat","embeddable":true,"href":"https:\/\/akatsukianime.com\/en\/wp-json\/wp\/v2\/product_cat?post=8351"},{"taxonomy":"product_tag","embeddable":true,"href":"https:\/\/akatsukianime.com\/en\/wp-json\/wp\/v2\/product_tag?post=8351"}],"curies":[{"name":"wp","href":"https:\/\/api.w.org\/{rel}","templated":true}]}}